{"id":53223,"date":"2025-06-11T12:52:15","date_gmt":"2025-06-11T12:52:15","guid":{"rendered":"https:\/\/www.sita.in\/NewSita?page_id=53223"},"modified":"2025-12-01T13:21:12","modified_gmt":"2025-12-01T13:21:12","slug":"indien","status":"publish","type":"page","link":"https:\/\/www.sita.in\/de\/indien\/","title":{"rendered":"Indien"},"content":{"rendered":"<div class=\"wpb-content-wrapper\"><p>[vc_row full_width=&#8221;stretch_row&#8221; overlay_background=&#8221;custom&#8221; overlay_custom_background=&#8221;#031914&#8243; overlay_opacity=&#8221;35&#8243; lg_spacing=&#8221;padding_top:193;padding_bottom:209&#8243; background_image=&#8221;45777&#8243; background_position=&#8221;center center&#8221;][vc_column][vc_column_text css=&#8221;&#8221;]<\/p>\n<h1 class=\"page-head\">Indien<\/h1>\n<p>[\/vc_column_text][tm_spacer size=&#8221;lg:20&#8243;][vc_column_text css=&#8221;&#8221;]<\/p>\n<div class=\"page-subhead\">Entdecken Sie die vielf\u00e4ltigen Wunder des unglaublichen Indiens<\/div>\n<p>[\/vc_column_text][\/vc_column][\/vc_row][vc_row full_width=&#8221;stretch_row&#8221; background_repeat=&#8221;repeat-y&#8221; overlay_background=&#8221;custom&#8221; overlay_custom_background=&#8221;#ffffff&#8221; overlay_opacity=&#8221;20&#8243; lg_spacing=&#8221;padding_top:80;padding_right:300;padding_bottom:80;padding_left:300&#8243; el_id=&#8221;Abschnitt-\u00fcber&#8221; background_image=&#8221;4570&#8243; md_spacing=&#8221;padding_right:0;padding_left:0&#8243; sm_spacing=&#8221;padding_right:0;padding_left:0&#8243; xs_spacing=&#8221;padding_right:0;padding_left:0&#8243; background_position=&#8221;center center&#8221;][vc_column][tm_spacer size=&#8221;lg:70&#8243;][tm_image align=&#8221;center&#8221; image=&#8221;3067&#8243;][tm_spacer size=&#8221;lg:28&#8243;][vc_column_text css=&#8221;&#8221;]<\/p>\n<h3 class=\"page-intro\">Indien verbindet altes Erbe mit moderner Energie. Von majest\u00e4tischen Festungen und Tempeln bis hin zu beruhigenden Melodien und der heilenden Wirkung von Ayurveda &#8211; es ist eine lebendige, unvergessliche Symphonie aus Sehensw\u00fcrdigkeiten, Kl\u00e4ngen und Empfindungen. <\/h3>\n<p>[\/vc_column_text][tm_spacer size=&#8221;lg:40&#8243;][vc_separator style=&#8221;dashed&#8221;][tm_spacer size=&#8221;lg:40&#8243;][vc_column_text css=&#8221;&#8221;]<\/p>\n<p style=\"text-align: center;\">Indien ist ein Land der Kontraste &#8211; alt und doch modern, chaotisch und doch bezaubernd. Seine goldene Zivilisation gedeiht in gro\u00dfen Festungen und Tempeln, die von den Melodien der Sitars und Tempelglocken widerhallen. Gesch\u00e4ftige St\u00e4dte mischen sich mit ruhigen Landschaften, w\u00e4hrend Kommerzialisierung und Kreativit\u00e4t nebeneinander existieren. Vom mystischen Himalaya bis zu den pulsierenden W\u00fcsten von Kutch enth\u00fcllt jede Reise reiche Traditionen, farbenfrohe Feste, eine vielf\u00e4ltige K\u00fcche und herzliche Gastfreundschaft. Reisende werden von einem Land umarmt, das Einfl\u00fcsse absorbiert und dennoch einzigartig bleibt und mit seiner Kunst, Musik, Spiritualit\u00e4t und seinen lebhaften M\u00e4rkten unvergessliche Erfahrungen bietet. Ob Sie historische Pal\u00e4ste erkunden oder sich von der heilenden Wirkung des Ayurveda verw\u00f6hnen lassen, Indien \u00fcberw\u00e4ltigt die Sinne und inspiriert die Seele.     <\/p>\n<p>[\/vc_column_text][tm_spacer size=&#8221;lg:100&#8243;][\/vc_column][\/vc_row][vc_row full_width=&#8221;stretch_row&#8221; content_placement=&#8221;middle&#8221; lg_spacing=&#8221;padding_top:120;padding_bottom:50&#8243; background_image=&#8221;3876&#8243;][vc_column offset=&#8221;vc_col-lg-4&#8243;][tm_image image=&#8221;3067&#8243;][tm_spacer size=&#8221;lg:5&#8243;][vc_column_text css=&#8221;&#8221;]<\/p>\n<h2 class=\"main-head\">Muss man besuchen<br \/><span class=\"highlight-head\">Orte<\/span><\/h2>\n<p>[\/vc_column_text][tm_spacer size=&#8221;lg:18&#8243;][vc_separator color=&#8221;turquoise&#8221; align=&#8221;align_left&#8221; el_width=&#8221;20&#8243; css=&#8221;&#8221;][tm_spacer size=&#8221;lg:30&#8243;][vc_column_text css=&#8221;&#8221;]Indien ist ein Land mit vielf\u00e4ltigen Landschaften, reicher Geschichte und lebendiger Kultur, das mit seinem Erbe, seiner Spiritualit\u00e4t, seinen Traditionen, seiner modernen Energie, seinen pulsierenden St\u00e4dten und seiner atemberaubenden nat\u00fcrlichen Sch\u00f6nheit unvergessliche Erlebnisse bietet.[\/vc_column_text][tm_spacer size=&#8221;lg:40&#8243;][\/vc_column][vc_column offset=&#8221;vc_col-lg-offset-1 vc_col-lg-7&#8243;][tm_slider_group content_shadow=&#8221;1&#8243; nav=&#8221;09&#8243; pagination=&#8221;10&#8243; gutter=&#8221;0&#8243; items_display=&#8221;xs:1;sm:2;md:2;lg:2&#8243; auto_play=&#8221;2000&#8243;][tm_box_icon image_size=&#8221;full&#8221; align=&#8221;center&#8221; heading=&#8221;Humayun Tomb&#8221; text=&#8221;Das Humayun-Grabmal aus dem 16. Jahrhundert ist das erste gro\u00dfe Gartengrab auf dem indischen Subkontinent, ein herausragendes Beispiel f\u00fcr ein indo-persisches Bauwerk und ein majest\u00e4tischer Vorl\u00e4ufer des Taj Mahal.&#8221; text_width=&#8221;270px&#8221; image=&#8221;8934&#8243;][tm_box_icon image_size=&#8221;full&#8221; align=&#8221;center&#8221; heading=&#8221;India Gate&#8221; text=&#8221;Das India Gate befindet sich im Herzen der indischen Hauptstadt Neu-Delhi und symbolisiert Nationalstolz und Opferbereitschaft. Der 42 Meter hohe War Memorial Arch &#8211; Delhis feierlicher Arc de Triomphe.&#8221; text_width=&#8221;270px&#8221; image=&#8221;8941&#8243;][tm_box_icon image_size=&#8221;full&#8221; align=&#8221;center&#8221; heading=&#8221;Jama Masjid&#8221; text=&#8221;Die pr\u00e4chtige Fassade der Jama Masjid, die \u00fcber Alt-Delhi thront, erinnert an die Architektur der Moguln. Sie ist eine der gr\u00f6\u00dften Moscheen Asiens und wurde von mehr als 5000 Handwerkern aus rotem Sandstein und Marmor gebaut.&#8221; text_width=&#8221;270px&#8221; image=&#8221;8948&#8243;][tm_box_icon image_size=&#8221;full&#8221; align=&#8221;center&#8221; heading=&#8221;Red Fort&#8221; text=&#8221;Ein UNESCO-Weltkulturerbe, das vom Mogulkaiser Shah Jahan im fr\u00fchen 17. Jahrhundert erbaut wurde. Aufgrund des auff\u00e4lligen roten Sandsteins, der f\u00fcr den Bau verwendet wurde, wird dieses Fort auch das Rote Fort genannt.&#8221; text_width=&#8221;270px&#8221; image=&#8221;8955&#8243;][tm_box_icon image_size=&#8221;full&#8221; align=&#8221;center&#8221; heading=&#8221;Agra Fort&#8221; text=&#8221;Ein Spaziergang durch diesen gewaltigen Festungskomplex mit seinen k\u00f6niglichen Pavillons und Audienzhallen wird Ihnen helfen, die Entwicklung der \u00c4sthetik und des Stils unter den aufeinanderfolgenden Generationen der Moguln zu verstehen.&#8221; text_width=&#8221;270px&#8221; image=&#8221;8962&#8243;][tm_box_icon image_size=&#8221;full&#8221; align=&#8221;center&#8221; heading=&#8221;Amber Fort&#8221; text=&#8221;Das Amber Fort ist ein UNESCO-Weltkulturerbe. Das auf einem H\u00fcgel gelegene Amber Fort war der Sitz der k\u00f6niglichen Familie von Jaipur, bevor im 18. Jahrhundert der Stadtpalast errichtet wurde.&#8221; text_width=&#8221;270px&#8221; image=&#8221;8969&#8243;][tm_box_icon image_size=&#8221;full&#8221; align=&#8221;center&#8221; heading=&#8221;City Palace&#8221; text=&#8221;Der im 18. Jahrhundert errichtete Stadtpalast, ein UNESCO-Weltkulturerbe, ist ein \u00fcberw\u00e4ltigender architektonischer Komplex mit exquisiten Pal\u00e4sten, H\u00f6fen, dekorativer Kunst und geschnitzten T\u00fcren in Jaipur.&#8221; text_width=&#8221;270px&#8221; image=&#8221;8976&#8243;][tm_box_icon image_size=&#8221;full&#8221; align=&#8221;center&#8221; heading=&#8221;Jantar Mantar&#8221; text=&#8221;Eine UNESCO-Welterbest\u00e4tte mit der gr\u00f6\u00dften Steinsonnenuhr der Welt in Jaipur. Der Jantar Mantar verf\u00fcgt \u00fcber vierzehn wichtige Ger\u00e4te zur Zeitmessung, zur Vorhersage von Finsternissen und zur Verfolgung von Sternen und Planeten.&#8221; text_width=&#8221;270px&#8221; image=&#8221;8983&#8243;][\/tm_slider_group][tm_spacer size=&#8221;lg:60&#8243;][\/vc_column][\/vc_row][vc_row lg_spacing=&#8221;padding_top:150&#8243;][vc_column][tm_image align=&#8221;center&#8221; image=&#8221;3067&#8243;][tm_spacer size=&#8221;lg:5&#8243;][vc_column_text css=&#8221;&#8221;]<\/p>\n<h2 class=\"main-head2\"><span class=\"highlight-head\">Reise-Tipps<\/span><\/h2>\n<p>[\/vc_column_text][tm_spacer size=&#8221;lg:18&#8243;][vc_separator color=&#8221;turquoise&#8221; el_width=&#8221;10&#8243; css=&#8221;&#8221;][tm_spacer size=&#8221;lg:90&#8243;][\/vc_column][\/vc_row][vc_row][vc_column width=&#8221;1\/12&#8243;][\/vc_column][vc_column width=&#8221;1\/4&#8243;][tm_spacer size=&#8221;lg:30&#8243;][vc_column_text css=&#8221;&#8221;]<\/p>\n<p style=\"text-align: center; border: 1px solid #ccc; padding: 10px;\"><i class=\"fal fa-passport\" style=\"font-size: 36px; color: #1ea5be; vertical-align: middle;\"><\/i> <strong style=\"padding-left: 5px;\">Reisedokumente<\/strong><\/p>\n<p>[\/vc_column_text][tm_spacer size=&#8221;xs:40;sm:50;md:100;lg:150&#8243;][vc_column_text css=&#8221;&#8221;]<\/p>\n<p style=\"text-align: center; border: 1px solid #ccc; padding: 10px;\"><i class=\"fal fa-suitcase-rolling\" style=\"font-size: 36px; color: #1ea5be; vertical-align: middle;\"><\/i> <strong style=\"padding-left: 5px;\">Flughafen und Reisegep\u00e4ck<\/strong><\/p>\n<p>[\/vc_column_text][\/vc_column][vc_column width=&#8221;1\/3&#8243;][tm_image align=&#8221;center&#8221; image=&#8221;4524&#8243;][\/vc_column][vc_column width=&#8221;1\/4&#8243;][tm_spacer size=&#8221;lg:30&#8243;][vc_column_text css=&#8221;&#8221;]<\/p>\n<p style=\"text-align: center; border: 1px solid #ccc; padding: 10px;\"><i class=\"fal fa-cloud-sun\" style=\"font-size: 36px; color: #1ea5be; vertical-align: middle;\"><\/i> <strong style=\"padding-left: 5px;\">Klima und Kleidung<\/strong><\/p>\n<p>[\/vc_column_text][tm_spacer size=&#8221;xs:40;sm:50;md:100;lg:150&#8243;][vc_column_text css=&#8221;&#8221;]<\/p>\n<p style=\"text-align: center; border: 1px solid #ccc; padding: 10px;\"><i class=\"fal fa-circle-notch\" style=\"font-size: 36px; color: #1ea5be; vertical-align: middle;\"><\/i> <strong style=\"padding-left: 5px;\">Fortbewegung<\/strong><\/p>\n<p>[\/vc_column_text][\/vc_column][vc_column width=&#8221;1\/12&#8243;][\/vc_column][\/vc_row][vc_row full_width=&#8221;stretch_row&#8221; lg_spacing=&#8221;padding_top:50;padding_bottom:50&#8243;][vc_column][tm_spacer size=&#8221;lg:40&#8243;][vc_btn title=&#8221;Herunterladen&#8221; color=&#8221;peacoc&#8221; align=&#8221;center&#8221; css=&#8221;&#8221; link=&#8221;url:https%3A%2F%2Fwww.sita.in%2FNewSita%2Fwp-content%2Fuploads%2F2025%2F08%2FTravel-Guidelines-for-India.pdf|target:_blank|&#8221;][\/vc_column][\/vc_row][vc_row full_width=&#8221;stretch_row_content&#8221; lg_spacing=&#8221;padding_top:150&#8243;][vc_column][tm_image align=&#8221;center&#8221; image=&#8221;3067&#8243;][tm_spacer size=&#8221;lg:5&#8243;][vc_column_text css=&#8221;&#8221;]<\/p>\n<h2 class=\"main-head2\">Reiseziel <span class=\"highlight-head\">Highlights<\/span><\/h2>\n<p>[\/vc_column_text][tm_spacer size=&#8221;lg:18&#8243;][vc_separator color=&#8221;turquoise&#8221; el_width=&#8221;10&#8243; css=&#8221;&#8221;][tm_spacer size=&#8221;lg:50&#8243;][\/vc_column][\/vc_row]<\/p>\n<\/div>","protected":false},"excerpt":{"rendered":"<p>[vc_row full_width=&#8221;stretch_row&#8221; overlay_background=&#8221;custom&#8221; overlay_custom_background=&#8221;#031914&#8243; overlay_opacity=&#8221;35&#8243; lg_spacing=&#8221;padding_top:193;padding_bottom:209&#8243; background_image=&#8221;45777&#8243; background_position=&#8221;center center&#8221;][vc_column][vc_column_text css=&#8221;&#8221;] Indien [\/vc_column_text][tm_spacer size=&#8221;lg:20&#8243;][vc_column_text css=&#8221;&#8221;] Entdecken Sie die vielf\u00e4ltigen Wunder des unglaublichen Indiens [\/vc_column_text][\/vc_column][\/vc_row][vc_row full_width=&#8221;stretch_row&#8221; background_repeat=&#8221;repeat-y&#8221; overlay_background=&#8221;custom&#8221; overlay_custom_background=&#8221;#ffffff&#8221; overlay_opacity=&#8221;20&#8243; lg_spacing=&#8221;padding_top:80;padding_right:300;padding_bottom:80;padding_left:300&#8243; el_id=&#8221;Abschnitt-\u00fcber&#8221; background_image=&#8221;4570&#8243; md_spacing=&#8221;padding_right:0;padding_left:0&#8243; sm_spacing=&#8221;padding_right:0;padding_left:0&#8243; xs_spacing=&#8221;padding_right:0;padding_left:0&#8243; background_position=&#8221;center center&#8221;][vc_column][tm_spacer size=&#8221;lg:70&#8243;][tm_image align=&#8221;center&#8221; image=&#8221;3067&#8243;][tm_spacer size=&#8221;lg:28&#8243;][vc_column_text css=&#8221;&#8221;] Indien verbindet altes Erbe mit moderner Energie. Von majest\u00e4tischen Festungen und Tempeln bis hin zu beruhigenden Melodien und der heilenden Wirkung von Ayurveda &#8211; es ist eine lebendige, unvergessliche Symphonie aus Sehensw\u00fcrdigkeiten, Kl\u00e4ngen und Empfindungen. [\/vc_column_text][tm_spacer size=&#8221;lg:40&#8243;][vc_separator style=&#8221;dashed&#8221;][tm_spacer size=&#8221;lg:40&#8243;][vc_column_text css=&#8221;&#8221;] Indien ist ein Land der Kontraste &#8211; alt und doch modern, chaotisch und doch bezaubernd. Seine goldene Zivilisation gedeiht in gro\u00dfen Festungen und Tempeln, die von den Melodien der Sitars und Tempelglocken widerhallen. Gesch\u00e4ftige St\u00e4dte mischen sich mit ruhigen Landschaften, w\u00e4hrend Kommerzialisierung und Kreativit\u00e4t nebeneinander existieren. Vom mystischen Himalaya bis zu den pulsierenden W\u00fcsten von Kutch enth\u00fcllt jede Reise reiche Traditionen, farbenfrohe Feste, eine vielf\u00e4ltige K\u00fcche und herzliche Gastfreundschaft. Reisende werden von einem Land umarmt, das Einfl\u00fcsse absorbiert und dennoch einzigartig bleibt und mit seiner Kunst, Musik, Spiritualit\u00e4t und seinen lebhaften M\u00e4rkten unvergessliche Erfahrungen bietet. Ob Sie historische Pal\u00e4ste erkunden oder sich von der heilenden Wirkung des Ayurveda verw\u00f6hnen lassen, Indien \u00fcberw\u00e4ltigt die Sinne und inspiriert die Seele. [\/vc_column_text][tm_spacer size=&#8221;lg:100&#8243;][\/vc_column][\/vc_row][vc_row full_width=&#8221;stretch_row&#8221; content_placement=&#8221;middle&#8221; lg_spacing=&#8221;padding_top:120;padding_bottom:50&#8243; background_image=&#8221;3876&#8243;][vc_column offset=&#8221;vc_col-lg-4&#8243;][tm_image image=&#8221;3067&#8243;][tm_spacer size=&#8221;lg:5&#8243;][vc_column_text css=&#8221;&#8221;] Muss man besuchenOrte [\/vc_column_text][tm_spacer size=&#8221;lg:18&#8243;][vc_separator color=&#8221;turquoise&#8221; align=&#8221;align_left&#8221; el_width=&#8221;20&#8243; css=&#8221;&#8221;][tm_spacer size=&#8221;lg:30&#8243;][vc_column_text css=&#8221;&#8221;]Indien ist ein Land mit vielf\u00e4ltigen Landschaften, reicher Geschichte und lebendiger Kultur, das mit seinem Erbe, seiner Spiritualit\u00e4t, seinen Traditionen, seiner modernen Energie, seinen pulsierenden St\u00e4dten und seiner atemberaubenden nat\u00fcrlichen Sch\u00f6nheit unvergessliche Erlebnisse bietet.[\/vc_column_text][tm_spacer size=&#8221;lg:40&#8243;][\/vc_column][vc_column offset=&#8221;vc_col-lg-offset-1 vc_col-lg-7&#8243;][tm_slider_group content_shadow=&#8221;1&#8243; nav=&#8221;09&#8243; pagination=&#8221;10&#8243; gutter=&#8221;0&#8243; items_display=&#8221;xs:1;sm:2;md:2;lg:2&#8243; auto_play=&#8221;2000&#8243;][tm_box_icon image_size=&#8221;full&#8221; align=&#8221;center&#8221; heading=&#8221;Humayun Tomb&#8221; text=&#8221;Das Humayun-Grabmal aus dem 16. Jahrhundert ist das erste gro\u00dfe Gartengrab auf dem indischen Subkontinent, ein herausragendes Beispiel f\u00fcr ein indo-persisches Bauwerk und ein majest\u00e4tischer Vorl\u00e4ufer des Taj Mahal.&#8221; text_width=&#8221;270px&#8221; image=&#8221;8934&#8243;][tm_box_icon image_size=&#8221;full&#8221; align=&#8221;center&#8221; heading=&#8221;India Gate&#8221; text=&#8221;Das India Gate befindet sich im Herzen der indischen Hauptstadt Neu-Delhi und symbolisiert Nationalstolz und Opferbereitschaft. Der 42 Meter hohe War Memorial Arch &#8211; Delhis feierlicher Arc de Triomphe.&#8221; text_width=&#8221;270px&#8221; image=&#8221;8941&#8243;][tm_box_icon image_size=&#8221;full&#8221; align=&#8221;center&#8221; heading=&#8221;Jama Masjid&#8221; text=&#8221;Die pr\u00e4chtige Fassade der Jama Masjid, die \u00fcber Alt-Delhi thront, erinnert an die Architektur der Moguln. Sie ist eine der gr\u00f6\u00dften Moscheen Asiens und wurde von mehr als 5000 Handwerkern aus rotem Sandstein und Marmor gebaut.&#8221; text_width=&#8221;270px&#8221; image=&#8221;8948&#8243;][tm_box_icon image_size=&#8221;full&#8221; align=&#8221;center&#8221; heading=&#8221;Red Fort&#8221; text=&#8221;Ein UNESCO-Weltkulturerbe, das vom Mogulkaiser Shah Jahan im fr\u00fchen 17. Jahrhundert erbaut wurde. Aufgrund des auff\u00e4lligen roten Sandsteins, der f\u00fcr den Bau verwendet wurde, wird dieses Fort auch das Rote Fort genannt.&#8221; text_width=&#8221;270px&#8221; image=&#8221;8955&#8243;][tm_box_icon image_size=&#8221;full&#8221; align=&#8221;center&#8221; heading=&#8221;Agra Fort&#8221; text=&#8221;Ein Spaziergang durch diesen gewaltigen Festungskomplex mit seinen k\u00f6niglichen Pavillons und Audienzhallen wird Ihnen helfen, die Entwicklung der \u00c4sthetik und des Stils unter den aufeinanderfolgenden Generationen der Moguln zu verstehen.&#8221; text_width=&#8221;270px&#8221; image=&#8221;8962&#8243;][tm_box_icon image_size=&#8221;full&#8221; align=&#8221;center&#8221; heading=&#8221;Amber Fort&#8221; text=&#8221;Das Amber Fort ist ein UNESCO-Weltkulturerbe. Das auf einem H\u00fcgel gelegene Amber Fort war der Sitz der k\u00f6niglichen Familie von Jaipur, bevor im 18. Jahrhundert der Stadtpalast errichtet wurde.&#8221; text_width=&#8221;270px&#8221; image=&#8221;8969&#8243;][tm_box_icon image_size=&#8221;full&#8221; align=&#8221;center&#8221; heading=&#8221;City Palace&#8221; text=&#8221;Der im 18. Jahrhundert errichtete Stadtpalast, ein UNESCO-Weltkulturerbe, ist ein \u00fcberw\u00e4ltigender architektonischer Komplex mit exquisiten Pal\u00e4sten, H\u00f6fen, dekorativer Kunst und geschnitzten T\u00fcren in Jaipur.&#8221; text_width=&#8221;270px&#8221; image=&#8221;8976&#8243;][tm_box_icon image_size=&#8221;full&#8221; align=&#8221;center&#8221; heading=&#8221;Jantar Mantar&#8221; text=&#8221;Eine UNESCO-Welterbest\u00e4tte mit der gr\u00f6\u00dften Steinsonnenuhr der Welt in Jaipur. Der Jantar Mantar verf\u00fcgt \u00fcber vierzehn wichtige Ger\u00e4te zur Zeitmessung, zur Vorhersage von Finsternissen und zur Verfolgung von Sternen und Planeten.&#8221; text_width=&#8221;270px&#8221; image=&#8221;8983&#8243;][\/tm_slider_group][tm_spacer size=&#8221;lg:60&#8243;][\/vc_column][\/vc_row][vc_row lg_spacing=&#8221;padding_top:150&#8243;][vc_column][tm_image align=&#8221;center&#8221; image=&#8221;3067&#8243;][tm_spacer size=&#8221;lg:5&#8243;][vc_column_text css=&#8221;&#8221;] Reise-Tipps [\/vc_column_text][tm_spacer size=&#8221;lg:18&#8243;][vc_separator color=&#8221;turquoise&#8221; el_width=&#8221;10&#8243; css=&#8221;&#8221;][tm_spacer size=&#8221;lg:90&#8243;][\/vc_column][\/vc_row][vc_row][vc_column width=&#8221;1\/12&#8243;][\/vc_column][vc_column width=&#8221;1\/4&#8243;][tm_spacer size=&#8221;lg:30&#8243;][vc_column_text css=&#8221;&#8221;] Reisedokumente [\/vc_column_text][tm_spacer size=&#8221;xs:40;sm:50;md:100;lg:150&#8243;][vc_column_text css=&#8221;&#8221;] Flughafen und Reisegep\u00e4ck [\/vc_column_text][\/vc_column][vc_column width=&#8221;1\/3&#8243;][tm_image align=&#8221;center&#8221; image=&#8221;4524&#8243;][\/vc_column][vc_column width=&#8221;1\/4&#8243;][tm_spacer size=&#8221;lg:30&#8243;][vc_column_text css=&#8221;&#8221;] Klima und Kleidung [\/vc_column_text][tm_spacer size=&#8221;xs:40;sm:50;md:100;lg:150&#8243;][vc_column_text css=&#8221;&#8221;] Fortbewegung [\/vc_column_text][\/vc_column][vc_column width=&#8221;1\/12&#8243;][\/vc_column][\/vc_row][vc_row full_width=&#8221;stretch_row&#8221; lg_spacing=&#8221;padding_top:50;padding_bottom:50&#8243;][vc_column][tm_spacer size=&#8221;lg:40&#8243;][vc_btn title=&#8221;Herunterladen&#8221; color=&#8221;peacoc&#8221; align=&#8221;center&#8221; css=&#8221;&#8221; link=&#8221;url:https%3A%2F%2Fwww.sita.in%2FNewSita%2Fwp-content%2Fuploads%2F2025%2F08%2FTravel-Guidelines-for-India.pdf|target:_blank|&#8221;][\/vc_column][\/vc_row][vc_row full_width=&#8221;stretch_row_content&#8221; lg_spacing=&#8221;padding_top:150&#8243;][vc_column][tm_image align=&#8221;center&#8221; image=&#8221;3067&#8243;][tm_spacer size=&#8221;lg:5&#8243;][vc_column_text css=&#8221;&#8221;] Reiseziel Highlights [\/vc_column_text][tm_spacer size=&#8221;lg:18&#8243;][vc_separator color=&#8221;turquoise&#8221; el_width=&#8221;10&#8243; css=&#8221;&#8221;][tm_spacer size=&#8221;lg:50&#8243;][\/vc_column][\/vc_row]<\/p>\n","protected":false},"author":1,"featured_media":0,"parent":0,"menu_order":0,"comment_status":"closed","ping_status":"closed","template":"","meta":{"footnotes":""},"class_list":["post-53223","page","type-page","status-publish","hentry","post-no-thumbnail"],"_links":{"self":[{"href":"https:\/\/www.sita.in\/de\/wp-json\/wp\/v2\/pages\/53223","targetHints":{"allow":["GET"]}}],"collection":[{"href":"https:\/\/www.sita.in\/de\/wp-json\/wp\/v2\/pages"}],"about":[{"href":"https:\/\/www.sita.in\/de\/wp-json\/wp\/v2\/types\/page"}],"author":[{"embeddable":true,"href":"https:\/\/www.sita.in\/de\/wp-json\/wp\/v2\/users\/1"}],"replies":[{"embeddable":true,"href":"https:\/\/www.sita.in\/de\/wp-json\/wp\/v2\/comments?post=53223"}],"version-history":[{"count":35,"href":"https:\/\/www.sita.in\/de\/wp-json\/wp\/v2\/pages\/53223\/revisions"}],"predecessor-version":[{"id":55728,"href":"https:\/\/www.sita.in\/de\/wp-json\/wp\/v2\/pages\/53223\/revisions\/55728"}],"wp:attachment":[{"href":"https:\/\/www.sita.in\/de\/wp-json\/wp\/v2\/media?parent=53223"}],"curies":[{"name":"wp","href":"https:\/\/api.w.org\/{rel}","templated":true}]}}