{"id":53258,"date":"2025-06-15T09:46:06","date_gmt":"2025-06-15T09:46:06","guid":{"rendered":"https:\/\/www.sita.in\/NewSita?page_id=53258"},"modified":"2025-12-01T13:21:12","modified_gmt":"2025-12-01T13:21:12","slug":"nepal","status":"publish","type":"page","link":"https:\/\/www.sita.in\/de\/nepal\/","title":{"rendered":"Nepal"},"content":{"rendered":"<div class=\"wpb-content-wrapper\"><p>[vc_row full_width=&#8221;stretch_row&#8221; overlay_background=&#8221;custom&#8221; overlay_custom_background=&#8221;#031914&#8243; overlay_opacity=&#8221;25&#8243; lg_spacing=&#8221;padding_top:193;padding_bottom:209&#8243; background_image=&#8221;4557&#8243; background_position=&#8221;center center&#8221;][vc_column][vc_column_text css=&#8221;&#8221;]<\/p>\n<h1 class=\"page-head\">Nepal<\/h1>\n<p>[\/vc_column_text][tm_spacer size=&#8221;lg:20&#8243;][vc_column_text css=&#8221;&#8221;]<\/p>\n<div class=\"page-subhead\">Erleben Sie die Majest\u00e4t und Gelassenheit Nepals<\/div>\n<p>[\/vc_column_text][\/vc_column][\/vc_row][vc_row full_width=&#8221;stretch_row&#8221; background_repeat=&#8221;repeat-y&#8221; overlay_background=&#8221;custom&#8221; overlay_custom_background=&#8221;#ffffff&#8221; overlay_opacity=&#8221;20&#8243; lg_spacing=&#8221;padding_top:80;padding_right:300;padding_bottom:80;padding_left:300&#8243; el_id=&#8221;Abschnitt-\u00fcber&#8221; background_image=&#8221;953&#8243; md_spacing=&#8221;padding_right:0;padding_left:0&#8243; sm_spacing=&#8221;padding_right:0;padding_left:0&#8243; xs_spacing=&#8221;padding_right:0;padding_left:0&#8243; background_position=&#8221;center center&#8221;][vc_column][tm_spacer size=&#8221;lg:70&#8243;][tm_image align=&#8221;center&#8221; image=&#8221;3067&#8243;][tm_spacer size=&#8221;lg:28&#8243;][vc_column_text css=&#8221;&#8221;]<\/p>\n<h3 class=\"page-intro\">Nepal ist das Land der Berge und Kl\u00f6ster. Dieses Binnenland bietet die perfekte Verschmelzung von Natur und Kultur. Das malerische Himalaya-Gebirge im Norden, die tosenden Fl\u00fcsse, die sich ihren Weg durch die H\u00fcgel in die Ebenen bahnen, die \u00fcppigen gr\u00fcnen Reisfelder und die malerischen kleinen D\u00f6rfer \u00fcberall &#8211; die landschaftliche Sch\u00f6nheit dieses Landes wird sich Ihnen einpr\u00e4gen.  <\/h3>\n<p>[\/vc_column_text][tm_spacer size=&#8221;lg:40&#8243;][vc_separator style=&#8221;dashed&#8221;][tm_spacer size=&#8221;lg:40&#8243;][vc_column_text css=&#8221;&#8221;]<\/p>\n<p style=\"text-align: center;\">Nepal ist ein Paradies f\u00fcr Naturliebhaber und Kulturinteressierte. Von zerkl\u00fcfteten Pfaden bis hin zu atemberaubenden Aussichten, von Rafting auf wilden Fl\u00fcssen bis hin zur Beobachtung exotischer Wildtiere &#8211; Nepal bietet Abenteuer in vielf\u00e4ltigen Landschaften. Das geschichtstr\u00e4chtige Kathmandu mit seinen mittelalterlichen Pl\u00e4tzen, Tempeln und Kl\u00f6stern ist ein Ort, an dem sich die Kulturen vermischen und dessen Bedeutung durch die UNESCO-Kulturerbest\u00e4tten hervorgehoben wird. Die Nepalesen sind warmherzig und gastfreundlich und behandeln ihre G\u00e4ste mit gro\u00dfem Respekt und Freundlichkeit, wo auch immer Sie hingehen.   <\/p>\n<p>[\/vc_column_text][tm_spacer size=&#8221;lg:100&#8243;][\/vc_column][\/vc_row][vc_row full_width=&#8221;stretch_row&#8221; content_placement=&#8221;middle&#8221; lg_spacing=&#8221;padding_top:120;padding_bottom:50&#8243; background_image=&#8221;3876&#8243;][vc_column offset=&#8221;vc_col-lg-4&#8243;][tm_image image=&#8221;3067&#8243;][tm_spacer size=&#8221;lg:5&#8243;][vc_column_text css=&#8221;&#8221;]<\/p>\n<h2 class=\"main-head\">Muss man besuchen<br \/>\n<span class=\"highlight-head\">Orte<\/span><\/h2>\n<p>[\/vc_column_text][tm_spacer size=&#8221;lg:18&#8243;][vc_separator color=&#8221;turquoise&#8221; align=&#8221;align_left&#8221; el_width=&#8221;20&#8243; css=&#8221;&#8221;][tm_spacer size=&#8221;lg:30&#8243;][vc_column_text css=&#8221;&#8221;]Nepal ist ein Land von atemberaubender Sch\u00f6nheit, wo hoch aufragende Gipfel auf uralte Kultur treffen. Vom Himalaya bis hin zu ruhigen Seen und heiligen Tempeln bietet es unvergessliche Erlebnisse f\u00fcr jeden Reisenden.[\/vc_column_text][tm_spacer size=&#8221;lg:40&#8243;][\/vc_column][vc_column offset=&#8221;vc_col-lg-offset-1 vc_col-lg-7&#8243;][tm_slider_group content_shadow=&#8221;1&#8243; nav=&#8221;09&#8243; pagination=&#8221;10&#8243; gutter=&#8221;0&#8243; items_display=&#8221;xs:1;sm:2;md:2;lg:2&#8243; auto_play=&#8221;2000&#8243;][tm_box_icon image_size=&#8221;full&#8221; align=&#8221;center&#8221; heading=&#8221;Durbar Square&#8221; text=&#8221;Historische UNESCO-St\u00e4tte mit traditioneller nepalesischer Architektur, alten Pal\u00e4sten, Tempeln und lebendiger lokaler Kultur.&#8221; text_width=&#8221;270px&#8221; image=&#8221;4564&#8243;][tm_box_icon image_size=&#8221;full&#8221; align=&#8221;center&#8221; heading=&#8221;Pokhara&#8221; text=&#8221;Die Stadt am See mit dem Phewa-See, den Davis-F\u00e4llen, dem Sonnenaufgang in Sarangkot und aufregenden Aktivit\u00e4ten wie Paragliding und Bootsfahrten.&#8221; text_width=&#8221;270px&#8221; image=&#8221;4565&#8243;][tm_box_icon image_size=&#8221;full&#8221; align=&#8221;center&#8221; heading=&#8221;Chitwan National Park&#8221; text=&#8221;Wildlife Sanctuary mit Safaris, Nash\u00f6rnern, Tigern, Elefanten und Vogelbeobachtung in einem gesch\u00fctzten UNESCO-Weltkulturerbe.&#8221; text_width=&#8221;270px&#8221; image=&#8221;4566&#8243;][\/tm_slider_group][tm_spacer size=&#8221;lg:60&#8243;][\/vc_column][\/vc_row][vc_row lg_spacing=&#8221;padding_top:150&#8243;][vc_column][tm_image align=&#8221;center&#8221; image=&#8221;3067&#8243;][tm_spacer size=&#8221;lg:5&#8243;][vc_column_text css=&#8221;&#8221;]<\/p>\n<h2 class=\"main-head2\"><span class=\"highlight-head\">Reise-Tipps<\/span><\/h2>\n<p>[\/vc_column_text][tm_spacer size=&#8221;lg:18&#8243;][vc_separator color=&#8221;turquoise&#8221; el_width=&#8221;10&#8243; css=&#8221;&#8221;][tm_spacer size=&#8221;lg:90&#8243;][\/vc_column][\/vc_row][vc_row][vc_column width=&#8221;1\/12&#8243;][\/vc_column][vc_column width=&#8221;1\/4&#8243;][vc_column_text css=&#8221;&#8221;]<\/p>\n<p style=\"text-align: center; border: 1px solid #ccc; padding: 10px;\"><i class=\"fal fa-passport\" style=\"font-size: 36px; color: #1ea5be; vertical-align: middle;\"><\/i> <strong style=\"padding-left: 5px;\">Reisedokumente<\/strong><\/p>\n<p>[\/vc_column_text][tm_spacer size=&#8221;xs:40;sm:50;md:100;lg:150&#8243;][vc_column_text css=&#8221;&#8221;]<\/p>\n<p style=\"text-align: center; border: 1px solid #ccc; padding: 10px;\"><i class=\"fal fa-suitcase-rolling\" style=\"font-size: 36px; color: #1ea5be; vertical-align: middle;\"><\/i> <strong style=\"padding-left: 5px;\">Flughafen und Reisegep\u00e4ck<\/strong><\/p>\n<p>[\/vc_column_text][\/vc_column][vc_column width=&#8221;1\/3&#8243;][tm_image align=&#8221;center&#8221; image=&#8221;3061&#8243;][\/vc_column][vc_column width=&#8221;1\/4&#8243;][vc_column_text css=&#8221;&#8221;]<\/p>\n<p style=\"text-align: center; border: 1px solid #ccc; padding: 10px;\"><i class=\"fal fa-cloud-sun\" style=\"font-size: 36px; color: #1ea5be; vertical-align: middle;\"><\/i> <strong style=\"padding-left: 5px;\">Klima und Kleidung<\/strong><\/p>\n<p>[\/vc_column_text][tm_spacer size=&#8221;xs:40;sm:50;md:100;lg:150&#8243;][vc_column_text css=&#8221;&#8221;]<\/p>\n<p style=\"text-align: center; border: 1px solid #ccc; padding: 10px;\"><i class=\"fal fa-circle-notch\" style=\"font-size: 36px; color: #1ea5be; vertical-align: middle;\"><\/i> <strong style=\"padding-left: 5px;\">Fortbewegung<\/strong><\/p>\n<p>[\/vc_column_text][\/vc_column][vc_column width=&#8221;1\/12&#8243;][\/vc_column][\/vc_row][vc_row full_width=&#8221;stretch_row&#8221; lg_spacing=&#8221;padding_top:50;padding_bottom:50&#8243;][vc_column][tm_spacer size=&#8221;lg:40&#8243;][vc_btn title=&#8221;Herunterladen&#8221; color=&#8221;peacoc&#8221; align=&#8221;center&#8221; css=&#8221;&#8221; link=&#8221;url:https%3A%2F%2Fwww.sita.in%2FNewSita%2Fwp-content%2Fuploads%2F2025%2F08%2FTravel-Guidelines-for-Nepal.pdf|target:_blank|&#8221;][\/vc_column][\/vc_row][vc_row full_width=&#8221;stretch_row_content&#8221; lg_spacing=&#8221;padding_top:150&#8243;][vc_column][tm_image align=&#8221;center&#8221; image=&#8221;3067&#8243;][tm_spacer size=&#8221;lg:5&#8243;][vc_column_text css=&#8221;&#8221;]<\/p>\n<h2 class=\"main-head2\">Reiseziel <span class=\"highlight-head\">Highlights<\/span><\/h2>\n<p>[\/vc_column_text][tm_spacer size=&#8221;lg:18&#8243;][vc_separator color=&#8221;turquoise&#8221; el_width=&#8221;10&#8243; css=&#8221;&#8221;][tm_spacer size=&#8221;lg:50&#8243;][\/vc_column][\/vc_row]<\/p>\n<\/div>","protected":false},"excerpt":{"rendered":"<p>[vc_row full_width=&#8221;stretch_row&#8221; overlay_background=&#8221;custom&#8221; overlay_custom_background=&#8221;#031914&#8243; overlay_opacity=&#8221;25&#8243; lg_spacing=&#8221;padding_top:193;padding_bottom:209&#8243; background_image=&#8221;4557&#8243; background_position=&#8221;center center&#8221;][vc_column][vc_column_text css=&#8221;&#8221;] Nepal [\/vc_column_text][tm_spacer size=&#8221;lg:20&#8243;][vc_column_text css=&#8221;&#8221;] Erleben Sie die Majest\u00e4t und Gelassenheit Nepals [\/vc_column_text][\/vc_column][\/vc_row][vc_row full_width=&#8221;stretch_row&#8221; background_repeat=&#8221;repeat-y&#8221; overlay_background=&#8221;custom&#8221; overlay_custom_background=&#8221;#ffffff&#8221; overlay_opacity=&#8221;20&#8243; lg_spacing=&#8221;padding_top:80;padding_right:300;padding_bottom:80;padding_left:300&#8243; el_id=&#8221;Abschnitt-\u00fcber&#8221; background_image=&#8221;953&#8243; md_spacing=&#8221;padding_right:0;padding_left:0&#8243; sm_spacing=&#8221;padding_right:0;padding_left:0&#8243; xs_spacing=&#8221;padding_right:0;padding_left:0&#8243; background_position=&#8221;center center&#8221;][vc_column][tm_spacer size=&#8221;lg:70&#8243;][tm_image align=&#8221;center&#8221; image=&#8221;3067&#8243;][tm_spacer size=&#8221;lg:28&#8243;][vc_column_text css=&#8221;&#8221;] Nepal ist das Land der Berge und Kl\u00f6ster. Dieses Binnenland bietet die perfekte Verschmelzung von Natur und Kultur. Das malerische Himalaya-Gebirge im Norden, die tosenden Fl\u00fcsse, die sich ihren Weg durch die H\u00fcgel in die Ebenen bahnen, die \u00fcppigen gr\u00fcnen Reisfelder und die malerischen kleinen D\u00f6rfer \u00fcberall &#8211; die landschaftliche Sch\u00f6nheit dieses Landes wird sich Ihnen einpr\u00e4gen. [\/vc_column_text][tm_spacer size=&#8221;lg:40&#8243;][vc_separator style=&#8221;dashed&#8221;][tm_spacer size=&#8221;lg:40&#8243;][vc_column_text css=&#8221;&#8221;] Nepal ist ein Paradies f\u00fcr Naturliebhaber und Kulturinteressierte. Von zerkl\u00fcfteten Pfaden bis hin zu atemberaubenden Aussichten, von Rafting auf wilden Fl\u00fcssen bis hin zur Beobachtung exotischer Wildtiere &#8211; Nepal bietet Abenteuer in vielf\u00e4ltigen Landschaften. Das geschichtstr\u00e4chtige Kathmandu mit seinen mittelalterlichen Pl\u00e4tzen, Tempeln und Kl\u00f6stern ist ein Ort, an dem sich die Kulturen vermischen und dessen Bedeutung durch die UNESCO-Kulturerbest\u00e4tten hervorgehoben wird. Die Nepalesen sind warmherzig und gastfreundlich und behandeln ihre G\u00e4ste mit gro\u00dfem Respekt und Freundlichkeit, wo auch immer Sie hingehen. [\/vc_column_text][tm_spacer size=&#8221;lg:100&#8243;][\/vc_column][\/vc_row][vc_row full_width=&#8221;stretch_row&#8221; content_placement=&#8221;middle&#8221; lg_spacing=&#8221;padding_top:120;padding_bottom:50&#8243; background_image=&#8221;3876&#8243;][vc_column offset=&#8221;vc_col-lg-4&#8243;][tm_image image=&#8221;3067&#8243;][tm_spacer size=&#8221;lg:5&#8243;][vc_column_text css=&#8221;&#8221;] Muss man besuchen Orte [\/vc_column_text][tm_spacer size=&#8221;lg:18&#8243;][vc_separator color=&#8221;turquoise&#8221; align=&#8221;align_left&#8221; el_width=&#8221;20&#8243; css=&#8221;&#8221;][tm_spacer size=&#8221;lg:30&#8243;][vc_column_text css=&#8221;&#8221;]Nepal ist ein Land von atemberaubender Sch\u00f6nheit, wo hoch aufragende Gipfel auf uralte Kultur treffen. Vom Himalaya bis hin zu ruhigen Seen und heiligen Tempeln bietet es unvergessliche Erlebnisse f\u00fcr jeden Reisenden.[\/vc_column_text][tm_spacer size=&#8221;lg:40&#8243;][\/vc_column][vc_column offset=&#8221;vc_col-lg-offset-1 vc_col-lg-7&#8243;][tm_slider_group content_shadow=&#8221;1&#8243; nav=&#8221;09&#8243; pagination=&#8221;10&#8243; gutter=&#8221;0&#8243; items_display=&#8221;xs:1;sm:2;md:2;lg:2&#8243; auto_play=&#8221;2000&#8243;][tm_box_icon image_size=&#8221;full&#8221; align=&#8221;center&#8221; heading=&#8221;Durbar Square&#8221; text=&#8221;Historische UNESCO-St\u00e4tte mit traditioneller nepalesischer Architektur, alten Pal\u00e4sten, Tempeln und lebendiger lokaler Kultur.&#8221; text_width=&#8221;270px&#8221; image=&#8221;4564&#8243;][tm_box_icon image_size=&#8221;full&#8221; align=&#8221;center&#8221; heading=&#8221;Pokhara&#8221; text=&#8221;Die Stadt am See mit dem Phewa-See, den Davis-F\u00e4llen, dem Sonnenaufgang in Sarangkot und aufregenden Aktivit\u00e4ten wie Paragliding und Bootsfahrten.&#8221; text_width=&#8221;270px&#8221; image=&#8221;4565&#8243;][tm_box_icon image_size=&#8221;full&#8221; align=&#8221;center&#8221; heading=&#8221;Chitwan National Park&#8221; text=&#8221;Wildlife Sanctuary mit Safaris, Nash\u00f6rnern, Tigern, Elefanten und Vogelbeobachtung in einem gesch\u00fctzten UNESCO-Weltkulturerbe.&#8221; text_width=&#8221;270px&#8221; image=&#8221;4566&#8243;][\/tm_slider_group][tm_spacer size=&#8221;lg:60&#8243;][\/vc_column][\/vc_row][vc_row lg_spacing=&#8221;padding_top:150&#8243;][vc_column][tm_image align=&#8221;center&#8221; image=&#8221;3067&#8243;][tm_spacer size=&#8221;lg:5&#8243;][vc_column_text css=&#8221;&#8221;] Reise-Tipps [\/vc_column_text][tm_spacer size=&#8221;lg:18&#8243;][vc_separator color=&#8221;turquoise&#8221; el_width=&#8221;10&#8243; css=&#8221;&#8221;][tm_spacer size=&#8221;lg:90&#8243;][\/vc_column][\/vc_row][vc_row][vc_column width=&#8221;1\/12&#8243;][\/vc_column][vc_column width=&#8221;1\/4&#8243;][vc_column_text css=&#8221;&#8221;] Reisedokumente [\/vc_column_text][tm_spacer size=&#8221;xs:40;sm:50;md:100;lg:150&#8243;][vc_column_text css=&#8221;&#8221;] Flughafen und Reisegep\u00e4ck [\/vc_column_text][\/vc_column][vc_column width=&#8221;1\/3&#8243;][tm_image align=&#8221;center&#8221; image=&#8221;3061&#8243;][\/vc_column][vc_column width=&#8221;1\/4&#8243;][vc_column_text css=&#8221;&#8221;] Klima und Kleidung [\/vc_column_text][tm_spacer size=&#8221;xs:40;sm:50;md:100;lg:150&#8243;][vc_column_text css=&#8221;&#8221;] Fortbewegung [\/vc_column_text][\/vc_column][vc_column width=&#8221;1\/12&#8243;][\/vc_column][\/vc_row][vc_row full_width=&#8221;stretch_row&#8221; lg_spacing=&#8221;padding_top:50;padding_bottom:50&#8243;][vc_column][tm_spacer size=&#8221;lg:40&#8243;][vc_btn title=&#8221;Herunterladen&#8221; color=&#8221;peacoc&#8221; align=&#8221;center&#8221; css=&#8221;&#8221; link=&#8221;url:https%3A%2F%2Fwww.sita.in%2FNewSita%2Fwp-content%2Fuploads%2F2025%2F08%2FTravel-Guidelines-for-Nepal.pdf|target:_blank|&#8221;][\/vc_column][\/vc_row][vc_row full_width=&#8221;stretch_row_content&#8221; lg_spacing=&#8221;padding_top:150&#8243;][vc_column][tm_image align=&#8221;center&#8221; image=&#8221;3067&#8243;][tm_spacer size=&#8221;lg:5&#8243;][vc_column_text css=&#8221;&#8221;] Reiseziel Highlights [\/vc_column_text][tm_spacer size=&#8221;lg:18&#8243;][vc_separator color=&#8221;turquoise&#8221; el_width=&#8221;10&#8243; css=&#8221;&#8221;][tm_spacer size=&#8221;lg:50&#8243;][\/vc_column][\/vc_row]<\/p>\n","protected":false},"author":1,"featured_media":0,"parent":0,"menu_order":0,"comment_status":"closed","ping_status":"closed","template":"","meta":{"footnotes":""},"class_list":["post-53258","page","type-page","status-publish","hentry","post-no-thumbnail"],"_links":{"self":[{"href":"https:\/\/www.sita.in\/de\/wp-json\/wp\/v2\/pages\/53258","targetHints":{"allow":["GET"]}}],"collection":[{"href":"https:\/\/www.sita.in\/de\/wp-json\/wp\/v2\/pages"}],"about":[{"href":"https:\/\/www.sita.in\/de\/wp-json\/wp\/v2\/types\/page"}],"author":[{"embeddable":true,"href":"https:\/\/www.sita.in\/de\/wp-json\/wp\/v2\/users\/1"}],"replies":[{"embeddable":true,"href":"https:\/\/www.sita.in\/de\/wp-json\/wp\/v2\/comments?post=53258"}],"version-history":[{"count":3,"href":"https:\/\/www.sita.in\/de\/wp-json\/wp\/v2\/pages\/53258\/revisions"}],"predecessor-version":[{"id":55729,"href":"https:\/\/www.sita.in\/de\/wp-json\/wp\/v2\/pages\/53258\/revisions\/55729"}],"wp:attachment":[{"href":"https:\/\/www.sita.in\/de\/wp-json\/wp\/v2\/media?parent=53258"}],"curies":[{"name":"wp","href":"https:\/\/api.w.org\/{rel}","templated":true}]}}