{"id":53297,"date":"2025-06-16T07:25:31","date_gmt":"2025-06-16T07:25:31","guid":{"rendered":"https:\/\/www.sita.in\/NewSita?page_id=53297"},"modified":"2025-11-28T15:58:09","modified_gmt":"2025-11-28T15:58:09","slug":"cookie-richtlinie","status":"publish","type":"page","link":"https:\/\/www.sita.in\/de\/cookie-richtlinie\/","title":{"rendered":"Cookie-Richtlinie"},"content":{"rendered":"<div class=\"wpb-content-wrapper\"><p>[vc_row full_width=&#8221;stretch_row&#8221; overlay_background=&#8221;custom&#8221; overlay_custom_background=&#8221;#031914&#8243; overlay_opacity=&#8221;25&#8243; lg_spacing=&#8221;padding_top:193;padding_bottom:209&#8243; background_image=&#8221;4589&#8243; background_position=&#8221;center center&#8221;][vc_column][tm_heading tag=&#8221;h1&#8243; custom_google_font=&#8221;&#8221; align=&#8221;center&#8221; text_color=&#8221;custom&#8221; custom_text_color=&#8221;#ffffff&#8221; el_class=&#8221;page-title-shadow&#8221; text=&#8221;Cookie-Richtlinie&#8221; font_size=&#8221;lg:60&#8243; max_width=&#8221;893px&#8221;][\/vc_column][\/vc_row][vc_row lg_spacing=&#8221;padding_top:100;padding_bottom:80&#8243;][vc_column][vc_column_text css=&#8221;&#8221;]Sita respektiert Ihre Privatsph\u00e4re und verpflichtet sich, die Sicherheit Ihrer pers\u00f6nlichen Daten zu gew\u00e4hrleisten. Wir respektieren Ihr Bed\u00fcrfnis zu verstehen, wie Informationen gesammelt, verwendet, offengelegt, \u00fcbertragen und gespeichert werden. Daher haben wir die folgende Cookie-Richtlinie entwickelt, um Sie mit unseren Praktiken vertraut zu machen. Wir empfehlen Ihnen, diese Richtlinie zusammen mit unserer Datenschutzerkl\u00e4rung f\u00fcr die Website sorgf\u00e4ltig zu lesen.   <\/p>\n<h2>Zweck<\/h2>\n<p>Sita verwendet Cookies und andere Technologien, um Ihre Erfahrung bei der Nutzung unserer Website zu verbessern. Zu diesem Zweck haben wir die folgende Cookie-Richtlinie entwickelt, um Sie mit unseren Praktiken vertraut zu machen. <\/p>\n<h2>Umfang<\/h2>\n<p>Diese Richtlinie gilt f\u00fcr alle Personen, die unsere Website besuchen, und f\u00fcr alle Informationen, die mit Hilfe von Cookies gesammelt werden.<\/p>\n<h2>Was ist ein Cookie?<\/h2>\n<p>Cookies sind eine Funktion der Webbrowser-Software, die es Webservern erm\u00f6glicht, Informationen vor\u00fcbergehend in Ihrem Browser zu speichern. Sie werden im Allgemeinen verwendet, damit Websites funktionieren, um Ihre Bewegungen innerhalb der Website zu verfolgen, sich an Ihre Anmeldedaten zu erinnern und f\u00fcr \u00e4hnliche Aktivit\u00e4ten. Cookies werden bei einem sp\u00e4teren Besuch an die urspr\u00fcngliche Website oder an eine andere Website gesendet, die das spezifische Cookie erkennt. Die meisten Webbrowser akzeptieren Cookies automatisch. Cookies erm\u00f6glichen es Websites, das Ger\u00e4t zu erkennen, \u00fcber das die Website aufgerufen wird. Cookies k\u00f6nnen verwendet werden, um Ihre Pr\u00e4ferenzen und fr\u00fcheren Aktionen zu speichern, die dann verwendet werden k\u00f6nnen, um spezifische Funktionen oder Optionen anzubieten, die Ihren Pr\u00e4ferenzen entsprechen, und so Ihr Website-Erlebnis zu verbessern. Cookies k\u00f6nnen auf keine anderen Informationen auf Ihrem Computer zugreifen. Die meisten Webbrowser akzeptieren Cookies automatisch. Nat\u00fcrlich k\u00f6nnen Sie durch \u00c4ndern der Optionen Ihres Webbrowsers oder durch Verwendung bestimmter Softwareprogramme steuern und l\u00f6schen, ob und wie Cookies von Ihrem Browser akzeptiert werden. Sie k\u00f6nnen Ihre Browser-Optionen auch so einstellen, dass Sie in Zukunft keine Cookies mehr erhalten m\u00f6chten.<\/p>\n<h2>Arten von Cookies<\/h2>\n<p>Es gibt verschiedene Arten von Cookies, die sich anhand ihrer Herkunft, Funktion und Lebensdauer unterscheiden lassen. Zu den wichtigsten Merkmalen von Cookies geh\u00f6ren die folgenden:<br \/>(a) First-Party-Cookies sind Cookies, die von der von Ihnen besuchten Website gespeichert werden, w\u00e4hrend Third-Party-Cookies von einer anderen Website als der von Ihnen besuchten gespeichert werden. Bitte beachten Sie, dass wir keine Kontrolle \u00fcber die Erfassung oder Weiterverwendung Ihrer Daten durch Dritte haben.  <br \/>(b) Notwendige Cookies sind notwendig, um den technischen Betrieb einer Website zu erm\u00f6glichen (z.B. erm\u00f6glichen sie es Ihnen, sich auf einer Website zu bewegen und ihre Funktionen zu nutzen).<br \/>(c) Performance-Cookies sammeln Daten \u00fcber die Leistung einer Website wie die Anzahl der Besucher, die auf der Website verbrachte Zeit und Fehlermeldungen.<br \/>(d) Funktionalit\u00e4ts-Cookies erh\u00f6hen die Benutzerfreundlichkeit einer Website, indem sie sich Ihre Auswahl merken (z.B. Sprache, Region, Login usw.).<br \/>(e) Targeting-\/Werbe-Cookies erm\u00f6glichen es einer Website, Ihnen personalisierte Werbung zu senden.<br \/>(f) Sitzungscookies sind tempor\u00e4re Cookies, die gel\u00f6scht werden, sobald Sie Ihren Browser schlie\u00dfen, w\u00e4hrend dauerhafte oder permanente Cookies auf Ihrem Ger\u00e4t verbleiben, bis Sie sie manuell l\u00f6schen oder bis Ihr Browser sie entsprechend der in der dauerhaften Cookie-Datei angegebenen Dauer l\u00f6scht.<\/p>\n<h2>Erfasste Informationen und unser Zweck der Verwendung von Cookies und anderen Technologien<\/h2>\n<p>Um unseren Service f\u00fcr Sie aufrechtzuerhalten und zu verbessern, k\u00f6nnen die Website, Online-Dienste, Anwendungen und Anzeigen von Sita &#8220;Cookies&#8221; verwenden, um Informationen \u00fcber Ihre Nutzung der Website zu sammeln. Cookies k\u00f6nnen auch zur Durchf\u00fchrung von Transaktionen verwendet werden, und ihre Deaktivierung kann die Funktionalit\u00e4t dieser Website beeintr\u00e4chtigen. <\/p>\n<p>(a) Sita und seine Partner k\u00f6nnen Cookies oder andere Technologien verwenden, um anonyme, nicht-personenbezogene Informationen (ohne Ihren Namen, Ihre Adresse, E-Mail-Adresse oder Telefonnummer) \u00fcber Ihre Besuche auf dieser und anderen Websites zu erfassen, um die Wirksamkeit der Werbung zu messen.<br \/>(b) Wir k\u00f6nnen auch nicht-personenbezogene Informationen \u00fcber Ihren Besuch auf unserer Website sammeln, die auf Ihren Browsing-Aktivit\u00e4ten (Clickstream) basieren. Diese Informationen k\u00f6nnen unter anderem die besuchten Seiten und die angesehenen oder gebuchten Produkte und Dienstleistungen umfassen. Dies hilft uns, unsere Angebote besser zu verwalten und zu entwickeln und Ihnen bessere Produkte und Dienstleistungen anzubieten, die auf Ihre individuellen Interessen und Bed\u00fcrfnisse zugeschnitten sind. Wir k\u00f6nnen diese Informationen verwenden, um die Eintritts- und Austrittspunkte der Besucher auf der Website und die jeweilige Anzahl der Besucher auf den verschiedenen Seiten und Abschnitten der Website sowie die Einzelheiten der durchgef\u00fchrten Suchen zu messen. Wir k\u00f6nnen diese Informationen auch verwenden, um die Nutzung von Werbebannern und anderen Click-Throughs auf der Website zu messen.    <br \/>(c) Wie bei den meisten anderen Websites auch, erfassen wir einige Informationen automatisch und speichern sie in Protokolldateien. Zu diesen Informationen geh\u00f6ren Internetprotokolladressen (IP), Browsertyp und -sprache, Internet Service Provider (ISP), Verweis- und Ausgangsseiten, Betriebssystem, Datums-\/Zeitstempel und Clickstream-Daten. Wir verwenden diese Informationen, um Trends zu verstehen und zu analysieren, um die Website zu verwalten, um etwas \u00fcber das Nutzerverhalten auf der Website zu erfahren und um demografische Informationen \u00fcber unsere Nutzerbasis als Ganzes zu sammeln. Sita kann diese Informationen f\u00fcr unsere Marketing- und Werbedienste verwenden.   <br \/>(d) In einigen unserer E-Mail-Nachrichten verwenden wir eine &#8220;Click-through-URL&#8221;, die mit Inhalten auf der Sita-Website verkn\u00fcpft ist. Wenn Kunden auf eine dieser URLs klicken, durchlaufen sie einen separaten Webserver, bevor sie die Zielseite auf unserer Website erreichen. Wir verfolgen diese Click-Through-Daten, um das Interesse an bestimmten Themen zu ermitteln und die Effektivit\u00e4t unserer Kundenkommunikation zu messen. Wenn Sie es vorziehen, nicht auf diese Weise verfolgt zu werden, sollten Sie nicht auf Text- oder Grafiklinks in den E-Mail-Nachrichten klicken.   <br \/>(e) Pixel-Tags erm\u00f6glichen es uns, E-Mail-Nachrichten in einem f\u00fcr Kunden lesbaren Format zu versenden, und sie teilen uns mit, ob eine E-Mail ge\u00f6ffnet wurde. Wir k\u00f6nnen diese Informationen verwenden, um die Anzahl der an Kunden gesendeten Nachrichten zu reduzieren oder zu eliminieren. <\/p>\n<h2>Analyse-Tools<\/h2>\n<p>Wir verwenden verschiedene Analysetools und Technologien von Drittanbietern, einschlie\u00dflich Google Analytics, um Cookies zu sammeln und zu analysieren. Wir haben eine vertragliche Beziehung mit diesen Drittanbietern, die diese Informationen sammeln. Sie k\u00f6nnen diese Informationen mit anderen Informationen kombinieren, die sie bereits unabh\u00e4ngig von anderen Websites gesammelt haben. Viele dieser Unternehmen sammeln und verwenden Informationen im Rahmen ihrer eigenen Datenschutzrichtlinien. Sie k\u00f6nnen sich von Google Analytics abmelden, indem Sie den Link hier aufrufen.    <\/p>\n<h2>Cookies kontrollieren<\/h2>\n<p>Die meisten Internetbrowser sind so eingestellt, dass sie Cookies automatisch akzeptieren. Je nach Browser k\u00f6nnen Sie Ihren Browser so einstellen, dass er Sie warnt, bevor er Cookies annimmt, oder Sie k\u00f6nnen ihn so einstellen, dass er sie ablehnt. Wenn Sie keine Cookies erhalten m\u00f6chten, k\u00f6nnen Sie diese in den meisten Browsern \u00fcber die Einstellungen kontrollieren. Wenn Sie wissen m\u00f6chten, wie Sie die Einstellungen Ihres Browsers \u00e4ndern k\u00f6nnen, w\u00e4hlen Sie den entsprechenden Browser aus:<br \/>(a) Chrome<br \/>(b) Firefox<br \/>(c) Internet Explorer<br \/>(d) Opera<br \/>(e) Safari<br \/>Die Deaktivierung von Cookies kann Ihre Nutzung unserer Website beeintr\u00e4chtigen. Wenn Sie mit verschiedenen Ger\u00e4ten auf unsere Website zugreifen, m\u00fcssen Sie sicherstellen, dass jeder Browser auf jedem Ger\u00e4t auf die von Ihnen bevorzugten Cookies eingestellt ist.    <\/p>\n<h2>\u00c4nderungen an der Politik<\/h2>\n<p>Diese Richtlinie ist ab dem 25. Mai 2018 g\u00fcltig. Wir behalten uns das Recht vor, diese Richtlinie jederzeit zu aktualisieren oder zu \u00e4ndern. Wenn wir wesentliche \u00c4nderungen vornehmen, werden wir Ihnen die aktualisierte Richtlinie so schnell wie m\u00f6glich per E-Mail oder durch einen auff\u00e4lligen Hinweis auf der Website zur Verf\u00fcgung stellen. Sie sollten die Richtlinie regelm\u00e4\u00dfig \u00fcberpr\u00fcfen. Wenn Sie die Website weiterhin nutzen, nachdem wir \u00c4nderungen an den Richtlinien auf dieser Seite ver\u00f6ffentlicht haben, erkennen Sie die \u00c4nderungen an und erkl\u00e4ren sich damit einverstanden, die ge\u00e4nderten Richtlinien zu befolgen und daran gebunden zu sein.   [\/vc_column_text][\/vc_column][\/vc_row]<\/p>\n<\/div>","protected":false},"excerpt":{"rendered":"<p>[vc_row full_width=&#8221;stretch_row&#8221; overlay_background=&#8221;custom&#8221; overlay_custom_background=&#8221;#031914&#8243; overlay_opacity=&#8221;25&#8243; lg_spacing=&#8221;padding_top:193;padding_bottom:209&#8243; background_image=&#8221;4589&#8243; background_position=&#8221;center center&#8221;][vc_column][tm_heading tag=&#8221;h1&#8243; custom_google_font=&#8221;&#8221; align=&#8221;center&#8221; text_color=&#8221;custom&#8221; custom_text_color=&#8221;#ffffff&#8221; el_class=&#8221;page-title-shadow&#8221; text=&#8221;Cookie-Richtlinie&#8221; font_size=&#8221;lg:60&#8243; max_width=&#8221;893px&#8221;][\/vc_column][\/vc_row][vc_row lg_spacing=&#8221;padding_top:100;padding_bottom:80&#8243;][vc_column][vc_column_text css=&#8221;&#8221;]Sita respektiert Ihre Privatsph\u00e4re und verpflichtet sich, die Sicherheit Ihrer pers\u00f6nlichen Daten zu gew\u00e4hrleisten. Wir respektieren Ihr Bed\u00fcrfnis zu verstehen, wie Informationen gesammelt, verwendet, offengelegt, \u00fcbertragen und gespeichert werden. Daher haben wir die folgende Cookie-Richtlinie entwickelt, um Sie mit unseren Praktiken vertraut zu machen. Wir empfehlen Ihnen, diese Richtlinie zusammen mit unserer Datenschutzerkl\u00e4rung f\u00fcr die Website sorgf\u00e4ltig zu lesen. Zweck Sita verwendet Cookies und andere Technologien, um Ihre Erfahrung bei der Nutzung unserer Website zu verbessern. Zu diesem Zweck haben wir die folgende Cookie-Richtlinie entwickelt, um Sie mit unseren Praktiken vertraut zu machen. Umfang Diese Richtlinie gilt f\u00fcr alle Personen, die unsere Website besuchen, und f\u00fcr alle Informationen, die mit Hilfe von Cookies gesammelt werden. Was ist ein Cookie? Cookies sind eine Funktion der Webbrowser-Software, die es Webservern erm\u00f6glicht, Informationen vor\u00fcbergehend in Ihrem Browser zu speichern. Sie werden im Allgemeinen verwendet, damit Websites funktionieren, um Ihre Bewegungen innerhalb der Website zu verfolgen, sich an Ihre Anmeldedaten zu erinnern und f\u00fcr \u00e4hnliche Aktivit\u00e4ten. Cookies werden bei einem sp\u00e4teren Besuch an die urspr\u00fcngliche Website oder an eine andere Website gesendet, die das spezifische Cookie erkennt. Die meisten Webbrowser akzeptieren Cookies automatisch. Cookies erm\u00f6glichen es Websites, das Ger\u00e4t zu erkennen, \u00fcber das die Website aufgerufen wird. Cookies k\u00f6nnen verwendet werden, um Ihre Pr\u00e4ferenzen und fr\u00fcheren Aktionen zu speichern, die dann verwendet werden k\u00f6nnen, um spezifische Funktionen oder Optionen anzubieten, die Ihren Pr\u00e4ferenzen entsprechen, und so Ihr Website-Erlebnis zu verbessern. Cookies k\u00f6nnen auf keine anderen Informationen auf Ihrem Computer zugreifen. Die meisten Webbrowser akzeptieren Cookies automatisch. Nat\u00fcrlich k\u00f6nnen Sie durch \u00c4ndern der Optionen Ihres Webbrowsers oder durch Verwendung bestimmter Softwareprogramme steuern und l\u00f6schen, ob und wie Cookies von Ihrem Browser akzeptiert werden. Sie k\u00f6nnen Ihre Browser-Optionen auch so einstellen, dass Sie in Zukunft keine Cookies mehr erhalten m\u00f6chten. Arten von Cookies Es gibt verschiedene Arten von Cookies, die sich anhand ihrer Herkunft, Funktion und Lebensdauer unterscheiden lassen. Zu den wichtigsten Merkmalen von Cookies geh\u00f6ren die folgenden:(a) First-Party-Cookies sind Cookies, die von der von Ihnen besuchten Website gespeichert werden, w\u00e4hrend Third-Party-Cookies von einer anderen Website als der von Ihnen besuchten gespeichert werden. Bitte beachten Sie, dass wir keine Kontrolle \u00fcber die Erfassung oder Weiterverwendung Ihrer Daten durch Dritte haben. (b) Notwendige Cookies sind notwendig, um den technischen Betrieb einer Website zu erm\u00f6glichen (z.B. erm\u00f6glichen sie es Ihnen, sich auf einer Website zu bewegen und ihre Funktionen zu nutzen).(c) Performance-Cookies sammeln Daten \u00fcber die Leistung einer Website wie die Anzahl der Besucher, die auf der Website verbrachte Zeit und Fehlermeldungen.(d) Funktionalit\u00e4ts-Cookies erh\u00f6hen die Benutzerfreundlichkeit einer Website, indem sie sich Ihre Auswahl merken (z.B. Sprache, Region, Login usw.).(e) Targeting-\/Werbe-Cookies erm\u00f6glichen es einer Website, Ihnen personalisierte Werbung zu senden.(f) Sitzungscookies sind tempor\u00e4re Cookies, die gel\u00f6scht werden, sobald Sie Ihren Browser schlie\u00dfen, w\u00e4hrend dauerhafte oder permanente Cookies auf Ihrem Ger\u00e4t verbleiben, bis Sie sie manuell l\u00f6schen oder bis Ihr Browser sie entsprechend der in der dauerhaften Cookie-Datei angegebenen Dauer l\u00f6scht. Erfasste Informationen und unser Zweck der Verwendung von Cookies und anderen Technologien Um unseren Service f\u00fcr Sie aufrechtzuerhalten und zu verbessern, k\u00f6nnen die Website, Online-Dienste, Anwendungen und Anzeigen von Sita &#8220;Cookies&#8221; verwenden, um Informationen \u00fcber Ihre Nutzung der Website zu sammeln. Cookies k\u00f6nnen auch zur Durchf\u00fchrung von Transaktionen verwendet werden, und ihre Deaktivierung kann die Funktionalit\u00e4t dieser Website beeintr\u00e4chtigen. (a) Sita und seine Partner k\u00f6nnen Cookies oder andere Technologien verwenden, um anonyme, nicht-personenbezogene Informationen (ohne Ihren Namen, Ihre Adresse, E-Mail-Adresse oder Telefonnummer) \u00fcber Ihre Besuche auf dieser und anderen Websites zu erfassen, um die Wirksamkeit der Werbung zu messen.(b) Wir k\u00f6nnen auch nicht-personenbezogene Informationen \u00fcber Ihren Besuch auf unserer Website sammeln, die auf Ihren Browsing-Aktivit\u00e4ten (Clickstream) basieren. Diese Informationen k\u00f6nnen unter anderem die besuchten Seiten und die angesehenen oder gebuchten Produkte und Dienstleistungen umfassen. Dies hilft uns, unsere Angebote besser zu verwalten und zu entwickeln und Ihnen bessere Produkte und Dienstleistungen anzubieten, die auf Ihre individuellen Interessen und Bed\u00fcrfnisse zugeschnitten sind. Wir k\u00f6nnen diese Informationen verwenden, um die Eintritts- und Austrittspunkte der Besucher auf der Website und die jeweilige Anzahl der Besucher auf den verschiedenen Seiten und Abschnitten der Website sowie die Einzelheiten der durchgef\u00fchrten Suchen zu messen. Wir k\u00f6nnen diese Informationen auch verwenden, um die Nutzung von Werbebannern und anderen Click-Throughs auf der Website zu messen. (c) Wie bei den meisten anderen Websites auch, erfassen wir einige Informationen automatisch und speichern sie in Protokolldateien. Zu diesen Informationen geh\u00f6ren Internetprotokolladressen (IP), Browsertyp und -sprache, Internet Service Provider (ISP), Verweis- und Ausgangsseiten, Betriebssystem, Datums-\/Zeitstempel und Clickstream-Daten. Wir verwenden diese Informationen, um Trends zu verstehen und zu analysieren, um die Website zu verwalten, um etwas \u00fcber das Nutzerverhalten auf der Website zu erfahren und um demografische Informationen \u00fcber unsere Nutzerbasis als Ganzes zu sammeln. Sita kann diese Informationen f\u00fcr unsere Marketing- und Werbedienste verwenden. (d) In einigen unserer E-Mail-Nachrichten verwenden wir eine &#8220;Click-through-URL&#8221;, die mit Inhalten auf der Sita-Website verkn\u00fcpft ist. Wenn Kunden auf eine dieser URLs klicken, durchlaufen sie einen separaten Webserver, bevor sie die Zielseite auf unserer Website erreichen. Wir verfolgen diese Click-Through-Daten, um das Interesse an bestimmten Themen zu ermitteln und die Effektivit\u00e4t unserer Kundenkommunikation zu messen. Wenn Sie es vorziehen, nicht auf diese Weise verfolgt zu werden, sollten Sie nicht auf Text- oder Grafiklinks in den E-Mail-Nachrichten klicken. (e) Pixel-Tags erm\u00f6glichen es uns, E-Mail-Nachrichten in einem f\u00fcr Kunden lesbaren Format zu versenden, und sie teilen uns mit, ob eine E-Mail ge\u00f6ffnet wurde. Wir k\u00f6nnen diese Informationen verwenden, um die Anzahl der an Kunden gesendeten Nachrichten zu reduzieren oder zu eliminieren. Analyse-Tools Wir verwenden verschiedene Analysetools und Technologien von Drittanbietern, einschlie\u00dflich Google Analytics, um Cookies zu sammeln und zu analysieren. Wir haben eine vertragliche Beziehung mit diesen Drittanbietern, die diese Informationen sammeln. Sie k\u00f6nnen diese Informationen mit anderen Informationen kombinieren, die sie bereits unabh\u00e4ngig von anderen Websites gesammelt haben. Viele dieser Unternehmen sammeln und verwenden Informationen im Rahmen ihrer eigenen Datenschutzrichtlinien. Sie k\u00f6nnen sich von Google Analytics abmelden, indem Sie den Link hier aufrufen. Cookies kontrollieren Die meisten [&hellip;]<\/p>\n","protected":false},"author":1,"featured_media":0,"parent":0,"menu_order":0,"comment_status":"closed","ping_status":"closed","template":"","meta":{"footnotes":""},"class_list":["post-53297","page","type-page","status-publish","hentry","post-no-thumbnail"],"_links":{"self":[{"href":"https:\/\/www.sita.in\/de\/wp-json\/wp\/v2\/pages\/53297","targetHints":{"allow":["GET"]}}],"collection":[{"href":"https:\/\/www.sita.in\/de\/wp-json\/wp\/v2\/pages"}],"about":[{"href":"https:\/\/www.sita.in\/de\/wp-json\/wp\/v2\/types\/page"}],"author":[{"embeddable":true,"href":"https:\/\/www.sita.in\/de\/wp-json\/wp\/v2\/users\/1"}],"replies":[{"embeddable":true,"href":"https:\/\/www.sita.in\/de\/wp-json\/wp\/v2\/comments?post=53297"}],"version-history":[{"count":22,"href":"https:\/\/www.sita.in\/de\/wp-json\/wp\/v2\/pages\/53297\/revisions"}],"predecessor-version":[{"id":55205,"href":"https:\/\/www.sita.in\/de\/wp-json\/wp\/v2\/pages\/53297\/revisions\/55205"}],"wp:attachment":[{"href":"https:\/\/www.sita.in\/de\/wp-json\/wp\/v2\/media?parent=53297"}],"curies":[{"name":"wp","href":"https:\/\/api.w.org\/{rel}","templated":true}]}}