{"id":53592,"date":"2025-08-28T12:13:37","date_gmt":"2025-08-28T12:13:37","guid":{"rendered":"https:\/\/www.sita.in\/NewSita?page_id=53592"},"modified":"2025-12-04T10:12:08","modified_gmt":"2025-12-04T10:12:08","slug":"auszeichnungen","status":"publish","type":"page","link":"https:\/\/www.sita.in\/de\/auszeichnungen\/","title":{"rendered":"Auszeichnungen"},"content":{"rendered":"<div class=\"wpb-content-wrapper\"><p>[vc_row full_width=&#8221;stretch_row&#8221; overlay_background=&#8221;custom&#8221; overlay_opacity=&#8221;30&#8243; lg_spacing=&#8221;padding_top:193;padding_bottom:209&#8243; background_image=&#8221;3187&#8243; background_position=&#8221;center center&#8221;][vc_column][tm_heading tag=&#8221;h1&#8243; custom_google_font=&#8221;&#8221; align=&#8221;center&#8221; text_color=&#8221;custom&#8221; custom_text_color=&#8221;#ffffff&#8221; el_class=&#8221;page-title-shadow&#8221; text=&#8221;Auszeichnungen&#8221; font_size=&#8221;lg:60&#8243; max_width=&#8221;893px&#8221;][\/vc_column][\/vc_row][vc_row full_width=&#8221;stretch_row&#8221; custom_border_color=&#8221;#FFFFFF&#8221; background_size=&#8221;auto&#8221; lg_spacing=&#8221;padding_top:80;padding_bottom:80&#8243; background_image=&#8221;913&#8243; background_position=&#8221;center top&#8221;][vc_column][tm_spacer size=&#8221;lg:30&#8243;][tm_image align=&#8221;center&#8221; image=&#8221;3067&#8243;][tm_spacer size=&#8221;lg:5&#8243;][tm_heading style=&#8221;below-dotted-separator&#8221; custom_google_font=&#8221;&#8221; align=&#8221;center&#8221; src=&#8221;&#8220;\/NewSita\/wp-content\/uploads\/2023\/08\/sita-icon.png&#8220;&#8221; alt=&#8221;&#8220;Sita&#8221; font_size=&#8221;lg:46&#8243; text=&#8221;The Most Awarded<br \/>\n<mark>Travel Company in India<\/mark>&#8220;][tm_spacer size=&#8221;lg:30&#8243;][tm_counter style=&#8221;02&#8243; number_color=&#8221;secondary&#8221; icon_type=&#8221;fontawesome5&#8243; icon_fontawesome5=&#8221;fal fa-award&#8221; number=&#8221;92&#8243; text=&#8221;Awards&#8221;][tm_spacer size=&#8221;lg:15&#8243;][vc_column_text css=&#8221;&#8221;]<\/p>\n<p style=\"text-align: center;\">Sita ist stolz darauf, Auszeichnungen und Ehrungen der Reise- und Tourismusbranche zu erhalten. Diese Awards of Excellence w\u00fcrdigen Sita als f\u00fchrendes Unternehmen in der Branche, als engagiertes Mitglied, das hohe Standards f\u00fcr Reisen in Indien gesetzt und erreicht hat. Exzellenz zieht Anerkennung an. <\/p>\n<p>[\/vc_column_text][\/vc_column][\/vc_row][vc_row full_width=&#8221;stretch_row&#8221; equal_height=&#8221;yes&#8221; content_placement=&#8221;top&#8221; column_separator=&#8221;01&#8243; lg_spacing=&#8221;margin_bottom:40&#8243; gutter=&#8221;xs:20;sm:20;md:30;lg:30&#8243; sm_spacing=&#8221;margin_bottom:0&#8243; xs_spacing=&#8221;margin_bottom:0&#8243;][vc_column width=&#8221;1\/4&#8243;][tm_image image=&#8221;54788&#8243;][tm_spacer size=&#8221;lg:30&#8243;][vc_column_text css=&#8221;&#8221;]<\/p>\n<p style=\"text-align: center;\">\r\n\t<a class=\"paoc-popup-click paoc-popup-cust-54798 paoc-popup-simple_link paoc-popup-link\" href=\"javascript:void(0);\">Maharaja Vishan Singh Award<\/a>\r\n\r\n<\/p>\n<p>[\/vc_column_text][tm_spacer size=&#8221;lg:40&#8243;][\/vc_column][vc_column width=&#8221;1\/4&#8243;][tm_image image=&#8221;56154&#8243;][tm_spacer size=&#8221;lg:30&#8243;][vc_column_text css=&#8221;&#8221;]<\/p>\n<p style=\"text-align: center;\">\r\n\t<a class=\"paoc-popup-click paoc-popup-cust-56157 paoc-popup-simple_link paoc-popup-link\" href=\"javascript:void(0);\">Most Valuable Partner<\/a>\r\n\r\n<\/p>\n<p>[\/vc_column_text][tm_spacer size=&#8221;lg:40&#8243;][\/vc_column][vc_column width=&#8221;1\/4&#8243;][tm_image image=&#8221;54795&#8243;][tm_spacer size=&#8221;lg:30&#8243;][vc_column_text css=&#8221;&#8221;]<\/p>\n<p style=\"text-align: center;\">\r\n\t<a class=\"paoc-popup-click paoc-popup-cust-54800 paoc-popup-simple_link paoc-popup-link\" href=\"javascript:void(0);\">We are Travelife Certified<\/a>\r\n\r\n<\/p>\n<p>[\/vc_column_text][tm_spacer size=&#8221;lg:40&#8243;][\/vc_column][vc_column width=&#8221;1\/4&#8243;][tm_image image=&#8221;54789&#8243;][tm_spacer size=&#8221;lg:30&#8243;][vc_column_text css=&#8221;&#8221;]<\/p>\n<p style=\"text-align: center;\">\r\n\t<a class=\"paoc-popup-click paoc-popup-cust-54799 paoc-popup-simple_link paoc-popup-link\" href=\"javascript:void(0);\">Most Valuable Partner<\/a>\r\n\r\n<\/p>\n<p>[\/vc_column_text][tm_spacer size=&#8221;lg:40&#8243;][\/vc_column][\/vc_row][vc_row full_width=&#8221;stretch_row&#8221; equal_height=&#8221;yes&#8221; content_placement=&#8221;top&#8221; column_separator=&#8221;01&#8243; lg_spacing=&#8221;margin_bottom:40&#8243; gutter=&#8221;xs:20;sm:20;md:30;lg:30&#8243; sm_spacing=&#8221;margin_bottom:0&#8243; xs_spacing=&#8221;margin_bottom:0&#8243;][vc_column width=&#8221;1\/4&#8243;][tm_image image=&#8221;47561&#8243;][tm_spacer size=&#8221;lg:30&#8243;][vc_column_text css=&#8221;&#8221;]<\/p>\n<p style=\"text-align: center;\">\r\n\t<a class=\"paoc-popup-click paoc-popup-cust-47560 paoc-popup-simple_link paoc-popup-link\" href=\"javascript:void(0);\">Nepal Tourism Award<\/a>\r\n\r\n<\/p>\n<p>[\/vc_column_text][tm_spacer size=&#8221;lg:40&#8243;][\/vc_column][vc_column width=&#8221;1\/4&#8243;][tm_image image=&#8221;54806&#8243;][tm_spacer size=&#8221;lg:30&#8243;][vc_column_text css=&#8221;&#8221;]<\/p>\n<p style=\"text-align: center;\">\r\n\t<a class=\"paoc-popup-click paoc-popup-cust-54804 paoc-popup-simple_link paoc-popup-link\" href=\"javascript:void(0);\">Fortune Preferred Partner<\/a>\r\n\r\n<\/p>\n<p>[\/vc_column_text][tm_spacer size=&#8221;lg:40&#8243;][\/vc_column][vc_column width=&#8221;1\/4&#8243;][tm_image image=&#8221;54807&#8243;][tm_spacer size=&#8221;lg:30&#8243;][vc_column_text css=&#8221;&#8221;]<\/p>\n<p style=\"text-align: center;\">\r\n\t<a class=\"paoc-popup-click paoc-popup-cust-54805 paoc-popup-simple_link paoc-popup-link\" href=\"javascript:void(0);\">Skywaltz Balloon Safari<\/a>\r\n\r\n<\/p>\n<p>[\/vc_column_text][tm_spacer size=&#8221;lg:40&#8243;][\/vc_column][vc_column width=&#8221;1\/4&#8243;][tm_image image=&#8221;54812&#8243;][tm_spacer size=&#8221;lg:30&#8243;][vc_column_text css=&#8221;&#8221;]<\/p>\n<p style=\"text-align: center;\">\r\n\t<a class=\"paoc-popup-click paoc-popup-cust-54808 paoc-popup-simple_link paoc-popup-link\" href=\"javascript:void(0);\">Award of Appreciation<\/a>\r\n\r\n<\/p>\n<p>[\/vc_column_text][tm_spacer size=&#8221;lg:40&#8243;][\/vc_column][\/vc_row][vc_row full_width=&#8221;stretch_row&#8221; equal_height=&#8221;yes&#8221; content_placement=&#8221;top&#8221; column_separator=&#8221;01&#8243; lg_spacing=&#8221;margin_bottom:40&#8243; gutter=&#8221;xs:20;sm:20;md:30;lg:30&#8243; sm_spacing=&#8221;margin_bottom:0&#8243; xs_spacing=&#8221;margin_bottom:0&#8243;][vc_column width=&#8221;1\/4&#8243;][tm_image image=&#8221;54811&#8243;][tm_spacer size=&#8221;lg:30&#8243;][vc_column_text css=&#8221;&#8221;]<\/p>\n<p style=\"text-align: center;\">\r\n\t<a class=\"paoc-popup-click paoc-popup-cust-54809 paoc-popup-simple_link paoc-popup-link\" href=\"javascript:void(0);\">Excellent Collaboration and Commitment to Customers<\/a>\r\n\r\n<\/p>\n<p>[\/vc_column_text][tm_spacer size=&#8221;lg:40&#8243;][\/vc_column][vc_column width=&#8221;1\/4&#8243;][tm_image image=&#8221;54823&#8243;][tm_spacer size=&#8221;lg:30&#8243;][vc_column_text css=&#8221;&#8221;]<\/p>\n<p style=\"text-align: center;\">\r\n\t<a class=\"paoc-popup-click paoc-popup-cust-54822 paoc-popup-simple_link paoc-popup-link\" href=\"javascript:void(0);\">Trusted Travel Partner Award 2024\u201325<\/a>\r\n\r\n<\/p>\n<p>[\/vc_column_text][tm_spacer size=&#8221;lg:40&#8243;][\/vc_column][vc_column width=&#8221;1\/4&#8243;][tm_image image=&#8221;54790&#8243;][tm_spacer size=&#8221;lg:30&#8243;][vc_column_text css=&#8221;&#8221;]<\/p>\n<p style=\"text-align: center;\">\r\n\t<a class=\"paoc-popup-click paoc-popup-cust-54824 paoc-popup-simple_link paoc-popup-link\" href=\"javascript:void(0);\">Top Contributor 2024<\/a>\r\n\r\n<\/p>\n<p>[\/vc_column_text][tm_spacer size=&#8221;lg:40&#8243;][\/vc_column][vc_column width=&#8221;1\/4&#8243;][tm_image image=&#8221;45738&#8243;][tm_spacer size=&#8221;lg:30&#8243;][vc_column_text css=&#8221;&#8221;]<\/p>\n<p style=\"text-align: center;\">\r\n\t<a class=\"paoc-popup-click paoc-popup-cust-45746 paoc-popup-simple_link paoc-popup-link\" href=\"javascript:void(0);\">National Tourism Award<\/a>\r\n\r\n<\/p>\n<p>[\/vc_column_text][tm_spacer size=&#8221;lg:40&#8243;][\/vc_column][\/vc_row][vc_row full_width=&#8221;stretch_row&#8221; equal_height=&#8221;yes&#8221; content_placement=&#8221;top&#8221; column_separator=&#8221;01&#8243; lg_spacing=&#8221;margin_bottom:40&#8243; gutter=&#8221;xs:20;sm:20;md:30;lg:30&#8243; sm_spacing=&#8221;margin_bottom:0&#8243; xs_spacing=&#8221;margin_bottom:0&#8243;][vc_column width=&#8221;1\/4&#8243;][tm_image image=&#8221;45749&#8243;][tm_spacer size=&#8221;lg:30&#8243;][vc_column_text css=&#8221;&#8221;]<\/p>\n<p style=\"text-align: center;\">\r\n\t<a class=\"paoc-popup-click paoc-popup-cust-45756 paoc-popup-simple_link paoc-popup-link\" href=\"javascript:void(0);\">Pata Gold Award<\/a>\r\n\r\n<\/p>\n<p>[\/vc_column_text][tm_spacer size=&#8221;lg:40&#8243;][\/vc_column][vc_column width=&#8221;1\/4&#8243;][tm_image image=&#8221;3418&#8243;][tm_spacer size=&#8221;lg:30&#8243;][vc_column_text css=&#8221;&#8221;]<\/p>\n<p style=\"text-align: center;\">\r\n\t<a class=\"paoc-popup-click paoc-popup-cust-45757 paoc-popup-simple_link paoc-popup-link\" href=\"javascript:void(0);\">Sita wins Gold Award at WTM London 2021<\/a>\r\n\r\n<\/p>\n<p>[\/vc_column_text][tm_spacer size=&#8221;lg:40&#8243;][\/vc_column][vc_column width=&#8221;1\/4&#8243;][tm_image image=&#8221;45765&#8243;][tm_spacer size=&#8221;lg:30&#8243;][vc_column_text css=&#8221;&#8221;]<\/p>\n<p style=\"text-align: center;\">\r\n\t<a class=\"paoc-popup-click paoc-popup-cust-45772 paoc-popup-simple_link paoc-popup-link\" href=\"javascript:void(0);\">TTG Travel Awards<\/a>\r\n\r\n<\/p>\n<p>[\/vc_column_text][tm_spacer size=&#8221;lg:40&#8243;][\/vc_column][vc_column width=&#8221;1\/4&#8243;][tm_image image=&#8221;47568&#8243;][tm_spacer size=&#8221;lg:30&#8243;][vc_column_text css=&#8221;&#8221;]<\/p>\n<p style=\"text-align: center;\">\r\n\t<a class=\"paoc-popup-click paoc-popup-cust-47575 paoc-popup-simple_link paoc-popup-link\" href=\"javascript:void(0);\">BW Businessworld MICE Conclave &amp; Awards<\/a>\r\n\r\n<\/p>\n<p>[\/vc_column_text][tm_spacer size=&#8221;lg:40&#8243;][\/vc_column][\/vc_row][vc_row full_width=&#8221;stretch_row&#8221; equal_height=&#8221;yes&#8221; content_placement=&#8221;top&#8221; column_separator=&#8221;01&#8243; lg_spacing=&#8221;margin_bottom:40&#8243; gutter=&#8221;xs:20;sm:20;md:30;lg:30&#8243; sm_spacing=&#8221;margin_bottom:0&#8243; xs_spacing=&#8221;margin_bottom:0&#8243;][vc_column width=&#8221;1\/4&#8243;][tm_image image=&#8221;47576&#8243;][tm_spacer size=&#8221;lg:30&#8243;][vc_column_text css=&#8221;&#8221;]<\/p>\n<p style=\"text-align: center;\">\r\n\t<a class=\"paoc-popup-click paoc-popup-cust-47583 paoc-popup-simple_link paoc-popup-link\" href=\"javascript:void(0);\">PATWA International Award<\/a>\r\n\r\n<\/p>\n<p>[\/vc_column_text][tm_spacer size=&#8221;lg:40&#8243;][\/vc_column][vc_column width=&#8221;1\/4&#8243;][tm_image image=&#8221;47585&#8243;][tm_spacer size=&#8221;lg:30&#8243;][vc_column_text css=&#8221;&#8221;]<\/p>\n<p style=\"text-align: center;\">\r\n\t<a class=\"paoc-popup-click paoc-popup-cust-47584 paoc-popup-simple_link paoc-popup-link\" href=\"javascript:void(0);\">Aurinkomatkat Award<\/a>\r\n\r\n<\/p>\n<p>[\/vc_column_text][tm_spacer size=&#8221;lg:40&#8243;][\/vc_column][vc_column width=&#8221;1\/4&#8243;][tm_image image=&#8221;47592&#8243;][tm_spacer size=&#8221;lg:30&#8243;][vc_column_text css=&#8221;&#8221;]<\/p>\n<p style=\"text-align: center;\">\r\n\t<a class=\"paoc-popup-click paoc-popup-cust-47599 paoc-popup-simple_link paoc-popup-link\" href=\"javascript:void(0);\">Goa Experience<\/a>\r\n\r\n<\/p>\n<p>[\/vc_column_text][tm_spacer size=&#8221;lg:40&#8243;][\/vc_column][vc_column width=&#8221;1\/4&#8243;][tm_image image=&#8221;54830&#8243;][tm_spacer size=&#8221;lg:30&#8243;][vc_column_text css=&#8221;&#8221;]<\/p>\n<p style=\"text-align: center;\">\r\n\t<a class=\"paoc-popup-click paoc-popup-cust-54827 paoc-popup-simple_link paoc-popup-link\" href=\"javascript:void(0);\">Xandari Resorts Award<\/a>\r\n\r\n<\/p>\n<p>[\/vc_column_text][tm_spacer size=&#8221;lg:40&#8243;][\/vc_column][\/vc_row][vc_row full_width=&#8221;stretch_row&#8221; equal_height=&#8221;yes&#8221; content_placement=&#8221;top&#8221; column_separator=&#8221;01&#8243; lg_spacing=&#8221;margin_bottom:40&#8243; gutter=&#8221;xs:20;sm:20;md:30;lg:30&#8243; sm_spacing=&#8221;margin_bottom:0&#8243; xs_spacing=&#8221;margin_bottom:0&#8243;][vc_column width=&#8221;1\/4&#8243;][tm_image image=&#8221;54829&#8243;][tm_spacer size=&#8221;lg:30&#8243;][vc_column_text css=&#8221;&#8221;]<\/p>\n<p style=\"text-align: center;\">\r\n\t<a class=\"paoc-popup-click paoc-popup-cust-54828 paoc-popup-simple_link paoc-popup-link\" href=\"javascript:void(0);\">Adventure Specialists Award<\/a>\r\n\r\n<\/p>\n<p>[\/vc_column_text][tm_spacer size=&#8221;lg:40&#8243;][\/vc_column][vc_column width=&#8221;1\/4&#8243;][\/vc_column][vc_column width=&#8221;1\/4&#8243;][\/vc_column][vc_column width=&#8221;1\/4&#8243;][\/vc_column][\/vc_row]<\/p>\n<\/div>","protected":false},"excerpt":{"rendered":"<p>[vc_row full_width=&#8221;stretch_row&#8221; overlay_background=&#8221;custom&#8221; overlay_opacity=&#8221;30&#8243; lg_spacing=&#8221;padding_top:193;padding_bottom:209&#8243; background_image=&#8221;3187&#8243; background_position=&#8221;center center&#8221;][vc_column][tm_heading tag=&#8221;h1&#8243; custom_google_font=&#8221;&#8221; align=&#8221;center&#8221; text_color=&#8221;custom&#8221; custom_text_color=&#8221;#ffffff&#8221; el_class=&#8221;page-title-shadow&#8221; text=&#8221;Auszeichnungen&#8221; font_size=&#8221;lg:60&#8243; max_width=&#8221;893px&#8221;][\/vc_column][\/vc_row][vc_row full_width=&#8221;stretch_row&#8221; custom_border_color=&#8221;#FFFFFF&#8221; background_size=&#8221;auto&#8221; lg_spacing=&#8221;padding_top:80;padding_bottom:80&#8243; background_image=&#8221;913&#8243; background_position=&#8221;center top&#8221;][vc_column][tm_spacer size=&#8221;lg:30&#8243;][tm_image align=&#8221;center&#8221; image=&#8221;3067&#8243;][tm_spacer size=&#8221;lg:5&#8243;][tm_heading style=&#8221;below-dotted-separator&#8221; custom_google_font=&#8221;&#8221; align=&#8221;center&#8221; src=&#8221;&#8220;\/NewSita\/wp-content\/uploads\/2023\/08\/sita-icon.png&#8220;&#8221; alt=&#8221;&#8220;Sita&#8221; font_size=&#8221;lg:46&#8243; text=&#8221;The Most Awarded Travel Company in India&#8220;][tm_spacer size=&#8221;lg:30&#8243;][tm_counter style=&#8221;02&#8243; number_color=&#8221;secondary&#8221; icon_type=&#8221;fontawesome5&#8243; icon_fontawesome5=&#8221;fal fa-award&#8221; number=&#8221;92&#8243; text=&#8221;Awards&#8221;][tm_spacer size=&#8221;lg:15&#8243;][vc_column_text css=&#8221;&#8221;] Sita ist stolz darauf, Auszeichnungen und Ehrungen der Reise- und Tourismusbranche zu erhalten. Diese Awards of Excellence w\u00fcrdigen Sita als f\u00fchrendes Unternehmen in der Branche, als engagiertes Mitglied, das hohe Standards f\u00fcr Reisen in Indien gesetzt und erreicht hat. Exzellenz zieht Anerkennung an. [\/vc_column_text][\/vc_column][\/vc_row][vc_row full_width=&#8221;stretch_row&#8221; equal_height=&#8221;yes&#8221; content_placement=&#8221;top&#8221; column_separator=&#8221;01&#8243; lg_spacing=&#8221;margin_bottom:40&#8243; gutter=&#8221;xs:20;sm:20;md:30;lg:30&#8243; sm_spacing=&#8221;margin_bottom:0&#8243; xs_spacing=&#8221;margin_bottom:0&#8243;][vc_column width=&#8221;1\/4&#8243;][tm_image image=&#8221;54788&#8243;][tm_spacer size=&#8221;lg:30&#8243;][vc_column_text css=&#8221;&#8221;] [\/vc_column_text][tm_spacer size=&#8221;lg:40&#8243;][\/vc_column][vc_column width=&#8221;1\/4&#8243;][tm_image image=&#8221;56154&#8243;][tm_spacer size=&#8221;lg:30&#8243;][vc_column_text css=&#8221;&#8221;] [\/vc_column_text][tm_spacer size=&#8221;lg:40&#8243;][\/vc_column][vc_column width=&#8221;1\/4&#8243;][tm_image image=&#8221;54795&#8243;][tm_spacer size=&#8221;lg:30&#8243;][vc_column_text css=&#8221;&#8221;] [\/vc_column_text][tm_spacer size=&#8221;lg:40&#8243;][\/vc_column][vc_column width=&#8221;1\/4&#8243;][tm_image image=&#8221;54789&#8243;][tm_spacer size=&#8221;lg:30&#8243;][vc_column_text css=&#8221;&#8221;] [\/vc_column_text][tm_spacer size=&#8221;lg:40&#8243;][\/vc_column][\/vc_row][vc_row full_width=&#8221;stretch_row&#8221; equal_height=&#8221;yes&#8221; content_placement=&#8221;top&#8221; column_separator=&#8221;01&#8243; lg_spacing=&#8221;margin_bottom:40&#8243; gutter=&#8221;xs:20;sm:20;md:30;lg:30&#8243; sm_spacing=&#8221;margin_bottom:0&#8243; xs_spacing=&#8221;margin_bottom:0&#8243;][vc_column width=&#8221;1\/4&#8243;][tm_image image=&#8221;47561&#8243;][tm_spacer size=&#8221;lg:30&#8243;][vc_column_text css=&#8221;&#8221;] [\/vc_column_text][tm_spacer size=&#8221;lg:40&#8243;][\/vc_column][vc_column width=&#8221;1\/4&#8243;][tm_image image=&#8221;54806&#8243;][tm_spacer size=&#8221;lg:30&#8243;][vc_column_text css=&#8221;&#8221;] [\/vc_column_text][tm_spacer size=&#8221;lg:40&#8243;][\/vc_column][vc_column width=&#8221;1\/4&#8243;][tm_image image=&#8221;54807&#8243;][tm_spacer size=&#8221;lg:30&#8243;][vc_column_text css=&#8221;&#8221;] [\/vc_column_text][tm_spacer size=&#8221;lg:40&#8243;][\/vc_column][vc_column width=&#8221;1\/4&#8243;][tm_image image=&#8221;54812&#8243;][tm_spacer size=&#8221;lg:30&#8243;][vc_column_text css=&#8221;&#8221;] [\/vc_column_text][tm_spacer size=&#8221;lg:40&#8243;][\/vc_column][\/vc_row][vc_row full_width=&#8221;stretch_row&#8221; equal_height=&#8221;yes&#8221; content_placement=&#8221;top&#8221; column_separator=&#8221;01&#8243; lg_spacing=&#8221;margin_bottom:40&#8243; gutter=&#8221;xs:20;sm:20;md:30;lg:30&#8243; sm_spacing=&#8221;margin_bottom:0&#8243; xs_spacing=&#8221;margin_bottom:0&#8243;][vc_column width=&#8221;1\/4&#8243;][tm_image image=&#8221;54811&#8243;][tm_spacer size=&#8221;lg:30&#8243;][vc_column_text css=&#8221;&#8221;] [\/vc_column_text][tm_spacer size=&#8221;lg:40&#8243;][\/vc_column][vc_column width=&#8221;1\/4&#8243;][tm_image image=&#8221;54823&#8243;][tm_spacer size=&#8221;lg:30&#8243;][vc_column_text css=&#8221;&#8221;] [\/vc_column_text][tm_spacer size=&#8221;lg:40&#8243;][\/vc_column][vc_column width=&#8221;1\/4&#8243;][tm_image image=&#8221;54790&#8243;][tm_spacer size=&#8221;lg:30&#8243;][vc_column_text css=&#8221;&#8221;] [\/vc_column_text][tm_spacer size=&#8221;lg:40&#8243;][\/vc_column][vc_column width=&#8221;1\/4&#8243;][tm_image image=&#8221;45738&#8243;][tm_spacer size=&#8221;lg:30&#8243;][vc_column_text css=&#8221;&#8221;] [\/vc_column_text][tm_spacer size=&#8221;lg:40&#8243;][\/vc_column][\/vc_row][vc_row full_width=&#8221;stretch_row&#8221; equal_height=&#8221;yes&#8221; content_placement=&#8221;top&#8221; column_separator=&#8221;01&#8243; lg_spacing=&#8221;margin_bottom:40&#8243; gutter=&#8221;xs:20;sm:20;md:30;lg:30&#8243; sm_spacing=&#8221;margin_bottom:0&#8243; xs_spacing=&#8221;margin_bottom:0&#8243;][vc_column width=&#8221;1\/4&#8243;][tm_image image=&#8221;45749&#8243;][tm_spacer size=&#8221;lg:30&#8243;][vc_column_text css=&#8221;&#8221;] [\/vc_column_text][tm_spacer size=&#8221;lg:40&#8243;][\/vc_column][vc_column width=&#8221;1\/4&#8243;][tm_image image=&#8221;3418&#8243;][tm_spacer size=&#8221;lg:30&#8243;][vc_column_text css=&#8221;&#8221;] [\/vc_column_text][tm_spacer size=&#8221;lg:40&#8243;][\/vc_column][vc_column width=&#8221;1\/4&#8243;][tm_image image=&#8221;45765&#8243;][tm_spacer size=&#8221;lg:30&#8243;][vc_column_text css=&#8221;&#8221;] [\/vc_column_text][tm_spacer size=&#8221;lg:40&#8243;][\/vc_column][vc_column width=&#8221;1\/4&#8243;][tm_image image=&#8221;47568&#8243;][tm_spacer size=&#8221;lg:30&#8243;][vc_column_text css=&#8221;&#8221;] [\/vc_column_text][tm_spacer size=&#8221;lg:40&#8243;][\/vc_column][\/vc_row][vc_row full_width=&#8221;stretch_row&#8221; equal_height=&#8221;yes&#8221; content_placement=&#8221;top&#8221; column_separator=&#8221;01&#8243; lg_spacing=&#8221;margin_bottom:40&#8243; gutter=&#8221;xs:20;sm:20;md:30;lg:30&#8243; sm_spacing=&#8221;margin_bottom:0&#8243; xs_spacing=&#8221;margin_bottom:0&#8243;][vc_column width=&#8221;1\/4&#8243;][tm_image image=&#8221;47576&#8243;][tm_spacer size=&#8221;lg:30&#8243;][vc_column_text css=&#8221;&#8221;] [\/vc_column_text][tm_spacer size=&#8221;lg:40&#8243;][\/vc_column][vc_column width=&#8221;1\/4&#8243;][tm_image image=&#8221;47585&#8243;][tm_spacer size=&#8221;lg:30&#8243;][vc_column_text css=&#8221;&#8221;] [\/vc_column_text][tm_spacer size=&#8221;lg:40&#8243;][\/vc_column][vc_column width=&#8221;1\/4&#8243;][tm_image image=&#8221;47592&#8243;][tm_spacer size=&#8221;lg:30&#8243;][vc_column_text css=&#8221;&#8221;] [\/vc_column_text][tm_spacer size=&#8221;lg:40&#8243;][\/vc_column][vc_column width=&#8221;1\/4&#8243;][tm_image image=&#8221;54830&#8243;][tm_spacer size=&#8221;lg:30&#8243;][vc_column_text css=&#8221;&#8221;] [\/vc_column_text][tm_spacer size=&#8221;lg:40&#8243;][\/vc_column][\/vc_row][vc_row full_width=&#8221;stretch_row&#8221; equal_height=&#8221;yes&#8221; content_placement=&#8221;top&#8221; column_separator=&#8221;01&#8243; lg_spacing=&#8221;margin_bottom:40&#8243; gutter=&#8221;xs:20;sm:20;md:30;lg:30&#8243; sm_spacing=&#8221;margin_bottom:0&#8243; xs_spacing=&#8221;margin_bottom:0&#8243;][vc_column width=&#8221;1\/4&#8243;][tm_image image=&#8221;54829&#8243;][tm_spacer size=&#8221;lg:30&#8243;][vc_column_text css=&#8221;&#8221;] [\/vc_column_text][tm_spacer size=&#8221;lg:40&#8243;][\/vc_column][vc_column width=&#8221;1\/4&#8243;][\/vc_column][vc_column width=&#8221;1\/4&#8243;][\/vc_column][vc_column width=&#8221;1\/4&#8243;][\/vc_column][\/vc_row]<\/p>\n","protected":false},"author":1,"featured_media":0,"parent":0,"menu_order":0,"comment_status":"closed","ping_status":"closed","template":"","meta":{"footnotes":""},"class_list":["post-53592","page","type-page","status-publish","hentry","post-no-thumbnail"],"_links":{"self":[{"href":"https:\/\/www.sita.in\/de\/wp-json\/wp\/v2\/pages\/53592","targetHints":{"allow":["GET"]}}],"collection":[{"href":"https:\/\/www.sita.in\/de\/wp-json\/wp\/v2\/pages"}],"about":[{"href":"https:\/\/www.sita.in\/de\/wp-json\/wp\/v2\/types\/page"}],"author":[{"embeddable":true,"href":"https:\/\/www.sita.in\/de\/wp-json\/wp\/v2\/users\/1"}],"replies":[{"embeddable":true,"href":"https:\/\/www.sita.in\/de\/wp-json\/wp\/v2\/comments?post=53592"}],"version-history":[{"count":9,"href":"https:\/\/www.sita.in\/de\/wp-json\/wp\/v2\/pages\/53592\/revisions"}],"predecessor-version":[{"id":56354,"href":"https:\/\/www.sita.in\/de\/wp-json\/wp\/v2\/pages\/53592\/revisions\/56354"}],"wp:attachment":[{"href":"https:\/\/www.sita.in\/de\/wp-json\/wp\/v2\/media?parent=53592"}],"curies":[{"name":"wp","href":"https:\/\/api.w.org\/{rel}","templated":true}]}}