{"id":53333,"date":"2025-06-16T07:25:31","date_gmt":"2025-06-16T07:25:31","guid":{"rendered":"https:\/\/www.sita.in\/NewSita?page_id=53333"},"modified":"2025-11-28T15:58:09","modified_gmt":"2025-11-28T15:58:09","slug":"politica-de-cookies","status":"publish","type":"page","link":"https:\/\/www.sita.in\/es\/politica-de-cookies\/","title":{"rendered":"Pol\u00edtica de cookies"},"content":{"rendered":"<div class=\"wpb-content-wrapper\"><p>[vc_row full_width=&#8221;stretch_row&#8221; overlay_background=&#8221;custom&#8221; overlay_custom_background=&#8221;#031914&#8243; overlay_opacity=&#8221;25&#8243; lg_spacing=&#8221;padding_top:193;padding_bottom:209&#8243; background_image=&#8221;4589&#8243; background_position=&#8221;center center&#8221;][vc_column][tm_heading tag=&#8221;h1&#8243; custom_google_font=&#8221;&#8221; align=&#8221;center&#8221; text_color=&#8221;custom&#8221; custom_text_color=&#8221;#ffffff&#8221; el_class=&#8221;page-title-shadow&#8221; text=&#8221;Pol\u00edtica de cookies&#8221; font_size=&#8221;lg:60&#8243; max_width=&#8221;893px&#8221;][\/vc_column][\/vc_row][vc_row lg_spacing=&#8221;padding_top:100;padding_bottom:80&#8243;][vc_column][vc_column_text css=&#8221;&#8221;]Sita respeta tu privacidad y se compromete a salvaguardar la seguridad de tus datos personales. Respetamos tu necesidad de comprender c\u00f3mo se recopila, utiliza, divulga, transfiere y almacena la informaci\u00f3n. Por ello, hemos desarrollado la siguiente Pol\u00edtica de Cookies para familiarizarte con nuestras pr\u00e1cticas. Te aconsejamos que leas detenidamente esta pol\u00edtica junto con el aviso de privacidad de nuestro sitio web.   <\/p>\n<h2>Prop\u00f3sito<\/h2>\n<p>Sita utiliza cookies y otras tecnolog\u00edas para mejorar tu experiencia cuando utilizas nuestro sitio web. A tal efecto, hemos desarrollado la siguiente pol\u00edtica de cookies para familiarizarte con nuestras pr\u00e1cticas. <\/p>\n<h2>Alcance<\/h2>\n<p>Esta pol\u00edtica es aplicable a todas las personas que visitan nuestro sitio web y a toda la informaci\u00f3n recopilada mediante las cookies.<\/p>\n<h2>\u00bfQu\u00e9 es una galleta?<\/h2>\n<p>Las cookies son una funci\u00f3n del software del navegador web que permite a los servidores web almacenar temporalmente informaci\u00f3n en tu navegador. Generalmente se utilizan para que funcionen los sitios web, para seguir tus movimientos dentro del sitio web, para recordar tus datos de acceso y para actividades similares. Las cookies se env\u00edan al sitio web de origen en la siguiente visita o a otro sitio web que reconozca la cookie espec\u00edfica. La mayor\u00eda de los navegadores web aceptan autom\u00e1ticamente las cookies. Las cookies permiten a los sitios web reconocer el dispositivo a trav\u00e9s del cual se accede al sitio web. Las cookies se pueden utilizar para almacenar tus preferencias y acciones pasadas que, a su vez, se pueden utilizar para proporcionar funcionalidades u opciones espec\u00edficas adaptadas a tus preferencias, mejorando as\u00ed tu experiencia en el sitio web. Las cookies no pueden acceder a ninguna otra informaci\u00f3n de tu ordenador. La mayor\u00eda de los navegadores web aceptan autom\u00e1ticamente las cookies. Por supuesto, cambiando las opciones de tu navegador web o utilizando ciertos programas de software, puedes controlar y eliminar c\u00f3mo y si las cookies ser\u00e1n aceptadas por tu navegador. Tambi\u00e9n puedes modificar las opciones de tu navegador para elegir no recibir cookies en el futuro.<\/p>\n<h2>Tipos de cookies<\/h2>\n<p>Existen diferentes tipos de cookies, y pueden distinguirse en funci\u00f3n de su origen, funci\u00f3n y vida \u00fatil. Algunas caracter\u00edsticas importantes de las cookies son las siguientes:<br \/>(a) Las cookies de origen son cookies almacenadas por el sitio web que est\u00e1s visitando, mientras que las cookies de terceros son almacenadas por un sitio web distinto del que est\u00e1s visitando. Ten en cuenta que no controlamos la recogida ni el uso posterior de tus datos por parte de terceros.  <br \/>(b) Las cookies necesarias son necesarias para permitir el funcionamiento t\u00e9cnico de un sitio web (por ejemplo, te permiten moverte por un sitio web y utilizar sus funciones).<br \/>(c) Las cookies de rendimiento recogen datos sobre el rendimiento de un sitio web, como el n\u00famero de visitantes, el tiempo pasado en el sitio web y los mensajes de error.<br \/>(d) Las cookies de funcionalidad aumentan la facilidad de uso de un sitio web al recordar tus elecciones (por ejemplo, idioma, regi\u00f3n, inicio de sesi\u00f3n, etc.).<br \/>(e) Las cookies de segmentaci\u00f3n\/publicidad permiten a un sitio web enviarte publicidad personalizada.<br \/>(f) Las cookies de sesi\u00f3n son cookies temporales que se borran una vez que cierras tu navegador, mientras que las cookies persistentes o permanentes permanecen en tu dispositivo hasta que las borras manualmente o hasta que tu navegador las borra en funci\u00f3n del periodo de duraci\u00f3n especificado en el archivo de cookies persistentes.<\/p>\n<h2>Informaci\u00f3n recopilada y nuestro prop\u00f3sito al utilizar cookies y otras tecnolog\u00edas<\/h2>\n<p>Para ayudarnos a mantener y mejorar el servicio que te prestamos, el sitio web, los servicios en l\u00ednea, las aplicaciones y los anuncios de Sita pueden utilizar &#8220;cookies&#8221; para recoger informaci\u00f3n relacionada con tu uso del sitio web. Las cookies tambi\u00e9n pueden utilizarse para realizar transacciones, y desactivarlas puede afectar a la funcionalidad de este sitio web. <\/p>\n<p>(a) Sita y sus socios pueden utilizar cookies u otras tecnolog\u00edas para registrar informaci\u00f3n an\u00f3nima y no personal (sin incluir tu nombre, direcci\u00f3n de correo electr\u00f3nico o n\u00famero de tel\u00e9fono) sobre tus visitas a este y otros sitios web con el fin de medir la eficacia de la publicidad.<br \/>(b) Tambi\u00e9n podemos recoger informaci\u00f3n no personal sobre tu visita a nuestro sitio web, basada en tus actividades de navegaci\u00f3n (click stream). Esta informaci\u00f3n puede incluir, entre otras cosas, las p\u00e1ginas visitadas y los productos y servicios vistos o reservados. Esto nos ayuda a gestionar y desarrollar mejor nuestras ofertas y a proporcionarte mejores productos y servicios adaptados a tus intereses y necesidades individuales. Podemos utilizar esta informaci\u00f3n para medir los puntos de entrada y salida de los visitantes del sitio web y el n\u00famero respectivo de visitantes de las distintas p\u00e1ginas y secciones del sitio web, as\u00ed como los detalles de las b\u00fasquedas realizadas. Tambi\u00e9n podemos utilizar esta informaci\u00f3n para medir el uso de banners publicitarios, otros clics desde el sitio web.    <br \/>(c) Como ocurre en la mayor\u00eda de los casos, recopilamos cierta informaci\u00f3n autom\u00e1ticamente y la almacenamos en archivos de registro. Esta informaci\u00f3n incluye direcciones de Protocolo de Internet (IP), tipo de navegador e idioma, proveedor de servicios de Internet (ISP), p\u00e1ginas de referencia y de salida, sistema operativo, sello de fecha\/hora y datos de clics. Utilizamos esta informaci\u00f3n para comprender y analizar tendencias, administrar el sitio web, conocer el comportamiento de los usuarios en el sitio web y recopilar informaci\u00f3n demogr\u00e1fica sobre nuestra base de usuarios en su conjunto. Sita puede utilizar esta informaci\u00f3n en nuestros servicios de marketing y publicidad.   <br \/>(d) En algunos de nuestros mensajes de correo electr\u00f3nico, utilizamos una &#8220;URL de clic&#8221; vinculada a contenidos del sitio web de Sita. Cuando los clientes hacen clic en una de estas URL, pasan por un servidor web independiente antes de llegar a la p\u00e1gina de destino en nuestro sitio web. Rastreamos estos datos de clics para ayudarnos a determinar el inter\u00e9s en temas concretos y medir la eficacia de nuestras comunicaciones con los clientes. Si prefieres no ser rastreado de esta forma, no debes hacer clic en los enlaces de texto o gr\u00e1ficos de los mensajes de correo electr\u00f3nico.   <br \/>(e) Las etiquetas de p\u00edxel nos permiten enviar mensajes de correo electr\u00f3nico en un formato que los clientes puedan leer, y nos indican si el correo ha sido abierto. Podemos utilizar esta informaci\u00f3n para reducir o eliminar los mensajes enviados a los clientes. <\/p>\n<h2>Herramientas anal\u00edticas<\/h2>\n<p>Utilizamos varias herramientas de an\u00e1lisis y tecnolog\u00edas de terceros, incluido Google Analytics, para recopilar y analizar cookies. Tenemos relaciones contractuales con estas empresas de an\u00e1lisis de terceros, que recopilan esta informaci\u00f3n. Pueden combinar esta informaci\u00f3n con otra que ya hayan recopilado independientemente de otros sitios web. Muchas de estas empresas recopilan y utilizan la informaci\u00f3n conforme a sus propias pol\u00edticas de privacidad. Puedes excluirte de Google Analytics visitando el enlace aqu\u00ed.    <\/p>\n<h2>Controlar las cookies<\/h2>\n<p>La mayor\u00eda de los navegadores de Internet est\u00e1n configurados para aceptar cookies autom\u00e1ticamente. Dependiendo de tu navegador, puedes configurarlo para que te avise antes de aceptar cookies, o puedes configurarlo para que las rechace. Si no quieres recibir cookies, la mayor\u00eda de los navegadores te permiten controlar las cookies a trav\u00e9s de sus preferencias de configuraci\u00f3n. Para obtener instrucciones sobre c\u00f3mo cambiar la configuraci\u00f3n de tu navegador, selecciona el navegador:<br \/>(a) Chrome<br \/>(b) Firefox<br \/>(c) Internet Explorer<br \/>(d) Opera<br \/>(e) Safari<br \/>Deshabilitar las cookies puede afectar a tu experiencia en nuestro sitio web. Si utilizas diferentes dispositivos para acceder a nuestro sitio web, deber\u00e1s asegurarte de que el navegador de cada dispositivo est\u00e1 configurado seg\u00fan tus preferencias de cookies.    <\/p>\n<h2>Cambios en la pol\u00edtica<\/h2>\n<p>Esta pol\u00edtica es efectiva desde el 25 de mayo de 2018. Nos reservamos el derecho a actualizar o cambiar esta pol\u00edtica en cualquier momento, y te proporcionaremos la pol\u00edtica actualizada cuando realicemos cualquier actualizaci\u00f3n sustancial lo antes posible, ya sea por correo electr\u00f3nico o proporcionando una pol\u00edtica de cambios destacada en el sitio web. Debes comprobar la pol\u00edtica peri\u00f3dicamente. Tu uso continuado del sitio web despu\u00e9s de que publiquemos cualquier modificaci\u00f3n de la pol\u00edtica en esta p\u00e1gina constituir\u00e1 tu reconocimiento de las modificaciones y tu consentimiento para acatar y estar obligado por la pol\u00edtica modificada.   [\/vc_column_text][\/vc_column][\/vc_row]<\/p>\n<\/div>","protected":false},"excerpt":{"rendered":"<p>[vc_row full_width=&#8221;stretch_row&#8221; overlay_background=&#8221;custom&#8221; overlay_custom_background=&#8221;#031914&#8243; overlay_opacity=&#8221;25&#8243; lg_spacing=&#8221;padding_top:193;padding_bottom:209&#8243; background_image=&#8221;4589&#8243; background_position=&#8221;center center&#8221;][vc_column][tm_heading tag=&#8221;h1&#8243; custom_google_font=&#8221;&#8221; align=&#8221;center&#8221; text_color=&#8221;custom&#8221; custom_text_color=&#8221;#ffffff&#8221; el_class=&#8221;page-title-shadow&#8221; text=&#8221;Pol\u00edtica de cookies&#8221; font_size=&#8221;lg:60&#8243; max_width=&#8221;893px&#8221;][\/vc_column][\/vc_row][vc_row lg_spacing=&#8221;padding_top:100;padding_bottom:80&#8243;][vc_column][vc_column_text css=&#8221;&#8221;]Sita respeta tu privacidad y se compromete a salvaguardar la seguridad de tus datos personales. Respetamos tu necesidad de comprender c\u00f3mo se recopila, utiliza, divulga, transfiere y almacena la informaci\u00f3n. Por ello, hemos desarrollado la siguiente Pol\u00edtica de Cookies para familiarizarte con nuestras pr\u00e1cticas. Te aconsejamos que leas detenidamente esta pol\u00edtica junto con el aviso de privacidad de nuestro sitio web. Prop\u00f3sito Sita utiliza cookies y otras tecnolog\u00edas para mejorar tu experiencia cuando utilizas nuestro sitio web. A tal efecto, hemos desarrollado la siguiente pol\u00edtica de cookies para familiarizarte con nuestras pr\u00e1cticas. Alcance Esta pol\u00edtica es aplicable a todas las personas que visitan nuestro sitio web y a toda la informaci\u00f3n recopilada mediante las cookies. \u00bfQu\u00e9 es una galleta? Las cookies son una funci\u00f3n del software del navegador web que permite a los servidores web almacenar temporalmente informaci\u00f3n en tu navegador. Generalmente se utilizan para que funcionen los sitios web, para seguir tus movimientos dentro del sitio web, para recordar tus datos de acceso y para actividades similares. Las cookies se env\u00edan al sitio web de origen en la siguiente visita o a otro sitio web que reconozca la cookie espec\u00edfica. La mayor\u00eda de los navegadores web aceptan autom\u00e1ticamente las cookies. Las cookies permiten a los sitios web reconocer el dispositivo a trav\u00e9s del cual se accede al sitio web. Las cookies se pueden utilizar para almacenar tus preferencias y acciones pasadas que, a su vez, se pueden utilizar para proporcionar funcionalidades u opciones espec\u00edficas adaptadas a tus preferencias, mejorando as\u00ed tu experiencia en el sitio web. Las cookies no pueden acceder a ninguna otra informaci\u00f3n de tu ordenador. La mayor\u00eda de los navegadores web aceptan autom\u00e1ticamente las cookies. Por supuesto, cambiando las opciones de tu navegador web o utilizando ciertos programas de software, puedes controlar y eliminar c\u00f3mo y si las cookies ser\u00e1n aceptadas por tu navegador. Tambi\u00e9n puedes modificar las opciones de tu navegador para elegir no recibir cookies en el futuro. Tipos de cookies Existen diferentes tipos de cookies, y pueden distinguirse en funci\u00f3n de su origen, funci\u00f3n y vida \u00fatil. Algunas caracter\u00edsticas importantes de las cookies son las siguientes:(a) Las cookies de origen son cookies almacenadas por el sitio web que est\u00e1s visitando, mientras que las cookies de terceros son almacenadas por un sitio web distinto del que est\u00e1s visitando. Ten en cuenta que no controlamos la recogida ni el uso posterior de tus datos por parte de terceros. (b) Las cookies necesarias son necesarias para permitir el funcionamiento t\u00e9cnico de un sitio web (por ejemplo, te permiten moverte por un sitio web y utilizar sus funciones).(c) Las cookies de rendimiento recogen datos sobre el rendimiento de un sitio web, como el n\u00famero de visitantes, el tiempo pasado en el sitio web y los mensajes de error.(d) Las cookies de funcionalidad aumentan la facilidad de uso de un sitio web al recordar tus elecciones (por ejemplo, idioma, regi\u00f3n, inicio de sesi\u00f3n, etc.).(e) Las cookies de segmentaci\u00f3n\/publicidad permiten a un sitio web enviarte publicidad personalizada.(f) Las cookies de sesi\u00f3n son cookies temporales que se borran una vez que cierras tu navegador, mientras que las cookies persistentes o permanentes permanecen en tu dispositivo hasta que las borras manualmente o hasta que tu navegador las borra en funci\u00f3n del periodo de duraci\u00f3n especificado en el archivo de cookies persistentes. Informaci\u00f3n recopilada y nuestro prop\u00f3sito al utilizar cookies y otras tecnolog\u00edas Para ayudarnos a mantener y mejorar el servicio que te prestamos, el sitio web, los servicios en l\u00ednea, las aplicaciones y los anuncios de Sita pueden utilizar &#8220;cookies&#8221; para recoger informaci\u00f3n relacionada con tu uso del sitio web. Las cookies tambi\u00e9n pueden utilizarse para realizar transacciones, y desactivarlas puede afectar a la funcionalidad de este sitio web. (a) Sita y sus socios pueden utilizar cookies u otras tecnolog\u00edas para registrar informaci\u00f3n an\u00f3nima y no personal (sin incluir tu nombre, direcci\u00f3n de correo electr\u00f3nico o n\u00famero de tel\u00e9fono) sobre tus visitas a este y otros sitios web con el fin de medir la eficacia de la publicidad.(b) Tambi\u00e9n podemos recoger informaci\u00f3n no personal sobre tu visita a nuestro sitio web, basada en tus actividades de navegaci\u00f3n (click stream). Esta informaci\u00f3n puede incluir, entre otras cosas, las p\u00e1ginas visitadas y los productos y servicios vistos o reservados. Esto nos ayuda a gestionar y desarrollar mejor nuestras ofertas y a proporcionarte mejores productos y servicios adaptados a tus intereses y necesidades individuales. Podemos utilizar esta informaci\u00f3n para medir los puntos de entrada y salida de los visitantes del sitio web y el n\u00famero respectivo de visitantes de las distintas p\u00e1ginas y secciones del sitio web, as\u00ed como los detalles de las b\u00fasquedas realizadas. Tambi\u00e9n podemos utilizar esta informaci\u00f3n para medir el uso de banners publicitarios, otros clics desde el sitio web. (c) Como ocurre en la mayor\u00eda de los casos, recopilamos cierta informaci\u00f3n autom\u00e1ticamente y la almacenamos en archivos de registro. Esta informaci\u00f3n incluye direcciones de Protocolo de Internet (IP), tipo de navegador e idioma, proveedor de servicios de Internet (ISP), p\u00e1ginas de referencia y de salida, sistema operativo, sello de fecha\/hora y datos de clics. Utilizamos esta informaci\u00f3n para comprender y analizar tendencias, administrar el sitio web, conocer el comportamiento de los usuarios en el sitio web y recopilar informaci\u00f3n demogr\u00e1fica sobre nuestra base de usuarios en su conjunto. Sita puede utilizar esta informaci\u00f3n en nuestros servicios de marketing y publicidad. (d) En algunos de nuestros mensajes de correo electr\u00f3nico, utilizamos una &#8220;URL de clic&#8221; vinculada a contenidos del sitio web de Sita. Cuando los clientes hacen clic en una de estas URL, pasan por un servidor web independiente antes de llegar a la p\u00e1gina de destino en nuestro sitio web. Rastreamos estos datos de clics para ayudarnos a determinar el inter\u00e9s en temas concretos y medir la eficacia de nuestras comunicaciones con los clientes. Si prefieres no ser rastreado de esta forma, no debes hacer clic en los [&hellip;]<\/p>\n","protected":false},"author":1,"featured_media":0,"parent":0,"menu_order":0,"comment_status":"closed","ping_status":"closed","template":"","meta":{"footnotes":""},"class_list":["post-53333","page","type-page","status-publish","hentry","post-no-thumbnail"],"_links":{"self":[{"href":"https:\/\/www.sita.in\/es\/wp-json\/wp\/v2\/pages\/53333","targetHints":{"allow":["GET"]}}],"collection":[{"href":"https:\/\/www.sita.in\/es\/wp-json\/wp\/v2\/pages"}],"about":[{"href":"https:\/\/www.sita.in\/es\/wp-json\/wp\/v2\/types\/page"}],"author":[{"embeddable":true,"href":"https:\/\/www.sita.in\/es\/wp-json\/wp\/v2\/users\/1"}],"replies":[{"embeddable":true,"href":"https:\/\/www.sita.in\/es\/wp-json\/wp\/v2\/comments?post=53333"}],"version-history":[{"count":11,"href":"https:\/\/www.sita.in\/es\/wp-json\/wp\/v2\/pages\/53333\/revisions"}],"predecessor-version":[{"id":55203,"href":"https:\/\/www.sita.in\/es\/wp-json\/wp\/v2\/pages\/53333\/revisions\/55203"}],"wp:attachment":[{"href":"https:\/\/www.sita.in\/es\/wp-json\/wp\/v2\/media?parent=53333"}],"curies":[{"name":"wp","href":"https:\/\/api.w.org\/{rel}","templated":true}]}}