{"id":53541,"date":"2025-07-18T05:54:12","date_gmt":"2025-07-18T05:54:12","guid":{"rendered":"https:\/\/www.sita.in\/NewSita?page_id=53541"},"modified":"2025-12-01T13:19:37","modified_gmt":"2025-12-01T13:19:37","slug":"destinos","status":"publish","type":"page","link":"https:\/\/www.sita.in\/es\/destinos\/","title":{"rendered":"Destinos"},"content":{"rendered":"<div class=\"wpb-content-wrapper\"><p>[vc_row full_width=&#8221;stretch_row&#8221; overlay_background=&#8221;custom&#8221; overlay_opacity=&#8221;30&#8243; lg_spacing=&#8221;padding_top:193;padding_bottom:209&#8243; background_image=&#8221;47402&#8243; background_position=&#8221;center center&#8221;][vc_column][vc_column_text css=&#8221;&#8221;]<\/p>\n<h1 class=\"page-head\">Destinos<\/h1>\n<p>[\/vc_column_text][tm_spacer size=&#8221;lg:20&#8243;][vc_column_text css=&#8221;&#8221;]<\/p>\n<div class=\"page-subhead\">Descubre la Magia del Subcontinente Indio<\/div>\n<p>[\/vc_column_text][\/vc_column][\/vc_row][vc_row full_width=&#8221;stretch_row&#8221; height=&#8221;full&#8221; background_repeat=&#8221;repeat-y&#8221; overlay_background=&#8221;custom&#8221; overlay_custom_background=&#8221;#ffffff&#8221; overlay_opacity=&#8221;20&#8243; lg_spacing=&#8221;padding_top:80;padding_right:300;padding_bottom:80;padding_left:300&#8243; el_id=&#8221;secci\u00f3n-acerca de&#8221; background_image=&#8221;4859&#8243; md_spacing=&#8221;padding_right:0;padding_left:0&#8243; sm_spacing=&#8221;padding_right:0;padding_left:0&#8243; xs_spacing=&#8221;padding_right:0;padding_left:0&#8243; background_position=&#8221;center center&#8221;][vc_column][tm_spacer size=&#8221;lg:70&#8243;][vc_column_text css=&#8221;&#8221;]<\/p>\n<h3 class=\"page-intro\">El subcontinente indio ofrece una cartera inigualable de experiencias, donde convergen tradiciones intemporales, paisajes espectaculares y culturas vibrantes. Desde el patrimonio y la espiritualidad hasta la aventura y el bienestar, esta regi\u00f3n atrae a un amplio espectro de intereses de los viajeros. Verdadero mosaico de contrastes, el Subcontinente te permite dise\u00f1ar viajes profundamente enriquecedores que no s\u00f3lo cautiven a tus clientes, sino que tambi\u00e9n refuercen tu oferta empresarial.  <\/h3>\n<p>[\/vc_column_text][tm_spacer size=&#8221;lg:40&#8243;][vc_separator style=&#8221;dashed&#8221;][tm_spacer size=&#8221;lg:40&#8243;][vc_column_text css=&#8221;&#8221;]<\/p>\n<p style=\"text-align: center;\">En India, Nepal, But\u00e1n y Sri Lanka, Sita ofrece una amplia gama de experiencias, desde las vibrantes ciudades y los r\u00edos espirituales de India hasta el emblem\u00e1tico Himalaya de Nepal, los serenos monasterios de But\u00e1n y las costas v\u00edrgenes de Sri Lanka. Como tu socio DMC de confianza en el sur de Asia, dise\u00f1amos programas aut\u00e9nticos y envolventes, adaptados a las necesidades de tus clientes, y ofrecidos con la experiencia, fiabilidad y calidez con las que puedes contar. <\/p>\n<p>[\/vc_column_text][tm_spacer size=&#8221;lg:100&#8243;][\/vc_column][\/vc_row][vc_row full_width=&#8221;stretch_row&#8221; height=&#8221;full&#8221; background_image=&#8221;4570&#8243; lg_spacing=&#8221;padding_top:130;padding_bottom:130&#8243; background_position=&#8221;center bottom&#8221;][vc_column layer_index=&#8221;2&#8243; offset=&#8221;vc_col-lg-6&#8243;][tm_image full_wide=&#8221;1&#8243; caption_color=&#8221;secondary&#8221; image=&#8221;45777&#8243; caption=&#8221;- Discover the Diverse Wonders of Incredible India -&#8220;][\/vc_column][vc_column layer_index=&#8221;1&#8243; offset=&#8221;vc_col-lg-6&#8243;][vc_row_inner custom_border_color=&#8221;#f2f2f2&#8243; border_style=&#8221;double&#8221; background_color=&#8221;custom&#8221; lg_spacing=&#8221;margin_top:40;margin_left:-160;border_top:10;border_right:10;border_bottom:10;border_left:10;padding_right:70;padding_left:203&#8243; custom_background_color=&#8221;#ffffff&#8221; md_spacing=&#8221;margin_right:0;margin_left:0;padding_right:30;padding_left:30&#8243;][vc_column_inner][tm_spacer size=&#8221;lg:55&#8243;][tm_image image=&#8221;3067&#8243;][tm_spacer size=&#8221;lg:5&#8243;][vc_column_text css=&#8221;&#8221;]<\/p>\n<h2 class=\"main-head\">India<\/h2>\n<p>[\/vc_column_text][tm_spacer size=&#8221;lg:30&#8243;][vc_column_text css=&#8221;&#8221;]La India es un destino de diversidad incomparable, donde el patrimonio antiguo se une a la vitalidad moderna. Desde fortalezas incluidas en la lista de la UNESCO y templos sagrados hasta aut\u00e9nticas tradiciones de bienestar y din\u00e1micas experiencias culturales, la India ofrece algo para cada segmento de viajeros. Con su amplia gama de experiencias, este destino te permite dise\u00f1ar itinerarios que sean a la vez memorables para tus clientes y rentables para tu negocio.[\/vc_column_text][tm_spacer size=&#8221;lg:30&#8243;][vc_btn title=&#8221;Explora la India&#8221; color=&#8221;info&#8221; css=&#8221;&#8221; link=&#8221;url:https%3A%2F%2Fwww.sita.in%2Findia%2F|title:India|&#8221;][tm_spacer size=&#8221;lg:30&#8243;][\/vc_column_inner][\/vc_row_inner][\/vc_column][\/vc_row][vc_row full_width=&#8221;stretch_row&#8221; height=&#8221;full&#8221; background_image=&#8221;4869&#8243; lg_spacing=&#8221;padding_top:130;padding_bottom:130&#8243; background_position=&#8221;center bottom&#8221;][vc_column layer_index=&#8221;1&#8243; offset=&#8221;vc_col-lg-6&#8243;][vc_row_inner custom_border_color=&#8221;#f2f2f2&#8243; border_style=&#8221;double&#8221; background_color=&#8221;custom&#8221; lg_spacing=&#8221;margin_top:40;margin_right:-160;border_top:10;border_right:10;border_bottom:10;border_left:10;padding_right:203;padding_left:70&#8243; custom_background_color=&#8221;#ffffff&#8221; md_spacing=&#8221;margin_right:0;margin_left:0;padding_right:30;padding_left:30&#8243;][vc_column_inner][tm_spacer size=&#8221;lg:55&#8243;][tm_image image=&#8221;3067&#8243;][tm_spacer size=&#8221;lg:5&#8243;][vc_column_text css=&#8221;&#8221;]<\/p>\n<h2 class=\"main-head\">Nepal<\/h2>\n<p>[\/vc_column_text][tm_spacer size=&#8221;lg:30&#8243;][vc_column_text css=&#8221;&#8221;]Nepal ofrece una poderosa mezcla de aventura y cultura, lo que lo convierte en un destino ideal para diversos segmentos de viajeros. Desde las emblem\u00e1ticas cumbres del Himalaya y los monasterios sagrados hasta los vibrantes r\u00edos, los exuberantes arrozales y la aut\u00e9ntica vida en las aldeas, Nepal ofrece experiencias que atraen tanto a los aventureros como a los entusiastas de la cultura. Con su inigualable variedad paisaj\u00edstica y sus profundas ra\u00edces culturales, este destino es una incorporaci\u00f3n de gran potencial a tu cartera, que promete viajes inolvidables a tus clientes.[\/vc_column_text][tm_spacer size=&#8221;lg:30&#8243;][vc_btn title=&#8221;Explora Nepal&#8221; color=&#8221;info&#8221; css=&#8221;&#8221; link=&#8221;url:https%3A%2F%2Fwww.sita.in%2Fnepal%2F|title:Nepal|&#8221;][tm_spacer size=&#8221;lg:30&#8243;][\/vc_column_inner][\/vc_row_inner][\/vc_column][vc_column layer_index=&#8221;2&#8243; offset=&#8221;vc_col-lg-6&#8243;][tm_image full_wide=&#8221;1&#8243; caption_color=&#8221;secondary&#8221; image=&#8221;4865&#8243; caption=&#8221;- Experience the Majesty and Serenity of Nepal -&#8220;][\/vc_column][\/vc_row][vc_row full_width=&#8221;stretch_row&#8221; height=&#8221;full&#8221; background_image=&#8221;4698&#8243; lg_spacing=&#8221;padding_top:130;padding_bottom:130&#8243; background_position=&#8221;center bottom&#8221;][vc_column layer_index=&#8221;2&#8243; offset=&#8221;vc_col-lg-6&#8243;][tm_image full_wide=&#8221;1&#8243; caption_color=&#8221;secondary&#8221; image=&#8221;4866&#8243; caption=&#8221;- Sacred Peaks, Serene Valleys, and Soulful Journeys -&#8220;][\/vc_column][vc_column layer_index=&#8221;1&#8243; offset=&#8221;vc_col-lg-6&#8243;][vc_row_inner custom_border_color=&#8221;#f2f2f2&#8243; border_style=&#8221;double&#8221; background_color=&#8221;custom&#8221; lg_spacing=&#8221;margin_top:40;margin_left:-160;border_top:10;border_right:10;border_bottom:10;border_left:10;padding_right:70;padding_left:203&#8243; custom_background_color=&#8221;#ffffff&#8221; md_spacing=&#8221;margin_right:0;margin_left:0;padding_right:30;padding_left:30&#8243;][vc_column_inner][tm_spacer size=&#8221;lg:55&#8243;][tm_image image=&#8221;3067&#8243;][tm_spacer size=&#8221;lg:5&#8243;][vc_column_text css=&#8221;&#8221;]<\/p>\n<h2 class=\"main-head\">But\u00e1n<\/h2>\n<p>[\/vc_column_text][tm_spacer size=&#8221;lg:30&#8243;][vc_column_text css=&#8221;&#8221;]But\u00e1n destaca como para\u00edso espiritual, hogar de monasterios sagrados, templos eternos y paisajes boscosos v\u00edrgenes. Venerado por su autenticidad y exclusividad, el pa\u00eds atrae mucho a los viajeros que buscan viajes conscientes y transformadores. Como destino nicho de alto valor, But\u00e1n a\u00f1ade profundidad y prestigio a tu cartera.[\/vc_column_text][tm_spacer size=&#8221;lg:30&#8243;][vc_btn title=&#8221;Explora But\u00e1n&#8221; color=&#8221;info&#8221; css=&#8221;&#8221; link=&#8221;url:https%3A%2F%2Fwww.sita.in%2Fes%2Fbutan%2F|title:Bhutan|&#8221;][tm_spacer size=&#8221;lg:55&#8243;][\/vc_column_inner][\/vc_row_inner][\/vc_column][\/vc_row][vc_row full_width=&#8221;stretch_row&#8221; height=&#8221;full&#8221; background_image=&#8221;4870&#8243; lg_spacing=&#8221;padding_top:130;padding_bottom:130&#8243; background_position=&#8221;center bottom&#8221;][vc_column layer_index=&#8221;1&#8243; offset=&#8221;vc_col-lg-6&#8243;][vc_row_inner custom_border_color=&#8221;#f2f2f2&#8243; border_style=&#8221;double&#8221; background_color=&#8221;custom&#8221; lg_spacing=&#8221;margin_top:40;margin_right:-160;border_top:10;border_right:10;border_bottom:10;border_left:10;padding_right:203;padding_left:70&#8243; custom_background_color=&#8221;#ffffff&#8221; md_spacing=&#8221;margin_right:0;margin_left:0;padding_right:30;padding_left:30&#8243;][vc_column_inner][tm_spacer size=&#8221;lg:55&#8243;][tm_image image=&#8221;3067&#8243;][tm_spacer size=&#8221;lg:5&#8243;][vc_column_text css=&#8221;&#8221;]<\/p>\n<h2 class=\"main-head\">Sri Lanka<\/h2>\n<p>[\/vc_column_text][tm_spacer size=&#8221;lg:30&#8243;][vc_column_text css=&#8221;&#8221;]Sri Lanka es un destino insular compacto pero diverso, que ofrece playas doradas, lugares declarados Patrimonio de la Humanidad por la UNESCO, reservas naturales y ricas tradiciones culturales. Su amplio abanico de experiencias atrae por igual a familias, reci\u00e9n casados, buscadores de bienestar y entusiastas de la cultura, lo que lo convierte en un destino vers\u00e1til y con gran potencial.[\/vc_column_text][tm_spacer size=&#8221;lg:30&#8243;][vc_btn title=&#8221;Explora Sri Lanka&#8221; color=&#8221;info&#8221; css=&#8221;&#8221; link=&#8221;url:https%3A%2F%2Fwww.sita.in%2Fes%2Fsri-lanka%2F|title:Sri%20Lanka|&#8221;][tm_spacer size=&#8221;lg:55&#8243;][\/vc_column_inner][\/vc_row_inner][\/vc_column][vc_column layer_index=&#8221;2&#8243; offset=&#8221;vc_col-lg-6&#8243;][tm_image full_wide=&#8221;1&#8243; caption_color=&#8221;secondary&#8221; image=&#8221;4867&#8243; caption=&#8221;- A Tapestry of Color, Spice, and Spirit -&#8220;][\/vc_column][\/vc_row]<\/p>\n<\/div>","protected":false},"excerpt":{"rendered":"<p>[vc_row full_width=&#8221;stretch_row&#8221; overlay_background=&#8221;custom&#8221; overlay_opacity=&#8221;30&#8243; lg_spacing=&#8221;padding_top:193;padding_bottom:209&#8243; background_image=&#8221;47402&#8243; background_position=&#8221;center center&#8221;][vc_column][vc_column_text css=&#8221;&#8221;] Destinos [\/vc_column_text][tm_spacer size=&#8221;lg:20&#8243;][vc_column_text css=&#8221;&#8221;] Descubre la Magia del Subcontinente Indio [\/vc_column_text][\/vc_column][\/vc_row][vc_row full_width=&#8221;stretch_row&#8221; height=&#8221;full&#8221; background_repeat=&#8221;repeat-y&#8221; overlay_background=&#8221;custom&#8221; overlay_custom_background=&#8221;#ffffff&#8221; overlay_opacity=&#8221;20&#8243; lg_spacing=&#8221;padding_top:80;padding_right:300;padding_bottom:80;padding_left:300&#8243; el_id=&#8221;secci\u00f3n-acerca de&#8221; background_image=&#8221;4859&#8243; md_spacing=&#8221;padding_right:0;padding_left:0&#8243; sm_spacing=&#8221;padding_right:0;padding_left:0&#8243; xs_spacing=&#8221;padding_right:0;padding_left:0&#8243; background_position=&#8221;center center&#8221;][vc_column][tm_spacer size=&#8221;lg:70&#8243;][vc_column_text css=&#8221;&#8221;] El subcontinente indio ofrece una cartera inigualable de experiencias, donde convergen tradiciones intemporales, paisajes espectaculares y culturas vibrantes. Desde el patrimonio y la espiritualidad hasta la aventura y el bienestar, esta regi\u00f3n atrae a un amplio espectro de intereses de los viajeros. Verdadero mosaico de contrastes, el Subcontinente te permite dise\u00f1ar viajes profundamente enriquecedores que no s\u00f3lo cautiven a tus clientes, sino que tambi\u00e9n refuercen tu oferta empresarial. [\/vc_column_text][tm_spacer size=&#8221;lg:40&#8243;][vc_separator style=&#8221;dashed&#8221;][tm_spacer size=&#8221;lg:40&#8243;][vc_column_text css=&#8221;&#8221;] En India, Nepal, But\u00e1n y Sri Lanka, Sita ofrece una amplia gama de experiencias, desde las vibrantes ciudades y los r\u00edos espirituales de India hasta el emblem\u00e1tico Himalaya de Nepal, los serenos monasterios de But\u00e1n y las costas v\u00edrgenes de Sri Lanka. Como tu socio DMC de confianza en el sur de Asia, dise\u00f1amos programas aut\u00e9nticos y envolventes, adaptados a las necesidades de tus clientes, y ofrecidos con la experiencia, fiabilidad y calidez con las que puedes contar. [\/vc_column_text][tm_spacer size=&#8221;lg:100&#8243;][\/vc_column][\/vc_row][vc_row full_width=&#8221;stretch_row&#8221; height=&#8221;full&#8221; background_image=&#8221;4570&#8243; lg_spacing=&#8221;padding_top:130;padding_bottom:130&#8243; background_position=&#8221;center bottom&#8221;][vc_column layer_index=&#8221;2&#8243; offset=&#8221;vc_col-lg-6&#8243;][tm_image full_wide=&#8221;1&#8243; caption_color=&#8221;secondary&#8221; image=&#8221;45777&#8243; caption=&#8221;- Discover the Diverse Wonders of Incredible India -&#8220;][\/vc_column][vc_column layer_index=&#8221;1&#8243; offset=&#8221;vc_col-lg-6&#8243;][vc_row_inner custom_border_color=&#8221;#f2f2f2&#8243; border_style=&#8221;double&#8221; background_color=&#8221;custom&#8221; lg_spacing=&#8221;margin_top:40;margin_left:-160;border_top:10;border_right:10;border_bottom:10;border_left:10;padding_right:70;padding_left:203&#8243; custom_background_color=&#8221;#ffffff&#8221; md_spacing=&#8221;margin_right:0;margin_left:0;padding_right:30;padding_left:30&#8243;][vc_column_inner][tm_spacer size=&#8221;lg:55&#8243;][tm_image image=&#8221;3067&#8243;][tm_spacer size=&#8221;lg:5&#8243;][vc_column_text css=&#8221;&#8221;] India [\/vc_column_text][tm_spacer size=&#8221;lg:30&#8243;][vc_column_text css=&#8221;&#8221;]La India es un destino de diversidad incomparable, donde el patrimonio antiguo se une a la vitalidad moderna. Desde fortalezas incluidas en la lista de la UNESCO y templos sagrados hasta aut\u00e9nticas tradiciones de bienestar y din\u00e1micas experiencias culturales, la India ofrece algo para cada segmento de viajeros. Con su amplia gama de experiencias, este destino te permite dise\u00f1ar itinerarios que sean a la vez memorables para tus clientes y rentables para tu negocio.[\/vc_column_text][tm_spacer size=&#8221;lg:30&#8243;][vc_btn title=&#8221;Explora la India&#8221; color=&#8221;info&#8221; css=&#8221;&#8221; link=&#8221;url:https%3A%2F%2Fwww.sita.in%2Findia%2F|title:India|&#8221;][tm_spacer size=&#8221;lg:30&#8243;][\/vc_column_inner][\/vc_row_inner][\/vc_column][\/vc_row][vc_row full_width=&#8221;stretch_row&#8221; height=&#8221;full&#8221; background_image=&#8221;4869&#8243; lg_spacing=&#8221;padding_top:130;padding_bottom:130&#8243; background_position=&#8221;center bottom&#8221;][vc_column layer_index=&#8221;1&#8243; offset=&#8221;vc_col-lg-6&#8243;][vc_row_inner custom_border_color=&#8221;#f2f2f2&#8243; border_style=&#8221;double&#8221; background_color=&#8221;custom&#8221; lg_spacing=&#8221;margin_top:40;margin_right:-160;border_top:10;border_right:10;border_bottom:10;border_left:10;padding_right:203;padding_left:70&#8243; custom_background_color=&#8221;#ffffff&#8221; md_spacing=&#8221;margin_right:0;margin_left:0;padding_right:30;padding_left:30&#8243;][vc_column_inner][tm_spacer size=&#8221;lg:55&#8243;][tm_image image=&#8221;3067&#8243;][tm_spacer size=&#8221;lg:5&#8243;][vc_column_text css=&#8221;&#8221;] Nepal [\/vc_column_text][tm_spacer size=&#8221;lg:30&#8243;][vc_column_text css=&#8221;&#8221;]Nepal ofrece una poderosa mezcla de aventura y cultura, lo que lo convierte en un destino ideal para diversos segmentos de viajeros. Desde las emblem\u00e1ticas cumbres del Himalaya y los monasterios sagrados hasta los vibrantes r\u00edos, los exuberantes arrozales y la aut\u00e9ntica vida en las aldeas, Nepal ofrece experiencias que atraen tanto a los aventureros como a los entusiastas de la cultura. Con su inigualable variedad paisaj\u00edstica y sus profundas ra\u00edces culturales, este destino es una incorporaci\u00f3n de gran potencial a tu cartera, que promete viajes inolvidables a tus clientes.[\/vc_column_text][tm_spacer size=&#8221;lg:30&#8243;][vc_btn title=&#8221;Explora Nepal&#8221; color=&#8221;info&#8221; css=&#8221;&#8221; link=&#8221;url:https%3A%2F%2Fwww.sita.in%2Fnepal%2F|title:Nepal|&#8221;][tm_spacer size=&#8221;lg:30&#8243;][\/vc_column_inner][\/vc_row_inner][\/vc_column][vc_column layer_index=&#8221;2&#8243; offset=&#8221;vc_col-lg-6&#8243;][tm_image full_wide=&#8221;1&#8243; caption_color=&#8221;secondary&#8221; image=&#8221;4865&#8243; caption=&#8221;- Experience the Majesty and Serenity of Nepal -&#8220;][\/vc_column][\/vc_row][vc_row full_width=&#8221;stretch_row&#8221; height=&#8221;full&#8221; background_image=&#8221;4698&#8243; lg_spacing=&#8221;padding_top:130;padding_bottom:130&#8243; background_position=&#8221;center bottom&#8221;][vc_column layer_index=&#8221;2&#8243; offset=&#8221;vc_col-lg-6&#8243;][tm_image full_wide=&#8221;1&#8243; caption_color=&#8221;secondary&#8221; image=&#8221;4866&#8243; caption=&#8221;- Sacred Peaks, Serene Valleys, and Soulful Journeys -&#8220;][\/vc_column][vc_column layer_index=&#8221;1&#8243; offset=&#8221;vc_col-lg-6&#8243;][vc_row_inner custom_border_color=&#8221;#f2f2f2&#8243; border_style=&#8221;double&#8221; background_color=&#8221;custom&#8221; lg_spacing=&#8221;margin_top:40;margin_left:-160;border_top:10;border_right:10;border_bottom:10;border_left:10;padding_right:70;padding_left:203&#8243; custom_background_color=&#8221;#ffffff&#8221; md_spacing=&#8221;margin_right:0;margin_left:0;padding_right:30;padding_left:30&#8243;][vc_column_inner][tm_spacer size=&#8221;lg:55&#8243;][tm_image image=&#8221;3067&#8243;][tm_spacer size=&#8221;lg:5&#8243;][vc_column_text css=&#8221;&#8221;] But\u00e1n [\/vc_column_text][tm_spacer size=&#8221;lg:30&#8243;][vc_column_text css=&#8221;&#8221;]But\u00e1n destaca como para\u00edso espiritual, hogar de monasterios sagrados, templos eternos y paisajes boscosos v\u00edrgenes. Venerado por su autenticidad y exclusividad, el pa\u00eds atrae mucho a los viajeros que buscan viajes conscientes y transformadores. Como destino nicho de alto valor, But\u00e1n a\u00f1ade profundidad y prestigio a tu cartera.[\/vc_column_text][tm_spacer size=&#8221;lg:30&#8243;][vc_btn title=&#8221;Explora But\u00e1n&#8221; color=&#8221;info&#8221; css=&#8221;&#8221; link=&#8221;url:https%3A%2F%2Fwww.sita.in%2Fes%2Fbutan%2F|title:Bhutan|&#8221;][tm_spacer size=&#8221;lg:55&#8243;][\/vc_column_inner][\/vc_row_inner][\/vc_column][\/vc_row][vc_row full_width=&#8221;stretch_row&#8221; height=&#8221;full&#8221; background_image=&#8221;4870&#8243; lg_spacing=&#8221;padding_top:130;padding_bottom:130&#8243; background_position=&#8221;center bottom&#8221;][vc_column layer_index=&#8221;1&#8243; offset=&#8221;vc_col-lg-6&#8243;][vc_row_inner custom_border_color=&#8221;#f2f2f2&#8243; border_style=&#8221;double&#8221; background_color=&#8221;custom&#8221; lg_spacing=&#8221;margin_top:40;margin_right:-160;border_top:10;border_right:10;border_bottom:10;border_left:10;padding_right:203;padding_left:70&#8243; custom_background_color=&#8221;#ffffff&#8221; md_spacing=&#8221;margin_right:0;margin_left:0;padding_right:30;padding_left:30&#8243;][vc_column_inner][tm_spacer size=&#8221;lg:55&#8243;][tm_image image=&#8221;3067&#8243;][tm_spacer size=&#8221;lg:5&#8243;][vc_column_text css=&#8221;&#8221;] Sri Lanka [\/vc_column_text][tm_spacer size=&#8221;lg:30&#8243;][vc_column_text css=&#8221;&#8221;]Sri Lanka es un destino insular compacto pero diverso, que ofrece playas doradas, lugares declarados Patrimonio de la Humanidad por la UNESCO, reservas naturales y ricas tradiciones culturales. Su amplio abanico de experiencias atrae por igual a familias, reci\u00e9n casados, buscadores de bienestar y entusiastas de la cultura, lo que lo convierte en un destino vers\u00e1til y con gran potencial.[\/vc_column_text][tm_spacer size=&#8221;lg:30&#8243;][vc_btn title=&#8221;Explora Sri Lanka&#8221; color=&#8221;info&#8221; css=&#8221;&#8221; link=&#8221;url:https%3A%2F%2Fwww.sita.in%2Fes%2Fsri-lanka%2F|title:Sri%20Lanka|&#8221;][tm_spacer size=&#8221;lg:55&#8243;][\/vc_column_inner][\/vc_row_inner][\/vc_column][vc_column layer_index=&#8221;2&#8243; offset=&#8221;vc_col-lg-6&#8243;][tm_image full_wide=&#8221;1&#8243; caption_color=&#8221;secondary&#8221; image=&#8221;4867&#8243; caption=&#8221;- A Tapestry of Color, Spice, and Spirit -&#8220;][\/vc_column][\/vc_row]<\/p>\n","protected":false},"author":1,"featured_media":0,"parent":0,"menu_order":0,"comment_status":"closed","ping_status":"closed","template":"","meta":{"footnotes":""},"class_list":["post-53541","page","type-page","status-publish","hentry","post-no-thumbnail"],"_links":{"self":[{"href":"https:\/\/www.sita.in\/es\/wp-json\/wp\/v2\/pages\/53541","targetHints":{"allow":["GET"]}}],"collection":[{"href":"https:\/\/www.sita.in\/es\/wp-json\/wp\/v2\/pages"}],"about":[{"href":"https:\/\/www.sita.in\/es\/wp-json\/wp\/v2\/types\/page"}],"author":[{"embeddable":true,"href":"https:\/\/www.sita.in\/es\/wp-json\/wp\/v2\/users\/1"}],"replies":[{"embeddable":true,"href":"https:\/\/www.sita.in\/es\/wp-json\/wp\/v2\/comments?post=53541"}],"version-history":[{"count":7,"href":"https:\/\/www.sita.in\/es\/wp-json\/wp\/v2\/pages\/53541\/revisions"}],"predecessor-version":[{"id":55466,"href":"https:\/\/www.sita.in\/es\/wp-json\/wp\/v2\/pages\/53541\/revisions\/55466"}],"wp:attachment":[{"href":"https:\/\/www.sita.in\/es\/wp-json\/wp\/v2\/media?parent=53541"}],"curies":[{"name":"wp","href":"https:\/\/api.w.org\/{rel}","templated":true}]}}