{"id":55384,"date":"2025-12-01T13:19:08","date_gmt":"2025-12-01T13:19:08","guid":{"rendered":"https:\/\/www.sita.in\/sri-lanka\/"},"modified":"2025-12-01T13:19:19","modified_gmt":"2025-12-01T13:19:19","slug":"sri-lanka","status":"publish","type":"page","link":"https:\/\/www.sita.in\/es\/sri-lanka\/","title":{"rendered":"Sri Lanka"},"content":{"rendered":"<div class=\"wpb-content-wrapper\"><p>[vc_row full_width=&#8221;stretch_row&#8221; overlay_background=&#8221;custom&#8221; overlay_custom_background=&#8221;#031914&#8243; overlay_opacity=&#8221;35&#8243; lg_spacing=&#8221;padding_top:193;padding_bottom:209&#8243; background_image=&#8221;4707&#8243; background_position=&#8221;center center&#8221;][vc_column][vc_column_text css=&#8221;&#8221;]<\/p>\n<h1 class=\"page-head\">Sri Lanka<\/h1>\n<p>[\/vc_column_text][tm_spacer size=&#8221;lg:20&#8243;][vc_column_text css=&#8221;&#8221;]<\/p>\n<div class=\"page-subhead\">Un tapiz de color, especias y esp\u00edritu<\/div>\n<p>[\/vc_column_text][\/vc_column][\/vc_row][vc_row full_width=&#8221;stretch_row&#8221; background_repeat=&#8221;repeat-y&#8221; overlay_background=&#8221;custom&#8221; overlay_custom_background=&#8221;#ffffff&#8221; overlay_opacity=&#8221;20&#8243; lg_spacing=&#8221;padding_top:80;padding_right:300;padding_bottom:80;padding_left:300&#8243; el_id=&#8221;secci\u00f3n-acerca de&#8221; background_image=&#8221;4712&#8243; md_spacing=&#8221;padding_right:0;padding_left:0&#8243; sm_spacing=&#8221;padding_right:0;padding_left:0&#8243; xs_spacing=&#8221;padding_right:0;padding_left:0&#8243; background_position=&#8221;center center&#8221;][vc_column][tm_spacer size=&#8221;lg:70&#8243;][tm_image align=&#8221;center&#8221; image=&#8221;3067&#8243;][tm_spacer size=&#8221;lg:28&#8243;][vc_column_text css=&#8221;&#8221;]<\/p>\n<h3 class=\"page-intro\">Sri Lanka es una vibrante isla de costas doradas, maravillas ancestrales y rica cultura, donde cada viaje es una historia a punto de desvelarse.<\/h3>\n<p>[\/vc_column_text][tm_spacer size=&#8221;lg:40&#8243;][vc_separator style=&#8221;dashed&#8221;][tm_spacer size=&#8221;lg:40&#8243;][vc_column_text css=&#8221;&#8221;]<\/p>\n<p style=\"text-align: center;\">El nombre de Sri Lanka significa &#8220;tierra resplandeciente&#8221;, y esta naci\u00f3n insular hace verdaderamente honor al ep\u00edteto. La capital, Colombo, es una ciudad animada y sirve de puerto principal de Sri Lanka. Es una interesante mezcla de lo antiguo y lo nuevo, a la vez un centro comercial y un reducto de los encantos del pasado. Como una gema colgada del subcontinente indio, este brillante pa\u00eds encierra mucho m\u00e1s de lo que su tama\u00f1o te har\u00eda creer, lo suficiente para que vuelvas a \u00e9l una y otra vez. Arenas que cortan la respiraci\u00f3n, exuberantes colinas verdes, fauna y flora rebosantes, poderosas cascadas, patrimonio sin fin y lugares de peregrinaci\u00f3n, no es de extra\u00f1ar que Marco Polo describiera Sri Lanka como &#8220;la mejor isla de su tama\u00f1o en el mundo&#8221;.    <\/p>\n<p>[\/vc_column_text][tm_spacer size=&#8221;lg:100&#8243;][\/vc_column][\/vc_row][vc_row full_width=&#8221;stretch_row&#8221; lg_spacing=&#8221;padding_top:120;padding_bottom:50&#8243; background_image=&#8221;3876&#8243;][vc_column offset=&#8221;vc_col-lg-4&#8243;][tm_spacer size=&#8221;lg:60&#8243;][tm_image image=&#8221;3067&#8243;][tm_spacer size=&#8221;lg:5&#8243;][vc_column_text css=&#8221;&#8221;]<\/p>\n<h2 class=\"main-head\">Visita obligada<br \/>\n<span class=\"highlight-head\">Lugares<\/span><\/h2>\n<p>[\/vc_column_text][tm_spacer size=&#8221;lg:18&#8243;][vc_separator color=&#8221;turquoise&#8221; align=&#8221;align_left&#8221; el_width=&#8221;20&#8243; css=&#8221;&#8221;][tm_spacer size=&#8221;lg:30&#8243;][vc_column_text css=&#8221;&#8221;]Descubre los mejores destinos de Sri Lanka, donde la historia, la naturaleza y la vibrante cultura se unen para ofrecer experiencias inolvidables.[\/vc_column_text][tm_spacer size=&#8221;lg:60&#8243;][\/vc_column][vc_column offset=&#8221;vc_col-lg-offset-1 vc_col-lg-7&#8243;][tm_slider_group content_shadow=&#8221;1&#8243; nav=&#8221;09&#8243; pagination=&#8221;10&#8243; gutter=&#8221;0&#8243; items_display=&#8221;xs:1;sm:2;md:2;lg:2&#8243; auto_play=&#8221;2000&#8243;][tm_box_icon image_size=&#8221;full&#8221; align=&#8221;center&#8221; heading=&#8221;Sigiriya Rock Fortress&#8221; text=&#8221;Antigua ciudadela de roca con frescos, jardines y vistas panor\u00e1micas de la selva.&#8221; text_width=&#8221;270px&#8221; image=&#8221;4720&#8243;][tm_box_icon image_size=&#8221;full&#8221; align=&#8221;center&#8221; heading=&#8221;Dambulla Cave&#8221; text=&#8221;Monasterio rupestre con estatuas de Buda, pinturas y calma espiritual por todas partes.&#8221; text_width=&#8221;270px&#8221; image=&#8221;4721&#8243;][tm_box_icon image_size=&#8221;full&#8221; align=&#8221;center&#8221; heading=&#8221;Yala National Park&#8221; text=&#8221;Parque natural de primer orden con leopardos, elefantes y avistamientos de aves ex\u00f3ticas.&#8221; text_width=&#8221;270px&#8221; image=&#8221;4722&#8243;][\/tm_slider_group][tm_spacer size=&#8221;lg:60&#8243;][\/vc_column][\/vc_row][vc_row lg_spacing=&#8221;padding_top:150&#8243;][vc_column][tm_image align=&#8221;center&#8221; image=&#8221;3067&#8243;][tm_spacer size=&#8221;lg:5&#8243;][vc_column_text css=&#8221;&#8221;]<\/p>\n<h2 class=\"main-head2\"><span class=\"highlight-head\">Consejos de<\/span> viaje<\/h2>\n<p>[\/vc_column_text][tm_spacer size=&#8221;lg:18&#8243;][vc_separator color=&#8221;turquoise&#8221; el_width=&#8221;10&#8243; css=&#8221;&#8221;][tm_spacer size=&#8221;lg:90&#8243;][\/vc_column][\/vc_row][vc_row][vc_column width=&#8221;1\/12&#8243;][\/vc_column][vc_column width=&#8221;1\/4&#8243;][tm_spacer size=&#8221;lg:30&#8243;][tm_spacer size=&#8221;lg:30&#8243;][vc_column_text css=&#8221;&#8221;]<\/p>\n<p style=\"text-align: center; border: 1px solid #ccc; padding: 10px;\"><i class=\"fal fa-passport\" style=\"font-size: 36px; color: #1ea5be; vertical-align: middle;\"><\/i> <strong style=\"padding-left: 5px;\">Documentos de viaje<\/strong><\/p>\n<p>[\/vc_column_text][tm_spacer size=&#8221;xs:40;sm:50;md:100;lg:150&#8243;][vc_column_text css=&#8221;&#8221;]<\/p>\n<p style=\"text-align: center; border: 1px solid #ccc; padding: 10px;\"><i class=\"fal fa-suitcase-rolling\" style=\"font-size: 36px; color: #1ea5be; vertical-align: middle;\"><\/i> <strong style=\"padding-left: 5px;\">Aeropuerto y equipaje<\/strong><\/p>\n<p>[\/vc_column_text][\/vc_column][vc_column width=&#8221;1\/3&#8243;][tm_image align=&#8221;center&#8221; image=&#8221;4715&#8243;][\/vc_column][vc_column width=&#8221;1\/4&#8243;][tm_spacer size=&#8221;lg:30&#8243;][tm_spacer size=&#8221;lg:30&#8243;][vc_column_text css=&#8221;&#8221;]<\/p>\n<p style=\"text-align: center; border: 1px solid #ccc; padding: 10px;\"><i class=\"fal fa-cloud-sun\" style=\"font-size: 36px; color: #1ea5be; vertical-align: middle;\"><\/i> <strong style=\"padding-left: 5px;\">Clima y ropa<\/strong><\/p>\n<p>[\/vc_column_text][tm_spacer size=&#8221;xs:40;sm:50;md:100;lg:150&#8243;][vc_column_text css=&#8221;&#8221;]<\/p>\n<p style=\"text-align: center; border: 1px solid #ccc; padding: 10px;\"><i class=\"fal fa-circle-notch\" style=\"font-size: 36px; color: #1ea5be; vertical-align: middle;\"><\/i> <strong style=\"padding-left: 5px;\">C\u00f3mo desplazarse<\/strong><\/p>\n<p>[\/vc_column_text][\/vc_column][vc_column width=&#8221;1\/12&#8243;][\/vc_column][\/vc_row][vc_row full_width=&#8221;stretch_row&#8221; lg_spacing=&#8221;padding_top:50;padding_bottom:50&#8243;][vc_column][tm_spacer size=&#8221;lg:40&#8243;][vc_btn title=&#8221;Descarga&#8221; color=&#8221;peacoc&#8221; align=&#8221;center&#8221; css=&#8221;&#8221; link=&#8221;url:https%3A%2F%2Fwww.sita.in%2FNewSita%2Fwp-content%2Fuploads%2F2025%2F08%2FTravel-Guidelines-for-Sri-Lanka.pdf|target:_blank|&#8221;][\/vc_column][\/vc_row][vc_row full_width=&#8221;stretch_row_content&#8221; lg_spacing=&#8221;padding_top:150&#8243;][vc_column][tm_image align=&#8221;center&#8221; image=&#8221;3067&#8243;][tm_spacer size=&#8221;lg:5&#8243;][vc_column_text css=&#8221;&#8221;]<\/p>\n<h2 class=\"main-head2\">Destinos <span class=\"highlight-head\">destacados<\/span><\/h2>\n<p>[\/vc_column_text][tm_spacer size=&#8221;lg:18&#8243;][vc_separator color=&#8221;turquoise&#8221; el_width=&#8221;10&#8243; css=&#8221;&#8221;][tm_spacer size=&#8221;lg:50&#8243;][\/vc_column][\/vc_row]<\/p>\n<\/div>","protected":false},"excerpt":{"rendered":"<p>[vc_row full_width=&#8221;stretch_row&#8221; overlay_background=&#8221;custom&#8221; overlay_custom_background=&#8221;#031914&#8243; overlay_opacity=&#8221;35&#8243; lg_spacing=&#8221;padding_top:193;padding_bottom:209&#8243; background_image=&#8221;4707&#8243; background_position=&#8221;center center&#8221;][vc_column][vc_column_text css=&#8221;&#8221;] Sri Lanka [\/vc_column_text][tm_spacer size=&#8221;lg:20&#8243;][vc_column_text css=&#8221;&#8221;] Un tapiz de color, especias y esp\u00edritu [\/vc_column_text][\/vc_column][\/vc_row][vc_row full_width=&#8221;stretch_row&#8221; background_repeat=&#8221;repeat-y&#8221; overlay_background=&#8221;custom&#8221; overlay_custom_background=&#8221;#ffffff&#8221; overlay_opacity=&#8221;20&#8243; lg_spacing=&#8221;padding_top:80;padding_right:300;padding_bottom:80;padding_left:300&#8243; el_id=&#8221;secci\u00f3n-acerca de&#8221; background_image=&#8221;4712&#8243; md_spacing=&#8221;padding_right:0;padding_left:0&#8243; sm_spacing=&#8221;padding_right:0;padding_left:0&#8243; xs_spacing=&#8221;padding_right:0;padding_left:0&#8243; background_position=&#8221;center center&#8221;][vc_column][tm_spacer size=&#8221;lg:70&#8243;][tm_image align=&#8221;center&#8221; image=&#8221;3067&#8243;][tm_spacer size=&#8221;lg:28&#8243;][vc_column_text css=&#8221;&#8221;] Sri Lanka es una vibrante isla de costas doradas, maravillas ancestrales y rica cultura, donde cada viaje es una historia a punto de desvelarse. [\/vc_column_text][tm_spacer size=&#8221;lg:40&#8243;][vc_separator style=&#8221;dashed&#8221;][tm_spacer size=&#8221;lg:40&#8243;][vc_column_text css=&#8221;&#8221;] El nombre de Sri Lanka significa &#8220;tierra resplandeciente&#8221;, y esta naci\u00f3n insular hace verdaderamente honor al ep\u00edteto. La capital, Colombo, es una ciudad animada y sirve de puerto principal de Sri Lanka. Es una interesante mezcla de lo antiguo y lo nuevo, a la vez un centro comercial y un reducto de los encantos del pasado. Como una gema colgada del subcontinente indio, este brillante pa\u00eds encierra mucho m\u00e1s de lo que su tama\u00f1o te har\u00eda creer, lo suficiente para que vuelvas a \u00e9l una y otra vez. Arenas que cortan la respiraci\u00f3n, exuberantes colinas verdes, fauna y flora rebosantes, poderosas cascadas, patrimonio sin fin y lugares de peregrinaci\u00f3n, no es de extra\u00f1ar que Marco Polo describiera Sri Lanka como &#8220;la mejor isla de su tama\u00f1o en el mundo&#8221;. [\/vc_column_text][tm_spacer size=&#8221;lg:100&#8243;][\/vc_column][\/vc_row][vc_row full_width=&#8221;stretch_row&#8221; lg_spacing=&#8221;padding_top:120;padding_bottom:50&#8243; background_image=&#8221;3876&#8243;][vc_column offset=&#8221;vc_col-lg-4&#8243;][tm_spacer size=&#8221;lg:60&#8243;][tm_image image=&#8221;3067&#8243;][tm_spacer size=&#8221;lg:5&#8243;][vc_column_text css=&#8221;&#8221;] Visita obligada Lugares [\/vc_column_text][tm_spacer size=&#8221;lg:18&#8243;][vc_separator color=&#8221;turquoise&#8221; align=&#8221;align_left&#8221; el_width=&#8221;20&#8243; css=&#8221;&#8221;][tm_spacer size=&#8221;lg:30&#8243;][vc_column_text css=&#8221;&#8221;]Descubre los mejores destinos de Sri Lanka, donde la historia, la naturaleza y la vibrante cultura se unen para ofrecer experiencias inolvidables.[\/vc_column_text][tm_spacer size=&#8221;lg:60&#8243;][\/vc_column][vc_column offset=&#8221;vc_col-lg-offset-1 vc_col-lg-7&#8243;][tm_slider_group content_shadow=&#8221;1&#8243; nav=&#8221;09&#8243; pagination=&#8221;10&#8243; gutter=&#8221;0&#8243; items_display=&#8221;xs:1;sm:2;md:2;lg:2&#8243; auto_play=&#8221;2000&#8243;][tm_box_icon image_size=&#8221;full&#8221; align=&#8221;center&#8221; heading=&#8221;Sigiriya Rock Fortress&#8221; text=&#8221;Antigua ciudadela de roca con frescos, jardines y vistas panor\u00e1micas de la selva.&#8221; text_width=&#8221;270px&#8221; image=&#8221;4720&#8243;][tm_box_icon image_size=&#8221;full&#8221; align=&#8221;center&#8221; heading=&#8221;Dambulla Cave&#8221; text=&#8221;Monasterio rupestre con estatuas de Buda, pinturas y calma espiritual por todas partes.&#8221; text_width=&#8221;270px&#8221; image=&#8221;4721&#8243;][tm_box_icon image_size=&#8221;full&#8221; align=&#8221;center&#8221; heading=&#8221;Yala National Park&#8221; text=&#8221;Parque natural de primer orden con leopardos, elefantes y avistamientos de aves ex\u00f3ticas.&#8221; text_width=&#8221;270px&#8221; image=&#8221;4722&#8243;][\/tm_slider_group][tm_spacer size=&#8221;lg:60&#8243;][\/vc_column][\/vc_row][vc_row lg_spacing=&#8221;padding_top:150&#8243;][vc_column][tm_image align=&#8221;center&#8221; image=&#8221;3067&#8243;][tm_spacer size=&#8221;lg:5&#8243;][vc_column_text css=&#8221;&#8221;] Consejos de viaje [\/vc_column_text][tm_spacer size=&#8221;lg:18&#8243;][vc_separator color=&#8221;turquoise&#8221; el_width=&#8221;10&#8243; css=&#8221;&#8221;][tm_spacer size=&#8221;lg:90&#8243;][\/vc_column][\/vc_row][vc_row][vc_column width=&#8221;1\/12&#8243;][\/vc_column][vc_column width=&#8221;1\/4&#8243;][tm_spacer size=&#8221;lg:30&#8243;][tm_spacer size=&#8221;lg:30&#8243;][vc_column_text css=&#8221;&#8221;] Documentos de viaje [\/vc_column_text][tm_spacer size=&#8221;xs:40;sm:50;md:100;lg:150&#8243;][vc_column_text css=&#8221;&#8221;] Aeropuerto y equipaje [\/vc_column_text][\/vc_column][vc_column width=&#8221;1\/3&#8243;][tm_image align=&#8221;center&#8221; image=&#8221;4715&#8243;][\/vc_column][vc_column width=&#8221;1\/4&#8243;][tm_spacer size=&#8221;lg:30&#8243;][tm_spacer size=&#8221;lg:30&#8243;][vc_column_text css=&#8221;&#8221;] Clima y ropa [\/vc_column_text][tm_spacer size=&#8221;xs:40;sm:50;md:100;lg:150&#8243;][vc_column_text css=&#8221;&#8221;] C\u00f3mo desplazarse [\/vc_column_text][\/vc_column][vc_column width=&#8221;1\/12&#8243;][\/vc_column][\/vc_row][vc_row full_width=&#8221;stretch_row&#8221; lg_spacing=&#8221;padding_top:50;padding_bottom:50&#8243;][vc_column][tm_spacer size=&#8221;lg:40&#8243;][vc_btn title=&#8221;Descarga&#8221; color=&#8221;peacoc&#8221; align=&#8221;center&#8221; css=&#8221;&#8221; link=&#8221;url:https%3A%2F%2Fwww.sita.in%2FNewSita%2Fwp-content%2Fuploads%2F2025%2F08%2FTravel-Guidelines-for-Sri-Lanka.pdf|target:_blank|&#8221;][\/vc_column][\/vc_row][vc_row full_width=&#8221;stretch_row_content&#8221; lg_spacing=&#8221;padding_top:150&#8243;][vc_column][tm_image align=&#8221;center&#8221; image=&#8221;3067&#8243;][tm_spacer size=&#8221;lg:5&#8243;][vc_column_text css=&#8221;&#8221;] Destinos destacados [\/vc_column_text][tm_spacer size=&#8221;lg:18&#8243;][vc_separator color=&#8221;turquoise&#8221; el_width=&#8221;10&#8243; css=&#8221;&#8221;][tm_spacer size=&#8221;lg:50&#8243;][\/vc_column][\/vc_row]<\/p>\n","protected":false},"author":1,"featured_media":0,"parent":0,"menu_order":0,"comment_status":"closed","ping_status":"closed","template":"","meta":{"footnotes":""},"class_list":["post-55384","page","type-page","status-publish","hentry","post-no-thumbnail"],"_links":{"self":[{"href":"https:\/\/www.sita.in\/es\/wp-json\/wp\/v2\/pages\/55384","targetHints":{"allow":["GET"]}}],"collection":[{"href":"https:\/\/www.sita.in\/es\/wp-json\/wp\/v2\/pages"}],"about":[{"href":"https:\/\/www.sita.in\/es\/wp-json\/wp\/v2\/types\/page"}],"author":[{"embeddable":true,"href":"https:\/\/www.sita.in\/es\/wp-json\/wp\/v2\/users\/1"}],"replies":[{"embeddable":true,"href":"https:\/\/www.sita.in\/es\/wp-json\/wp\/v2\/comments?post=55384"}],"version-history":[{"count":10,"href":"https:\/\/www.sita.in\/es\/wp-json\/wp\/v2\/pages\/55384\/revisions"}],"predecessor-version":[{"id":55448,"href":"https:\/\/www.sita.in\/es\/wp-json\/wp\/v2\/pages\/55384\/revisions\/55448"}],"wp:attachment":[{"href":"https:\/\/www.sita.in\/es\/wp-json\/wp\/v2\/media?parent=55384"}],"curies":[{"name":"wp","href":"https:\/\/api.w.org\/{rel}","templated":true}]}}