{"id":55468,"date":"2025-12-01T13:19:31","date_gmt":"2025-12-01T13:19:31","guid":{"rendered":"https:\/\/www.sita.in\/momentos-perfectos\/"},"modified":"2025-12-03T13:21:20","modified_gmt":"2025-12-03T13:21:20","slug":"momentos-perfectos","status":"publish","type":"page","link":"https:\/\/www.sita.in\/es\/momentos-perfectos\/","title":{"rendered":"Momentos perfectos"},"content":{"rendered":"<div class=\"wpb-content-wrapper\"><p>[vc_row full_width=&#8221;stretch_row&#8221; overlay_background=&#8221;custom&#8221; overlay_opacity=&#8221;30&#8243; lg_spacing=&#8221;padding_top:193;padding_bottom:209&#8243; background_image=&#8221;4905&#8243; background_position=&#8221;center center&#8221;][vc_column][vc_column_text css=&#8221;&#8221;]<\/p>\n<h1 class=\"page-head\">Momentos perfectos con Sita<\/h1>\n<p>[\/vc_column_text][tm_spacer size=&#8221;lg:20&#8243;][vc_column_text css=&#8221;&#8221;]<\/p>\n<div class=\"page-subhead\">Hecho a mano s\u00f3lo para ti<\/div>\n<p>[\/vc_column_text][\/vc_column][\/vc_row][vc_row full_width=&#8221;stretch_row&#8221; background_size=&#8221;auto&#8221; onepage_skin=&#8221;light&#8221; lg_spacing=&#8221;padding_top:140;padding_bottom:140&#8243; background_image=&#8221;3874&#8243; background_position=&#8221;center top&#8221;][vc_column][tm_image align=&#8221;center&#8221; image=&#8221;3067&#8243;][tm_spacer size=&#8221;lg:5&#8243;][vc_column_text css=&#8221;&#8221;]<\/p>\n<h2 class=\"main-head2\"><span class=\"highlight-head\">Viaje<\/span> sin contratiempos<\/h2>\n<p>[\/vc_column_text][tm_spacer size=&#8221;lg:50&#8243;][vc_separator color=&#8221;custom&#8221; accent_color=&#8221;rgba(79,50,48,0.1)&#8221;][tm_spacer size=&#8221;lg:50&#8243;][vc_column_text css=&#8221;&#8221;]<\/p>\n<p style=\"text-align: center;\">Navegar por los vastos y diversos paisajes de la India y sus vecinos requiere una coordinaci\u00f3n precisa y un profundo conocimiento local. En Sita, los viajes fluidos son la base de nuestro servicio. Nuestra amplia infraestructura regional y nuestros experimentados equipos de tierra garantizan conexiones fluidas y fiables entre ciudades bulliciosas, lugares remotos de inter\u00e9s hist\u00f3rico y rutas esc\u00e9nicas por igual.  <\/p>\n<p style=\"text-align: center;\">Desde traslados privados y vuelos nacionales hasta soluciones de transporte a medida, cada detalle se gestiona para una comodidad, seguridad y eficacia \u00f3ptimas. Organizamos meticulosamente cada movimiento, permitiendo a tus clientes explorar sin esfuerzo desde lugares emblem\u00e1ticos hasta joyas ocultas, ofreci\u00e9ndoles el viaje sin interrupciones que esperan y merecen. <\/p>\n<p>[\/vc_column_text][tm_spacer size=&#8221;lg:20&#8243;][\/vc_column][\/vc_row][vc_row full_width=&#8221;stretch_row&#8221; lg_spacing=&#8221;padding_top:120;padding_bottom:120&#8243; background_image=&#8221;921&#8243;][vc_column][tm_image align=&#8221;center&#8221; image=&#8221;3067&#8243;][tm_spacer size=&#8221;lg:5&#8243;][vc_column_text css=&#8221;&#8221;]<\/p>\n<h2 class=\"main-head2\">Viajes a medida: Individual, en grupo e intereses especiales<\/h2>\n<p>[\/vc_column_text][tm_spacer size=&#8221;lg:20&#8243;][vc_column_text css=&#8221;&#8221;]<\/p>\n<div class=\"sub-head2\">Planificaci\u00f3n perfecta, experiencias aut\u00e9nticas, recuerdos duraderos<\/div>\n<p>[\/vc_column_text][tm_spacer size=&#8221;lg:25&#8243;][vc_separator color=&#8221;custom&#8221; accent_color=&#8221;rgba(79,50,48,0.1)&#8221;][tm_spacer size=&#8221;lg:35&#8243;][vc_column_text css=&#8221;&#8221;]<\/p>\n<p style=\"text-align: center;\">En Sita, sabemos que los viajes son m\u00e1s gratificantes cuando se adaptan a las preferencias individuales, se comparten con grupos afines o se centran en intereses especiales. Nuestros viajes dise\u00f1ados por expertos -ya sean para viajeros en solitario, grupos o pasiones espec\u00edficas- garantizan una log\u00edstica sin fisuras, una gu\u00eda experta y experiencias aut\u00e9nticas. <\/p>\n<p>Con m\u00e1s de 60 a\u00f1os de experiencia demostrada, ofrecemos viajes con informaci\u00f3n privilegiada que revelan el verdadero esp\u00edritu de la gente y los lugares del subcontinente, yendo m\u00e1s all\u00e1 de las rutas t\u00edpicas. As\u00f3ciate con nosotros para ofrecer a tus clientes experiencias de viaje incomparables y significativas, perfectamente adaptadas a sus necesidades.<\/p>\n<p>[\/vc_column_text][tm_spacer size=&#8221;lg:60&#8243;][vc_row_inner][vc_column_inner width=&#8221;1\/4&#8243;][tm_icon icon_type=&#8221;fontawesome5&#8243; icon_fontawesome5=&#8221;fal fa-clipboard-check&#8221; align=&#8221;center&#8221; style=&#8221;03&#8243; icon_color=&#8221;primary&#8221; font_size=&#8221;lg:40&#8243;][tm_spacer size=&#8221;lg:20&#8243;][vc_column_text css=&#8221;&#8221;]<\/p>\n<h4 style=\"text-align: center;\">Recorridos fuera de lo com\u00fan<\/h4>\n<p>[\/vc_column_text][tm_spacer size=&#8221;lg:20&#8243;][\/vc_column_inner][vc_column_inner width=&#8221;1\/4&#8243;][tm_icon icon_type=&#8221;fontawesome5&#8243; icon_fontawesome5=&#8221;fal fa-calendar-check&#8221; align=&#8221;center&#8221; style=&#8221;03&#8243; icon_color=&#8221;primary&#8221; font_size=&#8221;lg:40&#8243;][tm_spacer size=&#8221;lg:20&#8243;][vc_column_text css=&#8221;&#8221;]<\/p>\n<h4 style=\"text-align: center;\">Dise\u00f1adores expertos en viajes<\/h4>\n<p>[\/vc_column_text][tm_spacer size=&#8221;lg:20&#8243;][\/vc_column_inner][vc_column_inner width=&#8221;1\/4&#8243;][tm_icon icon_type=&#8221;fontawesome5&#8243; icon_fontawesome5=&#8221;far fa-leaf&#8221; align=&#8221;center&#8221; style=&#8221;03&#8243; icon_color=&#8221;primary&#8221; font_size=&#8221;lg:40&#8243;][tm_spacer size=&#8221;lg:20&#8243;][vc_column_text css=&#8221;&#8221;]<\/p>\n<h4 style=\"text-align: center;\">Encuentros sostenibles<\/h4>\n<p>[\/vc_column_text][tm_spacer size=&#8221;lg:20&#8243;][\/vc_column_inner][vc_column_inner width=&#8221;1\/4&#8243;][tm_icon icon_type=&#8221;fontawesome5&#8243; icon_fontawesome5=&#8221;fal fa-hands&#8221; align=&#8221;center&#8221; style=&#8221;03&#8243; icon_color=&#8221;primary&#8221; font_size=&#8221;lg:40&#8243;][tm_spacer size=&#8221;lg:20&#8243;][vc_column_text css=&#8221;&#8221;]<\/p>\n<h4 style=\"text-align: center;\">Libertad para explorar<\/h4>\n<p>[\/vc_column_text][tm_spacer size=&#8221;lg:20&#8243;][\/vc_column_inner][\/vc_row_inner][tm_spacer size=&#8221;lg:60&#8243;][\/vc_column][\/vc_row][vc_row full_width=&#8221;stretch_row_content&#8221; overlay_background=&#8221;custom&#8221; overlay_opacity=&#8221;10&#8243; lg_spacing=&#8221;padding_top:200;padding_bottom:200&#8243; background_image=&#8221;4934&#8243;][vc_column width=&#8221;1\/3&#8243; offset=&#8221;vc_col-lg-1&#8243;][\/vc_column][vc_column width=&#8221;1\/3&#8243; offset=&#8221;vc_col-lg-6&#8243;][vc_row_inner background_color=&#8221;custom&#8221; custom_background_color=&#8221;#FFFFFFCC&#8221;][vc_column_inner][vc_column_text css=&#8221;&#8221;]<\/p>\n<h2 class=\"main-head-white\">Comparte tus visiones de viaje<\/h2>\n<p>[\/vc_column_text][tm_spacer size=&#8221;lg:5&#8243;][vc_column_text css=&#8221;&#8221;]<\/p>\n<p style=\"color: #fff;\">Les damos vida<\/p>\n<p>[\/vc_column_text][tm_spacer size=&#8221;lg:30&#8243;][vc_column_text css=&#8221;&#8221;]\t<a class=\"paoc-popup-click paoc-popup-cust-56152 paoc-popup-button paoc-popup-btn \" href=\"javascript:void(0);\">TAILOR ITINERARY WITH EASE<\/a>\r\n[\/vc_column_text][\/vc_column_inner][\/vc_row_inner][\/vc_column][vc_column width=&#8221;1\/3&#8243; offset=&#8221;vc_col-lg-5&#8243;][\/vc_column][\/vc_row]<\/p>\n<\/div>","protected":false},"excerpt":{"rendered":"<p>[vc_row full_width=&#8221;stretch_row&#8221; overlay_background=&#8221;custom&#8221; overlay_opacity=&#8221;30&#8243; lg_spacing=&#8221;padding_top:193;padding_bottom:209&#8243; background_image=&#8221;4905&#8243; background_position=&#8221;center center&#8221;][vc_column][vc_column_text css=&#8221;&#8221;] Momentos perfectos con Sita [\/vc_column_text][tm_spacer size=&#8221;lg:20&#8243;][vc_column_text css=&#8221;&#8221;] Hecho a mano s\u00f3lo para ti [\/vc_column_text][\/vc_column][\/vc_row][vc_row full_width=&#8221;stretch_row&#8221; background_size=&#8221;auto&#8221; onepage_skin=&#8221;light&#8221; lg_spacing=&#8221;padding_top:140;padding_bottom:140&#8243; background_image=&#8221;3874&#8243; background_position=&#8221;center top&#8221;][vc_column][tm_image align=&#8221;center&#8221; image=&#8221;3067&#8243;][tm_spacer size=&#8221;lg:5&#8243;][vc_column_text css=&#8221;&#8221;] Viaje sin contratiempos [\/vc_column_text][tm_spacer size=&#8221;lg:50&#8243;][vc_separator color=&#8221;custom&#8221; accent_color=&#8221;rgba(79,50,48,0.1)&#8221;][tm_spacer size=&#8221;lg:50&#8243;][vc_column_text css=&#8221;&#8221;] Navegar por los vastos y diversos paisajes de la India y sus vecinos requiere una coordinaci\u00f3n precisa y un profundo conocimiento local. En Sita, los viajes fluidos son la base de nuestro servicio. Nuestra amplia infraestructura regional y nuestros experimentados equipos de tierra garantizan conexiones fluidas y fiables entre ciudades bulliciosas, lugares remotos de inter\u00e9s hist\u00f3rico y rutas esc\u00e9nicas por igual. Desde traslados privados y vuelos nacionales hasta soluciones de transporte a medida, cada detalle se gestiona para una comodidad, seguridad y eficacia \u00f3ptimas. Organizamos meticulosamente cada movimiento, permitiendo a tus clientes explorar sin esfuerzo desde lugares emblem\u00e1ticos hasta joyas ocultas, ofreci\u00e9ndoles el viaje sin interrupciones que esperan y merecen. [\/vc_column_text][tm_spacer size=&#8221;lg:20&#8243;][\/vc_column][\/vc_row][vc_row full_width=&#8221;stretch_row&#8221; lg_spacing=&#8221;padding_top:120;padding_bottom:120&#8243; background_image=&#8221;921&#8243;][vc_column][tm_image align=&#8221;center&#8221; image=&#8221;3067&#8243;][tm_spacer size=&#8221;lg:5&#8243;][vc_column_text css=&#8221;&#8221;] Viajes a medida: Individual, en grupo e intereses especiales [\/vc_column_text][tm_spacer size=&#8221;lg:20&#8243;][vc_column_text css=&#8221;&#8221;] Planificaci\u00f3n perfecta, experiencias aut\u00e9nticas, recuerdos duraderos [\/vc_column_text][tm_spacer size=&#8221;lg:25&#8243;][vc_separator color=&#8221;custom&#8221; accent_color=&#8221;rgba(79,50,48,0.1)&#8221;][tm_spacer size=&#8221;lg:35&#8243;][vc_column_text css=&#8221;&#8221;] En Sita, sabemos que los viajes son m\u00e1s gratificantes cuando se adaptan a las preferencias individuales, se comparten con grupos afines o se centran en intereses especiales. Nuestros viajes dise\u00f1ados por expertos -ya sean para viajeros en solitario, grupos o pasiones espec\u00edficas- garantizan una log\u00edstica sin fisuras, una gu\u00eda experta y experiencias aut\u00e9nticas. Con m\u00e1s de 60 a\u00f1os de experiencia demostrada, ofrecemos viajes con informaci\u00f3n privilegiada que revelan el verdadero esp\u00edritu de la gente y los lugares del subcontinente, yendo m\u00e1s all\u00e1 de las rutas t\u00edpicas. As\u00f3ciate con nosotros para ofrecer a tus clientes experiencias de viaje incomparables y significativas, perfectamente adaptadas a sus necesidades. [\/vc_column_text][tm_spacer size=&#8221;lg:60&#8243;][vc_row_inner][vc_column_inner width=&#8221;1\/4&#8243;][tm_icon icon_type=&#8221;fontawesome5&#8243; icon_fontawesome5=&#8221;fal fa-clipboard-check&#8221; align=&#8221;center&#8221; style=&#8221;03&#8243; icon_color=&#8221;primary&#8221; font_size=&#8221;lg:40&#8243;][tm_spacer size=&#8221;lg:20&#8243;][vc_column_text css=&#8221;&#8221;] Recorridos fuera de lo com\u00fan [\/vc_column_text][tm_spacer size=&#8221;lg:20&#8243;][\/vc_column_inner][vc_column_inner width=&#8221;1\/4&#8243;][tm_icon icon_type=&#8221;fontawesome5&#8243; icon_fontawesome5=&#8221;fal fa-calendar-check&#8221; align=&#8221;center&#8221; style=&#8221;03&#8243; icon_color=&#8221;primary&#8221; font_size=&#8221;lg:40&#8243;][tm_spacer size=&#8221;lg:20&#8243;][vc_column_text css=&#8221;&#8221;] Dise\u00f1adores expertos en viajes [\/vc_column_text][tm_spacer size=&#8221;lg:20&#8243;][\/vc_column_inner][vc_column_inner width=&#8221;1\/4&#8243;][tm_icon icon_type=&#8221;fontawesome5&#8243; icon_fontawesome5=&#8221;far fa-leaf&#8221; align=&#8221;center&#8221; style=&#8221;03&#8243; icon_color=&#8221;primary&#8221; font_size=&#8221;lg:40&#8243;][tm_spacer size=&#8221;lg:20&#8243;][vc_column_text css=&#8221;&#8221;] Encuentros sostenibles [\/vc_column_text][tm_spacer size=&#8221;lg:20&#8243;][\/vc_column_inner][vc_column_inner width=&#8221;1\/4&#8243;][tm_icon icon_type=&#8221;fontawesome5&#8243; icon_fontawesome5=&#8221;fal fa-hands&#8221; align=&#8221;center&#8221; style=&#8221;03&#8243; icon_color=&#8221;primary&#8221; font_size=&#8221;lg:40&#8243;][tm_spacer size=&#8221;lg:20&#8243;][vc_column_text css=&#8221;&#8221;] Libertad para explorar [\/vc_column_text][tm_spacer size=&#8221;lg:20&#8243;][\/vc_column_inner][\/vc_row_inner][tm_spacer size=&#8221;lg:60&#8243;][\/vc_column][\/vc_row][vc_row full_width=&#8221;stretch_row_content&#8221; overlay_background=&#8221;custom&#8221; overlay_opacity=&#8221;10&#8243; lg_spacing=&#8221;padding_top:200;padding_bottom:200&#8243; background_image=&#8221;4934&#8243;][vc_column width=&#8221;1\/3&#8243; offset=&#8221;vc_col-lg-1&#8243;][\/vc_column][vc_column width=&#8221;1\/3&#8243; offset=&#8221;vc_col-lg-6&#8243;][vc_row_inner background_color=&#8221;custom&#8221; custom_background_color=&#8221;#FFFFFFCC&#8221;][vc_column_inner][vc_column_text css=&#8221;&#8221;] Comparte tus visiones de viaje [\/vc_column_text][tm_spacer size=&#8221;lg:5&#8243;][vc_column_text css=&#8221;&#8221;] Les damos vida [\/vc_column_text][tm_spacer size=&#8221;lg:30&#8243;][vc_column_text css=&#8221;&#8221;][\/vc_column_text][\/vc_column_inner][\/vc_row_inner][\/vc_column][vc_column width=&#8221;1\/3&#8243; offset=&#8221;vc_col-lg-5&#8243;][\/vc_column][\/vc_row]<\/p>\n","protected":false},"author":1,"featured_media":0,"parent":0,"menu_order":0,"comment_status":"closed","ping_status":"closed","template":"","meta":{"footnotes":""},"class_list":["post-55468","page","type-page","status-publish","hentry","post-no-thumbnail"],"_links":{"self":[{"href":"https:\/\/www.sita.in\/es\/wp-json\/wp\/v2\/pages\/55468","targetHints":{"allow":["GET"]}}],"collection":[{"href":"https:\/\/www.sita.in\/es\/wp-json\/wp\/v2\/pages"}],"about":[{"href":"https:\/\/www.sita.in\/es\/wp-json\/wp\/v2\/types\/page"}],"author":[{"embeddable":true,"href":"https:\/\/www.sita.in\/es\/wp-json\/wp\/v2\/users\/1"}],"replies":[{"embeddable":true,"href":"https:\/\/www.sita.in\/es\/wp-json\/wp\/v2\/comments?post=55468"}],"version-history":[{"count":3,"href":"https:\/\/www.sita.in\/es\/wp-json\/wp\/v2\/pages\/55468\/revisions"}],"predecessor-version":[{"id":56168,"href":"https:\/\/www.sita.in\/es\/wp-json\/wp\/v2\/pages\/55468\/revisions\/56168"}],"wp:attachment":[{"href":"https:\/\/www.sita.in\/es\/wp-json\/wp\/v2\/media?parent=55468"}],"curies":[{"name":"wp","href":"https:\/\/api.w.org\/{rel}","templated":true}]}}