{"id":55699,"date":"2025-12-01T13:21:04","date_gmt":"2025-12-01T13:21:04","guid":{"rendered":"https:\/\/www.sita.in\/nepal\/"},"modified":"2025-12-01T13:21:12","modified_gmt":"2025-12-01T13:21:12","slug":"nepal","status":"publish","type":"page","link":"https:\/\/www.sita.in\/es\/nepal\/","title":{"rendered":"Nepal"},"content":{"rendered":"<div class=\"wpb-content-wrapper\"><p>[vc_row full_width=&#8221;stretch_row&#8221; overlay_background=&#8221;custom&#8221; overlay_custom_background=&#8221;#031914&#8243; overlay_opacity=&#8221;25&#8243; lg_spacing=&#8221;padding_top:193;padding_bottom:209&#8243; background_image=&#8221;4557&#8243; background_position=&#8221;center center&#8221;][vc_column][vc_column_text css=&#8221;&#8221;]<\/p>\n<h1 class=\"page-head\">Nepal<\/h1>\n<p>[\/vc_column_text][tm_spacer size=&#8221;lg:20&#8243;][vc_column_text css=&#8221;&#8221;]<\/p>\n<div class=\"page-subhead\">Experimenta la majestuosidad y la serenidad de Nepal<\/div>\n<p>[\/vc_column_text][\/vc_column][\/vc_row][vc_row full_width=&#8221;stretch_row&#8221; background_repeat=&#8221;repeat-y&#8221; overlay_background=&#8221;custom&#8221; overlay_custom_background=&#8221;#ffffff&#8221; overlay_opacity=&#8221;20&#8243; lg_spacing=&#8221;padding_top:80;padding_right:300;padding_bottom:80;padding_left:300&#8243; el_id=&#8221;secci\u00f3n-acerca de&#8221; background_image=&#8221;953&#8243; md_spacing=&#8221;padding_right:0;padding_left:0&#8243; sm_spacing=&#8221;padding_right:0;padding_left:0&#8243; xs_spacing=&#8221;padding_right:0;padding_left:0&#8243; background_position=&#8221;center center&#8221;][vc_column][tm_spacer size=&#8221;lg:70&#8243;][tm_image align=&#8221;center&#8221; image=&#8221;3067&#8243;][tm_spacer size=&#8221;lg:28&#8243;][vc_column_text css=&#8221;&#8221;]<\/p>\n<h3 class=\"page-intro\">Nepal es la tierra de las monta\u00f1as y los monasterios. Este pa\u00eds sin salida al mar posee la fusi\u00f3n perfecta de naturaleza y cultura. Pintoresca cordillera del Himalaya en el norte, rugientes r\u00edos que se abren paso a trav\u00e9s de las colinas hasta las llanuras, exuberantes arrozales verdes y pintorescos pueblecitos por todas partes, su belleza paisaj\u00edstica dejar\u00e1 una imagen duradera en tu mente.  <\/h3>\n<p>[\/vc_column_text][tm_spacer size=&#8221;lg:40&#8243;][vc_separator style=&#8221;dashed&#8221;][tm_spacer size=&#8221;lg:40&#8243;][vc_column_text css=&#8221;&#8221;]<\/p>\n<p style=\"text-align: center;\">Nepal es un para\u00edso para los amantes de la naturaleza y los entusiastas de la cultura. Desde senderos escarpados a vistas impresionantes, pasando por rafting en r\u00edos salvajes o avistamiento de fauna ex\u00f3tica, ofrece aventura a trav\u00e9s de diversos paisajes. Katmand\u00fa, rica en historia, mezcla culturas en sus plazas medievales, templos y monasterios, con lugares declarados Patrimonio de la Humanidad por la UNESCO que resaltan su importancia. Los nepal\u00edes son c\u00e1lidos y hospitalarios, y tratan a sus hu\u00e9spedes con profundo respeto y amabilidad vayas donde vayas.   <\/p>\n<p>[\/vc_column_text][tm_spacer size=&#8221;lg:100&#8243;][\/vc_column][\/vc_row][vc_row full_width=&#8221;stretch_row&#8221; content_placement=&#8221;middle&#8221; lg_spacing=&#8221;padding_top:120;padding_bottom:50&#8243; background_image=&#8221;3876&#8243;][vc_column offset=&#8221;vc_col-lg-4&#8243;][tm_image image=&#8221;3067&#8243;][tm_spacer size=&#8221;lg:5&#8243;][vc_column_text css=&#8221;&#8221;]<\/p>\n<h2 class=\"main-head\">Visita obligada<br \/>\n<span class=\"highlight-head\">Lugares<\/span><\/h2>\n<p>[\/vc_column_text][tm_spacer size=&#8221;lg:18&#8243;][vc_separator color=&#8221;turquoise&#8221; align=&#8221;align_left&#8221; el_width=&#8221;20&#8243; css=&#8221;&#8221;][tm_spacer size=&#8221;lg:30&#8243;][vc_column_text css=&#8221;&#8221;]Nepal es una tierra de belleza sobrecogedora, donde los picos imponentes se encuentran con la cultura ancestral. Desde el Himalaya hasta lagos serenos y templos sagrados, ofrece experiencias inolvidables a todos los viajeros.[\/vc_column_text][tm_spacer size=&#8221;lg:40&#8243;][\/vc_column][vc_column offset=&#8221;vc_col-lg-offset-1 vc_col-lg-7&#8243;][tm_slider_group content_shadow=&#8221;1&#8243; nav=&#8221;09&#8243; pagination=&#8221;10&#8243; gutter=&#8221;0&#8243; items_display=&#8221;xs:1;sm:2;md:2;lg:2&#8243; auto_play=&#8221;2000&#8243;][tm_box_icon image_size=&#8221;full&#8221; align=&#8221;center&#8221; heading=&#8221;Durbar Square&#8221; text=&#8221;Sitio hist\u00f3rico de la UNESCO que muestra la arquitectura tradicional nepalesa, antiguos palacios, templos y una vibrante cultura local.&#8221; text_width=&#8221;270px&#8221; image=&#8221;4564&#8243;][tm_box_icon image_size=&#8221;full&#8221; align=&#8221;center&#8221; heading=&#8221;Pokhara&#8221; text=&#8221;Ciudad lacustre que ofrece el lago Phewa, las cataratas Davis, el amanecer de Sarangkot y actividades emocionantes como parapente y paseos en barco.&#8221; text_width=&#8221;270px&#8221; image=&#8221;4565&#8243;][tm_box_icon image_size=&#8221;full&#8221; align=&#8221;center&#8221; heading=&#8221;Chitwan National Park&#8221; text=&#8221;Santuario de vida salvaje con safaris, rinocerontes, tigres, elefantes y observaci\u00f3n de aves en un lugar protegido declarado Patrimonio de la Humanidad por la UNESCO.&#8221; text_width=&#8221;270px&#8221; image=&#8221;4566&#8243;][\/tm_slider_group][tm_spacer size=&#8221;lg:60&#8243;][\/vc_column][\/vc_row][vc_row lg_spacing=&#8221;padding_top:150&#8243;][vc_column][tm_image align=&#8221;center&#8221; image=&#8221;3067&#8243;][tm_spacer size=&#8221;lg:5&#8243;][vc_column_text css=&#8221;&#8221;]<\/p>\n<h2 class=\"main-head2\"><span class=\"highlight-head\">Consejos de<\/span> viaje<\/h2>\n<p>[\/vc_column_text][tm_spacer size=&#8221;lg:18&#8243;][vc_separator color=&#8221;turquoise&#8221; el_width=&#8221;10&#8243; css=&#8221;&#8221;][tm_spacer size=&#8221;lg:90&#8243;][\/vc_column][\/vc_row][vc_row][vc_column width=&#8221;1\/12&#8243;][\/vc_column][vc_column width=&#8221;1\/4&#8243;][vc_column_text css=&#8221;&#8221;]<\/p>\n<p style=\"text-align: center; border: 1px solid #ccc; padding: 10px;\"><i class=\"fal fa-passport\" style=\"font-size: 36px; color: #1ea5be; vertical-align: middle;\"><\/i> <strong style=\"padding-left: 5px;\">Documentos de viaje<\/strong><\/p>\n<p>[\/vc_column_text][tm_spacer size=&#8221;xs:40;sm:50;md:100;lg:150&#8243;][vc_column_text css=&#8221;&#8221;]<\/p>\n<p style=\"text-align: center; border: 1px solid #ccc; padding: 10px;\"><i class=\"fal fa-suitcase-rolling\" style=\"font-size: 36px; color: #1ea5be; vertical-align: middle;\"><\/i> <strong style=\"padding-left: 5px;\">Aeropuerto y equipaje<\/strong><\/p>\n<p>[\/vc_column_text][\/vc_column][vc_column width=&#8221;1\/3&#8243;][tm_image align=&#8221;center&#8221; image=&#8221;3061&#8243;][\/vc_column][vc_column width=&#8221;1\/4&#8243;][vc_column_text css=&#8221;&#8221;]<\/p>\n<p style=\"text-align: center; border: 1px solid #ccc; padding: 10px;\"><i class=\"fal fa-cloud-sun\" style=\"font-size: 36px; color: #1ea5be; vertical-align: middle;\"><\/i> <strong style=\"padding-left: 5px;\">Clima y ropa<\/strong><\/p>\n<p>[\/vc_column_text][tm_spacer size=&#8221;xs:40;sm:50;md:100;lg:150&#8243;][vc_column_text css=&#8221;&#8221;]<\/p>\n<p style=\"text-align: center; border: 1px solid #ccc; padding: 10px;\"><i class=\"fal fa-circle-notch\" style=\"font-size: 36px; color: #1ea5be; vertical-align: middle;\"><\/i> <strong style=\"padding-left: 5px;\">C\u00f3mo desplazarse<\/strong><\/p>\n<p>[\/vc_column_text][\/vc_column][vc_column width=&#8221;1\/12&#8243;][\/vc_column][\/vc_row][vc_row full_width=&#8221;stretch_row&#8221; lg_spacing=&#8221;padding_top:50;padding_bottom:50&#8243;][vc_column][tm_spacer size=&#8221;lg:40&#8243;][vc_btn title=&#8221;Descarga&#8221; color=&#8221;peacoc&#8221; align=&#8221;center&#8221; css=&#8221;&#8221; link=&#8221;url:https%3A%2F%2Fwww.sita.in%2FNewSita%2Fwp-content%2Fuploads%2F2025%2F08%2FTravel-Guidelines-for-Nepal.pdf|target:_blank|&#8221;][\/vc_column][\/vc_row][vc_row full_width=&#8221;stretch_row_content&#8221; lg_spacing=&#8221;padding_top:150&#8243;][vc_column][tm_image align=&#8221;center&#8221; image=&#8221;3067&#8243;][tm_spacer size=&#8221;lg:5&#8243;][vc_column_text css=&#8221;&#8221;]<\/p>\n<h2 class=\"main-head2\">Destinos <span class=\"highlight-head\">destacados<\/span><\/h2>\n<p>[\/vc_column_text][tm_spacer size=&#8221;lg:18&#8243;][vc_separator color=&#8221;turquoise&#8221; el_width=&#8221;10&#8243; css=&#8221;&#8221;][tm_spacer size=&#8221;lg:50&#8243;][\/vc_column][\/vc_row]<\/p>\n<\/div>","protected":false},"excerpt":{"rendered":"<p>[vc_row full_width=&#8221;stretch_row&#8221; overlay_background=&#8221;custom&#8221; overlay_custom_background=&#8221;#031914&#8243; overlay_opacity=&#8221;25&#8243; lg_spacing=&#8221;padding_top:193;padding_bottom:209&#8243; background_image=&#8221;4557&#8243; background_position=&#8221;center center&#8221;][vc_column][vc_column_text css=&#8221;&#8221;] Nepal [\/vc_column_text][tm_spacer size=&#8221;lg:20&#8243;][vc_column_text css=&#8221;&#8221;] Experimenta la majestuosidad y la serenidad de Nepal [\/vc_column_text][\/vc_column][\/vc_row][vc_row full_width=&#8221;stretch_row&#8221; background_repeat=&#8221;repeat-y&#8221; overlay_background=&#8221;custom&#8221; overlay_custom_background=&#8221;#ffffff&#8221; overlay_opacity=&#8221;20&#8243; lg_spacing=&#8221;padding_top:80;padding_right:300;padding_bottom:80;padding_left:300&#8243; el_id=&#8221;secci\u00f3n-acerca de&#8221; background_image=&#8221;953&#8243; md_spacing=&#8221;padding_right:0;padding_left:0&#8243; sm_spacing=&#8221;padding_right:0;padding_left:0&#8243; xs_spacing=&#8221;padding_right:0;padding_left:0&#8243; background_position=&#8221;center center&#8221;][vc_column][tm_spacer size=&#8221;lg:70&#8243;][tm_image align=&#8221;center&#8221; image=&#8221;3067&#8243;][tm_spacer size=&#8221;lg:28&#8243;][vc_column_text css=&#8221;&#8221;] Nepal es la tierra de las monta\u00f1as y los monasterios. Este pa\u00eds sin salida al mar posee la fusi\u00f3n perfecta de naturaleza y cultura. Pintoresca cordillera del Himalaya en el norte, rugientes r\u00edos que se abren paso a trav\u00e9s de las colinas hasta las llanuras, exuberantes arrozales verdes y pintorescos pueblecitos por todas partes, su belleza paisaj\u00edstica dejar\u00e1 una imagen duradera en tu mente. [\/vc_column_text][tm_spacer size=&#8221;lg:40&#8243;][vc_separator style=&#8221;dashed&#8221;][tm_spacer size=&#8221;lg:40&#8243;][vc_column_text css=&#8221;&#8221;] Nepal es un para\u00edso para los amantes de la naturaleza y los entusiastas de la cultura. Desde senderos escarpados a vistas impresionantes, pasando por rafting en r\u00edos salvajes o avistamiento de fauna ex\u00f3tica, ofrece aventura a trav\u00e9s de diversos paisajes. Katmand\u00fa, rica en historia, mezcla culturas en sus plazas medievales, templos y monasterios, con lugares declarados Patrimonio de la Humanidad por la UNESCO que resaltan su importancia. Los nepal\u00edes son c\u00e1lidos y hospitalarios, y tratan a sus hu\u00e9spedes con profundo respeto y amabilidad vayas donde vayas. [\/vc_column_text][tm_spacer size=&#8221;lg:100&#8243;][\/vc_column][\/vc_row][vc_row full_width=&#8221;stretch_row&#8221; content_placement=&#8221;middle&#8221; lg_spacing=&#8221;padding_top:120;padding_bottom:50&#8243; background_image=&#8221;3876&#8243;][vc_column offset=&#8221;vc_col-lg-4&#8243;][tm_image image=&#8221;3067&#8243;][tm_spacer size=&#8221;lg:5&#8243;][vc_column_text css=&#8221;&#8221;] Visita obligada Lugares [\/vc_column_text][tm_spacer size=&#8221;lg:18&#8243;][vc_separator color=&#8221;turquoise&#8221; align=&#8221;align_left&#8221; el_width=&#8221;20&#8243; css=&#8221;&#8221;][tm_spacer size=&#8221;lg:30&#8243;][vc_column_text css=&#8221;&#8221;]Nepal es una tierra de belleza sobrecogedora, donde los picos imponentes se encuentran con la cultura ancestral. Desde el Himalaya hasta lagos serenos y templos sagrados, ofrece experiencias inolvidables a todos los viajeros.[\/vc_column_text][tm_spacer size=&#8221;lg:40&#8243;][\/vc_column][vc_column offset=&#8221;vc_col-lg-offset-1 vc_col-lg-7&#8243;][tm_slider_group content_shadow=&#8221;1&#8243; nav=&#8221;09&#8243; pagination=&#8221;10&#8243; gutter=&#8221;0&#8243; items_display=&#8221;xs:1;sm:2;md:2;lg:2&#8243; auto_play=&#8221;2000&#8243;][tm_box_icon image_size=&#8221;full&#8221; align=&#8221;center&#8221; heading=&#8221;Durbar Square&#8221; text=&#8221;Sitio hist\u00f3rico de la UNESCO que muestra la arquitectura tradicional nepalesa, antiguos palacios, templos y una vibrante cultura local.&#8221; text_width=&#8221;270px&#8221; image=&#8221;4564&#8243;][tm_box_icon image_size=&#8221;full&#8221; align=&#8221;center&#8221; heading=&#8221;Pokhara&#8221; text=&#8221;Ciudad lacustre que ofrece el lago Phewa, las cataratas Davis, el amanecer de Sarangkot y actividades emocionantes como parapente y paseos en barco.&#8221; text_width=&#8221;270px&#8221; image=&#8221;4565&#8243;][tm_box_icon image_size=&#8221;full&#8221; align=&#8221;center&#8221; heading=&#8221;Chitwan National Park&#8221; text=&#8221;Santuario de vida salvaje con safaris, rinocerontes, tigres, elefantes y observaci\u00f3n de aves en un lugar protegido declarado Patrimonio de la Humanidad por la UNESCO.&#8221; text_width=&#8221;270px&#8221; image=&#8221;4566&#8243;][\/tm_slider_group][tm_spacer size=&#8221;lg:60&#8243;][\/vc_column][\/vc_row][vc_row lg_spacing=&#8221;padding_top:150&#8243;][vc_column][tm_image align=&#8221;center&#8221; image=&#8221;3067&#8243;][tm_spacer size=&#8221;lg:5&#8243;][vc_column_text css=&#8221;&#8221;] Consejos de viaje [\/vc_column_text][tm_spacer size=&#8221;lg:18&#8243;][vc_separator color=&#8221;turquoise&#8221; el_width=&#8221;10&#8243; css=&#8221;&#8221;][tm_spacer size=&#8221;lg:90&#8243;][\/vc_column][\/vc_row][vc_row][vc_column width=&#8221;1\/12&#8243;][\/vc_column][vc_column width=&#8221;1\/4&#8243;][vc_column_text css=&#8221;&#8221;] Documentos de viaje [\/vc_column_text][tm_spacer size=&#8221;xs:40;sm:50;md:100;lg:150&#8243;][vc_column_text css=&#8221;&#8221;] Aeropuerto y equipaje [\/vc_column_text][\/vc_column][vc_column width=&#8221;1\/3&#8243;][tm_image align=&#8221;center&#8221; image=&#8221;3061&#8243;][\/vc_column][vc_column width=&#8221;1\/4&#8243;][vc_column_text css=&#8221;&#8221;] Clima y ropa [\/vc_column_text][tm_spacer size=&#8221;xs:40;sm:50;md:100;lg:150&#8243;][vc_column_text css=&#8221;&#8221;] C\u00f3mo desplazarse [\/vc_column_text][\/vc_column][vc_column width=&#8221;1\/12&#8243;][\/vc_column][\/vc_row][vc_row full_width=&#8221;stretch_row&#8221; lg_spacing=&#8221;padding_top:50;padding_bottom:50&#8243;][vc_column][tm_spacer size=&#8221;lg:40&#8243;][vc_btn title=&#8221;Descarga&#8221; color=&#8221;peacoc&#8221; align=&#8221;center&#8221; css=&#8221;&#8221; link=&#8221;url:https%3A%2F%2Fwww.sita.in%2FNewSita%2Fwp-content%2Fuploads%2F2025%2F08%2FTravel-Guidelines-for-Nepal.pdf|target:_blank|&#8221;][\/vc_column][\/vc_row][vc_row full_width=&#8221;stretch_row_content&#8221; lg_spacing=&#8221;padding_top:150&#8243;][vc_column][tm_image align=&#8221;center&#8221; image=&#8221;3067&#8243;][tm_spacer size=&#8221;lg:5&#8243;][vc_column_text css=&#8221;&#8221;] Destinos destacados [\/vc_column_text][tm_spacer size=&#8221;lg:18&#8243;][vc_separator color=&#8221;turquoise&#8221; el_width=&#8221;10&#8243; css=&#8221;&#8221;][tm_spacer size=&#8221;lg:50&#8243;][\/vc_column][\/vc_row]<\/p>\n","protected":false},"author":1,"featured_media":0,"parent":0,"menu_order":0,"comment_status":"closed","ping_status":"closed","template":"","meta":{"footnotes":""},"class_list":["post-55699","page","type-page","status-publish","hentry","post-no-thumbnail"],"_links":{"self":[{"href":"https:\/\/www.sita.in\/es\/wp-json\/wp\/v2\/pages\/55699","targetHints":{"allow":["GET"]}}],"collection":[{"href":"https:\/\/www.sita.in\/es\/wp-json\/wp\/v2\/pages"}],"about":[{"href":"https:\/\/www.sita.in\/es\/wp-json\/wp\/v2\/types\/page"}],"author":[{"embeddable":true,"href":"https:\/\/www.sita.in\/es\/wp-json\/wp\/v2\/users\/1"}],"replies":[{"embeddable":true,"href":"https:\/\/www.sita.in\/es\/wp-json\/wp\/v2\/comments?post=55699"}],"version-history":[{"count":1,"href":"https:\/\/www.sita.in\/es\/wp-json\/wp\/v2\/pages\/55699\/revisions"}],"predecessor-version":[{"id":55705,"href":"https:\/\/www.sita.in\/es\/wp-json\/wp\/v2\/pages\/55699\/revisions\/55705"}],"wp:attachment":[{"href":"https:\/\/www.sita.in\/es\/wp-json\/wp\/v2\/media?parent=55699"}],"curies":[{"name":"wp","href":"https:\/\/api.w.org\/{rel}","templated":true}]}}