{"id":55725,"date":"2025-12-01T13:21:12","date_gmt":"2025-12-01T13:21:12","guid":{"rendered":"https:\/\/www.sita.in\/india\/"},"modified":"2025-12-01T13:21:16","modified_gmt":"2025-12-01T13:21:16","slug":"india","status":"publish","type":"page","link":"https:\/\/www.sita.in\/es\/india\/","title":{"rendered":"India"},"content":{"rendered":"<div class=\"wpb-content-wrapper\"><p>[vc_row full_width=&#8221;stretch_row&#8221; overlay_background=&#8221;custom&#8221; overlay_custom_background=&#8221;#031914&#8243; overlay_opacity=&#8221;35&#8243; lg_spacing=&#8221;padding_top:193;padding_bottom:209&#8243; background_image=&#8221;45777&#8243; background_position=&#8221;center center&#8221;][vc_column][vc_column_text css=&#8221;&#8221;]<\/p>\n<h1 class=\"page-head\">India<\/h1>\n<p>[\/vc_column_text][tm_spacer size=&#8221;lg:20&#8243;][vc_column_text css=&#8221;&#8221;]<\/p>\n<div class=\"page-subhead\">Descubre las Diversas Maravillas de la Incre\u00edble India<\/div>\n<p>[\/vc_column_text][\/vc_column][\/vc_row][vc_row full_width=&#8221;stretch_row&#8221; background_repeat=&#8221;repeat-y&#8221; overlay_background=&#8221;custom&#8221; overlay_custom_background=&#8221;#ffffff&#8221; overlay_opacity=&#8221;20&#8243; lg_spacing=&#8221;padding_top:80;padding_right:300;padding_bottom:80;padding_left:300&#8243; el_id=&#8221;secci\u00f3n-acerca de&#8221; background_image=&#8221;4570&#8243; md_spacing=&#8221;padding_right:0;padding_left:0&#8243; sm_spacing=&#8221;padding_right:0;padding_left:0&#8243; xs_spacing=&#8221;padding_right:0;padding_left:0&#8243; background_position=&#8221;center center&#8221;][vc_column][tm_spacer size=&#8221;lg:70&#8243;][tm_image align=&#8221;center&#8221; image=&#8221;3067&#8243;][tm_spacer size=&#8221;lg:28&#8243;][vc_column_text css=&#8221;&#8221;]<\/p>\n<h3 class=\"page-intro\">La India combina el patrimonio antiguo con la energ\u00eda moderna. Desde majestuosos fuertes y templos hasta melod\u00edas relajantes y el toque curativo del Ayurveda, es una vibrante e inolvidable sinfon\u00eda de vistas, sonidos y sensaciones. <\/h3>\n<p>[\/vc_column_text][tm_spacer size=&#8221;lg:40&#8243;][vc_separator style=&#8221;dashed&#8221;][tm_spacer size=&#8221;lg:40&#8243;][vc_column_text css=&#8221;&#8221;]<\/p>\n<p style=\"text-align: center;\">La India es una tierra de contrastes: antigua pero moderna, ca\u00f3tica pero encantadora. Su civilizaci\u00f3n dorada prospera en grandes fortalezas y templos, con el eco de las melod\u00edas de los sitares y las campanas de los templos. Las bulliciosas ciudades se mezclan con paisajes serenos, mientras que la comercializaci\u00f3n coexiste con la creatividad. Desde el m\u00edstico Himalaya hasta los vibrantes desiertos de Kutch, cada viaje desvela ricas tradiciones, coloridos festivales, una cocina diversa y una c\u00e1lida hospitalidad. Los viajeros son acogidos por un pa\u00eds que absorbe influencias pero sigue siendo \u00fanico en s\u00ed mismo, ofreciendo experiencias inolvidables a trav\u00e9s de su arte, m\u00fasica, espiritualidad y animados mercados. Ya sea explorando palacios hist\u00f3ricos o deleit\u00e1ndose con el toque curativo del Ayurveda, la India abruma los sentidos e inspira el alma.     <\/p>\n<p>[\/vc_column_text][tm_spacer size=&#8221;lg:100&#8243;][\/vc_column][\/vc_row][vc_row full_width=&#8221;stretch_row&#8221; content_placement=&#8221;middle&#8221; lg_spacing=&#8221;padding_top:120;padding_bottom:50&#8243; background_image=&#8221;3876&#8243;][vc_column offset=&#8221;vc_col-lg-4&#8243;][tm_image image=&#8221;3067&#8243;][tm_spacer size=&#8221;lg:5&#8243;][vc_column_text css=&#8221;&#8221;]<\/p>\n<h2 class=\"main-head\">Visita obligada<br \/><span class=\"highlight-head\">Lugares<\/span><\/h2>\n<p>[\/vc_column_text][tm_spacer size=&#8221;lg:18&#8243;][vc_separator color=&#8221;turquoise&#8221; align=&#8221;align_left&#8221; el_width=&#8221;20&#8243; css=&#8221;&#8221;][tm_spacer size=&#8221;lg:30&#8243;][vc_column_text css=&#8221;&#8221;]La India es una tierra de diversos paisajes, rica historia y vibrante cultura, que ofrece experiencias inolvidables a trav\u00e9s de su patrimonio, espiritualidad, tradiciones, energ\u00eda moderna, bulliciosas ciudades e impresionante belleza natural.[\/vc_column_text][tm_spacer size=&#8221;lg:40&#8243;][\/vc_column][vc_column offset=&#8221;vc_col-lg-offset-1 vc_col-lg-7&#8243;][tm_slider_group content_shadow=&#8221;1&#8243; nav=&#8221;09&#8243; pagination=&#8221;10&#8243; gutter=&#8221;0&#8243; items_display=&#8221;xs:1;sm:2;md:2;lg:2&#8243; auto_play=&#8221;2000&#8243;][tm_box_icon image_size=&#8221;full&#8221; align=&#8221;center&#8221; heading=&#8221;Humayun Tomb&#8221; text=&#8221;La Tumba de Humayun, del siglo XVI, es la primera gran tumba-jard\u00edn del subcontinente indio, un destacado ejemplo de edificaci\u00f3n indo-persa y un majestuoso precursor del Taj Mahal.&#8221; text_width=&#8221;270px&#8221; image=&#8221;8934&#8243;][tm_box_icon image_size=&#8221;full&#8221; align=&#8221;center&#8221; heading=&#8221;India Gate&#8221; text=&#8221;La Puerta de la India est\u00e1 situada en el coraz\u00f3n de la capital de la India, Nueva Delhi, y simboliza el orgullo y el sacrificio nacionales. El Arco Conmemorativo de la Guerra, de 42 metros de altura, es el solemne Arco del Triunfo de Delhi.&#8221; text_width=&#8221;270px&#8221; image=&#8221;8941&#8243;][tm_box_icon image_size=&#8221;full&#8221; align=&#8221;center&#8221; heading=&#8221;Jama Masjid&#8221; text=&#8221;Elev\u00e1ndose sobre la Vieja Delhi, la magn\u00edfica fachada de Jama Masjid recuerda la arquitectura mogol. Es una de las mezquitas m\u00e1s grandes de Asia, construida en arenisca roja y m\u00e1rmol por m\u00e1s de 5.000 artesanos.&#8221; text_width=&#8221;270px&#8221; image=&#8221;8948&#8243;][tm_box_icon image_size=&#8221;full&#8221; align=&#8221;center&#8221; heading=&#8221;Red Fort&#8221; text=&#8221;Patrimonio de la Humanidad de la UNESCO, construido por el emperador mogol Shah Jahan a principios del siglo XVII. Debido a la llamativa piedra arenisca roja utilizada para su construcci\u00f3n, este fuerte recibe el nombre de Fuerte Rojo.&#8221; text_width=&#8221;270px&#8221; image=&#8221;8955&#8243;][tm_box_icon image_size=&#8221;full&#8221; align=&#8221;center&#8221; heading=&#8221;Agra Fort&#8221; text=&#8221;Un paseo por este enorme complejo fortificado entre pabellones reales y salas de audiencia te ayudar\u00e1 a comprender la evoluci\u00f3n de la est\u00e9tica y los estilos bajo las sucesivas generaciones de mogoles.&#8221; text_width=&#8221;270px&#8221; image=&#8221;8962&#8243;][tm_box_icon image_size=&#8221;full&#8221; align=&#8221;center&#8221; heading=&#8221;Amber Fort&#8221; text=&#8221;El Fuerte de Amber es Patrimonio de la Humanidad de la UNESCO. Encaramado en lo alto de una colina, el Fuerte de Amber fue la sede del poder de la familia real de Jaipur antes de que se construyera el Palacio de la Ciudad en el siglo XVIII.&#8221; text_width=&#8221;270px&#8221; image=&#8221;8969&#8243;][tm_box_icon image_size=&#8221;full&#8221; align=&#8221;center&#8221; heading=&#8221;City Palace&#8221; text=&#8221;El Palacio de la Ciudad, declarado Patrimonio de la Humanidad por la UNESCO y construido en el siglo XVIII, es un abrumador complejo arquitect\u00f3nico de exquisitos palacios, patios, arte decorativo y puertas talladas en Jaipur.&#8221; text_width=&#8221;270px&#8221; image=&#8221;8976&#8243;][tm_box_icon image_size=&#8221;full&#8221; align=&#8221;center&#8221; heading=&#8221;Jantar Mantar&#8221; text=&#8221;Un lugar declarado Patrimonio de la Humanidad por la UNESCO que alberga el mayor reloj de sol de piedra del mundo en Jaipur. El Jantar Mantar tiene catorce dispositivos principales para medir el tiempo, predecir eclipses y seguir las estrellas y los planetas.&#8221; text_width=&#8221;270px&#8221; image=&#8221;8983&#8243;][\/tm_slider_group][tm_spacer size=&#8221;lg:60&#8243;][\/vc_column][\/vc_row][vc_row lg_spacing=&#8221;padding_top:150&#8243;][vc_column][tm_image align=&#8221;center&#8221; image=&#8221;3067&#8243;][tm_spacer size=&#8221;lg:5&#8243;][vc_column_text css=&#8221;&#8221;]<\/p>\n<h2 class=\"main-head2\"><span class=\"highlight-head\">Consejos de<\/span> viaje<\/h2>\n<p>[\/vc_column_text][tm_spacer size=&#8221;lg:18&#8243;][vc_separator color=&#8221;turquoise&#8221; el_width=&#8221;10&#8243; css=&#8221;&#8221;][tm_spacer size=&#8221;lg:90&#8243;][\/vc_column][\/vc_row][vc_row][vc_column width=&#8221;1\/12&#8243;][\/vc_column][vc_column width=&#8221;1\/4&#8243;][tm_spacer size=&#8221;lg:30&#8243;][vc_column_text css=&#8221;&#8221;]<\/p>\n<p style=\"text-align: center; border: 1px solid #ccc; padding: 10px;\"><i class=\"fal fa-passport\" style=\"font-size: 36px; color: #1ea5be; vertical-align: middle;\"><\/i> <strong style=\"padding-left: 5px;\">Documentos de viaje<\/strong><\/p>\n<p>[\/vc_column_text][tm_spacer size=&#8221;xs:40;sm:50;md:100;lg:150&#8243;][vc_column_text css=&#8221;&#8221;]<\/p>\n<p style=\"text-align: center; border: 1px solid #ccc; padding: 10px;\"><i class=\"fal fa-suitcase-rolling\" style=\"font-size: 36px; color: #1ea5be; vertical-align: middle;\"><\/i> <strong style=\"padding-left: 5px;\">Aeropuerto y equipaje<\/strong><\/p>\n<p>[\/vc_column_text][\/vc_column][vc_column width=&#8221;1\/3&#8243;][tm_image align=&#8221;center&#8221; image=&#8221;4524&#8243;][\/vc_column][vc_column width=&#8221;1\/4&#8243;][tm_spacer size=&#8221;lg:30&#8243;][vc_column_text css=&#8221;&#8221;]<\/p>\n<p style=\"text-align: center; border: 1px solid #ccc; padding: 10px;\"><i class=\"fal fa-cloud-sun\" style=\"font-size: 36px; color: #1ea5be; vertical-align: middle;\"><\/i> <strong style=\"padding-left: 5px;\">Clima y ropa<\/strong><\/p>\n<p>[\/vc_column_text][tm_spacer size=&#8221;xs:40;sm:50;md:100;lg:150&#8243;][vc_column_text css=&#8221;&#8221;]<\/p>\n<p style=\"text-align: center; border: 1px solid #ccc; padding: 10px;\"><i class=\"fal fa-circle-notch\" style=\"font-size: 36px; color: #1ea5be; vertical-align: middle;\"><\/i> <strong style=\"padding-left: 5px;\">C\u00f3mo desplazarse<\/strong><\/p>\n<p>[\/vc_column_text][\/vc_column][vc_column width=&#8221;1\/12&#8243;][\/vc_column][\/vc_row][vc_row full_width=&#8221;stretch_row&#8221; lg_spacing=&#8221;padding_top:50;padding_bottom:50&#8243;][vc_column][tm_spacer size=&#8221;lg:40&#8243;][vc_btn title=&#8221;Descarga&#8221; color=&#8221;peacoc&#8221; align=&#8221;center&#8221; css=&#8221;&#8221; link=&#8221;url:https%3A%2F%2Fwww.sita.in%2FNewSita%2Fwp-content%2Fuploads%2F2025%2F08%2FTravel-Guidelines-for-India.pdf|target:_blank|&#8221;][\/vc_column][\/vc_row][vc_row full_width=&#8221;stretch_row_content&#8221; lg_spacing=&#8221;padding_top:150&#8243;][vc_column][tm_image align=&#8221;center&#8221; image=&#8221;3067&#8243;][tm_spacer size=&#8221;lg:5&#8243;][vc_column_text css=&#8221;&#8221;]<\/p>\n<h2 class=\"main-head2\">Destinos <span class=\"highlight-head\">destacados<\/span><\/h2>\n<p>[\/vc_column_text][tm_spacer size=&#8221;lg:18&#8243;][vc_separator color=&#8221;turquoise&#8221; el_width=&#8221;10&#8243; css=&#8221;&#8221;][tm_spacer size=&#8221;lg:50&#8243;][\/vc_column][\/vc_row]<\/p>\n<\/div>","protected":false},"excerpt":{"rendered":"<p>[vc_row full_width=&#8221;stretch_row&#8221; overlay_background=&#8221;custom&#8221; overlay_custom_background=&#8221;#031914&#8243; overlay_opacity=&#8221;35&#8243; lg_spacing=&#8221;padding_top:193;padding_bottom:209&#8243; background_image=&#8221;45777&#8243; background_position=&#8221;center center&#8221;][vc_column][vc_column_text css=&#8221;&#8221;] India [\/vc_column_text][tm_spacer size=&#8221;lg:20&#8243;][vc_column_text css=&#8221;&#8221;] Descubre las Diversas Maravillas de la Incre\u00edble India [\/vc_column_text][\/vc_column][\/vc_row][vc_row full_width=&#8221;stretch_row&#8221; background_repeat=&#8221;repeat-y&#8221; overlay_background=&#8221;custom&#8221; overlay_custom_background=&#8221;#ffffff&#8221; overlay_opacity=&#8221;20&#8243; lg_spacing=&#8221;padding_top:80;padding_right:300;padding_bottom:80;padding_left:300&#8243; el_id=&#8221;secci\u00f3n-acerca de&#8221; background_image=&#8221;4570&#8243; md_spacing=&#8221;padding_right:0;padding_left:0&#8243; sm_spacing=&#8221;padding_right:0;padding_left:0&#8243; xs_spacing=&#8221;padding_right:0;padding_left:0&#8243; background_position=&#8221;center center&#8221;][vc_column][tm_spacer size=&#8221;lg:70&#8243;][tm_image align=&#8221;center&#8221; image=&#8221;3067&#8243;][tm_spacer size=&#8221;lg:28&#8243;][vc_column_text css=&#8221;&#8221;] La India combina el patrimonio antiguo con la energ\u00eda moderna. Desde majestuosos fuertes y templos hasta melod\u00edas relajantes y el toque curativo del Ayurveda, es una vibrante e inolvidable sinfon\u00eda de vistas, sonidos y sensaciones. [\/vc_column_text][tm_spacer size=&#8221;lg:40&#8243;][vc_separator style=&#8221;dashed&#8221;][tm_spacer size=&#8221;lg:40&#8243;][vc_column_text css=&#8221;&#8221;] La India es una tierra de contrastes: antigua pero moderna, ca\u00f3tica pero encantadora. Su civilizaci\u00f3n dorada prospera en grandes fortalezas y templos, con el eco de las melod\u00edas de los sitares y las campanas de los templos. Las bulliciosas ciudades se mezclan con paisajes serenos, mientras que la comercializaci\u00f3n coexiste con la creatividad. Desde el m\u00edstico Himalaya hasta los vibrantes desiertos de Kutch, cada viaje desvela ricas tradiciones, coloridos festivales, una cocina diversa y una c\u00e1lida hospitalidad. Los viajeros son acogidos por un pa\u00eds que absorbe influencias pero sigue siendo \u00fanico en s\u00ed mismo, ofreciendo experiencias inolvidables a trav\u00e9s de su arte, m\u00fasica, espiritualidad y animados mercados. Ya sea explorando palacios hist\u00f3ricos o deleit\u00e1ndose con el toque curativo del Ayurveda, la India abruma los sentidos e inspira el alma. [\/vc_column_text][tm_spacer size=&#8221;lg:100&#8243;][\/vc_column][\/vc_row][vc_row full_width=&#8221;stretch_row&#8221; content_placement=&#8221;middle&#8221; lg_spacing=&#8221;padding_top:120;padding_bottom:50&#8243; background_image=&#8221;3876&#8243;][vc_column offset=&#8221;vc_col-lg-4&#8243;][tm_image image=&#8221;3067&#8243;][tm_spacer size=&#8221;lg:5&#8243;][vc_column_text css=&#8221;&#8221;] Visita obligadaLugares [\/vc_column_text][tm_spacer size=&#8221;lg:18&#8243;][vc_separator color=&#8221;turquoise&#8221; align=&#8221;align_left&#8221; el_width=&#8221;20&#8243; css=&#8221;&#8221;][tm_spacer size=&#8221;lg:30&#8243;][vc_column_text css=&#8221;&#8221;]La India es una tierra de diversos paisajes, rica historia y vibrante cultura, que ofrece experiencias inolvidables a trav\u00e9s de su patrimonio, espiritualidad, tradiciones, energ\u00eda moderna, bulliciosas ciudades e impresionante belleza natural.[\/vc_column_text][tm_spacer size=&#8221;lg:40&#8243;][\/vc_column][vc_column offset=&#8221;vc_col-lg-offset-1 vc_col-lg-7&#8243;][tm_slider_group content_shadow=&#8221;1&#8243; nav=&#8221;09&#8243; pagination=&#8221;10&#8243; gutter=&#8221;0&#8243; items_display=&#8221;xs:1;sm:2;md:2;lg:2&#8243; auto_play=&#8221;2000&#8243;][tm_box_icon image_size=&#8221;full&#8221; align=&#8221;center&#8221; heading=&#8221;Humayun Tomb&#8221; text=&#8221;La Tumba de Humayun, del siglo XVI, es la primera gran tumba-jard\u00edn del subcontinente indio, un destacado ejemplo de edificaci\u00f3n indo-persa y un majestuoso precursor del Taj Mahal.&#8221; text_width=&#8221;270px&#8221; image=&#8221;8934&#8243;][tm_box_icon image_size=&#8221;full&#8221; align=&#8221;center&#8221; heading=&#8221;India Gate&#8221; text=&#8221;La Puerta de la India est\u00e1 situada en el coraz\u00f3n de la capital de la India, Nueva Delhi, y simboliza el orgullo y el sacrificio nacionales. El Arco Conmemorativo de la Guerra, de 42 metros de altura, es el solemne Arco del Triunfo de Delhi.&#8221; text_width=&#8221;270px&#8221; image=&#8221;8941&#8243;][tm_box_icon image_size=&#8221;full&#8221; align=&#8221;center&#8221; heading=&#8221;Jama Masjid&#8221; text=&#8221;Elev\u00e1ndose sobre la Vieja Delhi, la magn\u00edfica fachada de Jama Masjid recuerda la arquitectura mogol. Es una de las mezquitas m\u00e1s grandes de Asia, construida en arenisca roja y m\u00e1rmol por m\u00e1s de 5.000 artesanos.&#8221; text_width=&#8221;270px&#8221; image=&#8221;8948&#8243;][tm_box_icon image_size=&#8221;full&#8221; align=&#8221;center&#8221; heading=&#8221;Red Fort&#8221; text=&#8221;Patrimonio de la Humanidad de la UNESCO, construido por el emperador mogol Shah Jahan a principios del siglo XVII. Debido a la llamativa piedra arenisca roja utilizada para su construcci\u00f3n, este fuerte recibe el nombre de Fuerte Rojo.&#8221; text_width=&#8221;270px&#8221; image=&#8221;8955&#8243;][tm_box_icon image_size=&#8221;full&#8221; align=&#8221;center&#8221; heading=&#8221;Agra Fort&#8221; text=&#8221;Un paseo por este enorme complejo fortificado entre pabellones reales y salas de audiencia te ayudar\u00e1 a comprender la evoluci\u00f3n de la est\u00e9tica y los estilos bajo las sucesivas generaciones de mogoles.&#8221; text_width=&#8221;270px&#8221; image=&#8221;8962&#8243;][tm_box_icon image_size=&#8221;full&#8221; align=&#8221;center&#8221; heading=&#8221;Amber Fort&#8221; text=&#8221;El Fuerte de Amber es Patrimonio de la Humanidad de la UNESCO. Encaramado en lo alto de una colina, el Fuerte de Amber fue la sede del poder de la familia real de Jaipur antes de que se construyera el Palacio de la Ciudad en el siglo XVIII.&#8221; text_width=&#8221;270px&#8221; image=&#8221;8969&#8243;][tm_box_icon image_size=&#8221;full&#8221; align=&#8221;center&#8221; heading=&#8221;City Palace&#8221; text=&#8221;El Palacio de la Ciudad, declarado Patrimonio de la Humanidad por la UNESCO y construido en el siglo XVIII, es un abrumador complejo arquitect\u00f3nico de exquisitos palacios, patios, arte decorativo y puertas talladas en Jaipur.&#8221; text_width=&#8221;270px&#8221; image=&#8221;8976&#8243;][tm_box_icon image_size=&#8221;full&#8221; align=&#8221;center&#8221; heading=&#8221;Jantar Mantar&#8221; text=&#8221;Un lugar declarado Patrimonio de la Humanidad por la UNESCO que alberga el mayor reloj de sol de piedra del mundo en Jaipur. El Jantar Mantar tiene catorce dispositivos principales para medir el tiempo, predecir eclipses y seguir las estrellas y los planetas.&#8221; text_width=&#8221;270px&#8221; image=&#8221;8983&#8243;][\/tm_slider_group][tm_spacer size=&#8221;lg:60&#8243;][\/vc_column][\/vc_row][vc_row lg_spacing=&#8221;padding_top:150&#8243;][vc_column][tm_image align=&#8221;center&#8221; image=&#8221;3067&#8243;][tm_spacer size=&#8221;lg:5&#8243;][vc_column_text css=&#8221;&#8221;] Consejos de viaje [\/vc_column_text][tm_spacer size=&#8221;lg:18&#8243;][vc_separator color=&#8221;turquoise&#8221; el_width=&#8221;10&#8243; css=&#8221;&#8221;][tm_spacer size=&#8221;lg:90&#8243;][\/vc_column][\/vc_row][vc_row][vc_column width=&#8221;1\/12&#8243;][\/vc_column][vc_column width=&#8221;1\/4&#8243;][tm_spacer size=&#8221;lg:30&#8243;][vc_column_text css=&#8221;&#8221;] Documentos de viaje [\/vc_column_text][tm_spacer size=&#8221;xs:40;sm:50;md:100;lg:150&#8243;][vc_column_text css=&#8221;&#8221;] Aeropuerto y equipaje [\/vc_column_text][\/vc_column][vc_column width=&#8221;1\/3&#8243;][tm_image align=&#8221;center&#8221; image=&#8221;4524&#8243;][\/vc_column][vc_column width=&#8221;1\/4&#8243;][tm_spacer size=&#8221;lg:30&#8243;][vc_column_text css=&#8221;&#8221;] Clima y ropa [\/vc_column_text][tm_spacer size=&#8221;xs:40;sm:50;md:100;lg:150&#8243;][vc_column_text css=&#8221;&#8221;] C\u00f3mo desplazarse [\/vc_column_text][\/vc_column][vc_column width=&#8221;1\/12&#8243;][\/vc_column][\/vc_row][vc_row full_width=&#8221;stretch_row&#8221; lg_spacing=&#8221;padding_top:50;padding_bottom:50&#8243;][vc_column][tm_spacer size=&#8221;lg:40&#8243;][vc_btn title=&#8221;Descarga&#8221; color=&#8221;peacoc&#8221; align=&#8221;center&#8221; css=&#8221;&#8221; link=&#8221;url:https%3A%2F%2Fwww.sita.in%2FNewSita%2Fwp-content%2Fuploads%2F2025%2F08%2FTravel-Guidelines-for-India.pdf|target:_blank|&#8221;][\/vc_column][\/vc_row][vc_row full_width=&#8221;stretch_row_content&#8221; lg_spacing=&#8221;padding_top:150&#8243;][vc_column][tm_image align=&#8221;center&#8221; image=&#8221;3067&#8243;][tm_spacer size=&#8221;lg:5&#8243;][vc_column_text css=&#8221;&#8221;] Destinos destacados [\/vc_column_text][tm_spacer size=&#8221;lg:18&#8243;][vc_separator color=&#8221;turquoise&#8221; el_width=&#8221;10&#8243; css=&#8221;&#8221;][tm_spacer size=&#8221;lg:50&#8243;][\/vc_column][\/vc_row]<\/p>\n","protected":false},"author":1,"featured_media":0,"parent":0,"menu_order":0,"comment_status":"closed","ping_status":"closed","template":"","meta":{"footnotes":""},"class_list":["post-55725","page","type-page","status-publish","hentry","post-no-thumbnail"],"_links":{"self":[{"href":"https:\/\/www.sita.in\/es\/wp-json\/wp\/v2\/pages\/55725","targetHints":{"allow":["GET"]}}],"collection":[{"href":"https:\/\/www.sita.in\/es\/wp-json\/wp\/v2\/pages"}],"about":[{"href":"https:\/\/www.sita.in\/es\/wp-json\/wp\/v2\/types\/page"}],"author":[{"embeddable":true,"href":"https:\/\/www.sita.in\/es\/wp-json\/wp\/v2\/users\/1"}],"replies":[{"embeddable":true,"href":"https:\/\/www.sita.in\/es\/wp-json\/wp\/v2\/comments?post=55725"}],"version-history":[{"count":1,"href":"https:\/\/www.sita.in\/es\/wp-json\/wp\/v2\/pages\/55725\/revisions"}],"predecessor-version":[{"id":55736,"href":"https:\/\/www.sita.in\/es\/wp-json\/wp\/v2\/pages\/55725\/revisions\/55736"}],"wp:attachment":[{"href":"https:\/\/www.sita.in\/es\/wp-json\/wp\/v2\/media?parent=55725"}],"curies":[{"name":"wp","href":"https:\/\/api.w.org\/{rel}","templated":true}]}}