{"id":53213,"date":"2025-06-15T09:46:06","date_gmt":"2025-06-15T09:46:06","guid":{"rendered":"https:\/\/www.sita.in\/NewSita?page_id=53213"},"modified":"2025-12-01T13:24:43","modified_gmt":"2025-12-01T13:24:43","slug":"nepal","status":"publish","type":"page","link":"https:\/\/www.sita.in\/fr\/nepal\/","title":{"rendered":"N\u00e9pal"},"content":{"rendered":"<div class=\"wpb-content-wrapper\"><p>[vc_row full_width=&#8221;stretch_row&#8221; overlay_background=&#8221;custom&#8221; overlay_custom_background=&#8221;#031914&#8243; overlay_opacity=&#8221;25&#8243; lg_spacing=&#8221;padding_top:193;padding_bottom:209&#8243; background_image=&#8221;4557&#8243; background_position=&#8221;center center&#8221;][vc_column][vc_column_text css=&#8221;&#8221;]<\/p>\n<h1 class=\"page-head\">N\u00e9pal<\/h1>\n<p>[\/vc_column_text][tm_spacer size=&#8221;lg:20&#8243;][vc_column_text css=&#8221;&#8221;]<\/p>\n<div class=\"page-subhead\">D\u00e9couvrez la majest\u00e9 et la s\u00e9r\u00e9nit\u00e9 du N\u00e9pal<\/div>\n<p>[\/vc_column_text][\/vc_column][\/vc_row][vc_row full_width=&#8221;stretch_row&#8221; background_repeat=&#8221;repeat-y&#8221; overlay_background=&#8221;custom&#8221; overlay_custom_background=&#8221;#ffffff&#8221; overlay_opacity=&#8221;20&#8243; lg_spacing=&#8221;padding_top:80;padding_right:300;padding_bottom:80;padding_left:300&#8243; el_id=&#8221;section-au sujet de&#8221; background_image=&#8221;953&#8243; md_spacing=&#8221;padding_right:0;padding_left:0&#8243; sm_spacing=&#8221;padding_right:0;padding_left:0&#8243; xs_spacing=&#8221;padding_right:0;padding_left:0&#8243; background_position=&#8221;center center&#8221;][vc_column][tm_spacer size=&#8221;lg:70&#8243;][tm_image align=&#8221;center&#8221; image=&#8221;3067&#8243;][tm_spacer size=&#8221;lg:28&#8243;][vc_column_text css=&#8221;&#8221;]<\/p>\n<h3 class=\"page-intro\">Le N\u00e9pal est le pays des montagnes et des monast\u00e8res. Ce pays enclav\u00e9 allie parfaitement nature et culture. La cha\u00eene pittoresque de l&#8217;Himalaya au nord, les rivi\u00e8res rugissantes se frayant un chemin \u00e0 travers les collines jusqu&#8217;aux plaines, les rizi\u00e8res verdoyantes et les petits villages pittoresques partout, sa beaut\u00e9 pittoresque laissera des images durables dans votre esprit.  <\/h3>\n<p>[\/vc_column_text][tm_spacer size=&#8221;lg:40&#8243;][vc_separator style=&#8221;dashed&#8221;][tm_spacer size=&#8221;lg:40&#8243;][vc_column_text css=&#8221;&#8221;]<\/p>\n<p style=\"text-align: center;\">Le N\u00e9pal est un paradis pour les amoureux de la nature et les passionn\u00e9s de culture. Des sentiers accident\u00e9s aux panoramas \u00e0 couper le souffle, du rafting sur des rivi\u00e8res sauvages \u00e0 l&#8217;observation d&#8217;animaux sauvages exotiques, le N\u00e9pal offre des aventures dans des paysages diversifi\u00e9s. Katmandou, riche en histoire, m\u00e9lange les cultures dans ses places m\u00e9di\u00e9vales, ses temples et ses monast\u00e8res, dont les sites class\u00e9s au patrimoine de l&#8217;UNESCO soulignent l&#8217;importance. Les N\u00e9palais sont chaleureux et hospitaliers, et traitent leurs h\u00f4tes avec respect et gentillesse, o\u00f9 que vous alliez.   <\/p>\n<p>[\/vc_column_text][tm_spacer size=&#8221;lg:100&#8243;][\/vc_column][\/vc_row][vc_row full_width=&#8221;stretch_row&#8221; content_placement=&#8221;middle&#8221; lg_spacing=&#8221;padding_top:120;padding_bottom:50&#8243; background_image=&#8221;3876&#8243;][vc_column offset=&#8221;vc_col-lg-4&#8243;][tm_image image=&#8221;3067&#8243;][tm_spacer size=&#8221;lg:5&#8243;][vc_column_text css=&#8221;&#8221;]<\/p>\n<h2 class=\"main-head\"><span class=\"highlight-head\">Lieux<\/span> incontournables<br \/>\n<\/h2>\n<p>[\/vc_column_text][tm_spacer size=&#8221;lg:18&#8243;][vc_separator color=&#8221;turquoise&#8221; align=&#8221;align_left&#8221; el_width=&#8221;20&#8243; css=&#8221;&#8221;][tm_spacer size=&#8221;lg:30&#8243;][vc_column_text css=&#8221;&#8221;]Le N\u00e9pal est un pays d&#8217;une beaut\u00e9 \u00e0 couper le souffle, o\u00f9 les sommets imposants c\u00f4toient la culture ancienne. De l&#8217;Himalaya aux lacs sereins et aux temples sacr\u00e9s, il offre des exp\u00e9riences inoubliables \u00e0 tous les voyageurs.[\/vc_column_text][tm_spacer size=&#8221;lg:40&#8243;][\/vc_column][vc_column offset=&#8221;vc_col-lg-offset-1 vc_col-lg-7&#8243;][tm_slider_group content_shadow=&#8221;1&#8243; nav=&#8221;09&#8243; pagination=&#8221;10&#8243; gutter=&#8221;0&#8243; items_display=&#8221;xs:1;sm:2;md:2;lg:2&#8243; auto_play=&#8221;2000&#8243;][tm_box_icon image_size=&#8221;full&#8221; align=&#8221;center&#8221; heading=&#8221;Durbar Square&#8221; text=&#8221;Site historique de l&#8217;UNESCO mettant en valeur l&#8217;architecture n\u00e9palaise traditionnelle, les palais anciens, les temples et la culture locale dynamique.&#8221; text_width=&#8221;270px&#8221; image=&#8221;4564&#8243;][tm_box_icon image_size=&#8221;full&#8221; align=&#8221;center&#8221; heading=&#8221;Pokhara&#8221; text=&#8221;Ville lacustre avec le lac Phewa, les chutes Davis, le lever de soleil de Sarangkot et des activit\u00e9s passionnantes comme le parapente et la navigation de plaisance.&#8221; text_width=&#8221;270px&#8221; image=&#8221;4565&#8243;][tm_box_icon image_size=&#8221;full&#8221; align=&#8221;center&#8221; heading=&#8221;Chitwan National Park&#8221; text=&#8221;Sanctuaire de la vie sauvage avec safaris, rhinoc\u00e9ros, tigres, \u00e9l\u00e9phants et observation des oiseaux dans un site prot\u00e9g\u00e9 du patrimoine mondial de l&#8217;UNESCO.&#8221; text_width=&#8221;270px&#8221; image=&#8221;4566&#8243;][\/tm_slider_group][tm_spacer size=&#8221;lg:60&#8243;][\/vc_column][\/vc_row][vc_row lg_spacing=&#8221;padding_top:150&#8243;][vc_column][tm_image align=&#8221;center&#8221; image=&#8221;3067&#8243;][tm_spacer size=&#8221;lg:5&#8243;][vc_column_text css=&#8221;&#8221;]<\/p>\n<h2 class=\"main-head2\"><span class=\"highlight-head\">Conseils de<\/span> voyage<\/h2>\n<p>[\/vc_column_text][tm_spacer size=&#8221;lg:18&#8243;][vc_separator color=&#8221;turquoise&#8221; el_width=&#8221;10&#8243; css=&#8221;&#8221;][tm_spacer size=&#8221;lg:90&#8243;][\/vc_column][\/vc_row][vc_row][vc_column width=&#8221;1\/12&#8243;][\/vc_column][vc_column width=&#8221;1\/4&#8243;][vc_column_text css=&#8221;&#8221;]<\/p>\n<p style=\"text-align: center; border: 1px solid #ccc; padding: 10px;\"><i class=\"fal fa-passport\" style=\"font-size: 36px; color: #1ea5be; vertical-align: middle;\"><\/i> <strong style=\"padding-left: 5px;\">Documents de voyage<\/strong><\/p>\n<p>[\/vc_column_text][tm_spacer size=&#8221;xs:40;sm:50;md:100;lg:150&#8243;][vc_column_text css=&#8221;&#8221;]<\/p>\n<p style=\"text-align: center; border: 1px solid #ccc; padding: 10px;\"><i class=\"fal fa-suitcase-rolling\" style=\"font-size: 36px; color: #1ea5be; vertical-align: middle;\"><\/i> <strong style=\"padding-left: 5px;\">A\u00e9roport et bagages<\/strong><\/p>\n<p>[\/vc_column_text][\/vc_column][vc_column width=&#8221;1\/3&#8243;][tm_image align=&#8221;center&#8221; image=&#8221;3061&#8243;][\/vc_column][vc_column width=&#8221;1\/4&#8243;][vc_column_text css=&#8221;&#8221;]<\/p>\n<p style=\"text-align: center; border: 1px solid #ccc; padding: 10px;\"><i class=\"fal fa-cloud-sun\" style=\"font-size: 36px; color: #1ea5be; vertical-align: middle;\"><\/i> <strong style=\"padding-left: 5px;\">Climat et v\u00eatements<\/strong><\/p>\n<p>[\/vc_column_text][tm_spacer size=&#8221;xs:40;sm:50;md:100;lg:150&#8243;][vc_column_text css=&#8221;&#8221;]<\/p>\n<p style=\"text-align: center; border: 1px solid #ccc; padding: 10px;\"><i class=\"fal fa-circle-notch\" style=\"font-size: 36px; color: #1ea5be; vertical-align: middle;\"><\/i> <strong style=\"padding-left: 5px;\">Se d\u00e9placer<\/strong><\/p>\n<p>[\/vc_column_text][\/vc_column][vc_column width=&#8221;1\/12&#8243;][\/vc_column][\/vc_row][vc_row full_width=&#8221;stretch_row&#8221; lg_spacing=&#8221;padding_top:50;padding_bottom:50&#8243;][vc_column][tm_spacer size=&#8221;lg:40&#8243;][vc_btn title=&#8221;T\u00e9l\u00e9charger&#8221; color=&#8221;peacoc&#8221; align=&#8221;center&#8221; css=&#8221;&#8221; link=&#8221;url:https%3A%2F%2Fwww.sita.in%2FNewSita%2Fwp-content%2Fuploads%2F2025%2F08%2FTravel-Guidelines-for-Nepal.pdf|target:_blank|&#8221;][\/vc_column][\/vc_row][vc_row full_width=&#8221;stretch_row_content&#8221; lg_spacing=&#8221;padding_top:150&#8243;][vc_column][tm_image align=&#8221;center&#8221; image=&#8221;3067&#8243;][tm_spacer size=&#8221;lg:5&#8243;][vc_column_text css=&#8221;&#8221;]<\/p>\n<h2 class=\"main-head2\"><span class=\"highlight-head\">Points forts de la<\/span> destination<\/h2>\n<p>[\/vc_column_text][tm_spacer size=&#8221;lg:18&#8243;][vc_separator color=&#8221;turquoise&#8221; el_width=&#8221;10&#8243; css=&#8221;&#8221;][tm_spacer size=&#8221;lg:50&#8243;][\/vc_column][\/vc_row]<\/p>\n<\/div>","protected":false},"excerpt":{"rendered":"<p>[vc_row full_width=&#8221;stretch_row&#8221; overlay_background=&#8221;custom&#8221; overlay_custom_background=&#8221;#031914&#8243; overlay_opacity=&#8221;25&#8243; lg_spacing=&#8221;padding_top:193;padding_bottom:209&#8243; background_image=&#8221;4557&#8243; background_position=&#8221;center center&#8221;][vc_column][vc_column_text css=&#8221;&#8221;] N\u00e9pal [\/vc_column_text][tm_spacer size=&#8221;lg:20&#8243;][vc_column_text css=&#8221;&#8221;] D\u00e9couvrez la majest\u00e9 et la s\u00e9r\u00e9nit\u00e9 du N\u00e9pal [\/vc_column_text][\/vc_column][\/vc_row][vc_row full_width=&#8221;stretch_row&#8221; background_repeat=&#8221;repeat-y&#8221; overlay_background=&#8221;custom&#8221; overlay_custom_background=&#8221;#ffffff&#8221; overlay_opacity=&#8221;20&#8243; lg_spacing=&#8221;padding_top:80;padding_right:300;padding_bottom:80;padding_left:300&#8243; el_id=&#8221;section-au sujet de&#8221; background_image=&#8221;953&#8243; md_spacing=&#8221;padding_right:0;padding_left:0&#8243; sm_spacing=&#8221;padding_right:0;padding_left:0&#8243; xs_spacing=&#8221;padding_right:0;padding_left:0&#8243; background_position=&#8221;center center&#8221;][vc_column][tm_spacer size=&#8221;lg:70&#8243;][tm_image align=&#8221;center&#8221; image=&#8221;3067&#8243;][tm_spacer size=&#8221;lg:28&#8243;][vc_column_text css=&#8221;&#8221;] Le N\u00e9pal est le pays des montagnes et des monast\u00e8res. Ce pays enclav\u00e9 allie parfaitement nature et culture. La cha\u00eene pittoresque de l&#8217;Himalaya au nord, les rivi\u00e8res rugissantes se frayant un chemin \u00e0 travers les collines jusqu&#8217;aux plaines, les rizi\u00e8res verdoyantes et les petits villages pittoresques partout, sa beaut\u00e9 pittoresque laissera des images durables dans votre esprit. [\/vc_column_text][tm_spacer size=&#8221;lg:40&#8243;][vc_separator style=&#8221;dashed&#8221;][tm_spacer size=&#8221;lg:40&#8243;][vc_column_text css=&#8221;&#8221;] Le N\u00e9pal est un paradis pour les amoureux de la nature et les passionn\u00e9s de culture. Des sentiers accident\u00e9s aux panoramas \u00e0 couper le souffle, du rafting sur des rivi\u00e8res sauvages \u00e0 l&#8217;observation d&#8217;animaux sauvages exotiques, le N\u00e9pal offre des aventures dans des paysages diversifi\u00e9s. Katmandou, riche en histoire, m\u00e9lange les cultures dans ses places m\u00e9di\u00e9vales, ses temples et ses monast\u00e8res, dont les sites class\u00e9s au patrimoine de l&#8217;UNESCO soulignent l&#8217;importance. Les N\u00e9palais sont chaleureux et hospitaliers, et traitent leurs h\u00f4tes avec respect et gentillesse, o\u00f9 que vous alliez. [\/vc_column_text][tm_spacer size=&#8221;lg:100&#8243;][\/vc_column][\/vc_row][vc_row full_width=&#8221;stretch_row&#8221; content_placement=&#8221;middle&#8221; lg_spacing=&#8221;padding_top:120;padding_bottom:50&#8243; background_image=&#8221;3876&#8243;][vc_column offset=&#8221;vc_col-lg-4&#8243;][tm_image image=&#8221;3067&#8243;][tm_spacer size=&#8221;lg:5&#8243;][vc_column_text css=&#8221;&#8221;] Lieux incontournables [\/vc_column_text][tm_spacer size=&#8221;lg:18&#8243;][vc_separator color=&#8221;turquoise&#8221; align=&#8221;align_left&#8221; el_width=&#8221;20&#8243; css=&#8221;&#8221;][tm_spacer size=&#8221;lg:30&#8243;][vc_column_text css=&#8221;&#8221;]Le N\u00e9pal est un pays d&#8217;une beaut\u00e9 \u00e0 couper le souffle, o\u00f9 les sommets imposants c\u00f4toient la culture ancienne. De l&#8217;Himalaya aux lacs sereins et aux temples sacr\u00e9s, il offre des exp\u00e9riences inoubliables \u00e0 tous les voyageurs.[\/vc_column_text][tm_spacer size=&#8221;lg:40&#8243;][\/vc_column][vc_column offset=&#8221;vc_col-lg-offset-1 vc_col-lg-7&#8243;][tm_slider_group content_shadow=&#8221;1&#8243; nav=&#8221;09&#8243; pagination=&#8221;10&#8243; gutter=&#8221;0&#8243; items_display=&#8221;xs:1;sm:2;md:2;lg:2&#8243; auto_play=&#8221;2000&#8243;][tm_box_icon image_size=&#8221;full&#8221; align=&#8221;center&#8221; heading=&#8221;Durbar Square&#8221; text=&#8221;Site historique de l&#8217;UNESCO mettant en valeur l&#8217;architecture n\u00e9palaise traditionnelle, les palais anciens, les temples et la culture locale dynamique.&#8221; text_width=&#8221;270px&#8221; image=&#8221;4564&#8243;][tm_box_icon image_size=&#8221;full&#8221; align=&#8221;center&#8221; heading=&#8221;Pokhara&#8221; text=&#8221;Ville lacustre avec le lac Phewa, les chutes Davis, le lever de soleil de Sarangkot et des activit\u00e9s passionnantes comme le parapente et la navigation de plaisance.&#8221; text_width=&#8221;270px&#8221; image=&#8221;4565&#8243;][tm_box_icon image_size=&#8221;full&#8221; align=&#8221;center&#8221; heading=&#8221;Chitwan National Park&#8221; text=&#8221;Sanctuaire de la vie sauvage avec safaris, rhinoc\u00e9ros, tigres, \u00e9l\u00e9phants et observation des oiseaux dans un site prot\u00e9g\u00e9 du patrimoine mondial de l&#8217;UNESCO.&#8221; text_width=&#8221;270px&#8221; image=&#8221;4566&#8243;][\/tm_slider_group][tm_spacer size=&#8221;lg:60&#8243;][\/vc_column][\/vc_row][vc_row lg_spacing=&#8221;padding_top:150&#8243;][vc_column][tm_image align=&#8221;center&#8221; image=&#8221;3067&#8243;][tm_spacer size=&#8221;lg:5&#8243;][vc_column_text css=&#8221;&#8221;] Conseils de voyage [\/vc_column_text][tm_spacer size=&#8221;lg:18&#8243;][vc_separator color=&#8221;turquoise&#8221; el_width=&#8221;10&#8243; css=&#8221;&#8221;][tm_spacer size=&#8221;lg:90&#8243;][\/vc_column][\/vc_row][vc_row][vc_column width=&#8221;1\/12&#8243;][\/vc_column][vc_column width=&#8221;1\/4&#8243;][vc_column_text css=&#8221;&#8221;] Documents de voyage [\/vc_column_text][tm_spacer size=&#8221;xs:40;sm:50;md:100;lg:150&#8243;][vc_column_text css=&#8221;&#8221;] A\u00e9roport et bagages [\/vc_column_text][\/vc_column][vc_column width=&#8221;1\/3&#8243;][tm_image align=&#8221;center&#8221; image=&#8221;3061&#8243;][\/vc_column][vc_column width=&#8221;1\/4&#8243;][vc_column_text css=&#8221;&#8221;] Climat et v\u00eatements [\/vc_column_text][tm_spacer size=&#8221;xs:40;sm:50;md:100;lg:150&#8243;][vc_column_text css=&#8221;&#8221;] Se d\u00e9placer [\/vc_column_text][\/vc_column][vc_column width=&#8221;1\/12&#8243;][\/vc_column][\/vc_row][vc_row full_width=&#8221;stretch_row&#8221; lg_spacing=&#8221;padding_top:50;padding_bottom:50&#8243;][vc_column][tm_spacer size=&#8221;lg:40&#8243;][vc_btn title=&#8221;T\u00e9l\u00e9charger&#8221; color=&#8221;peacoc&#8221; align=&#8221;center&#8221; css=&#8221;&#8221; link=&#8221;url:https%3A%2F%2Fwww.sita.in%2FNewSita%2Fwp-content%2Fuploads%2F2025%2F08%2FTravel-Guidelines-for-Nepal.pdf|target:_blank|&#8221;][\/vc_column][\/vc_row][vc_row full_width=&#8221;stretch_row_content&#8221; lg_spacing=&#8221;padding_top:150&#8243;][vc_column][tm_image align=&#8221;center&#8221; image=&#8221;3067&#8243;][tm_spacer size=&#8221;lg:5&#8243;][vc_column_text css=&#8221;&#8221;] Points forts de la destination [\/vc_column_text][tm_spacer size=&#8221;lg:18&#8243;][vc_separator color=&#8221;turquoise&#8221; el_width=&#8221;10&#8243; css=&#8221;&#8221;][tm_spacer size=&#8221;lg:50&#8243;][\/vc_column][\/vc_row]<\/p>\n","protected":false},"author":1,"featured_media":0,"parent":0,"menu_order":0,"comment_status":"closed","ping_status":"closed","template":"","meta":{"footnotes":""},"class_list":["post-53213","page","type-page","status-publish","hentry","post-no-thumbnail"],"_links":{"self":[{"href":"https:\/\/www.sita.in\/fr\/wp-json\/wp\/v2\/pages\/53213","targetHints":{"allow":["GET"]}}],"collection":[{"href":"https:\/\/www.sita.in\/fr\/wp-json\/wp\/v2\/pages"}],"about":[{"href":"https:\/\/www.sita.in\/fr\/wp-json\/wp\/v2\/types\/page"}],"author":[{"embeddable":true,"href":"https:\/\/www.sita.in\/fr\/wp-json\/wp\/v2\/users\/1"}],"replies":[{"embeddable":true,"href":"https:\/\/www.sita.in\/fr\/wp-json\/wp\/v2\/comments?post=53213"}],"version-history":[{"count":22,"href":"https:\/\/www.sita.in\/fr\/wp-json\/wp\/v2\/pages\/53213\/revisions"}],"predecessor-version":[{"id":55900,"href":"https:\/\/www.sita.in\/fr\/wp-json\/wp\/v2\/pages\/53213\/revisions\/55900"}],"wp:attachment":[{"href":"https:\/\/www.sita.in\/fr\/wp-json\/wp\/v2\/media?parent=53213"}],"curies":[{"name":"wp","href":"https:\/\/api.w.org\/{rel}","templated":true}]}}