{"id":53232,"date":"2025-06-11T12:52:15","date_gmt":"2025-06-11T12:52:15","guid":{"rendered":"https:\/\/www.sita.in\/NewSita?page_id=53232"},"modified":"2025-12-01T13:24:43","modified_gmt":"2025-12-01T13:24:43","slug":"inde","status":"publish","type":"page","link":"https:\/\/www.sita.in\/fr\/inde\/","title":{"rendered":"Inde"},"content":{"rendered":"<div class=\"wpb-content-wrapper\"><p>[vc_row full_width=&#8221;stretch_row&#8221; overlay_background=&#8221;custom&#8221; overlay_custom_background=&#8221;#031914&#8243; overlay_opacity=&#8221;35&#8243; lg_spacing=&#8221;padding_top:193;padding_bottom:209&#8243; background_image=&#8221;45777&#8243; background_position=&#8221;center center&#8221;][vc_column][vc_column_text css=&#8221;&#8221;]<\/p>\n<h1 class=\"page-head\">Inde<\/h1>\n<p>[\/vc_column_text][tm_spacer size=&#8221;lg:20&#8243;][vc_column_text css=&#8221;&#8221;]<\/p>\n<div class=\"page-subhead\">D\u00e9couvrez les diverses merveilles de l&#8217;incroyable Inde<\/div>\n<p>[\/vc_column_text][\/vc_column][\/vc_row][vc_row full_width=&#8221;stretch_row&#8221; background_repeat=&#8221;repeat-y&#8221; overlay_background=&#8221;custom&#8221; overlay_custom_background=&#8221;#ffffff&#8221; overlay_opacity=&#8221;20&#8243; lg_spacing=&#8221;padding_top:80;padding_right:300;padding_bottom:80;padding_left:300&#8243; el_id=&#8221;section-au sujet de&#8221; background_image=&#8221;4570&#8243; md_spacing=&#8221;padding_right:0;padding_left:0&#8243; sm_spacing=&#8221;padding_right:0;padding_left:0&#8243; xs_spacing=&#8221;padding_right:0;padding_left:0&#8243; background_position=&#8221;center center&#8221;][vc_column][tm_spacer size=&#8221;lg:70&#8243;][tm_image align=&#8221;center&#8221; image=&#8221;3067&#8243;][tm_spacer size=&#8221;lg:28&#8243;][vc_column_text css=&#8221;&#8221;]<\/p>\n<h3 class=\"page-intro\">L&#8217;Inde allie patrimoine ancien et \u00e9nergie moderne. Des forts et temples majestueux aux m\u00e9lodies apaisantes en passant par l&#8217;Ayurveda, c&#8217;est une symphonie vibrante et inoubliable d&#8217;images, de sons et de sensations. <\/h3>\n<p>[\/vc_column_text][tm_spacer size=&#8221;lg:40&#8243;][vc_separator style=&#8221;dashed&#8221;][tm_spacer size=&#8221;lg:40&#8243;][vc_column_text css=&#8221;&#8221;]<\/p>\n<p style=\"text-align: center;\">L&#8217;Inde est une terre de contrastes, \u00e0 la fois ancienne et moderne, chaotique et enchanteresse. Sa civilisation dor\u00e9e s&#8217;\u00e9panouit dans des forts et des temples grandioses, o\u00f9 r\u00e9sonnent les m\u00e9lodies des sitars et des cloches des temples. Des villes anim\u00e9es se m\u00ealent \u00e0 des paysages sereins, tandis que la commercialisation coexiste avec la cr\u00e9ativit\u00e9. De l&#8217;Himalaya mystique aux d\u00e9serts vibrants de Kutch, chaque voyage d\u00e9voile de riches traditions, des festivals color\u00e9s, une cuisine vari\u00e9e et une hospitalit\u00e9 chaleureuse. Les voyageurs sont accueillis par un pays qui absorbe les influences tout en restant unique, offrant des exp\u00e9riences inoubliables \u00e0 travers son art, sa musique, sa spiritualit\u00e9 et ses march\u00e9s anim\u00e9s. Qu&#8217;il s&#8217;agisse d&#8217;explorer des palais historiques ou de s&#8217;adonner aux vertus curatives de l&#8217;Ayurveda, l&#8217;Inde bouleverse les sens et inspire l&#8217;\u00e2me.     <\/p>\n<p>[\/vc_column_text][tm_spacer size=&#8221;lg:100&#8243;][\/vc_column][\/vc_row][vc_row full_width=&#8221;stretch_row&#8221; content_placement=&#8221;middle&#8221; lg_spacing=&#8221;padding_top:120;padding_bottom:50&#8243; background_image=&#8221;3876&#8243;][vc_column offset=&#8221;vc_col-lg-4&#8243;][tm_image image=&#8221;3067&#8243;][tm_spacer size=&#8221;lg:5&#8243;][vc_column_text css=&#8221;&#8221;]<\/p>\n<h2 class=\"main-head\"><span class=\"highlight-head\">Lieux<\/span> incontournables<br \/><\/h2>\n<p>[\/vc_column_text][tm_spacer size=&#8221;lg:18&#8243;][vc_separator color=&#8221;turquoise&#8221; align=&#8221;align_left&#8221; el_width=&#8221;20&#8243; css=&#8221;&#8221;][tm_spacer size=&#8221;lg:30&#8243;][vc_column_text css=&#8221;&#8221;]L&#8217;Inde est un pays aux paysages vari\u00e9s, \u00e0 l&#8217;histoire riche et \u00e0 la culture vibrante, qui offre des exp\u00e9riences inoubliables gr\u00e2ce \u00e0 son patrimoine, sa spiritualit\u00e9, ses traditions, son \u00e9nergie moderne, ses villes anim\u00e9es et sa beaut\u00e9 naturelle \u00e0 couper le souffle.[\/vc_column_text][tm_spacer size=&#8221;lg:40&#8243;][\/vc_column][vc_column offset=&#8221;vc_col-lg-offset-1 vc_col-lg-7&#8243;][tm_slider_group content_shadow=&#8221;1&#8243; nav=&#8221;09&#8243; pagination=&#8221;10&#8243; gutter=&#8221;0&#8243; items_display=&#8221;xs:1;sm:2;md:2;lg:2&#8243; auto_play=&#8221;2000&#8243;][tm_box_icon image_size=&#8221;full&#8221; align=&#8221;center&#8221; heading=&#8221;Humayun Tomb&#8221; text=&#8221;La tombe de Humayun, datant du XVIe si\u00e8cle, est la premi\u00e8re grande tombe-jardin du sous-continent indien, un exemple exceptionnel d&#8217;\u00e9difice indo-persan et un pr\u00e9curseur majestueux du Taj Mahal.&#8221; text_width=&#8221;270px&#8221; image=&#8221;8934&#8243;][tm_box_icon image_size=&#8221;full&#8221; align=&#8221;center&#8221; heading=&#8221;India Gate&#8221; text=&#8221;La Porte de l&#8217;Inde est situ\u00e9e au c\u0153ur de la capitale de l&#8217;Inde, New Delhi, et symbolise la fiert\u00e9 nationale et le sacrifice. L&#8217;arc du monument aux morts, haut de 42 m\u00e8tres, est l&#8217;Arc de Triomphe solennel de Delhi.&#8221; text_width=&#8221;270px&#8221; image=&#8221;8941&#8243;][tm_box_icon image_size=&#8221;full&#8221; align=&#8221;center&#8221; heading=&#8221;Jama Masjid&#8221; text=&#8221;Dominant Old Delhi, la magnifique fa\u00e7ade de Jama Masjid rappelle l&#8217;architecture moghole. C&#8217;est l&#8217;une des plus grandes mosqu\u00e9es d&#8217;Asie, construite en gr\u00e8s rouge et en marbre par plus de 5 000 artisans.&#8221; text_width=&#8221;270px&#8221; image=&#8221;8948&#8243;][tm_box_icon image_size=&#8221;full&#8221; align=&#8221;center&#8221; heading=&#8221;Red Fort&#8221; text=&#8221;Ce site class\u00e9 au patrimoine mondial de l&#8217;UNESCO a \u00e9t\u00e9 construit par l&#8217;empereur moghol Shah Jahan au d\u00e9but du XVIIe si\u00e8cle. En raison du gr\u00e8s rouge frappant utilis\u00e9 pour sa construction, ce fort est appel\u00e9 le Fort Rouge.&#8221; text_width=&#8221;270px&#8221; image=&#8221;8955&#8243;][tm_box_icon image_size=&#8221;full&#8221; align=&#8221;center&#8221; heading=&#8221;Agra Fort&#8221; text=&#8221;Une promenade dans ce fort massif, parmi les pavillons royaux et les salles d&#8217;audience, vous aidera \u00e0 comprendre l&#8217;\u00e9volution de l&#8217;esth\u00e9tique et des styles sous les g\u00e9n\u00e9rations successives de Moghols.&#8221; text_width=&#8221;270px&#8221; image=&#8221;8962&#8243;][tm_box_icon image_size=&#8221;full&#8221; align=&#8221;center&#8221; heading=&#8221;Amber Fort&#8221; text=&#8221;Le Fort d&#8217;Amber est un site class\u00e9 au patrimoine mondial de l&#8217;UNESCO. Perch\u00e9 au sommet d&#8217;une colline, le Fort d&#8217;Amber \u00e9tait le si\u00e8ge du pouvoir de la famille royale de Jaipur avant la construction du City Palace au 18e si\u00e8cle.&#8221; text_width=&#8221;270px&#8221; image=&#8221;8969&#8243;][tm_box_icon image_size=&#8221;full&#8221; align=&#8221;center&#8221; heading=&#8221;City Palace&#8221; text=&#8221;Class\u00e9 au patrimoine mondial de l&#8217;UNESCO et construit au XVIIIe si\u00e8cle, le City Palace est un complexe architectural impressionnant compos\u00e9 de palais exquis, de cours int\u00e9rieures, d&#8217;art d\u00e9coratif et de portes sculpt\u00e9es \u00e0 Jaipur.&#8221; text_width=&#8221;270px&#8221; image=&#8221;8976&#8243;][tm_box_icon image_size=&#8221;full&#8221; align=&#8221;center&#8221; heading=&#8221;Jantar Mantar&#8221; text=&#8221;Site class\u00e9 au patrimoine mondial de l&#8217;UNESCO, il abrite le plus grand cadran solaire en pierre du monde, \u00e0 Jaipur. Le Jantar Mantar poss\u00e8de quatorze dispositifs majeurs pour mesurer le temps, pr\u00e9dire les \u00e9clipses et suivre les \u00e9toiles et les plan\u00e8tes.&#8221; text_width=&#8221;270px&#8221; image=&#8221;8983&#8243;][\/tm_slider_group][tm_spacer size=&#8221;lg:60&#8243;][\/vc_column][\/vc_row][vc_row lg_spacing=&#8221;padding_top:150&#8243;][vc_column][tm_image align=&#8221;center&#8221; image=&#8221;3067&#8243;][tm_spacer size=&#8221;lg:5&#8243;][vc_column_text css=&#8221;&#8221;]<\/p>\n<h2 class=\"main-head2\"><span class=\"highlight-head\">Conseils de<\/span> voyage<\/h2>\n<p>[\/vc_column_text][tm_spacer size=&#8221;lg:18&#8243;][vc_separator color=&#8221;turquoise&#8221; el_width=&#8221;10&#8243; css=&#8221;&#8221;][tm_spacer size=&#8221;lg:90&#8243;][\/vc_column][\/vc_row][vc_row][vc_column width=&#8221;1\/12&#8243;][\/vc_column][vc_column width=&#8221;1\/4&#8243;][tm_spacer size=&#8221;lg:30&#8243;][vc_column_text css=&#8221;&#8221;]<\/p>\n<p style=\"text-align: center; border: 1px solid #ccc; padding: 10px;\"><i class=\"fal fa-passport\" style=\"font-size: 36px; color: #1ea5be; vertical-align: middle;\"><\/i> <strong style=\"padding-left: 5px;\">Documents de voyage<\/strong><\/p>\n<p>[\/vc_column_text][tm_spacer size=&#8221;xs:40;sm:50;md:100;lg:150&#8243;][vc_column_text css=&#8221;&#8221;]<\/p>\n<p style=\"text-align: center; border: 1px solid #ccc; padding: 10px;\"><i class=\"fal fa-suitcase-rolling\" style=\"font-size: 36px; color: #1ea5be; vertical-align: middle;\"><\/i> <strong style=\"padding-left: 5px;\">A\u00e9roport et bagages<\/strong><\/p>\n<p>[\/vc_column_text][\/vc_column][vc_column width=&#8221;1\/3&#8243;][tm_image align=&#8221;center&#8221; image=&#8221;4524&#8243;][\/vc_column][vc_column width=&#8221;1\/4&#8243;][tm_spacer size=&#8221;lg:30&#8243;][vc_column_text css=&#8221;&#8221;]<\/p>\n<p style=\"text-align: center; border: 1px solid #ccc; padding: 10px;\"><i class=\"fal fa-cloud-sun\" style=\"font-size: 36px; color: #1ea5be; vertical-align: middle;\"><\/i> <strong style=\"padding-left: 5px;\">Climat et v\u00eatements<\/strong><\/p>\n<p>[\/vc_column_text][tm_spacer size=&#8221;xs:40;sm:50;md:100;lg:150&#8243;][vc_column_text css=&#8221;&#8221;]<\/p>\n<p style=\"text-align: center; border: 1px solid #ccc; padding: 10px;\"><i class=\"fal fa-circle-notch\" style=\"font-size: 36px; color: #1ea5be; vertical-align: middle;\"><\/i> <strong style=\"padding-left: 5px;\">Se d\u00e9placer<\/strong><\/p>\n<p>[\/vc_column_text][\/vc_column][vc_column width=&#8221;1\/12&#8243;][\/vc_column][\/vc_row][vc_row full_width=&#8221;stretch_row&#8221; lg_spacing=&#8221;padding_top:50;padding_bottom:50&#8243;][vc_column][tm_spacer size=&#8221;lg:40&#8243;][vc_btn title=&#8221;T\u00e9l\u00e9charger&#8221; color=&#8221;peacoc&#8221; align=&#8221;center&#8221; css=&#8221;&#8221; link=&#8221;url:https%3A%2F%2Fwww.sita.in%2FNewSita%2Fwp-content%2Fuploads%2F2025%2F08%2FTravel-Guidelines-for-India.pdf|target:_blank|&#8221;][\/vc_column][\/vc_row][vc_row full_width=&#8221;stretch_row_content&#8221; lg_spacing=&#8221;padding_top:150&#8243;][vc_column][tm_image align=&#8221;center&#8221; image=&#8221;3067&#8243;][tm_spacer size=&#8221;lg:5&#8243;][vc_column_text css=&#8221;&#8221;]<\/p>\n<h2 class=\"main-head2\"><span class=\"highlight-head\">Points forts de la<\/span> destination<\/h2>\n<p>[\/vc_column_text][tm_spacer size=&#8221;lg:18&#8243;][vc_separator color=&#8221;turquoise&#8221; el_width=&#8221;10&#8243; css=&#8221;&#8221;][tm_spacer size=&#8221;lg:50&#8243;][\/vc_column][\/vc_row]<\/p>\n<\/div>","protected":false},"excerpt":{"rendered":"<p>[vc_row full_width=&#8221;stretch_row&#8221; overlay_background=&#8221;custom&#8221; overlay_custom_background=&#8221;#031914&#8243; overlay_opacity=&#8221;35&#8243; lg_spacing=&#8221;padding_top:193;padding_bottom:209&#8243; background_image=&#8221;45777&#8243; background_position=&#8221;center center&#8221;][vc_column][vc_column_text css=&#8221;&#8221;] Inde [\/vc_column_text][tm_spacer size=&#8221;lg:20&#8243;][vc_column_text css=&#8221;&#8221;] D\u00e9couvrez les diverses merveilles de l&#8217;incroyable Inde [\/vc_column_text][\/vc_column][\/vc_row][vc_row full_width=&#8221;stretch_row&#8221; background_repeat=&#8221;repeat-y&#8221; overlay_background=&#8221;custom&#8221; overlay_custom_background=&#8221;#ffffff&#8221; overlay_opacity=&#8221;20&#8243; lg_spacing=&#8221;padding_top:80;padding_right:300;padding_bottom:80;padding_left:300&#8243; el_id=&#8221;section-au sujet de&#8221; background_image=&#8221;4570&#8243; md_spacing=&#8221;padding_right:0;padding_left:0&#8243; sm_spacing=&#8221;padding_right:0;padding_left:0&#8243; xs_spacing=&#8221;padding_right:0;padding_left:0&#8243; background_position=&#8221;center center&#8221;][vc_column][tm_spacer size=&#8221;lg:70&#8243;][tm_image align=&#8221;center&#8221; image=&#8221;3067&#8243;][tm_spacer size=&#8221;lg:28&#8243;][vc_column_text css=&#8221;&#8221;] L&#8217;Inde allie patrimoine ancien et \u00e9nergie moderne. Des forts et temples majestueux aux m\u00e9lodies apaisantes en passant par l&#8217;Ayurveda, c&#8217;est une symphonie vibrante et inoubliable d&#8217;images, de sons et de sensations. [\/vc_column_text][tm_spacer size=&#8221;lg:40&#8243;][vc_separator style=&#8221;dashed&#8221;][tm_spacer size=&#8221;lg:40&#8243;][vc_column_text css=&#8221;&#8221;] L&#8217;Inde est une terre de contrastes, \u00e0 la fois ancienne et moderne, chaotique et enchanteresse. Sa civilisation dor\u00e9e s&#8217;\u00e9panouit dans des forts et des temples grandioses, o\u00f9 r\u00e9sonnent les m\u00e9lodies des sitars et des cloches des temples. Des villes anim\u00e9es se m\u00ealent \u00e0 des paysages sereins, tandis que la commercialisation coexiste avec la cr\u00e9ativit\u00e9. De l&#8217;Himalaya mystique aux d\u00e9serts vibrants de Kutch, chaque voyage d\u00e9voile de riches traditions, des festivals color\u00e9s, une cuisine vari\u00e9e et une hospitalit\u00e9 chaleureuse. Les voyageurs sont accueillis par un pays qui absorbe les influences tout en restant unique, offrant des exp\u00e9riences inoubliables \u00e0 travers son art, sa musique, sa spiritualit\u00e9 et ses march\u00e9s anim\u00e9s. Qu&#8217;il s&#8217;agisse d&#8217;explorer des palais historiques ou de s&#8217;adonner aux vertus curatives de l&#8217;Ayurveda, l&#8217;Inde bouleverse les sens et inspire l&#8217;\u00e2me. [\/vc_column_text][tm_spacer size=&#8221;lg:100&#8243;][\/vc_column][\/vc_row][vc_row full_width=&#8221;stretch_row&#8221; content_placement=&#8221;middle&#8221; lg_spacing=&#8221;padding_top:120;padding_bottom:50&#8243; background_image=&#8221;3876&#8243;][vc_column offset=&#8221;vc_col-lg-4&#8243;][tm_image image=&#8221;3067&#8243;][tm_spacer size=&#8221;lg:5&#8243;][vc_column_text css=&#8221;&#8221;] Lieux incontournables [\/vc_column_text][tm_spacer size=&#8221;lg:18&#8243;][vc_separator color=&#8221;turquoise&#8221; align=&#8221;align_left&#8221; el_width=&#8221;20&#8243; css=&#8221;&#8221;][tm_spacer size=&#8221;lg:30&#8243;][vc_column_text css=&#8221;&#8221;]L&#8217;Inde est un pays aux paysages vari\u00e9s, \u00e0 l&#8217;histoire riche et \u00e0 la culture vibrante, qui offre des exp\u00e9riences inoubliables gr\u00e2ce \u00e0 son patrimoine, sa spiritualit\u00e9, ses traditions, son \u00e9nergie moderne, ses villes anim\u00e9es et sa beaut\u00e9 naturelle \u00e0 couper le souffle.[\/vc_column_text][tm_spacer size=&#8221;lg:40&#8243;][\/vc_column][vc_column offset=&#8221;vc_col-lg-offset-1 vc_col-lg-7&#8243;][tm_slider_group content_shadow=&#8221;1&#8243; nav=&#8221;09&#8243; pagination=&#8221;10&#8243; gutter=&#8221;0&#8243; items_display=&#8221;xs:1;sm:2;md:2;lg:2&#8243; auto_play=&#8221;2000&#8243;][tm_box_icon image_size=&#8221;full&#8221; align=&#8221;center&#8221; heading=&#8221;Humayun Tomb&#8221; text=&#8221;La tombe de Humayun, datant du XVIe si\u00e8cle, est la premi\u00e8re grande tombe-jardin du sous-continent indien, un exemple exceptionnel d&#8217;\u00e9difice indo-persan et un pr\u00e9curseur majestueux du Taj Mahal.&#8221; text_width=&#8221;270px&#8221; image=&#8221;8934&#8243;][tm_box_icon image_size=&#8221;full&#8221; align=&#8221;center&#8221; heading=&#8221;India Gate&#8221; text=&#8221;La Porte de l&#8217;Inde est situ\u00e9e au c\u0153ur de la capitale de l&#8217;Inde, New Delhi, et symbolise la fiert\u00e9 nationale et le sacrifice. L&#8217;arc du monument aux morts, haut de 42 m\u00e8tres, est l&#8217;Arc de Triomphe solennel de Delhi.&#8221; text_width=&#8221;270px&#8221; image=&#8221;8941&#8243;][tm_box_icon image_size=&#8221;full&#8221; align=&#8221;center&#8221; heading=&#8221;Jama Masjid&#8221; text=&#8221;Dominant Old Delhi, la magnifique fa\u00e7ade de Jama Masjid rappelle l&#8217;architecture moghole. C&#8217;est l&#8217;une des plus grandes mosqu\u00e9es d&#8217;Asie, construite en gr\u00e8s rouge et en marbre par plus de 5 000 artisans.&#8221; text_width=&#8221;270px&#8221; image=&#8221;8948&#8243;][tm_box_icon image_size=&#8221;full&#8221; align=&#8221;center&#8221; heading=&#8221;Red Fort&#8221; text=&#8221;Ce site class\u00e9 au patrimoine mondial de l&#8217;UNESCO a \u00e9t\u00e9 construit par l&#8217;empereur moghol Shah Jahan au d\u00e9but du XVIIe si\u00e8cle. En raison du gr\u00e8s rouge frappant utilis\u00e9 pour sa construction, ce fort est appel\u00e9 le Fort Rouge.&#8221; text_width=&#8221;270px&#8221; image=&#8221;8955&#8243;][tm_box_icon image_size=&#8221;full&#8221; align=&#8221;center&#8221; heading=&#8221;Agra Fort&#8221; text=&#8221;Une promenade dans ce fort massif, parmi les pavillons royaux et les salles d&#8217;audience, vous aidera \u00e0 comprendre l&#8217;\u00e9volution de l&#8217;esth\u00e9tique et des styles sous les g\u00e9n\u00e9rations successives de Moghols.&#8221; text_width=&#8221;270px&#8221; image=&#8221;8962&#8243;][tm_box_icon image_size=&#8221;full&#8221; align=&#8221;center&#8221; heading=&#8221;Amber Fort&#8221; text=&#8221;Le Fort d&#8217;Amber est un site class\u00e9 au patrimoine mondial de l&#8217;UNESCO. Perch\u00e9 au sommet d&#8217;une colline, le Fort d&#8217;Amber \u00e9tait le si\u00e8ge du pouvoir de la famille royale de Jaipur avant la construction du City Palace au 18e si\u00e8cle.&#8221; text_width=&#8221;270px&#8221; image=&#8221;8969&#8243;][tm_box_icon image_size=&#8221;full&#8221; align=&#8221;center&#8221; heading=&#8221;City Palace&#8221; text=&#8221;Class\u00e9 au patrimoine mondial de l&#8217;UNESCO et construit au XVIIIe si\u00e8cle, le City Palace est un complexe architectural impressionnant compos\u00e9 de palais exquis, de cours int\u00e9rieures, d&#8217;art d\u00e9coratif et de portes sculpt\u00e9es \u00e0 Jaipur.&#8221; text_width=&#8221;270px&#8221; image=&#8221;8976&#8243;][tm_box_icon image_size=&#8221;full&#8221; align=&#8221;center&#8221; heading=&#8221;Jantar Mantar&#8221; text=&#8221;Site class\u00e9 au patrimoine mondial de l&#8217;UNESCO, il abrite le plus grand cadran solaire en pierre du monde, \u00e0 Jaipur. Le Jantar Mantar poss\u00e8de quatorze dispositifs majeurs pour mesurer le temps, pr\u00e9dire les \u00e9clipses et suivre les \u00e9toiles et les plan\u00e8tes.&#8221; text_width=&#8221;270px&#8221; image=&#8221;8983&#8243;][\/tm_slider_group][tm_spacer size=&#8221;lg:60&#8243;][\/vc_column][\/vc_row][vc_row lg_spacing=&#8221;padding_top:150&#8243;][vc_column][tm_image align=&#8221;center&#8221; image=&#8221;3067&#8243;][tm_spacer size=&#8221;lg:5&#8243;][vc_column_text css=&#8221;&#8221;] Conseils de voyage [\/vc_column_text][tm_spacer size=&#8221;lg:18&#8243;][vc_separator color=&#8221;turquoise&#8221; el_width=&#8221;10&#8243; css=&#8221;&#8221;][tm_spacer size=&#8221;lg:90&#8243;][\/vc_column][\/vc_row][vc_row][vc_column width=&#8221;1\/12&#8243;][\/vc_column][vc_column width=&#8221;1\/4&#8243;][tm_spacer size=&#8221;lg:30&#8243;][vc_column_text css=&#8221;&#8221;] Documents de voyage [\/vc_column_text][tm_spacer size=&#8221;xs:40;sm:50;md:100;lg:150&#8243;][vc_column_text css=&#8221;&#8221;] A\u00e9roport et bagages [\/vc_column_text][\/vc_column][vc_column width=&#8221;1\/3&#8243;][tm_image align=&#8221;center&#8221; image=&#8221;4524&#8243;][\/vc_column][vc_column width=&#8221;1\/4&#8243;][tm_spacer size=&#8221;lg:30&#8243;][vc_column_text css=&#8221;&#8221;] Climat et v\u00eatements [\/vc_column_text][tm_spacer size=&#8221;xs:40;sm:50;md:100;lg:150&#8243;][vc_column_text css=&#8221;&#8221;] Se d\u00e9placer [\/vc_column_text][\/vc_column][vc_column width=&#8221;1\/12&#8243;][\/vc_column][\/vc_row][vc_row full_width=&#8221;stretch_row&#8221; lg_spacing=&#8221;padding_top:50;padding_bottom:50&#8243;][vc_column][tm_spacer size=&#8221;lg:40&#8243;][vc_btn title=&#8221;T\u00e9l\u00e9charger&#8221; color=&#8221;peacoc&#8221; align=&#8221;center&#8221; css=&#8221;&#8221; link=&#8221;url:https%3A%2F%2Fwww.sita.in%2FNewSita%2Fwp-content%2Fuploads%2F2025%2F08%2FTravel-Guidelines-for-India.pdf|target:_blank|&#8221;][\/vc_column][\/vc_row][vc_row full_width=&#8221;stretch_row_content&#8221; lg_spacing=&#8221;padding_top:150&#8243;][vc_column][tm_image align=&#8221;center&#8221; image=&#8221;3067&#8243;][tm_spacer size=&#8221;lg:5&#8243;][vc_column_text css=&#8221;&#8221;] Points forts de la destination [\/vc_column_text][tm_spacer size=&#8221;lg:18&#8243;][vc_separator color=&#8221;turquoise&#8221; el_width=&#8221;10&#8243; css=&#8221;&#8221;][tm_spacer size=&#8221;lg:50&#8243;][\/vc_column][\/vc_row]<\/p>\n","protected":false},"author":1,"featured_media":0,"parent":0,"menu_order":0,"comment_status":"closed","ping_status":"closed","template":"","meta":{"footnotes":""},"class_list":["post-53232","page","type-page","status-publish","hentry","post-no-thumbnail"],"_links":{"self":[{"href":"https:\/\/www.sita.in\/fr\/wp-json\/wp\/v2\/pages\/53232","targetHints":{"allow":["GET"]}}],"collection":[{"href":"https:\/\/www.sita.in\/fr\/wp-json\/wp\/v2\/pages"}],"about":[{"href":"https:\/\/www.sita.in\/fr\/wp-json\/wp\/v2\/types\/page"}],"author":[{"embeddable":true,"href":"https:\/\/www.sita.in\/fr\/wp-json\/wp\/v2\/users\/1"}],"replies":[{"embeddable":true,"href":"https:\/\/www.sita.in\/fr\/wp-json\/wp\/v2\/comments?post=53232"}],"version-history":[{"count":23,"href":"https:\/\/www.sita.in\/fr\/wp-json\/wp\/v2\/pages\/53232\/revisions"}],"predecessor-version":[{"id":55916,"href":"https:\/\/www.sita.in\/fr\/wp-json\/wp\/v2\/pages\/53232\/revisions\/55916"}],"wp:attachment":[{"href":"https:\/\/www.sita.in\/fr\/wp-json\/wp\/v2\/media?parent=53232"}],"curies":[{"name":"wp","href":"https:\/\/api.w.org\/{rel}","templated":true}]}}