{"id":53308,"date":"2025-06-16T07:25:31","date_gmt":"2025-06-16T07:25:31","guid":{"rendered":"https:\/\/www.sita.in\/NewSita?page_id=53308"},"modified":"2025-11-28T15:58:09","modified_gmt":"2025-11-28T15:58:09","slug":"politique-en-matiere-de-cookies","status":"publish","type":"page","link":"https:\/\/www.sita.in\/fr\/politique-en-matiere-de-cookies\/","title":{"rendered":"Politique en mati\u00e8re de cookies"},"content":{"rendered":"<div class=\"wpb-content-wrapper\"><p>[vc_row full_width=&#8221;stretch_row&#8221; overlay_background=&#8221;custom&#8221; overlay_custom_background=&#8221;#031914&#8243; overlay_opacity=&#8221;25&#8243; lg_spacing=&#8221;padding_top:193;padding_bottom:209&#8243; background_image=&#8221;4589&#8243; background_position=&#8221;center center&#8221;][vc_column][tm_heading tag=&#8221;h1&#8243; custom_google_font=&#8221;&#8221; align=&#8221;center&#8221; text_color=&#8221;custom&#8221; custom_text_color=&#8221;#ffffff&#8221; el_class=&#8221;page-title-shadow&#8221; text=&#8221;Politique en mati\u00e8re de cookies&#8221; font_size=&#8221;lg:60&#8243; max_width=&#8221;893px&#8221;][\/vc_column][\/vc_row][vc_row lg_spacing=&#8221;padding_top:100;padding_bottom:80&#8243;][vc_column][vc_column_text css=&#8221;&#8221;]Sita respecte votre vie priv\u00e9e et s&#8217;engage \u00e0 garantir la s\u00e9curit\u00e9 de vos donn\u00e9es personnelles. Nous respectons votre besoin de comprendre comment les informations sont collect\u00e9es, utilis\u00e9es, divulgu\u00e9es, transf\u00e9r\u00e9es et stock\u00e9es. C&#8217;est pourquoi nous avons \u00e9labor\u00e9 une politique en mati\u00e8re de cookies afin de vous familiariser avec nos pratiques. Nous vous conseillons de lire attentivement cette politique ainsi que l&#8217;avis de confidentialit\u00e9 de notre site web.   <\/p>\n<h2>Objectif<\/h2>\n<p>Sita utilise des cookies et d&#8217;autres technologies pour am\u00e9liorer votre exp\u00e9rience lorsque vous utilisez notre site web. \u00c0 cet effet, nous avons \u00e9labor\u00e9 la politique en mati\u00e8re de cookies ci-dessous afin de vous familiariser avec nos pratiques. <\/p>\n<h2>Champ d&#8217;application<\/h2>\n<p>Cette politique s&#8217;applique \u00e0 toutes les personnes qui visitent notre site web et \u00e0 toutes les informations collect\u00e9es au moyen des cookies.<\/p>\n<h2>Qu&#8217;est-ce qu&#8217;un cookie ?<\/h2>\n<p>Les cookies sont une fonction du logiciel de navigation qui permet aux serveurs web de stocker temporairement des informations dans votre navigateur. Ils sont g\u00e9n\u00e9ralement utilis\u00e9s pour faire fonctionner les sites web, pour suivre vos mouvements sur le site web, pour m\u00e9moriser vos donn\u00e9es de connexion et pour d&#8217;autres activit\u00e9s similaires. Les cookies sont envoy\u00e9s au site web d&#8217;origine lors d&#8217;une visite ult\u00e9rieure ou \u00e0 un autre site web qui reconna\u00eet le cookie sp\u00e9cifique. La plupart des navigateurs Web acceptent automatiquement les cookies. Les cookies permettent aux sites web de reconna\u00eetre l&#8217;appareil par lequel on acc\u00e8de au site web. Les cookies peuvent \u00eatre utilis\u00e9s pour m\u00e9moriser vos pr\u00e9f\u00e9rences et vos actions ant\u00e9rieures, ce qui permet de vous proposer des fonctionnalit\u00e9s ou des options sp\u00e9cifiques adapt\u00e9es \u00e0 vos pr\u00e9f\u00e9rences, am\u00e9liorant ainsi votre exp\u00e9rience sur le site web. Les cookies ne peuvent acc\u00e9der \u00e0 aucune autre information sur votre ordinateur. La plupart des navigateurs Web acceptent automatiquement les cookies. Bien entendu, en modifiant les options de votre navigateur web ou en utilisant certains logiciels, vous pouvez contr\u00f4ler et supprimer la mani\u00e8re dont les cookies seront accept\u00e9s par votre navigateur. Vous pouvez \u00e9galement modifier les options de votre navigateur pour choisir de ne plus recevoir de cookies \u00e0 l&#8217;avenir.<\/p>\n<h2>Types de cookies<\/h2>\n<p>Il existe diff\u00e9rents types de cookies, qui se distinguent par leur origine, leur fonction et leur dur\u00e9e de vie. Les caract\u00e9ristiques importantes des cookies sont les suivantes :<br \/>(a) Les cookies de premi\u00e8re partie sont des cookies stock\u00e9s par le site web que vous visitez, tandis que les cookies de tierce partie sont stock\u00e9s par un site web autre que celui que vous visitez. Veuillez noter que nous ne contr\u00f4lons pas la collecte ou l&#8217;utilisation ult\u00e9rieure de vos donn\u00e9es par des tiers.  <br \/>(b) Les cookies n\u00e9cessaires sont indispensables au fonctionnement technique d&#8217;un site web (par exemple, ils vous permettent de vous d\u00e9placer sur un site web et d&#8217;utiliser ses fonctions).<br \/>(c) Les cookies de performance collectent des donn\u00e9es sur la performance d&#8217;un site web, telles que le nombre de visiteurs, le temps pass\u00e9 sur le site web et les messages d&#8217;erreur.<br \/>(d) Les cookies de fonctionnalit\u00e9 augmentent la convivialit\u00e9 d&#8217;un site web en m\u00e9morisant vos choix (par exemple, la langue, la r\u00e9gion, le login, etc.).<br \/>(e) Les cookies de ciblage\/publicit\u00e9 permettent \u00e0 un site web de vous envoyer des publicit\u00e9s personnalis\u00e9es.<br \/>(f) Les cookies de session sont des cookies temporaires qui sont effac\u00e9s d\u00e8s que vous fermez votre navigateur, tandis que les cookies persistants ou permanents restent sur votre appareil jusqu&#8217;\u00e0 ce que vous les supprimiez manuellement ou que votre navigateur les supprime en fonction de la dur\u00e9e sp\u00e9cifi\u00e9e dans le fichier de cookies persistants.<\/p>\n<h2>Informations collect\u00e9es et raisons pour lesquelles nous utilisons des cookies et d&#8217;autres technologies<\/h2>\n<p>Afin de nous aider \u00e0 maintenir et \u00e0 am\u00e9liorer notre service, le site web, les services en ligne, les applications et les publicit\u00e9s de Sita peuvent utiliser des &#8220;cookies&#8221; pour collecter des informations relatives \u00e0 votre utilisation du site web. Les cookies peuvent \u00e9galement \u00eatre utilis\u00e9s pour effectuer des transactions et leur d\u00e9sactivation peut affecter la fonctionnalit\u00e9 de ce site web. <\/p>\n<p>(a) Sita et ses partenaires peuvent utiliser des cookies ou d&#8217;autres technologies pour enregistrer des informations anonymes et non personnelles (n&#8217;incluant pas votre nom, votre adresse, votre adresse \u00e9lectronique ou votre num\u00e9ro de t\u00e9l\u00e9phone) concernant vos visites sur ce site et d&#8217;autres sites Internet afin de mesurer l&#8217;efficacit\u00e9 de la publicit\u00e9.<br \/>(b) Nous pouvons \u00e9galement recueillir des informations non personnelles sur votre visite de notre site web, sur la base de vos activit\u00e9s de navigation (flux de clics). Ces informations peuvent inclure, sans s&#8217;y limiter, les pages parcourues et les produits et services consult\u00e9s ou r\u00e9serv\u00e9s. Ces informations nous aident \u00e0 mieux g\u00e9rer et d\u00e9velopper nos offres et \u00e0 vous fournir de meilleurs produits et services adapt\u00e9s \u00e0 vos int\u00e9r\u00eats et besoins individuels. Nous pouvons utiliser ces informations pour mesurer les points d&#8217;entr\u00e9e et de sortie des visiteurs sur le site web et le nombre respectif de visiteurs sur les diff\u00e9rentes pages et sections du site web, ainsi que les d\u00e9tails des recherches effectu\u00e9es. Nous pouvons \u00e9galement utiliser ces informations pour mesurer l&#8217;utilisation des banni\u00e8res publicitaires et des autres clics effectu\u00e9s sur le site web.    <br \/>(c) Comme c&#8217;est le cas pour la plupart des sites, nous recueillons automatiquement certaines informations et les stockons dans des fichiers journaux. Ces informations comprennent les adresses IP (Internet Protocol), le type et la langue du navigateur, le fournisseur d&#8217;acc\u00e8s \u00e0 Internet (FAI), les pages de r\u00e9f\u00e9rence et de sortie, le syst\u00e8me d&#8217;exploitation, l&#8217;horodatage et les donn\u00e9es relatives au parcours de navigation. Nous utilisons ces informations pour comprendre et analyser les tendances, pour administrer le site web, pour conna\u00eetre le comportement des utilisateurs sur le site web et pour recueillir des informations d\u00e9mographiques sur notre base d&#8217;utilisateurs dans son ensemble. Sita peut utiliser ces informations dans le cadre de ses services de marketing et de publicit\u00e9.   <br \/>(d) Dans certains de nos messages \u00e9lectroniques, nous utilisons un &#8220;click-through URL&#8221; li\u00e9 au contenu du site web de Sita. Lorsque les clients cliquent sur l&#8217;un de ces URL, ils passent par un serveur web distinct avant d&#8217;arriver \u00e0 la page de destination sur notre site web. Nous suivons ces donn\u00e9es de clics pour nous aider \u00e0 d\u00e9terminer l&#8217;int\u00e9r\u00eat pour des sujets particuliers et \u00e0 mesurer l&#8217;efficacit\u00e9 de nos communications avec les clients. Si vous pr\u00e9f\u00e9rez ne pas \u00eatre suivi de cette mani\u00e8re, vous ne devez pas cliquer sur les liens textuels ou graphiques contenus dans les messages \u00e9lectroniques.   <br \/>(e) Les balises pixel nous permettent d&#8217;envoyer des messages \u00e9lectroniques dans un format que les clients peuvent lire et nous indiquent si le courrier a \u00e9t\u00e9 ouvert. Nous pouvons utiliser ces informations pour r\u00e9duire ou supprimer les messages envoy\u00e9s aux clients. <\/p>\n<h2>Outils d&#8217;analyse<\/h2>\n<p>Nous utilisons divers outils d&#8217;analyse et technologies de tiers, dont Google Analytics, pour collecter et analyser les cookies. Nous avons des relations contractuelles avec ces soci\u00e9t\u00e9s d&#8217;analyse tierces, qui collectent ces informations. Elles peuvent combiner ces informations avec d&#8217;autres informations qu&#8217;elles ont d\u00e9j\u00e0 collect\u00e9es de mani\u00e8re ind\u00e9pendante sur d&#8217;autres sites web. Nombre de ces soci\u00e9t\u00e9s collectent et utilisent les informations conform\u00e9ment \u00e0 leur propre politique de confidentialit\u00e9. Vous pouvez d\u00e9sactiver Google Analytics en cliquant sur le lien suivant.    <\/p>\n<h2>Contr\u00f4ler les cookies<\/h2>\n<p>La plupart des navigateurs Internet sont configur\u00e9s pour accepter automatiquement les cookies. En fonction de votre navigateur, vous pouvez le configurer pour qu&#8217;il vous avertisse avant d&#8217;accepter les cookies ou pour qu&#8217;il les refuse. Si vous ne souhaitez pas recevoir de cookies, la plupart des navigateurs vous permettent de contr\u00f4ler les cookies par le biais de leurs pr\u00e9f\u00e9rences de param\u00e9trage. Pour savoir comment modifier les param\u00e8tres de votre navigateur, s\u00e9lectionnez le navigateur :<br \/>(a) Chrome<br \/>(b) Firefox<br \/>(c) Internet Explorer<br \/>(d) Opera<br \/>(e) Safari<br \/>La d\u00e9sactivation des cookies peut avoir une incidence sur votre exp\u00e9rience de notre site web. Si vous utilisez diff\u00e9rents appareils pour acc\u00e9der \u00e0 notre site web, vous devrez vous assurer que le navigateur de chaque appareil est r\u00e9gl\u00e9 sur vos pr\u00e9f\u00e9rences en mati\u00e8re de cookies.    <\/p>\n<h2>Modifications de la politique<\/h2>\n<p>La pr\u00e9sente politique entre en vigueur le 25 mai 2018. Nous nous r\u00e9servons le droit de mettre \u00e0 jour ou de modifier cette politique \u00e0 tout moment, et nous vous fournirons la politique mise \u00e0 jour lorsque nous ferons des mises \u00e0 jour substantielles au plus t\u00f4t, soit par courrier \u00e9lectronique, soit en fournissant une politique de changement bien visible sur le site web. Nous vous conseillons de consulter r\u00e9guli\u00e8rement cette politique. En continuant \u00e0 utiliser le site web apr\u00e8s la publication de toute modification de la politique sur cette page, vous reconnaissez les modifications et acceptez de vous conformer et d&#8217;\u00eatre li\u00e9 par la politique modifi\u00e9e.   [\/vc_column_text][\/vc_column][\/vc_row]<\/p>\n<\/div>","protected":false},"excerpt":{"rendered":"<p>[vc_row full_width=&#8221;stretch_row&#8221; overlay_background=&#8221;custom&#8221; overlay_custom_background=&#8221;#031914&#8243; overlay_opacity=&#8221;25&#8243; lg_spacing=&#8221;padding_top:193;padding_bottom:209&#8243; background_image=&#8221;4589&#8243; background_position=&#8221;center center&#8221;][vc_column][tm_heading tag=&#8221;h1&#8243; custom_google_font=&#8221;&#8221; align=&#8221;center&#8221; text_color=&#8221;custom&#8221; custom_text_color=&#8221;#ffffff&#8221; el_class=&#8221;page-title-shadow&#8221; text=&#8221;Politique en mati\u00e8re de cookies&#8221; font_size=&#8221;lg:60&#8243; max_width=&#8221;893px&#8221;][\/vc_column][\/vc_row][vc_row lg_spacing=&#8221;padding_top:100;padding_bottom:80&#8243;][vc_column][vc_column_text css=&#8221;&#8221;]Sita respecte votre vie priv\u00e9e et s&#8217;engage \u00e0 garantir la s\u00e9curit\u00e9 de vos donn\u00e9es personnelles. Nous respectons votre besoin de comprendre comment les informations sont collect\u00e9es, utilis\u00e9es, divulgu\u00e9es, transf\u00e9r\u00e9es et stock\u00e9es. C&#8217;est pourquoi nous avons \u00e9labor\u00e9 une politique en mati\u00e8re de cookies afin de vous familiariser avec nos pratiques. Nous vous conseillons de lire attentivement cette politique ainsi que l&#8217;avis de confidentialit\u00e9 de notre site web. Objectif Sita utilise des cookies et d&#8217;autres technologies pour am\u00e9liorer votre exp\u00e9rience lorsque vous utilisez notre site web. \u00c0 cet effet, nous avons \u00e9labor\u00e9 la politique en mati\u00e8re de cookies ci-dessous afin de vous familiariser avec nos pratiques. Champ d&#8217;application Cette politique s&#8217;applique \u00e0 toutes les personnes qui visitent notre site web et \u00e0 toutes les informations collect\u00e9es au moyen des cookies. Qu&#8217;est-ce qu&#8217;un cookie ? Les cookies sont une fonction du logiciel de navigation qui permet aux serveurs web de stocker temporairement des informations dans votre navigateur. Ils sont g\u00e9n\u00e9ralement utilis\u00e9s pour faire fonctionner les sites web, pour suivre vos mouvements sur le site web, pour m\u00e9moriser vos donn\u00e9es de connexion et pour d&#8217;autres activit\u00e9s similaires. Les cookies sont envoy\u00e9s au site web d&#8217;origine lors d&#8217;une visite ult\u00e9rieure ou \u00e0 un autre site web qui reconna\u00eet le cookie sp\u00e9cifique. La plupart des navigateurs Web acceptent automatiquement les cookies. Les cookies permettent aux sites web de reconna\u00eetre l&#8217;appareil par lequel on acc\u00e8de au site web. Les cookies peuvent \u00eatre utilis\u00e9s pour m\u00e9moriser vos pr\u00e9f\u00e9rences et vos actions ant\u00e9rieures, ce qui permet de vous proposer des fonctionnalit\u00e9s ou des options sp\u00e9cifiques adapt\u00e9es \u00e0 vos pr\u00e9f\u00e9rences, am\u00e9liorant ainsi votre exp\u00e9rience sur le site web. Les cookies ne peuvent acc\u00e9der \u00e0 aucune autre information sur votre ordinateur. La plupart des navigateurs Web acceptent automatiquement les cookies. Bien entendu, en modifiant les options de votre navigateur web ou en utilisant certains logiciels, vous pouvez contr\u00f4ler et supprimer la mani\u00e8re dont les cookies seront accept\u00e9s par votre navigateur. Vous pouvez \u00e9galement modifier les options de votre navigateur pour choisir de ne plus recevoir de cookies \u00e0 l&#8217;avenir. Types de cookies Il existe diff\u00e9rents types de cookies, qui se distinguent par leur origine, leur fonction et leur dur\u00e9e de vie. Les caract\u00e9ristiques importantes des cookies sont les suivantes :(a) Les cookies de premi\u00e8re partie sont des cookies stock\u00e9s par le site web que vous visitez, tandis que les cookies de tierce partie sont stock\u00e9s par un site web autre que celui que vous visitez. Veuillez noter que nous ne contr\u00f4lons pas la collecte ou l&#8217;utilisation ult\u00e9rieure de vos donn\u00e9es par des tiers. (b) Les cookies n\u00e9cessaires sont indispensables au fonctionnement technique d&#8217;un site web (par exemple, ils vous permettent de vous d\u00e9placer sur un site web et d&#8217;utiliser ses fonctions).(c) Les cookies de performance collectent des donn\u00e9es sur la performance d&#8217;un site web, telles que le nombre de visiteurs, le temps pass\u00e9 sur le site web et les messages d&#8217;erreur.(d) Les cookies de fonctionnalit\u00e9 augmentent la convivialit\u00e9 d&#8217;un site web en m\u00e9morisant vos choix (par exemple, la langue, la r\u00e9gion, le login, etc.).(e) Les cookies de ciblage\/publicit\u00e9 permettent \u00e0 un site web de vous envoyer des publicit\u00e9s personnalis\u00e9es.(f) Les cookies de session sont des cookies temporaires qui sont effac\u00e9s d\u00e8s que vous fermez votre navigateur, tandis que les cookies persistants ou permanents restent sur votre appareil jusqu&#8217;\u00e0 ce que vous les supprimiez manuellement ou que votre navigateur les supprime en fonction de la dur\u00e9e sp\u00e9cifi\u00e9e dans le fichier de cookies persistants. Informations collect\u00e9es et raisons pour lesquelles nous utilisons des cookies et d&#8217;autres technologies Afin de nous aider \u00e0 maintenir et \u00e0 am\u00e9liorer notre service, le site web, les services en ligne, les applications et les publicit\u00e9s de Sita peuvent utiliser des &#8220;cookies&#8221; pour collecter des informations relatives \u00e0 votre utilisation du site web. Les cookies peuvent \u00e9galement \u00eatre utilis\u00e9s pour effectuer des transactions et leur d\u00e9sactivation peut affecter la fonctionnalit\u00e9 de ce site web. (a) Sita et ses partenaires peuvent utiliser des cookies ou d&#8217;autres technologies pour enregistrer des informations anonymes et non personnelles (n&#8217;incluant pas votre nom, votre adresse, votre adresse \u00e9lectronique ou votre num\u00e9ro de t\u00e9l\u00e9phone) concernant vos visites sur ce site et d&#8217;autres sites Internet afin de mesurer l&#8217;efficacit\u00e9 de la publicit\u00e9.(b) Nous pouvons \u00e9galement recueillir des informations non personnelles sur votre visite de notre site web, sur la base de vos activit\u00e9s de navigation (flux de clics). Ces informations peuvent inclure, sans s&#8217;y limiter, les pages parcourues et les produits et services consult\u00e9s ou r\u00e9serv\u00e9s. Ces informations nous aident \u00e0 mieux g\u00e9rer et d\u00e9velopper nos offres et \u00e0 vous fournir de meilleurs produits et services adapt\u00e9s \u00e0 vos int\u00e9r\u00eats et besoins individuels. Nous pouvons utiliser ces informations pour mesurer les points d&#8217;entr\u00e9e et de sortie des visiteurs sur le site web et le nombre respectif de visiteurs sur les diff\u00e9rentes pages et sections du site web, ainsi que les d\u00e9tails des recherches effectu\u00e9es. Nous pouvons \u00e9galement utiliser ces informations pour mesurer l&#8217;utilisation des banni\u00e8res publicitaires et des autres clics effectu\u00e9s sur le site web. (c) Comme c&#8217;est le cas pour la plupart des sites, nous recueillons automatiquement certaines informations et les stockons dans des fichiers journaux. Ces informations comprennent les adresses IP (Internet Protocol), le type et la langue du navigateur, le fournisseur d&#8217;acc\u00e8s \u00e0 Internet (FAI), les pages de r\u00e9f\u00e9rence et de sortie, le syst\u00e8me d&#8217;exploitation, l&#8217;horodatage et les donn\u00e9es relatives au parcours de navigation. Nous utilisons ces informations pour comprendre et analyser les tendances, pour administrer le site web, pour conna\u00eetre le comportement des utilisateurs sur le site web et pour recueillir des informations d\u00e9mographiques sur notre base d&#8217;utilisateurs dans son ensemble. Sita peut utiliser ces informations dans le cadre de ses services de marketing et de publicit\u00e9. (d) Dans certains de nos messages \u00e9lectroniques, nous utilisons un &#8220;click-through URL&#8221; li\u00e9 au contenu du site web de Sita. Lorsque les clients cliquent sur l&#8217;un de ces URL, ils passent [&hellip;]<\/p>\n","protected":false},"author":1,"featured_media":0,"parent":0,"menu_order":0,"comment_status":"closed","ping_status":"closed","template":"","meta":{"footnotes":""},"class_list":["post-53308","page","type-page","status-publish","hentry","post-no-thumbnail"],"_links":{"self":[{"href":"https:\/\/www.sita.in\/fr\/wp-json\/wp\/v2\/pages\/53308","targetHints":{"allow":["GET"]}}],"collection":[{"href":"https:\/\/www.sita.in\/fr\/wp-json\/wp\/v2\/pages"}],"about":[{"href":"https:\/\/www.sita.in\/fr\/wp-json\/wp\/v2\/types\/page"}],"author":[{"embeddable":true,"href":"https:\/\/www.sita.in\/fr\/wp-json\/wp\/v2\/users\/1"}],"replies":[{"embeddable":true,"href":"https:\/\/www.sita.in\/fr\/wp-json\/wp\/v2\/comments?post=53308"}],"version-history":[{"count":16,"href":"https:\/\/www.sita.in\/fr\/wp-json\/wp\/v2\/pages\/53308\/revisions"}],"predecessor-version":[{"id":55206,"href":"https:\/\/www.sita.in\/fr\/wp-json\/wp\/v2\/pages\/53308\/revisions\/55206"}],"wp:attachment":[{"href":"https:\/\/www.sita.in\/fr\/wp-json\/wp\/v2\/media?parent=53308"}],"curies":[{"name":"wp","href":"https:\/\/api.w.org\/{rel}","templated":true}]}}