{"id":53446,"date":"2019-01-18T03:28:51","date_gmt":"2019-01-18T03:28:51","guid":{"rendered":"https:\/\/www.sita.in\/NewSita?page_id=53446"},"modified":"2025-12-04T10:14:50","modified_gmt":"2025-12-04T10:14:50","slug":"inspiration-de-voyage","status":"publish","type":"page","link":"https:\/\/www.sita.in\/fr\/inspiration-de-voyage\/","title":{"rendered":"Inspiration de voyage"},"content":{"rendered":"<div class=\"wpb-content-wrapper\"><p>[vc_row full_width=&#8221;stretch_row&#8221; overlay_background=&#8221;custom&#8221; overlay_opacity=&#8221;30&#8243; lg_spacing=&#8221;padding_top:193;padding_bottom:209&#8243; background_image=&#8221;3345&#8243; background_position=&#8221;center center&#8221;][vc_column][vc_column_text css=&#8221;&#8221;]<\/p>\n<h1 class=\"page-head\">Les points de vue et les histoires de nos experts en voyage<\/h1>\n<p>[\/vc_column_text][tm_spacer size=&#8221;lg:20&#8243;][vc_column_text css=&#8221;&#8221;]<\/p>\n<div class=\"page-subhead\">Des perspectives d&#8217;experts pour inspirer votre prochaine offre<\/div>\n<p>[\/vc_column_text][\/vc_column][\/vc_row][vc_row lg_spacing=&#8221;margin_top:80&#8243;][vc_column][tm_blog style=&#8221;grid-classic-02&#8243; number=&#8221;12&#8243; pagination=&#8221;pagination&#8221; pagination_align=&#8221;center&#8221; columns=&#8221;xs:1;sm:2;lg:3&#8243; column_gutter=&#8221;lg:40&#8243; row_gutter=&#8221;lg:60&#8243;][\/vc_column][\/vc_row][vc_row full_width=&#8221;stretch_row_content&#8221; lg_spacing=&#8221;margin_top:80;padding_top:200;padding_bottom:200&#8243; background_image=&#8221;47615&#8243;][vc_column width=&#8221;1\/3&#8243; offset=&#8221;vc_col-lg-1&#8243;][\/vc_column][vc_column width=&#8221;1\/3&#8243; offset=&#8221;vc_col-lg-6&#8243;][vc_row_inner background_color=&#8221;custom&#8221; custom_background_color=&#8221;#FFFFFFCC&#8221;][vc_column_inner][vc_column_text css=&#8221;&#8221;]<\/p>\n<h2 class=\"main-head-white\">Planifiez votre prochaine aventure d\u00e8s aujourd&#8217;hui<\/h2>\n<p>[\/vc_column_text][tm_spacer size=&#8221;lg:5&#8243;][vc_column_text css=&#8221;&#8221;]<span style=\"color: #fff;\">Des itin\u00e9raires personnalisables, pr\u00eats \u00e0 l&#8217;emploi d\u00e8s le premier jour.<\/span>[\/vc_column_text][tm_spacer size=&#8221;lg:30&#8243;][vc_column_text]\t<a class=\"paoc-popup-click paoc-popup-cust-56341 paoc-popup-button paoc-popup-btn \" href=\"javascript:void(0);\">LET'S GO!<\/a>\r\n[\/vc_column_text][\/vc_column_inner][\/vc_row_inner][\/vc_column][vc_column width=&#8221;1\/3&#8243; offset=&#8221;vc_col-lg-5&#8243;][\/vc_column][\/vc_row]<\/p>\n<\/div>","protected":false},"excerpt":{"rendered":"<p>[vc_row full_width=&#8221;stretch_row&#8221; overlay_background=&#8221;custom&#8221; overlay_opacity=&#8221;30&#8243; lg_spacing=&#8221;padding_top:193;padding_bottom:209&#8243; background_image=&#8221;3345&#8243; background_position=&#8221;center center&#8221;][vc_column][vc_column_text css=&#8221;&#8221;] Les points de vue et les histoires de nos experts en voyage [\/vc_column_text][tm_spacer size=&#8221;lg:20&#8243;][vc_column_text css=&#8221;&#8221;] Des perspectives d&#8217;experts pour inspirer votre prochaine offre [\/vc_column_text][\/vc_column][\/vc_row][vc_row lg_spacing=&#8221;margin_top:80&#8243;][vc_column][tm_blog style=&#8221;grid-classic-02&#8243; number=&#8221;12&#8243; pagination=&#8221;pagination&#8221; pagination_align=&#8221;center&#8221; columns=&#8221;xs:1;sm:2;lg:3&#8243; column_gutter=&#8221;lg:40&#8243; row_gutter=&#8221;lg:60&#8243;][\/vc_column][\/vc_row][vc_row full_width=&#8221;stretch_row_content&#8221; lg_spacing=&#8221;margin_top:80;padding_top:200;padding_bottom:200&#8243; background_image=&#8221;47615&#8243;][vc_column width=&#8221;1\/3&#8243; offset=&#8221;vc_col-lg-1&#8243;][\/vc_column][vc_column width=&#8221;1\/3&#8243; offset=&#8221;vc_col-lg-6&#8243;][vc_row_inner background_color=&#8221;custom&#8221; custom_background_color=&#8221;#FFFFFFCC&#8221;][vc_column_inner][vc_column_text css=&#8221;&#8221;] Planifiez votre prochaine aventure d\u00e8s aujourd&#8217;hui [\/vc_column_text][tm_spacer size=&#8221;lg:5&#8243;][vc_column_text css=&#8221;&#8221;]Des itin\u00e9raires personnalisables, pr\u00eats \u00e0 l&#8217;emploi d\u00e8s le premier jour.[\/vc_column_text][tm_spacer size=&#8221;lg:30&#8243;][vc_column_text][\/vc_column_text][\/vc_column_inner][\/vc_row_inner][\/vc_column][vc_column width=&#8221;1\/3&#8243; offset=&#8221;vc_col-lg-5&#8243;][\/vc_column][\/vc_row]<\/p>\n","protected":false},"author":1,"featured_media":0,"parent":0,"menu_order":0,"comment_status":"closed","ping_status":"closed","template":"","meta":{"footnotes":""},"class_list":["post-53446","page","type-page","status-publish","hentry","post-no-thumbnail"],"_links":{"self":[{"href":"https:\/\/www.sita.in\/fr\/wp-json\/wp\/v2\/pages\/53446","targetHints":{"allow":["GET"]}}],"collection":[{"href":"https:\/\/www.sita.in\/fr\/wp-json\/wp\/v2\/pages"}],"about":[{"href":"https:\/\/www.sita.in\/fr\/wp-json\/wp\/v2\/types\/page"}],"author":[{"embeddable":true,"href":"https:\/\/www.sita.in\/fr\/wp-json\/wp\/v2\/users\/1"}],"replies":[{"embeddable":true,"href":"https:\/\/www.sita.in\/fr\/wp-json\/wp\/v2\/comments?post=53446"}],"version-history":[{"count":14,"href":"https:\/\/www.sita.in\/fr\/wp-json\/wp\/v2\/pages\/53446\/revisions"}],"predecessor-version":[{"id":56466,"href":"https:\/\/www.sita.in\/fr\/wp-json\/wp\/v2\/pages\/53446\/revisions\/56466"}],"wp:attachment":[{"href":"https:\/\/www.sita.in\/fr\/wp-json\/wp\/v2\/media?parent=53446"}],"curies":[{"name":"wp","href":"https:\/\/api.w.org\/{rel}","templated":true}]}}