{"id":53549,"date":"2025-07-18T05:54:12","date_gmt":"2025-07-18T05:54:12","guid":{"rendered":"https:\/\/www.sita.in\/NewSita?page_id=53549"},"modified":"2025-12-01T13:19:36","modified_gmt":"2025-12-01T13:19:36","slug":"destinations","status":"publish","type":"page","link":"https:\/\/www.sita.in\/fr\/destinations\/","title":{"rendered":"Destinations"},"content":{"rendered":"<div class=\"wpb-content-wrapper\"><p>[vc_row full_width=&#8221;stretch_row&#8221; overlay_background=&#8221;custom&#8221; overlay_opacity=&#8221;30&#8243; lg_spacing=&#8221;padding_top:193;padding_bottom:209&#8243; background_image=&#8221;47402&#8243; background_position=&#8221;center center&#8221;][vc_column][vc_column_text css=&#8221;&#8221;]<\/p>\n<h1 class=\"page-head\">Destinations<\/h1>\n<p>[\/vc_column_text][tm_spacer size=&#8221;lg:20&#8243;][vc_column_text css=&#8221;&#8221;]<\/p>\n<div class=\"page-subhead\">D\u00e9couvrez la magie du sous-continent indien<\/div>\n<p>[\/vc_column_text][\/vc_column][\/vc_row][vc_row full_width=&#8221;stretch_row&#8221; height=&#8221;full&#8221; background_repeat=&#8221;repeat-y&#8221; overlay_background=&#8221;custom&#8221; overlay_custom_background=&#8221;#ffffff&#8221; overlay_opacity=&#8221;20&#8243; lg_spacing=&#8221;padding_top:80;padding_right:300;padding_bottom:80;padding_left:300&#8243; el_id=&#8221;section-au sujet de&#8221; background_image=&#8221;4859&#8243; md_spacing=&#8221;padding_right:0;padding_left:0&#8243; sm_spacing=&#8221;padding_right:0;padding_left:0&#8243; xs_spacing=&#8221;padding_right:0;padding_left:0&#8243; background_position=&#8221;center center&#8221;][vc_column][tm_spacer size=&#8221;lg:70&#8243;][vc_column_text css=&#8221;&#8221;]<\/p>\n<h3 class=\"page-intro\">Le sous-continent indien offre un \u00e9ventail in\u00e9gal\u00e9 d&#8217;exp\u00e9riences &#8211; o\u00f9 convergent des traditions intemporelles, des paysages spectaculaires et des cultures vibrantes. Du patrimoine \u00e0 la spiritualit\u00e9 en passant par l&#8217;aventure et le bien-\u00eatre, cette r\u00e9gion r\u00e9pond \u00e0 un large \u00e9ventail d&#8217;int\u00e9r\u00eats pour les voyageurs. V\u00e9ritable mosa\u00efque de contrastes, le sous-continent vous permet de concevoir des voyages profond\u00e9ment enrichissants qui non seulement captivent vos clients, mais renforcent \u00e9galement vos offres commerciales.  <\/h3>\n<p>[\/vc_column_text][tm_spacer size=&#8221;lg:40&#8243;][vc_separator style=&#8221;dashed&#8221;][tm_spacer size=&#8221;lg:40&#8243;][vc_column_text css=&#8221;&#8221;]<\/p>\n<p style=\"text-align: center;\">En Inde, au N\u00e9pal, au Bhoutan et au Sri Lanka, Sita propose un portefeuille vari\u00e9 d&#8217;exp\u00e9riences &#8211; des villes anim\u00e9es et des rivi\u00e8res spirituelles de l&#8217;Inde \u00e0 l&#8217;Himalaya embl\u00e9matique du N\u00e9pal, aux monast\u00e8res sereins du Bhoutan et aux c\u00f4tes immacul\u00e9es du Sri Lanka. En tant que partenaire DMC de confiance en Asie du Sud, nous concevons des programmes authentiques et immersifs adapt\u00e9s aux besoins de vos clients, avec l&#8217;expertise, la fiabilit\u00e9 et la chaleur sur lesquelles vous pouvez compter. <\/p>\n<p>[\/vc_column_text][tm_spacer size=&#8221;lg:100&#8243;][\/vc_column][\/vc_row][vc_row full_width=&#8221;stretch_row&#8221; height=&#8221;full&#8221; background_image=&#8221;4570&#8243; lg_spacing=&#8221;padding_top:130;padding_bottom:130&#8243; background_position=&#8221;center bottom&#8221;][vc_column layer_index=&#8221;2&#8243; offset=&#8221;vc_col-lg-6&#8243;][tm_image full_wide=&#8221;1&#8243; caption_color=&#8221;secondary&#8221; image=&#8221;45777&#8243; caption=&#8221;- Discover the Diverse Wonders of Incredible India -&#8220;][\/vc_column][vc_column layer_index=&#8221;1&#8243; offset=&#8221;vc_col-lg-6&#8243;][vc_row_inner custom_border_color=&#8221;#f2f2f2&#8243; border_style=&#8221;double&#8221; background_color=&#8221;custom&#8221; lg_spacing=&#8221;margin_top:40;margin_left:-160;border_top:10;border_right:10;border_bottom:10;border_left:10;padding_right:70;padding_left:203&#8243; custom_background_color=&#8221;#ffffff&#8221; md_spacing=&#8221;margin_right:0;margin_left:0;padding_right:30;padding_left:30&#8243;][vc_column_inner][tm_spacer size=&#8221;lg:55&#8243;][tm_image image=&#8221;3067&#8243;][tm_spacer size=&#8221;lg:5&#8243;][vc_column_text css=&#8221;&#8221;]<\/p>\n<h2 class=\"main-head\">Inde<\/h2>\n<p>[\/vc_column_text][tm_spacer size=&#8221;lg:30&#8243;][vc_column_text css=&#8221;&#8221;]L&#8217;Inde est une destination d&#8217;une diversit\u00e9 in\u00e9gal\u00e9e, o\u00f9 l&#8217;h\u00e9ritage ancien rencontre l&#8217;effervescence moderne. Des forts et temples sacr\u00e9s class\u00e9s par l&#8217;UNESCO aux authentiques traditions de bien-\u00eatre et aux exp\u00e9riences culturelles dynamiques, l&#8217;Inde offre quelque chose \u00e0 chaque segment de voyageurs. Avec sa vaste gamme d&#8217;exp\u00e9riences, cette destination vous permet de concevoir des itin\u00e9raires qui sont \u00e0 la fois m\u00e9morables pour vos clients et rentables pour votre entreprise.[\/vc_column_text][tm_spacer size=&#8221;lg:30&#8243;][vc_btn title=&#8221;Explorer l&apos;Inde&#8221; color=&#8221;info&#8221; css=&#8221;&#8221; link=&#8221;url:https%3A%2F%2Fwww.sita.in%2Ffr%2Finde%2F|title:India|&#8221;][tm_spacer size=&#8221;lg:30&#8243;][\/vc_column_inner][\/vc_row_inner][\/vc_column][\/vc_row][vc_row full_width=&#8221;stretch_row&#8221; height=&#8221;full&#8221; background_image=&#8221;4869&#8243; lg_spacing=&#8221;padding_top:130;padding_bottom:130&#8243; background_position=&#8221;center bottom&#8221;][vc_column layer_index=&#8221;1&#8243; offset=&#8221;vc_col-lg-6&#8243;][vc_row_inner custom_border_color=&#8221;#f2f2f2&#8243; border_style=&#8221;double&#8221; background_color=&#8221;custom&#8221; lg_spacing=&#8221;margin_top:40;margin_right:-160;border_top:10;border_right:10;border_bottom:10;border_left:10;padding_right:203;padding_left:70&#8243; custom_background_color=&#8221;#ffffff&#8221; md_spacing=&#8221;margin_right:0;margin_left:0;padding_right:30;padding_left:30&#8243;][vc_column_inner][tm_spacer size=&#8221;lg:55&#8243;][tm_image image=&#8221;3067&#8243;][tm_spacer size=&#8221;lg:5&#8243;][vc_column_text css=&#8221;&#8221;]<\/p>\n<h2 class=\"main-head\">N\u00e9pal<\/h2>\n<p>[\/vc_column_text][tm_spacer size=&#8221;lg:30&#8243;][vc_column_text css=&#8221;&#8221;]Le N\u00e9pal offre un m\u00e9lange puissant d&#8217;aventure et de culture, ce qui en fait une destination id\u00e9ale pour divers segments de voyageurs. Des sommets embl\u00e9matiques de l&#8217;Himalaya aux monast\u00e8res sacr\u00e9s, en passant par les rivi\u00e8res vibrantes, les rizi\u00e8res luxuriantes et la vie authentique des villages, le N\u00e9pal offre des exp\u00e9riences qui s\u00e9duisent \u00e0 la fois les amateurs d&#8217;aventure et les passionn\u00e9s de culture. Avec ses paysages d&#8217;une vari\u00e9t\u00e9 in\u00e9gal\u00e9e et ses racines culturelles profondes, cette destination est un ajout \u00e0 votre portefeuille qui promet des voyages inoubliables \u00e0 vos clients.[\/vc_column_text][tm_spacer size=&#8221;lg:30&#8243;][vc_btn title=&#8221;Explorer le N\u00e9pal&#8221; color=&#8221;info&#8221; css=&#8221;&#8221; link=&#8221;url:https%3A%2F%2Fwww.sita.in%2Ffr%2Fnepal%2F|title:Nepal|&#8221;][tm_spacer size=&#8221;lg:30&#8243;][\/vc_column_inner][\/vc_row_inner][\/vc_column][vc_column layer_index=&#8221;2&#8243; offset=&#8221;vc_col-lg-6&#8243;][tm_image full_wide=&#8221;1&#8243; caption_color=&#8221;secondary&#8221; image=&#8221;4865&#8243; caption=&#8221;- Experience the Majesty and Serenity of Nepal -&#8220;][\/vc_column][\/vc_row][vc_row full_width=&#8221;stretch_row&#8221; height=&#8221;full&#8221; background_image=&#8221;4698&#8243; lg_spacing=&#8221;padding_top:130;padding_bottom:130&#8243; background_position=&#8221;center bottom&#8221;][vc_column layer_index=&#8221;2&#8243; offset=&#8221;vc_col-lg-6&#8243;][tm_image full_wide=&#8221;1&#8243; caption_color=&#8221;secondary&#8221; image=&#8221;4866&#8243; caption=&#8221;- Sacred Peaks, Serene Valleys, and Soulful Journeys -&#8220;][\/vc_column][vc_column layer_index=&#8221;1&#8243; offset=&#8221;vc_col-lg-6&#8243;][vc_row_inner custom_border_color=&#8221;#f2f2f2&#8243; border_style=&#8221;double&#8221; background_color=&#8221;custom&#8221; lg_spacing=&#8221;margin_top:40;margin_left:-160;border_top:10;border_right:10;border_bottom:10;border_left:10;padding_right:70;padding_left:203&#8243; custom_background_color=&#8221;#ffffff&#8221; md_spacing=&#8221;margin_right:0;margin_left:0;padding_right:30;padding_left:30&#8243;][vc_column_inner][tm_spacer size=&#8221;lg:55&#8243;][tm_image image=&#8221;3067&#8243;][tm_spacer size=&#8221;lg:5&#8243;][vc_column_text css=&#8221;&#8221;]<\/p>\n<h2 class=\"main-head\">Bhoutan<\/h2>\n<p>[\/vc_column_text][tm_spacer size=&#8221;lg:30&#8243;][vc_column_text css=&#8221;&#8221;]Le Bhoutan est un havre spirituel qui abrite des monast\u00e8res sacr\u00e9s, des temples intemporels et des paysages forestiers vierges. V\u00e9n\u00e9r\u00e9 pour son authenticit\u00e9 et son exclusivit\u00e9, le pays attire fortement les voyageurs \u00e0 la recherche d&#8217;un voyage conscient et transformateur. En tant que destination de niche de grande valeur, le Bhoutan ajoute de la profondeur et du prestige \u00e0 votre portefeuille.[\/vc_column_text][tm_spacer size=&#8221;lg:30&#8243;][vc_btn title=&#8221;Explorer le Bhoutan&#8221; color=&#8221;info&#8221; css=&#8221;&#8221; link=&#8221;url:https%3A%2F%2Fwww.sita.in%2Ffr%2Fbhoutan%2F|title:Bhutan|&#8221;][tm_spacer size=&#8221;lg:55&#8243;][\/vc_column_inner][\/vc_row_inner][\/vc_column][\/vc_row][vc_row full_width=&#8221;stretch_row&#8221; height=&#8221;full&#8221; background_image=&#8221;4870&#8243; lg_spacing=&#8221;padding_top:130;padding_bottom:130&#8243; background_position=&#8221;center bottom&#8221;][vc_column layer_index=&#8221;1&#8243; offset=&#8221;vc_col-lg-6&#8243;][vc_row_inner custom_border_color=&#8221;#f2f2f2&#8243; border_style=&#8221;double&#8221; background_color=&#8221;custom&#8221; lg_spacing=&#8221;margin_top:40;margin_right:-160;border_top:10;border_right:10;border_bottom:10;border_left:10;padding_right:203;padding_left:70&#8243; custom_background_color=&#8221;#ffffff&#8221; md_spacing=&#8221;margin_right:0;margin_left:0;padding_right:30;padding_left:30&#8243;][vc_column_inner][tm_spacer size=&#8221;lg:55&#8243;][tm_image image=&#8221;3067&#8243;][tm_spacer size=&#8221;lg:5&#8243;][vc_column_text css=&#8221;&#8221;]<\/p>\n<h2 class=\"main-head\">Sri Lanka<\/h2>\n<p>[\/vc_column_text][tm_spacer size=&#8221;lg:30&#8243;][vc_column_text css=&#8221;&#8221;]Le Sri Lanka est une destination insulaire \u00e0 la fois compacte et diversifi\u00e9e, offrant des plages dor\u00e9es, des sites class\u00e9s au patrimoine de l&#8217;UNESCO, des r\u00e9serves naturelles et de riches traditions culturelles. Ses exp\u00e9riences vari\u00e9es s\u00e9duisent les familles, les couples en lune de miel, les amateurs de bien-\u00eatre et les passionn\u00e9s de culture, ce qui en fait une destination polyvalente et \u00e0 fort potentiel \u00e0 ajouter \u00e0 votre portefeuille.[\/vc_column_text][tm_spacer size=&#8221;lg:30&#8243;][vc_btn title=&#8221;Explorez le Sri Lanka&#8221; color=&#8221;info&#8221; css=&#8221;&#8221; link=&#8221;url:https%3A%2F%2Fwww.sita.in%2Ffr%2Fsri-lanka%2F|title:Sri%20Lanka|&#8221;][tm_spacer size=&#8221;lg:55&#8243;][\/vc_column_inner][\/vc_row_inner][\/vc_column][vc_column layer_index=&#8221;2&#8243; offset=&#8221;vc_col-lg-6&#8243;][tm_image full_wide=&#8221;1&#8243; caption_color=&#8221;secondary&#8221; image=&#8221;4867&#8243; caption=&#8221;- A Tapestry of Color, Spice, and Spirit -&#8220;][\/vc_column][\/vc_row]<\/p>\n<\/div>","protected":false},"excerpt":{"rendered":"<p>[vc_row full_width=&#8221;stretch_row&#8221; overlay_background=&#8221;custom&#8221; overlay_opacity=&#8221;30&#8243; lg_spacing=&#8221;padding_top:193;padding_bottom:209&#8243; background_image=&#8221;47402&#8243; background_position=&#8221;center center&#8221;][vc_column][vc_column_text css=&#8221;&#8221;] Destinations [\/vc_column_text][tm_spacer size=&#8221;lg:20&#8243;][vc_column_text css=&#8221;&#8221;] D\u00e9couvrez la magie du sous-continent indien [\/vc_column_text][\/vc_column][\/vc_row][vc_row full_width=&#8221;stretch_row&#8221; height=&#8221;full&#8221; background_repeat=&#8221;repeat-y&#8221; overlay_background=&#8221;custom&#8221; overlay_custom_background=&#8221;#ffffff&#8221; overlay_opacity=&#8221;20&#8243; lg_spacing=&#8221;padding_top:80;padding_right:300;padding_bottom:80;padding_left:300&#8243; el_id=&#8221;section-au sujet de&#8221; background_image=&#8221;4859&#8243; md_spacing=&#8221;padding_right:0;padding_left:0&#8243; sm_spacing=&#8221;padding_right:0;padding_left:0&#8243; xs_spacing=&#8221;padding_right:0;padding_left:0&#8243; background_position=&#8221;center center&#8221;][vc_column][tm_spacer size=&#8221;lg:70&#8243;][vc_column_text css=&#8221;&#8221;] Le sous-continent indien offre un \u00e9ventail in\u00e9gal\u00e9 d&#8217;exp\u00e9riences &#8211; o\u00f9 convergent des traditions intemporelles, des paysages spectaculaires et des cultures vibrantes. Du patrimoine \u00e0 la spiritualit\u00e9 en passant par l&#8217;aventure et le bien-\u00eatre, cette r\u00e9gion r\u00e9pond \u00e0 un large \u00e9ventail d&#8217;int\u00e9r\u00eats pour les voyageurs. V\u00e9ritable mosa\u00efque de contrastes, le sous-continent vous permet de concevoir des voyages profond\u00e9ment enrichissants qui non seulement captivent vos clients, mais renforcent \u00e9galement vos offres commerciales. [\/vc_column_text][tm_spacer size=&#8221;lg:40&#8243;][vc_separator style=&#8221;dashed&#8221;][tm_spacer size=&#8221;lg:40&#8243;][vc_column_text css=&#8221;&#8221;] En Inde, au N\u00e9pal, au Bhoutan et au Sri Lanka, Sita propose un portefeuille vari\u00e9 d&#8217;exp\u00e9riences &#8211; des villes anim\u00e9es et des rivi\u00e8res spirituelles de l&#8217;Inde \u00e0 l&#8217;Himalaya embl\u00e9matique du N\u00e9pal, aux monast\u00e8res sereins du Bhoutan et aux c\u00f4tes immacul\u00e9es du Sri Lanka. En tant que partenaire DMC de confiance en Asie du Sud, nous concevons des programmes authentiques et immersifs adapt\u00e9s aux besoins de vos clients, avec l&#8217;expertise, la fiabilit\u00e9 et la chaleur sur lesquelles vous pouvez compter. [\/vc_column_text][tm_spacer size=&#8221;lg:100&#8243;][\/vc_column][\/vc_row][vc_row full_width=&#8221;stretch_row&#8221; height=&#8221;full&#8221; background_image=&#8221;4570&#8243; lg_spacing=&#8221;padding_top:130;padding_bottom:130&#8243; background_position=&#8221;center bottom&#8221;][vc_column layer_index=&#8221;2&#8243; offset=&#8221;vc_col-lg-6&#8243;][tm_image full_wide=&#8221;1&#8243; caption_color=&#8221;secondary&#8221; image=&#8221;45777&#8243; caption=&#8221;- Discover the Diverse Wonders of Incredible India -&#8220;][\/vc_column][vc_column layer_index=&#8221;1&#8243; offset=&#8221;vc_col-lg-6&#8243;][vc_row_inner custom_border_color=&#8221;#f2f2f2&#8243; border_style=&#8221;double&#8221; background_color=&#8221;custom&#8221; lg_spacing=&#8221;margin_top:40;margin_left:-160;border_top:10;border_right:10;border_bottom:10;border_left:10;padding_right:70;padding_left:203&#8243; custom_background_color=&#8221;#ffffff&#8221; md_spacing=&#8221;margin_right:0;margin_left:0;padding_right:30;padding_left:30&#8243;][vc_column_inner][tm_spacer size=&#8221;lg:55&#8243;][tm_image image=&#8221;3067&#8243;][tm_spacer size=&#8221;lg:5&#8243;][vc_column_text css=&#8221;&#8221;] Inde [\/vc_column_text][tm_spacer size=&#8221;lg:30&#8243;][vc_column_text css=&#8221;&#8221;]L&#8217;Inde est une destination d&#8217;une diversit\u00e9 in\u00e9gal\u00e9e, o\u00f9 l&#8217;h\u00e9ritage ancien rencontre l&#8217;effervescence moderne. Des forts et temples sacr\u00e9s class\u00e9s par l&#8217;UNESCO aux authentiques traditions de bien-\u00eatre et aux exp\u00e9riences culturelles dynamiques, l&#8217;Inde offre quelque chose \u00e0 chaque segment de voyageurs. Avec sa vaste gamme d&#8217;exp\u00e9riences, cette destination vous permet de concevoir des itin\u00e9raires qui sont \u00e0 la fois m\u00e9morables pour vos clients et rentables pour votre entreprise.[\/vc_column_text][tm_spacer size=&#8221;lg:30&#8243;][vc_btn title=&#8221;Explorer l&apos;Inde&#8221; color=&#8221;info&#8221; css=&#8221;&#8221; link=&#8221;url:https%3A%2F%2Fwww.sita.in%2Ffr%2Finde%2F|title:India|&#8221;][tm_spacer size=&#8221;lg:30&#8243;][\/vc_column_inner][\/vc_row_inner][\/vc_column][\/vc_row][vc_row full_width=&#8221;stretch_row&#8221; height=&#8221;full&#8221; background_image=&#8221;4869&#8243; lg_spacing=&#8221;padding_top:130;padding_bottom:130&#8243; background_position=&#8221;center bottom&#8221;][vc_column layer_index=&#8221;1&#8243; offset=&#8221;vc_col-lg-6&#8243;][vc_row_inner custom_border_color=&#8221;#f2f2f2&#8243; border_style=&#8221;double&#8221; background_color=&#8221;custom&#8221; lg_spacing=&#8221;margin_top:40;margin_right:-160;border_top:10;border_right:10;border_bottom:10;border_left:10;padding_right:203;padding_left:70&#8243; custom_background_color=&#8221;#ffffff&#8221; md_spacing=&#8221;margin_right:0;margin_left:0;padding_right:30;padding_left:30&#8243;][vc_column_inner][tm_spacer size=&#8221;lg:55&#8243;][tm_image image=&#8221;3067&#8243;][tm_spacer size=&#8221;lg:5&#8243;][vc_column_text css=&#8221;&#8221;] N\u00e9pal [\/vc_column_text][tm_spacer size=&#8221;lg:30&#8243;][vc_column_text css=&#8221;&#8221;]Le N\u00e9pal offre un m\u00e9lange puissant d&#8217;aventure et de culture, ce qui en fait une destination id\u00e9ale pour divers segments de voyageurs. Des sommets embl\u00e9matiques de l&#8217;Himalaya aux monast\u00e8res sacr\u00e9s, en passant par les rivi\u00e8res vibrantes, les rizi\u00e8res luxuriantes et la vie authentique des villages, le N\u00e9pal offre des exp\u00e9riences qui s\u00e9duisent \u00e0 la fois les amateurs d&#8217;aventure et les passionn\u00e9s de culture. Avec ses paysages d&#8217;une vari\u00e9t\u00e9 in\u00e9gal\u00e9e et ses racines culturelles profondes, cette destination est un ajout \u00e0 votre portefeuille qui promet des voyages inoubliables \u00e0 vos clients.[\/vc_column_text][tm_spacer size=&#8221;lg:30&#8243;][vc_btn title=&#8221;Explorer le N\u00e9pal&#8221; color=&#8221;info&#8221; css=&#8221;&#8221; link=&#8221;url:https%3A%2F%2Fwww.sita.in%2Ffr%2Fnepal%2F|title:Nepal|&#8221;][tm_spacer size=&#8221;lg:30&#8243;][\/vc_column_inner][\/vc_row_inner][\/vc_column][vc_column layer_index=&#8221;2&#8243; offset=&#8221;vc_col-lg-6&#8243;][tm_image full_wide=&#8221;1&#8243; caption_color=&#8221;secondary&#8221; image=&#8221;4865&#8243; caption=&#8221;- Experience the Majesty and Serenity of Nepal -&#8220;][\/vc_column][\/vc_row][vc_row full_width=&#8221;stretch_row&#8221; height=&#8221;full&#8221; background_image=&#8221;4698&#8243; lg_spacing=&#8221;padding_top:130;padding_bottom:130&#8243; background_position=&#8221;center bottom&#8221;][vc_column layer_index=&#8221;2&#8243; offset=&#8221;vc_col-lg-6&#8243;][tm_image full_wide=&#8221;1&#8243; caption_color=&#8221;secondary&#8221; image=&#8221;4866&#8243; caption=&#8221;- Sacred Peaks, Serene Valleys, and Soulful Journeys -&#8220;][\/vc_column][vc_column layer_index=&#8221;1&#8243; offset=&#8221;vc_col-lg-6&#8243;][vc_row_inner custom_border_color=&#8221;#f2f2f2&#8243; border_style=&#8221;double&#8221; background_color=&#8221;custom&#8221; lg_spacing=&#8221;margin_top:40;margin_left:-160;border_top:10;border_right:10;border_bottom:10;border_left:10;padding_right:70;padding_left:203&#8243; custom_background_color=&#8221;#ffffff&#8221; md_spacing=&#8221;margin_right:0;margin_left:0;padding_right:30;padding_left:30&#8243;][vc_column_inner][tm_spacer size=&#8221;lg:55&#8243;][tm_image image=&#8221;3067&#8243;][tm_spacer size=&#8221;lg:5&#8243;][vc_column_text css=&#8221;&#8221;] Bhoutan [\/vc_column_text][tm_spacer size=&#8221;lg:30&#8243;][vc_column_text css=&#8221;&#8221;]Le Bhoutan est un havre spirituel qui abrite des monast\u00e8res sacr\u00e9s, des temples intemporels et des paysages forestiers vierges. V\u00e9n\u00e9r\u00e9 pour son authenticit\u00e9 et son exclusivit\u00e9, le pays attire fortement les voyageurs \u00e0 la recherche d&#8217;un voyage conscient et transformateur. En tant que destination de niche de grande valeur, le Bhoutan ajoute de la profondeur et du prestige \u00e0 votre portefeuille.[\/vc_column_text][tm_spacer size=&#8221;lg:30&#8243;][vc_btn title=&#8221;Explorer le Bhoutan&#8221; color=&#8221;info&#8221; css=&#8221;&#8221; link=&#8221;url:https%3A%2F%2Fwww.sita.in%2Ffr%2Fbhoutan%2F|title:Bhutan|&#8221;][tm_spacer size=&#8221;lg:55&#8243;][\/vc_column_inner][\/vc_row_inner][\/vc_column][\/vc_row][vc_row full_width=&#8221;stretch_row&#8221; height=&#8221;full&#8221; background_image=&#8221;4870&#8243; lg_spacing=&#8221;padding_top:130;padding_bottom:130&#8243; background_position=&#8221;center bottom&#8221;][vc_column layer_index=&#8221;1&#8243; offset=&#8221;vc_col-lg-6&#8243;][vc_row_inner custom_border_color=&#8221;#f2f2f2&#8243; border_style=&#8221;double&#8221; background_color=&#8221;custom&#8221; lg_spacing=&#8221;margin_top:40;margin_right:-160;border_top:10;border_right:10;border_bottom:10;border_left:10;padding_right:203;padding_left:70&#8243; custom_background_color=&#8221;#ffffff&#8221; md_spacing=&#8221;margin_right:0;margin_left:0;padding_right:30;padding_left:30&#8243;][vc_column_inner][tm_spacer size=&#8221;lg:55&#8243;][tm_image image=&#8221;3067&#8243;][tm_spacer size=&#8221;lg:5&#8243;][vc_column_text css=&#8221;&#8221;] Sri Lanka [\/vc_column_text][tm_spacer size=&#8221;lg:30&#8243;][vc_column_text css=&#8221;&#8221;]Le Sri Lanka est une destination insulaire \u00e0 la fois compacte et diversifi\u00e9e, offrant des plages dor\u00e9es, des sites class\u00e9s au patrimoine de l&#8217;UNESCO, des r\u00e9serves naturelles et de riches traditions culturelles. Ses exp\u00e9riences vari\u00e9es s\u00e9duisent les familles, les couples en lune de miel, les amateurs de bien-\u00eatre et les passionn\u00e9s de culture, ce qui en fait une destination polyvalente et \u00e0 fort potentiel \u00e0 ajouter \u00e0 votre portefeuille.[\/vc_column_text][tm_spacer size=&#8221;lg:30&#8243;][vc_btn title=&#8221;Explorez le Sri Lanka&#8221; color=&#8221;info&#8221; css=&#8221;&#8221; link=&#8221;url:https%3A%2F%2Fwww.sita.in%2Ffr%2Fsri-lanka%2F|title:Sri%20Lanka|&#8221;][tm_spacer size=&#8221;lg:55&#8243;][\/vc_column_inner][\/vc_row_inner][\/vc_column][vc_column layer_index=&#8221;2&#8243; offset=&#8221;vc_col-lg-6&#8243;][tm_image full_wide=&#8221;1&#8243; caption_color=&#8221;secondary&#8221; image=&#8221;4867&#8243; caption=&#8221;- A Tapestry of Color, Spice, and Spirit -&#8220;][\/vc_column][\/vc_row]<\/p>\n","protected":false},"author":1,"featured_media":0,"parent":0,"menu_order":0,"comment_status":"closed","ping_status":"closed","template":"","meta":{"footnotes":""},"class_list":["post-53549","page","type-page","status-publish","hentry","post-no-thumbnail"],"_links":{"self":[{"href":"https:\/\/www.sita.in\/fr\/wp-json\/wp\/v2\/pages\/53549","targetHints":{"allow":["GET"]}}],"collection":[{"href":"https:\/\/www.sita.in\/fr\/wp-json\/wp\/v2\/pages"}],"about":[{"href":"https:\/\/www.sita.in\/fr\/wp-json\/wp\/v2\/types\/page"}],"author":[{"embeddable":true,"href":"https:\/\/www.sita.in\/fr\/wp-json\/wp\/v2\/users\/1"}],"replies":[{"embeddable":true,"href":"https:\/\/www.sita.in\/fr\/wp-json\/wp\/v2\/comments?post=53549"}],"version-history":[{"count":29,"href":"https:\/\/www.sita.in\/fr\/wp-json\/wp\/v2\/pages\/53549\/revisions"}],"predecessor-version":[{"id":55489,"href":"https:\/\/www.sita.in\/fr\/wp-json\/wp\/v2\/pages\/53549\/revisions\/55489"}],"wp:attachment":[{"href":"https:\/\/www.sita.in\/fr\/wp-json\/wp\/v2\/media?parent=53549"}],"curies":[{"name":"wp","href":"https:\/\/api.w.org\/{rel}","templated":true}]}}