{"id":53591,"date":"2025-07-30T08:20:56","date_gmt":"2025-07-30T08:20:56","guid":{"rendered":"https:\/\/www.sita.in\/NewSita?page_id=53591"},"modified":"2025-12-03T13:23:21","modified_gmt":"2025-12-03T13:23:21","slug":"moments-parfaits","status":"publish","type":"page","link":"https:\/\/www.sita.in\/fr\/moments-parfaits\/","title":{"rendered":"Moments parfaits"},"content":{"rendered":"<div class=\"wpb-content-wrapper\"><p>[vc_row full_width=&#8221;stretch_row&#8221; overlay_background=&#8221;custom&#8221; overlay_opacity=&#8221;30&#8243; lg_spacing=&#8221;padding_top:193;padding_bottom:209&#8243; background_image=&#8221;4905&#8243; background_position=&#8221;center center&#8221;][vc_column][vc_column_text css=&#8221;&#8221;]<\/p>\n<h1 class=\"page-head\">Moments parfaits avec Sita<\/h1>\n<p>[\/vc_column_text][tm_spacer size=&#8221;lg:20&#8243;][vc_column_text css=&#8221;&#8221;]<\/p>\n<div class=\"page-subhead\">Con\u00e7u pour vous<\/div>\n<p>[\/vc_column_text][\/vc_column][\/vc_row][vc_row full_width=&#8221;stretch_row&#8221; background_size=&#8221;auto&#8221; onepage_skin=&#8221;light&#8221; lg_spacing=&#8221;padding_top:140;padding_bottom:140&#8243; background_image=&#8221;3874&#8243; background_position=&#8221;center top&#8221;][vc_column][tm_image align=&#8221;center&#8221; image=&#8221;3067&#8243;][tm_spacer size=&#8221;lg:5&#8243;][vc_column_text css=&#8221;&#8221;]<\/p>\n<h2 class=\"main-head2\"><span class=\"highlight-head\">Voyage<\/span> sans rupture<\/h2>\n<p>[\/vc_column_text][tm_spacer size=&#8221;lg:50&#8243;][vc_separator color=&#8221;custom&#8221; accent_color=&#8221;rgba(79,50,48,0.1)&#8221;][tm_spacer size=&#8221;lg:50&#8243;][vc_column_text css=&#8221;&#8221;]<\/p>\n<p style=\"text-align: center;\">Naviguer dans les paysages vastes et vari\u00e9s de l&#8217;Inde et de ses voisins n\u00e9cessite une coordination pr\u00e9cise et une connaissance approfondie des lieux. Chez Sita, la fluidit\u00e9 du voyage est la base de notre service. Notre vaste infrastructure r\u00e9gionale et nos \u00e9quipes au sol exp\u00e9riment\u00e9es garantissent des connexions fluides et fiables \u00e0 travers les villes anim\u00e9es, les sites patrimoniaux isol\u00e9s et les itin\u00e9raires pittoresques.  <\/p>\n<p style=\"text-align: center;\">Qu&#8217;il s&#8217;agisse de transferts priv\u00e9s, de vols int\u00e9rieurs ou de solutions de transport sur mesure, chaque d\u00e9tail est g\u00e9r\u00e9 dans un souci de confort, de s\u00e9curit\u00e9 et d&#8217;efficacit\u00e9 optimaux. Nous orchestrons m\u00e9ticuleusement chaque mouvement, permettant \u00e0 vos clients d&#8217;explorer sans effort les sites embl\u00e9matiques et les joyaux cach\u00e9s, en leur offrant le voyage sans heurts qu&#8217;ils attendent et m\u00e9ritent. <\/p>\n<p>[\/vc_column_text][tm_spacer size=&#8221;lg:20&#8243;][\/vc_column][\/vc_row][vc_row full_width=&#8221;stretch_row&#8221; lg_spacing=&#8221;padding_top:120;padding_bottom:120&#8243; background_image=&#8221;921&#8243;][vc_column][tm_image align=&#8221;center&#8221; image=&#8221;3067&#8243;][tm_spacer size=&#8221;lg:5&#8243;][vc_column_text css=&#8221;&#8221;]<\/p>\n<h2 class=\"main-head2\">Voyages sur mesure : Individuels, groupes et int\u00e9r\u00eats particuliers<\/h2>\n<p>[\/vc_column_text][tm_spacer size=&#8221;lg:20&#8243;][vc_column_text css=&#8221;&#8221;]<\/p>\n<div class=\"sub-head2\">Une planification sans faille, des exp\u00e9riences authentiques, des souvenirs imp\u00e9rissables<\/div>\n<p>[\/vc_column_text][tm_spacer size=&#8221;lg:25&#8243;][vc_separator color=&#8221;custom&#8221; accent_color=&#8221;rgba(79,50,48,0.1)&#8221;][tm_spacer size=&#8221;lg:35&#8243;][vc_column_text css=&#8221;&#8221;]<\/p>\n<p style=\"text-align: center;\">Chez Sita, nous comprenons que les voyages sont plus gratifiants lorsqu&#8217;ils sont adapt\u00e9s aux pr\u00e9f\u00e9rences individuelles, partag\u00e9s avec des groupes partageant les m\u00eames id\u00e9es ou ax\u00e9s sur des int\u00e9r\u00eats particuliers. Nos circuits con\u00e7us par des experts, qu&#8217;ils soient destin\u00e9s \u00e0 des voyageurs solitaires, \u00e0 des groupes ou \u00e0 des passions particuli\u00e8res, garantissent une logistique sans faille, des conseils avis\u00e9s et des exp\u00e9riences authentiques. <\/p>\n<p>Forts de plus de 60 ans d&#8217;expertise, nous proposons des voyages d&#8217;initi\u00e9s qui r\u00e9v\u00e8lent le v\u00e9ritable esprit des gens et des lieux du sous-continent, en allant au-del\u00e0 des itin\u00e9raires habituels. Faites \u00e9quipe avec nous pour offrir \u00e0 vos clients des exp\u00e9riences de voyage in\u00e9gal\u00e9es et significatives, parfaitement adapt\u00e9es \u00e0 leurs besoins.<\/p>\n<p>[\/vc_column_text][tm_spacer size=&#8221;lg:60&#8243;][vc_row_inner][vc_column_inner width=&#8221;1\/4&#8243;][tm_icon icon_type=&#8221;fontawesome5&#8243; icon_fontawesome5=&#8221;fal fa-clipboard-check&#8221; align=&#8221;center&#8221; style=&#8221;03&#8243; icon_color=&#8221;primary&#8221; font_size=&#8221;lg:40&#8243;][tm_spacer size=&#8221;lg:20&#8243;][vc_column_text css=&#8221;&#8221;]<\/p>\n<h4 style=\"text-align: center;\">Visites hors du commun<\/h4>\n<p>[\/vc_column_text][tm_spacer size=&#8221;lg:20&#8243;][\/vc_column_inner][vc_column_inner width=&#8221;1\/4&#8243;][tm_icon icon_type=&#8221;fontawesome5&#8243; icon_fontawesome5=&#8221;fal fa-calendar-check&#8221; align=&#8221;center&#8221; style=&#8221;03&#8243; icon_color=&#8221;primary&#8221; font_size=&#8221;lg:40&#8243;][tm_spacer size=&#8221;lg:20&#8243;][vc_column_text css=&#8221;&#8221;]<\/p>\n<h4 style=\"text-align: center;\">Experts en conception de voyages<\/h4>\n<p>[\/vc_column_text][tm_spacer size=&#8221;lg:20&#8243;][\/vc_column_inner][vc_column_inner width=&#8221;1\/4&#8243;][tm_icon icon_type=&#8221;fontawesome5&#8243; icon_fontawesome5=&#8221;far fa-leaf&#8221; align=&#8221;center&#8221; style=&#8221;03&#8243; icon_color=&#8221;primary&#8221; font_size=&#8221;lg:40&#8243;][tm_spacer size=&#8221;lg:20&#8243;][vc_column_text css=&#8221;&#8221;]<\/p>\n<h4 style=\"text-align: center;\">Rencontres durables<\/h4>\n<p>[\/vc_column_text][tm_spacer size=&#8221;lg:20&#8243;][\/vc_column_inner][vc_column_inner width=&#8221;1\/4&#8243;][tm_icon icon_type=&#8221;fontawesome5&#8243; icon_fontawesome5=&#8221;fal fa-hands&#8221; align=&#8221;center&#8221; style=&#8221;03&#8243; icon_color=&#8221;primary&#8221; font_size=&#8221;lg:40&#8243;][tm_spacer size=&#8221;lg:20&#8243;][vc_column_text css=&#8221;&#8221;]<\/p>\n<h4 style=\"text-align: center;\">La libert\u00e9 d&#8217;explorer<\/h4>\n<p>[\/vc_column_text][tm_spacer size=&#8221;lg:20&#8243;][\/vc_column_inner][\/vc_row_inner][tm_spacer size=&#8221;lg:60&#8243;][\/vc_column][\/vc_row][vc_row full_width=&#8221;stretch_row_content&#8221; overlay_background=&#8221;custom&#8221; overlay_opacity=&#8221;10&#8243; lg_spacing=&#8221;padding_top:200;padding_bottom:200&#8243; background_image=&#8221;4934&#8243;][vc_column width=&#8221;1\/3&#8243; offset=&#8221;vc_col-lg-1&#8243;][\/vc_column][vc_column width=&#8221;1\/3&#8243; offset=&#8221;vc_col-lg-6&#8243;][vc_row_inner background_color=&#8221;custom&#8221; custom_background_color=&#8221;#FFFFFFCC&#8221;][vc_column_inner][vc_column_text css=&#8221;&#8221;]<\/p>\n<h2 class=\"main-head-white\">Partagez vos id\u00e9es de voyage<\/h2>\n<p>[\/vc_column_text][tm_spacer size=&#8221;lg:5&#8243;][vc_column_text css=&#8221;&#8221;]<\/p>\n<p style=\"color: #fff;\">Nous leur donnons vie<\/p>\n<p>[\/vc_column_text][tm_spacer size=&#8221;lg:30&#8243;][vc_column_text css=&#8221;&#8221;]\t<a class=\"paoc-popup-click paoc-popup-cust-56152 paoc-popup-button paoc-popup-btn \" href=\"javascript:void(0);\">TAILOR ITINERARY WITH EASE<\/a>\r\n[\/vc_column_text][\/vc_column_inner][\/vc_row_inner][\/vc_column][vc_column width=&#8221;1\/3&#8243; offset=&#8221;vc_col-lg-5&#8243;][\/vc_column][\/vc_row]<\/p>\n<\/div>","protected":false},"excerpt":{"rendered":"<p>[vc_row full_width=&#8221;stretch_row&#8221; overlay_background=&#8221;custom&#8221; overlay_opacity=&#8221;30&#8243; lg_spacing=&#8221;padding_top:193;padding_bottom:209&#8243; background_image=&#8221;4905&#8243; background_position=&#8221;center center&#8221;][vc_column][vc_column_text css=&#8221;&#8221;] Moments parfaits avec Sita [\/vc_column_text][tm_spacer size=&#8221;lg:20&#8243;][vc_column_text css=&#8221;&#8221;] Con\u00e7u pour vous [\/vc_column_text][\/vc_column][\/vc_row][vc_row full_width=&#8221;stretch_row&#8221; background_size=&#8221;auto&#8221; onepage_skin=&#8221;light&#8221; lg_spacing=&#8221;padding_top:140;padding_bottom:140&#8243; background_image=&#8221;3874&#8243; background_position=&#8221;center top&#8221;][vc_column][tm_image align=&#8221;center&#8221; image=&#8221;3067&#8243;][tm_spacer size=&#8221;lg:5&#8243;][vc_column_text css=&#8221;&#8221;] Voyage sans rupture [\/vc_column_text][tm_spacer size=&#8221;lg:50&#8243;][vc_separator color=&#8221;custom&#8221; accent_color=&#8221;rgba(79,50,48,0.1)&#8221;][tm_spacer size=&#8221;lg:50&#8243;][vc_column_text css=&#8221;&#8221;] Naviguer dans les paysages vastes et vari\u00e9s de l&#8217;Inde et de ses voisins n\u00e9cessite une coordination pr\u00e9cise et une connaissance approfondie des lieux. Chez Sita, la fluidit\u00e9 du voyage est la base de notre service. Notre vaste infrastructure r\u00e9gionale et nos \u00e9quipes au sol exp\u00e9riment\u00e9es garantissent des connexions fluides et fiables \u00e0 travers les villes anim\u00e9es, les sites patrimoniaux isol\u00e9s et les itin\u00e9raires pittoresques. Qu&#8217;il s&#8217;agisse de transferts priv\u00e9s, de vols int\u00e9rieurs ou de solutions de transport sur mesure, chaque d\u00e9tail est g\u00e9r\u00e9 dans un souci de confort, de s\u00e9curit\u00e9 et d&#8217;efficacit\u00e9 optimaux. Nous orchestrons m\u00e9ticuleusement chaque mouvement, permettant \u00e0 vos clients d&#8217;explorer sans effort les sites embl\u00e9matiques et les joyaux cach\u00e9s, en leur offrant le voyage sans heurts qu&#8217;ils attendent et m\u00e9ritent. [\/vc_column_text][tm_spacer size=&#8221;lg:20&#8243;][\/vc_column][\/vc_row][vc_row full_width=&#8221;stretch_row&#8221; lg_spacing=&#8221;padding_top:120;padding_bottom:120&#8243; background_image=&#8221;921&#8243;][vc_column][tm_image align=&#8221;center&#8221; image=&#8221;3067&#8243;][tm_spacer size=&#8221;lg:5&#8243;][vc_column_text css=&#8221;&#8221;] Voyages sur mesure : Individuels, groupes et int\u00e9r\u00eats particuliers [\/vc_column_text][tm_spacer size=&#8221;lg:20&#8243;][vc_column_text css=&#8221;&#8221;] Une planification sans faille, des exp\u00e9riences authentiques, des souvenirs imp\u00e9rissables [\/vc_column_text][tm_spacer size=&#8221;lg:25&#8243;][vc_separator color=&#8221;custom&#8221; accent_color=&#8221;rgba(79,50,48,0.1)&#8221;][tm_spacer size=&#8221;lg:35&#8243;][vc_column_text css=&#8221;&#8221;] Chez Sita, nous comprenons que les voyages sont plus gratifiants lorsqu&#8217;ils sont adapt\u00e9s aux pr\u00e9f\u00e9rences individuelles, partag\u00e9s avec des groupes partageant les m\u00eames id\u00e9es ou ax\u00e9s sur des int\u00e9r\u00eats particuliers. Nos circuits con\u00e7us par des experts, qu&#8217;ils soient destin\u00e9s \u00e0 des voyageurs solitaires, \u00e0 des groupes ou \u00e0 des passions particuli\u00e8res, garantissent une logistique sans faille, des conseils avis\u00e9s et des exp\u00e9riences authentiques. Forts de plus de 60 ans d&#8217;expertise, nous proposons des voyages d&#8217;initi\u00e9s qui r\u00e9v\u00e8lent le v\u00e9ritable esprit des gens et des lieux du sous-continent, en allant au-del\u00e0 des itin\u00e9raires habituels. Faites \u00e9quipe avec nous pour offrir \u00e0 vos clients des exp\u00e9riences de voyage in\u00e9gal\u00e9es et significatives, parfaitement adapt\u00e9es \u00e0 leurs besoins. [\/vc_column_text][tm_spacer size=&#8221;lg:60&#8243;][vc_row_inner][vc_column_inner width=&#8221;1\/4&#8243;][tm_icon icon_type=&#8221;fontawesome5&#8243; icon_fontawesome5=&#8221;fal fa-clipboard-check&#8221; align=&#8221;center&#8221; style=&#8221;03&#8243; icon_color=&#8221;primary&#8221; font_size=&#8221;lg:40&#8243;][tm_spacer size=&#8221;lg:20&#8243;][vc_column_text css=&#8221;&#8221;] Visites hors du commun [\/vc_column_text][tm_spacer size=&#8221;lg:20&#8243;][\/vc_column_inner][vc_column_inner width=&#8221;1\/4&#8243;][tm_icon icon_type=&#8221;fontawesome5&#8243; icon_fontawesome5=&#8221;fal fa-calendar-check&#8221; align=&#8221;center&#8221; style=&#8221;03&#8243; icon_color=&#8221;primary&#8221; font_size=&#8221;lg:40&#8243;][tm_spacer size=&#8221;lg:20&#8243;][vc_column_text css=&#8221;&#8221;] Experts en conception de voyages [\/vc_column_text][tm_spacer size=&#8221;lg:20&#8243;][\/vc_column_inner][vc_column_inner width=&#8221;1\/4&#8243;][tm_icon icon_type=&#8221;fontawesome5&#8243; icon_fontawesome5=&#8221;far fa-leaf&#8221; align=&#8221;center&#8221; style=&#8221;03&#8243; icon_color=&#8221;primary&#8221; font_size=&#8221;lg:40&#8243;][tm_spacer size=&#8221;lg:20&#8243;][vc_column_text css=&#8221;&#8221;] Rencontres durables [\/vc_column_text][tm_spacer size=&#8221;lg:20&#8243;][\/vc_column_inner][vc_column_inner width=&#8221;1\/4&#8243;][tm_icon icon_type=&#8221;fontawesome5&#8243; icon_fontawesome5=&#8221;fal fa-hands&#8221; align=&#8221;center&#8221; style=&#8221;03&#8243; icon_color=&#8221;primary&#8221; font_size=&#8221;lg:40&#8243;][tm_spacer size=&#8221;lg:20&#8243;][vc_column_text css=&#8221;&#8221;] La libert\u00e9 d&#8217;explorer [\/vc_column_text][tm_spacer size=&#8221;lg:20&#8243;][\/vc_column_inner][\/vc_row_inner][tm_spacer size=&#8221;lg:60&#8243;][\/vc_column][\/vc_row][vc_row full_width=&#8221;stretch_row_content&#8221; overlay_background=&#8221;custom&#8221; overlay_opacity=&#8221;10&#8243; lg_spacing=&#8221;padding_top:200;padding_bottom:200&#8243; background_image=&#8221;4934&#8243;][vc_column width=&#8221;1\/3&#8243; offset=&#8221;vc_col-lg-1&#8243;][\/vc_column][vc_column width=&#8221;1\/3&#8243; offset=&#8221;vc_col-lg-6&#8243;][vc_row_inner background_color=&#8221;custom&#8221; custom_background_color=&#8221;#FFFFFFCC&#8221;][vc_column_inner][vc_column_text css=&#8221;&#8221;] Partagez vos id\u00e9es de voyage [\/vc_column_text][tm_spacer size=&#8221;lg:5&#8243;][vc_column_text css=&#8221;&#8221;] Nous leur donnons vie [\/vc_column_text][tm_spacer size=&#8221;lg:30&#8243;][vc_column_text css=&#8221;&#8221;][\/vc_column_text][\/vc_column_inner][\/vc_row_inner][\/vc_column][vc_column width=&#8221;1\/3&#8243; offset=&#8221;vc_col-lg-5&#8243;][\/vc_column][\/vc_row]<\/p>\n","protected":false},"author":1,"featured_media":0,"parent":0,"menu_order":0,"comment_status":"closed","ping_status":"closed","template":"","meta":{"footnotes":""},"class_list":["post-53591","page","type-page","status-publish","hentry","post-no-thumbnail"],"_links":{"self":[{"href":"https:\/\/www.sita.in\/fr\/wp-json\/wp\/v2\/pages\/53591","targetHints":{"allow":["GET"]}}],"collection":[{"href":"https:\/\/www.sita.in\/fr\/wp-json\/wp\/v2\/pages"}],"about":[{"href":"https:\/\/www.sita.in\/fr\/wp-json\/wp\/v2\/types\/page"}],"author":[{"embeddable":true,"href":"https:\/\/www.sita.in\/fr\/wp-json\/wp\/v2\/users\/1"}],"replies":[{"embeddable":true,"href":"https:\/\/www.sita.in\/fr\/wp-json\/wp\/v2\/comments?post=53591"}],"version-history":[{"count":31,"href":"https:\/\/www.sita.in\/fr\/wp-json\/wp\/v2\/pages\/53591\/revisions"}],"predecessor-version":[{"id":56293,"href":"https:\/\/www.sita.in\/fr\/wp-json\/wp\/v2\/pages\/53591\/revisions\/56293"}],"wp:attachment":[{"href":"https:\/\/www.sita.in\/fr\/wp-json\/wp\/v2\/media?parent=53591"}],"curies":[{"name":"wp","href":"https:\/\/api.w.org\/{rel}","templated":true}]}}