{"id":53522,"date":"2025-07-18T05:54:12","date_gmt":"2025-07-18T05:54:12","guid":{"rendered":"https:\/\/www.sita.in\/NewSita?page_id=53522"},"modified":"2025-12-01T13:19:37","modified_gmt":"2025-12-01T13:19:37","slug":"destinazioni","status":"publish","type":"page","link":"https:\/\/www.sita.in\/it\/destinazioni\/","title":{"rendered":"Destinazioni"},"content":{"rendered":"<div class=\"wpb-content-wrapper\"><p>[vc_row full_width=&#8221;stretch_row&#8221; overlay_background=&#8221;custom&#8221; overlay_opacity=&#8221;30&#8243; lg_spacing=&#8221;padding_top:193;padding_bottom:209&#8243; background_image=&#8221;47402&#8243; background_position=&#8221;center center&#8221;][vc_column][vc_column_text css=&#8221;&#8221;]<\/p>\n<h1 class=\"page-head\">Destinazioni<\/h1>\n<p>[\/vc_column_text][tm_spacer size=&#8221;lg:20&#8243;][vc_column_text css=&#8221;&#8221;]<\/p>\n<div class=\"page-subhead\">Scopri la magia del subcontinente indiano<\/div>\n<p>[\/vc_column_text][\/vc_column][\/vc_row][vc_row full_width=&#8221;stretch_row&#8221; height=&#8221;full&#8221; background_repeat=&#8221;repeat-y&#8221; overlay_background=&#8221;custom&#8221; overlay_custom_background=&#8221;#ffffff&#8221; overlay_opacity=&#8221;20&#8243; lg_spacing=&#8221;padding_top:80;padding_right:300;padding_bottom:80;padding_left:300&#8243; el_id=&#8221;sezione-circa&#8221; background_image=&#8221;4859&#8243; md_spacing=&#8221;padding_right:0;padding_left:0&#8243; sm_spacing=&#8221;padding_right:0;padding_left:0&#8243; xs_spacing=&#8221;padding_right:0;padding_left:0&#8243; background_position=&#8221;center center&#8221;][vc_column][tm_spacer size=&#8221;lg:70&#8243;][vc_column_text css=&#8221;&#8221;]<\/p>\n<h3 class=\"page-intro\">Il Subcontinente Indiano offre un portafoglio di esperienze senza pari, dove convergono tradizioni senza tempo, paesaggi spettacolari e culture vibranti. Dal patrimonio culturale alla spiritualit\u00e0, dall&#8217;avventura al benessere, questa regione soddisfa un ampio spettro di interessi dei viaggiatori. Vero e proprio mosaico di contrasti, il Subcontinente ti permette di progettare viaggi profondamente arricchenti che non solo affascinano i tuoi clienti ma rafforzano anche le tue offerte commerciali.  <\/h3>\n<p>[\/vc_column_text][tm_spacer size=&#8221;lg:40&#8243;][vc_separator style=&#8221;dashed&#8221;][tm_spacer size=&#8221;lg:40&#8243;][vc_column_text css=&#8221;&#8221;]<\/p>\n<p style=\"text-align: center;\">In tutta l&#8217;India, il Nepal, il Bhutan e lo Sri Lanka, Sita offre un portafoglio di esperienze diverse: dalle citt\u00e0 vibranti e i fiumi spirituali dell&#8217;India all&#8217;Himalaya del Nepal, ai monasteri sereni del Bhutan e alle coste incontaminate dello Sri Lanka. In qualit\u00e0 di partner DMC di fiducia in Asia Meridionale, progettiamo programmi autentici e coinvolgenti su misura per le esigenze dei tuoi clienti, con l&#8217;esperienza, l&#8217;affidabilit\u00e0 e il calore su cui puoi contare. <\/p>\n<p>[\/vc_column_text][tm_spacer size=&#8221;lg:100&#8243;][\/vc_column][\/vc_row][vc_row full_width=&#8221;stretch_row&#8221; height=&#8221;full&#8221; background_image=&#8221;4570&#8243; lg_spacing=&#8221;padding_top:130;padding_bottom:130&#8243; background_position=&#8221;center bottom&#8221;][vc_column layer_index=&#8221;2&#8243; offset=&#8221;vc_col-lg-6&#8243;][tm_image full_wide=&#8221;1&#8243; caption_color=&#8221;secondary&#8221; image=&#8221;45777&#8243; caption=&#8221;- Discover the Diverse Wonders of Incredible India -&#8220;][\/vc_column][vc_column layer_index=&#8221;1&#8243; offset=&#8221;vc_col-lg-6&#8243;][vc_row_inner custom_border_color=&#8221;#f2f2f2&#8243; border_style=&#8221;double&#8221; background_color=&#8221;custom&#8221; lg_spacing=&#8221;margin_top:40;margin_left:-160;border_top:10;border_right:10;border_bottom:10;border_left:10;padding_right:70;padding_left:203&#8243; custom_background_color=&#8221;#ffffff&#8221; md_spacing=&#8221;margin_right:0;margin_left:0;padding_right:30;padding_left:30&#8243;][vc_column_inner][tm_spacer size=&#8221;lg:55&#8243;][tm_image image=&#8221;3067&#8243;][tm_spacer size=&#8221;lg:5&#8243;][vc_column_text css=&#8221;&#8221;]<\/p>\n<h2 class=\"main-head\">India<\/h2>\n<p>[\/vc_column_text][tm_spacer size=&#8221;lg:30&#8243;][vc_column_text css=&#8221;&#8221;]L&#8217;India \u00e8 una destinazione di ineguagliabile diversit\u00e0, dove il patrimonio antico incontra la vivacit\u00e0 moderna. Dai forti e dai templi sacri dell&#8217;UNESCO alle autentiche tradizioni di benessere e alle dinamiche esperienze culturali, l&#8217;India offre qualcosa per ogni segmento di viaggiatore. Grazie alla sua vasta gamma di esperienze, questa destinazione ti permette di progettare itinerari memorabili per i tuoi clienti e redditizi per la tua attivit\u00e0.[\/vc_column_text][tm_spacer size=&#8221;lg:30&#8243;][vc_btn title=&#8221;Esplora l&apos;India&#8221; color=&#8221;info&#8221; css=&#8221;&#8221; link=&#8221;url:https%3A%2F%2Fwww.sita.in%2Findia%2F|title:India|&#8221;][tm_spacer size=&#8221;lg:30&#8243;][\/vc_column_inner][\/vc_row_inner][\/vc_column][\/vc_row][vc_row full_width=&#8221;stretch_row&#8221; height=&#8221;full&#8221; background_image=&#8221;4869&#8243; lg_spacing=&#8221;padding_top:130;padding_bottom:130&#8243; background_position=&#8221;center bottom&#8221;][vc_column layer_index=&#8221;1&#8243; offset=&#8221;vc_col-lg-6&#8243;][vc_row_inner custom_border_color=&#8221;#f2f2f2&#8243; border_style=&#8221;double&#8221; background_color=&#8221;custom&#8221; lg_spacing=&#8221;margin_top:40;margin_right:-160;border_top:10;border_right:10;border_bottom:10;border_left:10;padding_right:203;padding_left:70&#8243; custom_background_color=&#8221;#ffffff&#8221; md_spacing=&#8221;margin_right:0;margin_left:0;padding_right:30;padding_left:30&#8243;][vc_column_inner][tm_spacer size=&#8221;lg:55&#8243;][tm_image image=&#8221;3067&#8243;][tm_spacer size=&#8221;lg:5&#8243;][vc_column_text css=&#8221;&#8221;]<\/p>\n<h2 class=\"main-head\">Nepal<\/h2>\n<p>[\/vc_column_text][tm_spacer size=&#8221;lg:30&#8243;][vc_column_text css=&#8221;&#8221;]Il Nepal offre una potente miscela di avventura e cultura, che lo rende una destinazione ideale per diversi segmenti di viaggiatori. Dalle iconiche vette dell&#8217;Himalaya e dai monasteri sacri ai fiumi vivaci, alle risaie lussureggianti e alla vita autentica dei villaggi, il Nepal offre esperienze che attraggono sia gli amanti dell&#8217;avventura che gli appassionati di cultura. Con la sua impareggiabile variet\u00e0 paesaggistica e le sue profonde radici culturali, questa destinazione rappresenta un&#8217;aggiunta ad alto potenziale per il tuo portfolio, promettendo viaggi indimenticabili ai tuoi clienti.[\/vc_column_text][tm_spacer size=&#8221;lg:30&#8243;][vc_btn title=&#8221;Esplora il Nepal&#8221; color=&#8221;info&#8221; css=&#8221;&#8221; link=&#8221;url:https%3A%2F%2Fwww.sita.in%2Fnepal%2F|title:Nepal|&#8221;][tm_spacer size=&#8221;lg:30&#8243;][\/vc_column_inner][\/vc_row_inner][\/vc_column][vc_column layer_index=&#8221;2&#8243; offset=&#8221;vc_col-lg-6&#8243;][tm_image full_wide=&#8221;1&#8243; caption_color=&#8221;secondary&#8221; image=&#8221;4865&#8243; caption=&#8221;- Experience the Majesty and Serenity of Nepal -&#8220;][\/vc_column][\/vc_row][vc_row full_width=&#8221;stretch_row&#8221; height=&#8221;full&#8221; background_image=&#8221;4698&#8243; lg_spacing=&#8221;padding_top:130;padding_bottom:130&#8243; background_position=&#8221;center bottom&#8221;][vc_column layer_index=&#8221;2&#8243; offset=&#8221;vc_col-lg-6&#8243;][tm_image full_wide=&#8221;1&#8243; caption_color=&#8221;secondary&#8221; image=&#8221;4866&#8243; caption=&#8221;- Sacred Peaks, Serene Valleys, and Soulful Journeys -&#8220;][\/vc_column][vc_column layer_index=&#8221;1&#8243; offset=&#8221;vc_col-lg-6&#8243;][vc_row_inner custom_border_color=&#8221;#f2f2f2&#8243; border_style=&#8221;double&#8221; background_color=&#8221;custom&#8221; lg_spacing=&#8221;margin_top:40;margin_left:-160;border_top:10;border_right:10;border_bottom:10;border_left:10;padding_right:70;padding_left:203&#8243; custom_background_color=&#8221;#ffffff&#8221; md_spacing=&#8221;margin_right:0;margin_left:0;padding_right:30;padding_left:30&#8243;][vc_column_inner][tm_spacer size=&#8221;lg:55&#8243;][tm_image image=&#8221;3067&#8243;][tm_spacer size=&#8221;lg:5&#8243;][vc_column_text css=&#8221;&#8221;]<\/p>\n<h2 class=\"main-head\">Bhutan<\/h2>\n<p>[\/vc_column_text][tm_spacer size=&#8221;lg:30&#8243;][vc_column_text css=&#8221;&#8221;]Il Bhutan \u00e8 un paradiso spirituale: ospita monasteri sacri, templi senza tempo e paesaggi boschivi incontaminati. Venerato per la sua autenticit\u00e0 ed esclusivit\u00e0, il paese si rivolge fortemente ai viaggiatori in cerca di viaggi consapevoli e trasformativi. Come destinazione di nicchia di alto valore, il Bhutan aggiunge profondit\u00e0 e prestigio al tuo portafoglio.[\/vc_column_text][tm_spacer size=&#8221;lg:30&#8243;][vc_btn title=&#8221;Esplora il Bhutan&#8221; color=&#8221;info&#8221; css=&#8221;&#8221; link=&#8221;url:https%3A%2F%2Fwww.sita.in%2Fit%2Fbhutan%2F|title:Bhutan|&#8221;][tm_spacer size=&#8221;lg:55&#8243;][\/vc_column_inner][\/vc_row_inner][\/vc_column][\/vc_row][vc_row full_width=&#8221;stretch_row&#8221; height=&#8221;full&#8221; background_image=&#8221;4870&#8243; lg_spacing=&#8221;padding_top:130;padding_bottom:130&#8243; background_position=&#8221;center bottom&#8221;][vc_column layer_index=&#8221;1&#8243; offset=&#8221;vc_col-lg-6&#8243;][vc_row_inner custom_border_color=&#8221;#f2f2f2&#8243; border_style=&#8221;double&#8221; background_color=&#8221;custom&#8221; lg_spacing=&#8221;margin_top:40;margin_right:-160;border_top:10;border_right:10;border_bottom:10;border_left:10;padding_right:203;padding_left:70&#8243; custom_background_color=&#8221;#ffffff&#8221; md_spacing=&#8221;margin_right:0;margin_left:0;padding_right:30;padding_left:30&#8243;][vc_column_inner][tm_spacer size=&#8221;lg:55&#8243;][tm_image image=&#8221;3067&#8243;][tm_spacer size=&#8221;lg:5&#8243;][vc_column_text css=&#8221;&#8221;]<\/p>\n<h2 class=\"main-head\">Sri Lanka<\/h2>\n<p>[\/vc_column_text][tm_spacer size=&#8221;lg:30&#8243;][vc_column_text css=&#8221;&#8221;]Lo Sri Lanka \u00e8 una destinazione isolana compatta ma diversificata, che offre spiagge dorate, siti patrimonio dell&#8217;UNESCO, riserve naturali e ricche tradizioni culturali. Le sue esperienze ad ampio raggio attraggono famiglie, coppie in viaggio di nozze, amanti del benessere e appassionati di cultura, rendendola un&#8217;aggiunta versatile e ad alto potenziale per il tuo portafoglio.[\/vc_column_text][tm_spacer size=&#8221;lg:30&#8243;][vc_btn title=&#8221;Esplora lo Sri Lanka&#8221; color=&#8221;info&#8221; css=&#8221;&#8221; link=&#8221;url:https%3A%2F%2Fwww.sita.in%2Fit%2Fsri-lanka%2F|title:Sri%20Lanka|&#8221;][tm_spacer size=&#8221;lg:55&#8243;][\/vc_column_inner][\/vc_row_inner][\/vc_column][vc_column layer_index=&#8221;2&#8243; offset=&#8221;vc_col-lg-6&#8243;][tm_image full_wide=&#8221;1&#8243; caption_color=&#8221;secondary&#8221; image=&#8221;4867&#8243; caption=&#8221;- A Tapestry of Color, Spice, and Spirit -&#8220;][\/vc_column][\/vc_row]<\/p>\n<\/div>","protected":false},"excerpt":{"rendered":"<p>[vc_row full_width=&#8221;stretch_row&#8221; overlay_background=&#8221;custom&#8221; overlay_opacity=&#8221;30&#8243; lg_spacing=&#8221;padding_top:193;padding_bottom:209&#8243; background_image=&#8221;47402&#8243; background_position=&#8221;center center&#8221;][vc_column][vc_column_text css=&#8221;&#8221;] Destinazioni [\/vc_column_text][tm_spacer size=&#8221;lg:20&#8243;][vc_column_text css=&#8221;&#8221;] Scopri la magia del subcontinente indiano [\/vc_column_text][\/vc_column][\/vc_row][vc_row full_width=&#8221;stretch_row&#8221; height=&#8221;full&#8221; background_repeat=&#8221;repeat-y&#8221; overlay_background=&#8221;custom&#8221; overlay_custom_background=&#8221;#ffffff&#8221; overlay_opacity=&#8221;20&#8243; lg_spacing=&#8221;padding_top:80;padding_right:300;padding_bottom:80;padding_left:300&#8243; el_id=&#8221;sezione-circa&#8221; background_image=&#8221;4859&#8243; md_spacing=&#8221;padding_right:0;padding_left:0&#8243; sm_spacing=&#8221;padding_right:0;padding_left:0&#8243; xs_spacing=&#8221;padding_right:0;padding_left:0&#8243; background_position=&#8221;center center&#8221;][vc_column][tm_spacer size=&#8221;lg:70&#8243;][vc_column_text css=&#8221;&#8221;] Il Subcontinente Indiano offre un portafoglio di esperienze senza pari, dove convergono tradizioni senza tempo, paesaggi spettacolari e culture vibranti. Dal patrimonio culturale alla spiritualit\u00e0, dall&#8217;avventura al benessere, questa regione soddisfa un ampio spettro di interessi dei viaggiatori. Vero e proprio mosaico di contrasti, il Subcontinente ti permette di progettare viaggi profondamente arricchenti che non solo affascinano i tuoi clienti ma rafforzano anche le tue offerte commerciali. [\/vc_column_text][tm_spacer size=&#8221;lg:40&#8243;][vc_separator style=&#8221;dashed&#8221;][tm_spacer size=&#8221;lg:40&#8243;][vc_column_text css=&#8221;&#8221;] In tutta l&#8217;India, il Nepal, il Bhutan e lo Sri Lanka, Sita offre un portafoglio di esperienze diverse: dalle citt\u00e0 vibranti e i fiumi spirituali dell&#8217;India all&#8217;Himalaya del Nepal, ai monasteri sereni del Bhutan e alle coste incontaminate dello Sri Lanka. In qualit\u00e0 di partner DMC di fiducia in Asia Meridionale, progettiamo programmi autentici e coinvolgenti su misura per le esigenze dei tuoi clienti, con l&#8217;esperienza, l&#8217;affidabilit\u00e0 e il calore su cui puoi contare. [\/vc_column_text][tm_spacer size=&#8221;lg:100&#8243;][\/vc_column][\/vc_row][vc_row full_width=&#8221;stretch_row&#8221; height=&#8221;full&#8221; background_image=&#8221;4570&#8243; lg_spacing=&#8221;padding_top:130;padding_bottom:130&#8243; background_position=&#8221;center bottom&#8221;][vc_column layer_index=&#8221;2&#8243; offset=&#8221;vc_col-lg-6&#8243;][tm_image full_wide=&#8221;1&#8243; caption_color=&#8221;secondary&#8221; image=&#8221;45777&#8243; caption=&#8221;- Discover the Diverse Wonders of Incredible India -&#8220;][\/vc_column][vc_column layer_index=&#8221;1&#8243; offset=&#8221;vc_col-lg-6&#8243;][vc_row_inner custom_border_color=&#8221;#f2f2f2&#8243; border_style=&#8221;double&#8221; background_color=&#8221;custom&#8221; lg_spacing=&#8221;margin_top:40;margin_left:-160;border_top:10;border_right:10;border_bottom:10;border_left:10;padding_right:70;padding_left:203&#8243; custom_background_color=&#8221;#ffffff&#8221; md_spacing=&#8221;margin_right:0;margin_left:0;padding_right:30;padding_left:30&#8243;][vc_column_inner][tm_spacer size=&#8221;lg:55&#8243;][tm_image image=&#8221;3067&#8243;][tm_spacer size=&#8221;lg:5&#8243;][vc_column_text css=&#8221;&#8221;] India [\/vc_column_text][tm_spacer size=&#8221;lg:30&#8243;][vc_column_text css=&#8221;&#8221;]L&#8217;India \u00e8 una destinazione di ineguagliabile diversit\u00e0, dove il patrimonio antico incontra la vivacit\u00e0 moderna. Dai forti e dai templi sacri dell&#8217;UNESCO alle autentiche tradizioni di benessere e alle dinamiche esperienze culturali, l&#8217;India offre qualcosa per ogni segmento di viaggiatore. Grazie alla sua vasta gamma di esperienze, questa destinazione ti permette di progettare itinerari memorabili per i tuoi clienti e redditizi per la tua attivit\u00e0.[\/vc_column_text][tm_spacer size=&#8221;lg:30&#8243;][vc_btn title=&#8221;Esplora l&apos;India&#8221; color=&#8221;info&#8221; css=&#8221;&#8221; link=&#8221;url:https%3A%2F%2Fwww.sita.in%2Findia%2F|title:India|&#8221;][tm_spacer size=&#8221;lg:30&#8243;][\/vc_column_inner][\/vc_row_inner][\/vc_column][\/vc_row][vc_row full_width=&#8221;stretch_row&#8221; height=&#8221;full&#8221; background_image=&#8221;4869&#8243; lg_spacing=&#8221;padding_top:130;padding_bottom:130&#8243; background_position=&#8221;center bottom&#8221;][vc_column layer_index=&#8221;1&#8243; offset=&#8221;vc_col-lg-6&#8243;][vc_row_inner custom_border_color=&#8221;#f2f2f2&#8243; border_style=&#8221;double&#8221; background_color=&#8221;custom&#8221; lg_spacing=&#8221;margin_top:40;margin_right:-160;border_top:10;border_right:10;border_bottom:10;border_left:10;padding_right:203;padding_left:70&#8243; custom_background_color=&#8221;#ffffff&#8221; md_spacing=&#8221;margin_right:0;margin_left:0;padding_right:30;padding_left:30&#8243;][vc_column_inner][tm_spacer size=&#8221;lg:55&#8243;][tm_image image=&#8221;3067&#8243;][tm_spacer size=&#8221;lg:5&#8243;][vc_column_text css=&#8221;&#8221;] Nepal [\/vc_column_text][tm_spacer size=&#8221;lg:30&#8243;][vc_column_text css=&#8221;&#8221;]Il Nepal offre una potente miscela di avventura e cultura, che lo rende una destinazione ideale per diversi segmenti di viaggiatori. Dalle iconiche vette dell&#8217;Himalaya e dai monasteri sacri ai fiumi vivaci, alle risaie lussureggianti e alla vita autentica dei villaggi, il Nepal offre esperienze che attraggono sia gli amanti dell&#8217;avventura che gli appassionati di cultura. Con la sua impareggiabile variet\u00e0 paesaggistica e le sue profonde radici culturali, questa destinazione rappresenta un&#8217;aggiunta ad alto potenziale per il tuo portfolio, promettendo viaggi indimenticabili ai tuoi clienti.[\/vc_column_text][tm_spacer size=&#8221;lg:30&#8243;][vc_btn title=&#8221;Esplora il Nepal&#8221; color=&#8221;info&#8221; css=&#8221;&#8221; link=&#8221;url:https%3A%2F%2Fwww.sita.in%2Fnepal%2F|title:Nepal|&#8221;][tm_spacer size=&#8221;lg:30&#8243;][\/vc_column_inner][\/vc_row_inner][\/vc_column][vc_column layer_index=&#8221;2&#8243; offset=&#8221;vc_col-lg-6&#8243;][tm_image full_wide=&#8221;1&#8243; caption_color=&#8221;secondary&#8221; image=&#8221;4865&#8243; caption=&#8221;- Experience the Majesty and Serenity of Nepal -&#8220;][\/vc_column][\/vc_row][vc_row full_width=&#8221;stretch_row&#8221; height=&#8221;full&#8221; background_image=&#8221;4698&#8243; lg_spacing=&#8221;padding_top:130;padding_bottom:130&#8243; background_position=&#8221;center bottom&#8221;][vc_column layer_index=&#8221;2&#8243; offset=&#8221;vc_col-lg-6&#8243;][tm_image full_wide=&#8221;1&#8243; caption_color=&#8221;secondary&#8221; image=&#8221;4866&#8243; caption=&#8221;- Sacred Peaks, Serene Valleys, and Soulful Journeys -&#8220;][\/vc_column][vc_column layer_index=&#8221;1&#8243; offset=&#8221;vc_col-lg-6&#8243;][vc_row_inner custom_border_color=&#8221;#f2f2f2&#8243; border_style=&#8221;double&#8221; background_color=&#8221;custom&#8221; lg_spacing=&#8221;margin_top:40;margin_left:-160;border_top:10;border_right:10;border_bottom:10;border_left:10;padding_right:70;padding_left:203&#8243; custom_background_color=&#8221;#ffffff&#8221; md_spacing=&#8221;margin_right:0;margin_left:0;padding_right:30;padding_left:30&#8243;][vc_column_inner][tm_spacer size=&#8221;lg:55&#8243;][tm_image image=&#8221;3067&#8243;][tm_spacer size=&#8221;lg:5&#8243;][vc_column_text css=&#8221;&#8221;] Bhutan [\/vc_column_text][tm_spacer size=&#8221;lg:30&#8243;][vc_column_text css=&#8221;&#8221;]Il Bhutan \u00e8 un paradiso spirituale: ospita monasteri sacri, templi senza tempo e paesaggi boschivi incontaminati. Venerato per la sua autenticit\u00e0 ed esclusivit\u00e0, il paese si rivolge fortemente ai viaggiatori in cerca di viaggi consapevoli e trasformativi. Come destinazione di nicchia di alto valore, il Bhutan aggiunge profondit\u00e0 e prestigio al tuo portafoglio.[\/vc_column_text][tm_spacer size=&#8221;lg:30&#8243;][vc_btn title=&#8221;Esplora il Bhutan&#8221; color=&#8221;info&#8221; css=&#8221;&#8221; link=&#8221;url:https%3A%2F%2Fwww.sita.in%2Fit%2Fbhutan%2F|title:Bhutan|&#8221;][tm_spacer size=&#8221;lg:55&#8243;][\/vc_column_inner][\/vc_row_inner][\/vc_column][\/vc_row][vc_row full_width=&#8221;stretch_row&#8221; height=&#8221;full&#8221; background_image=&#8221;4870&#8243; lg_spacing=&#8221;padding_top:130;padding_bottom:130&#8243; background_position=&#8221;center bottom&#8221;][vc_column layer_index=&#8221;1&#8243; offset=&#8221;vc_col-lg-6&#8243;][vc_row_inner custom_border_color=&#8221;#f2f2f2&#8243; border_style=&#8221;double&#8221; background_color=&#8221;custom&#8221; lg_spacing=&#8221;margin_top:40;margin_right:-160;border_top:10;border_right:10;border_bottom:10;border_left:10;padding_right:203;padding_left:70&#8243; custom_background_color=&#8221;#ffffff&#8221; md_spacing=&#8221;margin_right:0;margin_left:0;padding_right:30;padding_left:30&#8243;][vc_column_inner][tm_spacer size=&#8221;lg:55&#8243;][tm_image image=&#8221;3067&#8243;][tm_spacer size=&#8221;lg:5&#8243;][vc_column_text css=&#8221;&#8221;] Sri Lanka [\/vc_column_text][tm_spacer size=&#8221;lg:30&#8243;][vc_column_text css=&#8221;&#8221;]Lo Sri Lanka \u00e8 una destinazione isolana compatta ma diversificata, che offre spiagge dorate, siti patrimonio dell&#8217;UNESCO, riserve naturali e ricche tradizioni culturali. Le sue esperienze ad ampio raggio attraggono famiglie, coppie in viaggio di nozze, amanti del benessere e appassionati di cultura, rendendola un&#8217;aggiunta versatile e ad alto potenziale per il tuo portafoglio.[\/vc_column_text][tm_spacer size=&#8221;lg:30&#8243;][vc_btn title=&#8221;Esplora lo Sri Lanka&#8221; color=&#8221;info&#8221; css=&#8221;&#8221; link=&#8221;url:https%3A%2F%2Fwww.sita.in%2Fit%2Fsri-lanka%2F|title:Sri%20Lanka|&#8221;][tm_spacer size=&#8221;lg:55&#8243;][\/vc_column_inner][\/vc_row_inner][\/vc_column][vc_column layer_index=&#8221;2&#8243; offset=&#8221;vc_col-lg-6&#8243;][tm_image full_wide=&#8221;1&#8243; caption_color=&#8221;secondary&#8221; image=&#8221;4867&#8243; caption=&#8221;- A Tapestry of Color, Spice, and Spirit -&#8220;][\/vc_column][\/vc_row]<\/p>\n","protected":false},"author":1,"featured_media":0,"parent":0,"menu_order":0,"comment_status":"closed","ping_status":"closed","template":"","meta":{"footnotes":""},"class_list":["post-53522","page","type-page","status-publish","hentry","post-no-thumbnail"],"_links":{"self":[{"href":"https:\/\/www.sita.in\/it\/wp-json\/wp\/v2\/pages\/53522","targetHints":{"allow":["GET"]}}],"collection":[{"href":"https:\/\/www.sita.in\/it\/wp-json\/wp\/v2\/pages"}],"about":[{"href":"https:\/\/www.sita.in\/it\/wp-json\/wp\/v2\/types\/page"}],"author":[{"embeddable":true,"href":"https:\/\/www.sita.in\/it\/wp-json\/wp\/v2\/users\/1"}],"replies":[{"embeddable":true,"href":"https:\/\/www.sita.in\/it\/wp-json\/wp\/v2\/comments?post=53522"}],"version-history":[{"count":28,"href":"https:\/\/www.sita.in\/it\/wp-json\/wp\/v2\/pages\/53522\/revisions"}],"predecessor-version":[{"id":55494,"href":"https:\/\/www.sita.in\/it\/wp-json\/wp\/v2\/pages\/53522\/revisions\/55494"}],"wp:attachment":[{"href":"https:\/\/www.sita.in\/it\/wp-json\/wp\/v2\/media?parent=53522"}],"curies":[{"name":"wp","href":"https:\/\/api.w.org\/{rel}","templated":true}]}}