{"id":55497,"date":"2025-12-01T13:19:44","date_gmt":"2025-12-01T13:19:44","guid":{"rendered":"https:\/\/www.sita.in\/momenti-perfetti\/"},"modified":"2025-12-03T13:21:32","modified_gmt":"2025-12-03T13:21:32","slug":"momenti-perfetti","status":"publish","type":"page","link":"https:\/\/www.sita.in\/it\/momenti-perfetti\/","title":{"rendered":"Momenti perfetti"},"content":{"rendered":"<div class=\"wpb-content-wrapper\"><p>[vc_row full_width=&#8221;stretch_row&#8221; overlay_background=&#8221;custom&#8221; overlay_opacity=&#8221;30&#8243; lg_spacing=&#8221;padding_top:193;padding_bottom:209&#8243; background_image=&#8221;4905&#8243; background_position=&#8221;center center&#8221;][vc_column][vc_column_text css=&#8221;&#8221;]<\/p>\n<h1 class=\"page-head\">Momenti perfetti con Sita<\/h1>\n<p>[\/vc_column_text][tm_spacer size=&#8221;lg:20&#8243;][vc_column_text css=&#8221;&#8221;]<\/p>\n<div class=\"page-subhead\">Realizzato solo per te<\/div>\n<p>[\/vc_column_text][\/vc_column][\/vc_row][vc_row full_width=&#8221;stretch_row&#8221; background_size=&#8221;auto&#8221; onepage_skin=&#8221;light&#8221; lg_spacing=&#8221;padding_top:140;padding_bottom:140&#8243; background_image=&#8221;3874&#8243; background_position=&#8221;center top&#8221;][vc_column][tm_image align=&#8221;center&#8221; image=&#8221;3067&#8243;][tm_spacer size=&#8221;lg:5&#8243;][vc_column_text css=&#8221;&#8221;]<\/p>\n<h2 class=\"main-head2\"><span class=\"highlight-head\">Viaggio<\/span> senza soluzione di continuit\u00e0<\/h2>\n<p>[\/vc_column_text][tm_spacer size=&#8221;lg:50&#8243;][vc_separator color=&#8221;custom&#8221; accent_color=&#8221;rgba(79,50,48,0.1)&#8221;][tm_spacer size=&#8221;lg:50&#8243;][vc_column_text css=&#8221;&#8221;]<\/p>\n<p style=\"text-align: center;\">Navigare nei vasti e diversi paesaggi dell&#8217;India e dei suoi vicini richiede una precisa coordinazione e una profonda conoscenza locale. Per Sita, un viaggio senza interruzioni \u00e8 la base del nostro servizio. La nostra vasta infrastruttura regionale e i nostri esperti team di terra assicurano collegamenti fluidi e affidabili tra le citt\u00e0 pi\u00f9 vivaci, i siti storici pi\u00f9 remoti e i percorsi panoramici.  <\/p>\n<p style=\"text-align: center;\">Dai trasferimenti privati e dai voli nazionali alle soluzioni di trasporto su misura, ogni dettaglio \u00e8 gestito per garantire comfort, sicurezza ed efficienza ottimali. Organizziamo ogni movimento in modo meticoloso, consentendo ai tuoi clienti di esplorare senza sforzo i luoghi simbolo e le gemme nascoste, offrendo un viaggio senza interruzioni che si aspettano e meritano. <\/p>\n<p>[\/vc_column_text][tm_spacer size=&#8221;lg:20&#8243;][\/vc_column][\/vc_row][vc_row full_width=&#8221;stretch_row&#8221; lg_spacing=&#8221;padding_top:120;padding_bottom:120&#8243; background_image=&#8221;921&#8243;][vc_column][tm_image align=&#8221;center&#8221; image=&#8221;3067&#8243;][tm_spacer size=&#8221;lg:5&#8243;][vc_column_text css=&#8221;&#8221;]<\/p>\n<h2 class=\"main-head2\">Tour su misura: Individuali, di gruppo e per interessi speciali<\/h2>\n<p>[\/vc_column_text][tm_spacer size=&#8221;lg:20&#8243;][vc_column_text css=&#8221;&#8221;]<\/p>\n<div class=\"sub-head2\">Pianificazione perfetta, esperienze autentiche, ricordi duraturi<\/div>\n<p>[\/vc_column_text][tm_spacer size=&#8221;lg:25&#8243;][vc_separator color=&#8221;custom&#8221; accent_color=&#8221;rgba(79,50,48,0.1)&#8221;][tm_spacer size=&#8221;lg:35&#8243;][vc_column_text css=&#8221;&#8221;]<\/p>\n<p style=\"text-align: center;\">Noi di Sita siamo consapevoli che i viaggi sono pi\u00f9 gratificanti quando vengono realizzati in base alle preferenze individuali, condivisi con gruppi che la pensano allo stesso modo o focalizzati su interessi particolari. I nostri tour, progettati da esperti, sia per viaggiatori singoli che per gruppi o per passioni di nicchia, assicurano una logistica perfetta, una guida competente ed esperienze autentiche. <\/p>\n<p>Con oltre 60 anni di comprovata esperienza, realizziamo viaggi da insider che rivelano il vero spirito delle persone e dei luoghi del subcontinente, andando oltre gli itinerari tipici. Collabora con noi per offrire ai tuoi clienti esperienze di viaggio impareggiabili e significative, perfettamente adattate alle loro esigenze.<\/p>\n<p>[\/vc_column_text][tm_spacer size=&#8221;lg:60&#8243;][vc_row_inner][vc_column_inner width=&#8221;1\/4&#8243;][tm_icon icon_type=&#8221;fontawesome5&#8243; icon_fontawesome5=&#8221;fal fa-clipboard-check&#8221; align=&#8221;center&#8221; style=&#8221;03&#8243; icon_color=&#8221;primary&#8221; font_size=&#8221;lg:40&#8243;][tm_spacer size=&#8221;lg:20&#8243;][vc_column_text css=&#8221;&#8221;]<\/p>\n<h4 style=\"text-align: center;\">Tour fuori dall&#8217;ordinario<\/h4>\n<p>[\/vc_column_text][tm_spacer size=&#8221;lg:20&#8243;][\/vc_column_inner][vc_column_inner width=&#8221;1\/4&#8243;][tm_icon icon_type=&#8221;fontawesome5&#8243; icon_fontawesome5=&#8221;fal fa-calendar-check&#8221; align=&#8221;center&#8221; style=&#8221;03&#8243; icon_color=&#8221;primary&#8221; font_size=&#8221;lg:40&#8243;][tm_spacer size=&#8221;lg:20&#8243;][vc_column_text css=&#8221;&#8221;]<\/p>\n<h4 style=\"text-align: center;\">Esperti progettisti di viaggi<\/h4>\n<p>[\/vc_column_text][tm_spacer size=&#8221;lg:20&#8243;][\/vc_column_inner][vc_column_inner width=&#8221;1\/4&#8243;][tm_icon icon_type=&#8221;fontawesome5&#8243; icon_fontawesome5=&#8221;far fa-leaf&#8221; align=&#8221;center&#8221; style=&#8221;03&#8243; icon_color=&#8221;primary&#8221; font_size=&#8221;lg:40&#8243;][tm_spacer size=&#8221;lg:20&#8243;][vc_column_text css=&#8221;&#8221;]<\/p>\n<h4 style=\"text-align: center;\">Incontri sostenibili<\/h4>\n<p>[\/vc_column_text][tm_spacer size=&#8221;lg:20&#8243;][\/vc_column_inner][vc_column_inner width=&#8221;1\/4&#8243;][tm_icon icon_type=&#8221;fontawesome5&#8243; icon_fontawesome5=&#8221;fal fa-hands&#8221; align=&#8221;center&#8221; style=&#8221;03&#8243; icon_color=&#8221;primary&#8221; font_size=&#8221;lg:40&#8243;][tm_spacer size=&#8221;lg:20&#8243;][vc_column_text css=&#8221;&#8221;]<\/p>\n<h4 style=\"text-align: center;\">Libert\u00e0 di esplorare<\/h4>\n<p>[\/vc_column_text][tm_spacer size=&#8221;lg:20&#8243;][\/vc_column_inner][\/vc_row_inner][tm_spacer size=&#8221;lg:60&#8243;][\/vc_column][\/vc_row][vc_row full_width=&#8221;stretch_row_content&#8221; overlay_background=&#8221;custom&#8221; overlay_opacity=&#8221;10&#8243; lg_spacing=&#8221;padding_top:200;padding_bottom:200&#8243; background_image=&#8221;4934&#8243;][vc_column width=&#8221;1\/3&#8243; offset=&#8221;vc_col-lg-1&#8243;][\/vc_column][vc_column width=&#8221;1\/3&#8243; offset=&#8221;vc_col-lg-6&#8243;][vc_row_inner background_color=&#8221;custom&#8221; custom_background_color=&#8221;#FFFFFFCC&#8221;][vc_column_inner][vc_column_text css=&#8221;&#8221;]<\/p>\n<h2 class=\"main-head-white\">Condividi le tue visioni di viaggio<\/h2>\n<p>[\/vc_column_text][tm_spacer size=&#8221;lg:5&#8243;][vc_column_text css=&#8221;&#8221;]<\/p>\n<p style=\"color: #fff;\">Li portiamo in vita<\/p>\n<p>[\/vc_column_text][tm_spacer size=&#8221;lg:30&#8243;][vc_column_text css=&#8221;&#8221;]\t<a class=\"paoc-popup-click paoc-popup-cust-56152 paoc-popup-button paoc-popup-btn \" href=\"javascript:void(0);\">TAILOR ITINERARY WITH EASE<\/a>\r\n[\/vc_column_text][\/vc_column_inner][\/vc_row_inner][\/vc_column][vc_column width=&#8221;1\/3&#8243; offset=&#8221;vc_col-lg-5&#8243;][\/vc_column][\/vc_row]<\/p>\n<\/div>","protected":false},"excerpt":{"rendered":"<p>[vc_row full_width=&#8221;stretch_row&#8221; overlay_background=&#8221;custom&#8221; overlay_opacity=&#8221;30&#8243; lg_spacing=&#8221;padding_top:193;padding_bottom:209&#8243; background_image=&#8221;4905&#8243; background_position=&#8221;center center&#8221;][vc_column][vc_column_text css=&#8221;&#8221;] Momenti perfetti con Sita [\/vc_column_text][tm_spacer size=&#8221;lg:20&#8243;][vc_column_text css=&#8221;&#8221;] Realizzato solo per te [\/vc_column_text][\/vc_column][\/vc_row][vc_row full_width=&#8221;stretch_row&#8221; background_size=&#8221;auto&#8221; onepage_skin=&#8221;light&#8221; lg_spacing=&#8221;padding_top:140;padding_bottom:140&#8243; background_image=&#8221;3874&#8243; background_position=&#8221;center top&#8221;][vc_column][tm_image align=&#8221;center&#8221; image=&#8221;3067&#8243;][tm_spacer size=&#8221;lg:5&#8243;][vc_column_text css=&#8221;&#8221;] Viaggio senza soluzione di continuit\u00e0 [\/vc_column_text][tm_spacer size=&#8221;lg:50&#8243;][vc_separator color=&#8221;custom&#8221; accent_color=&#8221;rgba(79,50,48,0.1)&#8221;][tm_spacer size=&#8221;lg:50&#8243;][vc_column_text css=&#8221;&#8221;] Navigare nei vasti e diversi paesaggi dell&#8217;India e dei suoi vicini richiede una precisa coordinazione e una profonda conoscenza locale. Per Sita, un viaggio senza interruzioni \u00e8 la base del nostro servizio. La nostra vasta infrastruttura regionale e i nostri esperti team di terra assicurano collegamenti fluidi e affidabili tra le citt\u00e0 pi\u00f9 vivaci, i siti storici pi\u00f9 remoti e i percorsi panoramici. Dai trasferimenti privati e dai voli nazionali alle soluzioni di trasporto su misura, ogni dettaglio \u00e8 gestito per garantire comfort, sicurezza ed efficienza ottimali. Organizziamo ogni movimento in modo meticoloso, consentendo ai tuoi clienti di esplorare senza sforzo i luoghi simbolo e le gemme nascoste, offrendo un viaggio senza interruzioni che si aspettano e meritano. [\/vc_column_text][tm_spacer size=&#8221;lg:20&#8243;][\/vc_column][\/vc_row][vc_row full_width=&#8221;stretch_row&#8221; lg_spacing=&#8221;padding_top:120;padding_bottom:120&#8243; background_image=&#8221;921&#8243;][vc_column][tm_image align=&#8221;center&#8221; image=&#8221;3067&#8243;][tm_spacer size=&#8221;lg:5&#8243;][vc_column_text css=&#8221;&#8221;] Tour su misura: Individuali, di gruppo e per interessi speciali [\/vc_column_text][tm_spacer size=&#8221;lg:20&#8243;][vc_column_text css=&#8221;&#8221;] Pianificazione perfetta, esperienze autentiche, ricordi duraturi [\/vc_column_text][tm_spacer size=&#8221;lg:25&#8243;][vc_separator color=&#8221;custom&#8221; accent_color=&#8221;rgba(79,50,48,0.1)&#8221;][tm_spacer size=&#8221;lg:35&#8243;][vc_column_text css=&#8221;&#8221;] Noi di Sita siamo consapevoli che i viaggi sono pi\u00f9 gratificanti quando vengono realizzati in base alle preferenze individuali, condivisi con gruppi che la pensano allo stesso modo o focalizzati su interessi particolari. I nostri tour, progettati da esperti, sia per viaggiatori singoli che per gruppi o per passioni di nicchia, assicurano una logistica perfetta, una guida competente ed esperienze autentiche. Con oltre 60 anni di comprovata esperienza, realizziamo viaggi da insider che rivelano il vero spirito delle persone e dei luoghi del subcontinente, andando oltre gli itinerari tipici. Collabora con noi per offrire ai tuoi clienti esperienze di viaggio impareggiabili e significative, perfettamente adattate alle loro esigenze. [\/vc_column_text][tm_spacer size=&#8221;lg:60&#8243;][vc_row_inner][vc_column_inner width=&#8221;1\/4&#8243;][tm_icon icon_type=&#8221;fontawesome5&#8243; icon_fontawesome5=&#8221;fal fa-clipboard-check&#8221; align=&#8221;center&#8221; style=&#8221;03&#8243; icon_color=&#8221;primary&#8221; font_size=&#8221;lg:40&#8243;][tm_spacer size=&#8221;lg:20&#8243;][vc_column_text css=&#8221;&#8221;] Tour fuori dall&#8217;ordinario [\/vc_column_text][tm_spacer size=&#8221;lg:20&#8243;][\/vc_column_inner][vc_column_inner width=&#8221;1\/4&#8243;][tm_icon icon_type=&#8221;fontawesome5&#8243; icon_fontawesome5=&#8221;fal fa-calendar-check&#8221; align=&#8221;center&#8221; style=&#8221;03&#8243; icon_color=&#8221;primary&#8221; font_size=&#8221;lg:40&#8243;][tm_spacer size=&#8221;lg:20&#8243;][vc_column_text css=&#8221;&#8221;] Esperti progettisti di viaggi [\/vc_column_text][tm_spacer size=&#8221;lg:20&#8243;][\/vc_column_inner][vc_column_inner width=&#8221;1\/4&#8243;][tm_icon icon_type=&#8221;fontawesome5&#8243; icon_fontawesome5=&#8221;far fa-leaf&#8221; align=&#8221;center&#8221; style=&#8221;03&#8243; icon_color=&#8221;primary&#8221; font_size=&#8221;lg:40&#8243;][tm_spacer size=&#8221;lg:20&#8243;][vc_column_text css=&#8221;&#8221;] Incontri sostenibili [\/vc_column_text][tm_spacer size=&#8221;lg:20&#8243;][\/vc_column_inner][vc_column_inner width=&#8221;1\/4&#8243;][tm_icon icon_type=&#8221;fontawesome5&#8243; icon_fontawesome5=&#8221;fal fa-hands&#8221; align=&#8221;center&#8221; style=&#8221;03&#8243; icon_color=&#8221;primary&#8221; font_size=&#8221;lg:40&#8243;][tm_spacer size=&#8221;lg:20&#8243;][vc_column_text css=&#8221;&#8221;] Libert\u00e0 di esplorare [\/vc_column_text][tm_spacer size=&#8221;lg:20&#8243;][\/vc_column_inner][\/vc_row_inner][tm_spacer size=&#8221;lg:60&#8243;][\/vc_column][\/vc_row][vc_row full_width=&#8221;stretch_row_content&#8221; overlay_background=&#8221;custom&#8221; overlay_opacity=&#8221;10&#8243; lg_spacing=&#8221;padding_top:200;padding_bottom:200&#8243; background_image=&#8221;4934&#8243;][vc_column width=&#8221;1\/3&#8243; offset=&#8221;vc_col-lg-1&#8243;][\/vc_column][vc_column width=&#8221;1\/3&#8243; offset=&#8221;vc_col-lg-6&#8243;][vc_row_inner background_color=&#8221;custom&#8221; custom_background_color=&#8221;#FFFFFFCC&#8221;][vc_column_inner][vc_column_text css=&#8221;&#8221;] Condividi le tue visioni di viaggio [\/vc_column_text][tm_spacer size=&#8221;lg:5&#8243;][vc_column_text css=&#8221;&#8221;] Li portiamo in vita [\/vc_column_text][tm_spacer size=&#8221;lg:30&#8243;][vc_column_text css=&#8221;&#8221;][\/vc_column_text][\/vc_column_inner][\/vc_row_inner][\/vc_column][vc_column width=&#8221;1\/3&#8243; offset=&#8221;vc_col-lg-5&#8243;][\/vc_column][\/vc_row]<\/p>\n","protected":false},"author":1,"featured_media":0,"parent":0,"menu_order":0,"comment_status":"closed","ping_status":"closed","template":"","meta":{"footnotes":""},"class_list":["post-55497","page","type-page","status-publish","hentry","post-no-thumbnail"],"_links":{"self":[{"href":"https:\/\/www.sita.in\/it\/wp-json\/wp\/v2\/pages\/55497","targetHints":{"allow":["GET"]}}],"collection":[{"href":"https:\/\/www.sita.in\/it\/wp-json\/wp\/v2\/pages"}],"about":[{"href":"https:\/\/www.sita.in\/it\/wp-json\/wp\/v2\/types\/page"}],"author":[{"embeddable":true,"href":"https:\/\/www.sita.in\/it\/wp-json\/wp\/v2\/users\/1"}],"replies":[{"embeddable":true,"href":"https:\/\/www.sita.in\/it\/wp-json\/wp\/v2\/comments?post=55497"}],"version-history":[{"count":15,"href":"https:\/\/www.sita.in\/it\/wp-json\/wp\/v2\/pages\/55497\/revisions"}],"predecessor-version":[{"id":56175,"href":"https:\/\/www.sita.in\/it\/wp-json\/wp\/v2\/pages\/55497\/revisions\/56175"}],"wp:attachment":[{"href":"https:\/\/www.sita.in\/it\/wp-json\/wp\/v2\/media?parent=55497"}],"curies":[{"name":"wp","href":"https:\/\/api.w.org\/{rel}","templated":true}]}}