{"id":55737,"date":"2025-12-01T13:21:15","date_gmt":"2025-12-01T13:21:15","guid":{"rendered":"https:\/\/www.sita.in\/india\/"},"modified":"2025-12-01T13:21:16","modified_gmt":"2025-12-01T13:21:16","slug":"india","status":"publish","type":"page","link":"https:\/\/www.sita.in\/it\/india\/","title":{"rendered":"India"},"content":{"rendered":"<div class=\"wpb-content-wrapper\"><p>[vc_row full_width=&#8221;stretch_row&#8221; overlay_background=&#8221;custom&#8221; overlay_custom_background=&#8221;#031914&#8243; overlay_opacity=&#8221;35&#8243; lg_spacing=&#8221;padding_top:193;padding_bottom:209&#8243; background_image=&#8221;45777&#8243; background_position=&#8221;center center&#8221;][vc_column][vc_column_text css=&#8221;&#8221;]<\/p>\n<h1 class=\"page-head\">India<\/h1>\n<p>[\/vc_column_text][tm_spacer size=&#8221;lg:20&#8243;][vc_column_text css=&#8221;&#8221;]<\/p>\n<div class=\"page-subhead\">Scopri le diverse meraviglie dell&#8217;incredibile India<\/div>\n<p>[\/vc_column_text][\/vc_column][\/vc_row][vc_row full_width=&#8221;stretch_row&#8221; background_repeat=&#8221;repeat-y&#8221; overlay_background=&#8221;custom&#8221; overlay_custom_background=&#8221;#ffffff&#8221; overlay_opacity=&#8221;20&#8243; lg_spacing=&#8221;padding_top:80;padding_right:300;padding_bottom:80;padding_left:300&#8243; el_id=&#8221;sezione-circa&#8221; background_image=&#8221;4570&#8243; md_spacing=&#8221;padding_right:0;padding_left:0&#8243; sm_spacing=&#8221;padding_right:0;padding_left:0&#8243; xs_spacing=&#8221;padding_right:0;padding_left:0&#8243; background_position=&#8221;center center&#8221;][vc_column][tm_spacer size=&#8221;lg:70&#8243;][tm_image align=&#8221;center&#8221; image=&#8221;3067&#8243;][tm_spacer size=&#8221;lg:28&#8243;][vc_column_text css=&#8221;&#8221;]<\/p>\n<h3 class=\"page-intro\">L&#8217;India fonde l&#8217;antico patrimonio con l&#8217;energia moderna. Dai maestosi forti e templi, alle melodie rilassanti e al tocco curativo dell&#8217;Ayurveda, \u00e8 una vibrante e indimenticabile sinfonia di panorami, suoni e sensazioni. <\/h3>\n<p>[\/vc_column_text][tm_spacer size=&#8221;lg:40&#8243;][vc_separator style=&#8221;dashed&#8221;][tm_spacer size=&#8221;lg:40&#8243;][vc_column_text css=&#8221;&#8221;]<\/p>\n<p style=\"text-align: center;\">L&#8217;India \u00e8 una terra di contrasti: antica ma moderna, caotica ma incantevole. La sua civilt\u00e0 dorata prospera nei grandiosi forti e templi, riecheggiati dalle melodie dei sitar e delle campane dei templi. Citt\u00e0 frenetiche si fondono con paesaggi sereni, mentre la commercializzazione coesiste con la creativit\u00e0. Dal mistico Himalaya ai vibranti deserti del Kutch, ogni viaggio svela ricche tradizioni, festival colorati, una cucina varia e una calda ospitalit\u00e0. I viaggiatori sono accolti da un Paese che assorbe le influenze ma rimane unico, offrendo esperienze indimenticabili attraverso l&#8217;arte, la musica, la spiritualit\u00e0 e i vivaci mercati. Che si tratti di esplorare palazzi storici o di abbandonarsi al tocco curativo dell&#8217;Ayurveda, l&#8217;India travolge i sensi e ispira l&#8217;anima.     <\/p>\n<p>[\/vc_column_text][tm_spacer size=&#8221;lg:100&#8243;][\/vc_column][\/vc_row][vc_row full_width=&#8221;stretch_row&#8221; content_placement=&#8221;middle&#8221; lg_spacing=&#8221;padding_top:120;padding_bottom:50&#8243; background_image=&#8221;3876&#8243;][vc_column offset=&#8221;vc_col-lg-4&#8243;][tm_image image=&#8221;3067&#8243;][tm_spacer size=&#8221;lg:5&#8243;][vc_column_text css=&#8221;&#8221;]<\/p>\n<h2 class=\"main-head\"><span class=\"highlight-head\">Luoghi<\/span> imperdibili<span class=\"highlight-head\">di<\/span><br \/><span class=\"highlight-head\"><\/span><\/h2>\n<p>[\/vc_column_text][tm_spacer size=&#8221;lg:18&#8243;][vc_separator color=&#8221;turquoise&#8221; align=&#8221;align_left&#8221; el_width=&#8221;20&#8243; css=&#8221;&#8221;][tm_spacer size=&#8221;lg:30&#8243;][vc_column_text css=&#8221;&#8221;]L&#8217;India \u00e8 una terra di paesaggi diversi, ricca di storia e cultura vivace, che offre esperienze indimenticabili grazie al suo patrimonio, alla spiritualit\u00e0, alle tradizioni, all&#8217;energia moderna, alle citt\u00e0 vivaci e alle bellezze naturali mozzafiato.[\/vc_column_text][tm_spacer size=&#8221;lg:40&#8243;][\/vc_column][vc_column offset=&#8221;vc_col-lg-offset-1 vc_col-lg-7&#8243;][tm_slider_group content_shadow=&#8221;1&#8243; nav=&#8221;09&#8243; pagination=&#8221;10&#8243; gutter=&#8221;0&#8243; items_display=&#8221;xs:1;sm:2;md:2;lg:2&#8243; auto_play=&#8221;2000&#8243;][tm_box_icon image_size=&#8221;full&#8221; align=&#8221;center&#8221; heading=&#8221;Humayun Tomb&#8221; text=&#8221;La Tomba di Humayun, risalente al XVI secolo, \u00e8 la prima grande tomba-giardino del subcontinente indiano, un esempio eccezionale di edificio indo-persiano e un maestoso precursore del Taj Mahal.&#8221; text_width=&#8221;270px&#8221; image=&#8221;8934&#8243;][tm_box_icon image_size=&#8221;full&#8221; align=&#8221;center&#8221; heading=&#8221;India Gate&#8221; text=&#8221;L&#8217;India Gate si trova nel cuore della capitale indiana, Nuova Delhi, e simboleggia l&#8217;orgoglio e il sacrificio nazionale. L&#8217;Arco del Monumento ai Caduti, alto 42 metri, \u00e8 il solenne Arco di Trionfo di Delhi.&#8221; text_width=&#8221;270px&#8221; image=&#8221;8941&#8243;][tm_box_icon image_size=&#8221;full&#8221; align=&#8221;center&#8221; heading=&#8221;Jama Masjid&#8221; text=&#8221;La magnifica facciata della Jama Masjid, che domina la Vecchia Delhi, ricorda l&#8217;architettura Mughal. \u00c8 una delle moschee pi\u00f9 grandi dell&#8217;Asia, costruita in arenaria rossa e marmo da oltre 5000 artigiani.&#8221; text_width=&#8221;270px&#8221; image=&#8221;8948&#8243;][tm_box_icon image_size=&#8221;full&#8221; align=&#8221;center&#8221; heading=&#8221;Red Fort&#8221; text=&#8221;\u00c8 un patrimonio dell&#8217;umanit\u00e0 dell&#8217;UNESCO, costruito dall&#8217;imperatore Mughal, Shah Jahan, all&#8217;inizio del XVII secolo. A causa della sorprendente pietra arenaria rossa utilizzata per la sua costruzione, questo forte \u00e8 chiamato il Forte Rosso.&#8221; text_width=&#8221;270px&#8221; image=&#8221;8955&#8243;][tm_box_icon image_size=&#8221;full&#8221; align=&#8221;center&#8221; heading=&#8221;Agra Fort&#8221; text=&#8221;Una passeggiata in questo imponente complesso di forte, tra padiglioni reali e sale di udienza, ti aiuter\u00e0 a comprendere l&#8217;evoluzione dell&#8217;estetica e degli stili sotto le successive generazioni di Moghul.&#8221; text_width=&#8221;270px&#8221; image=&#8221;8962&#8243;][tm_box_icon image_size=&#8221;full&#8221; align=&#8221;center&#8221; heading=&#8221;Amber Fort&#8221; text=&#8221;Il Forte di Amber \u00e8 un patrimonio dell&#8217;umanit\u00e0 dell&#8217;UNESCO. Arroccato sulla cima di una collina, il Forte di Amber era la sede del potere della famiglia reale di Jaipur prima della costruzione del City Palace nel XVIII secolo.&#8221; text_width=&#8221;270px&#8221; image=&#8221;8969&#8243;][tm_box_icon image_size=&#8221;full&#8221; align=&#8221;center&#8221; heading=&#8221;City Palace&#8221; text=&#8221;Patrimonio dell&#8217;Umanit\u00e0 dell&#8217;UNESCO, costruito nel XVIII secolo, il City Palace \u00e8 un imponente complesso architettonico di squisiti palazzi, cortili, arte decorativa e portali intagliati a Jaipur.&#8221; text_width=&#8221;270px&#8221; image=&#8221;8976&#8243;][tm_box_icon image_size=&#8221;full&#8221; align=&#8221;center&#8221; heading=&#8221;Jantar Mantar&#8221; text=&#8221;Un sito Patrimonio dell&#8217;Umanit\u00e0 dell&#8217;UNESCO che ospita la meridiana in pietra pi\u00f9 grande del mondo a Jaipur. Il Jantar Mantar possiede quattordici dispositivi principali per la misurazione del tempo, la previsione delle eclissi e il rilevamento di stelle e pianeti.&#8221; text_width=&#8221;270px&#8221; image=&#8221;8983&#8243;][\/tm_slider_group][tm_spacer size=&#8221;lg:60&#8243;][\/vc_column][\/vc_row][vc_row lg_spacing=&#8221;padding_top:150&#8243;][vc_column][tm_image align=&#8221;center&#8221; image=&#8221;3067&#8243;][tm_spacer size=&#8221;lg:5&#8243;][vc_column_text css=&#8221;&#8221;]<\/p>\n<h2 class=\"main-head2\"><span class=\"highlight-head\">Consigli di<\/span> viaggio<\/h2>\n<p>[\/vc_column_text][tm_spacer size=&#8221;lg:18&#8243;][vc_separator color=&#8221;turquoise&#8221; el_width=&#8221;10&#8243; css=&#8221;&#8221;][tm_spacer size=&#8221;lg:90&#8243;][\/vc_column][\/vc_row][vc_row][vc_column width=&#8221;1\/12&#8243;][\/vc_column][vc_column width=&#8221;1\/4&#8243;][tm_spacer size=&#8221;lg:30&#8243;][vc_column_text css=&#8221;&#8221;]<\/p>\n<p style=\"text-align: center; border: 1px solid #ccc; padding: 10px;\"><i class=\"fal fa-passport\" style=\"font-size: 36px; color: #1ea5be; vertical-align: middle;\"><\/i> <strong style=\"padding-left: 5px;\">Documenti di viaggio<\/strong><\/p>\n<p>[\/vc_column_text][tm_spacer size=&#8221;xs:40;sm:50;md:100;lg:150&#8243;][vc_column_text css=&#8221;&#8221;]<\/p>\n<p style=\"text-align: center; border: 1px solid #ccc; padding: 10px;\"><i class=\"fal fa-suitcase-rolling\" style=\"font-size: 36px; color: #1ea5be; vertical-align: middle;\"><\/i> <strong style=\"padding-left: 5px;\">Aeroporto e bagagli<\/strong><\/p>\n<p>[\/vc_column_text][\/vc_column][vc_column width=&#8221;1\/3&#8243;][tm_image align=&#8221;center&#8221; image=&#8221;4524&#8243;][\/vc_column][vc_column width=&#8221;1\/4&#8243;][tm_spacer size=&#8221;lg:30&#8243;][vc_column_text css=&#8221;&#8221;]<\/p>\n<p style=\"text-align: center; border: 1px solid #ccc; padding: 10px;\"><i class=\"fal fa-cloud-sun\" style=\"font-size: 36px; color: #1ea5be; vertical-align: middle;\"><\/i> <strong style=\"padding-left: 5px;\">Clima e abbigliamento<\/strong><\/p>\n<p>[\/vc_column_text][tm_spacer size=&#8221;xs:40;sm:50;md:100;lg:150&#8243;][vc_column_text css=&#8221;&#8221;]<\/p>\n<p style=\"text-align: center; border: 1px solid #ccc; padding: 10px;\"><i class=\"fal fa-circle-notch\" style=\"font-size: 36px; color: #1ea5be; vertical-align: middle;\"><\/i> <strong style=\"padding-left: 5px;\">Come muoversi<\/strong><\/p>\n<p>[\/vc_column_text][\/vc_column][vc_column width=&#8221;1\/12&#8243;][\/vc_column][\/vc_row][vc_row full_width=&#8221;stretch_row&#8221; lg_spacing=&#8221;padding_top:50;padding_bottom:50&#8243;][vc_column][tm_spacer size=&#8221;lg:40&#8243;][vc_btn title=&#8221;Scarica&#8221; color=&#8221;peacoc&#8221; align=&#8221;center&#8221; css=&#8221;&#8221; link=&#8221;url:https%3A%2F%2Fwww.sita.in%2FNewSita%2Fwp-content%2Fuploads%2F2025%2F08%2FTravel-Guidelines-for-India.pdf|target:_blank|&#8221;][\/vc_column][\/vc_row][vc_row full_width=&#8221;stretch_row_content&#8221; lg_spacing=&#8221;padding_top:150&#8243;][vc_column][tm_image align=&#8221;center&#8221; image=&#8221;3067&#8243;][tm_spacer size=&#8221;lg:5&#8243;][vc_column_text css=&#8221;&#8221;]<\/p>\n<h2 class=\"main-head2\"><span class=\"highlight-head\">Punti salienti della<\/span> destinazione<\/h2>\n<p>[\/vc_column_text][tm_spacer size=&#8221;lg:18&#8243;][vc_separator color=&#8221;turquoise&#8221; el_width=&#8221;10&#8243; css=&#8221;&#8221;][tm_spacer size=&#8221;lg:50&#8243;][\/vc_column][\/vc_row]<\/p>\n<\/div>","protected":false},"excerpt":{"rendered":"<p>[vc_row full_width=&#8221;stretch_row&#8221; overlay_background=&#8221;custom&#8221; overlay_custom_background=&#8221;#031914&#8243; overlay_opacity=&#8221;35&#8243; lg_spacing=&#8221;padding_top:193;padding_bottom:209&#8243; background_image=&#8221;45777&#8243; background_position=&#8221;center center&#8221;][vc_column][vc_column_text css=&#8221;&#8221;] India [\/vc_column_text][tm_spacer size=&#8221;lg:20&#8243;][vc_column_text css=&#8221;&#8221;] Scopri le diverse meraviglie dell&#8217;incredibile India [\/vc_column_text][\/vc_column][\/vc_row][vc_row full_width=&#8221;stretch_row&#8221; background_repeat=&#8221;repeat-y&#8221; overlay_background=&#8221;custom&#8221; overlay_custom_background=&#8221;#ffffff&#8221; overlay_opacity=&#8221;20&#8243; lg_spacing=&#8221;padding_top:80;padding_right:300;padding_bottom:80;padding_left:300&#8243; el_id=&#8221;sezione-circa&#8221; background_image=&#8221;4570&#8243; md_spacing=&#8221;padding_right:0;padding_left:0&#8243; sm_spacing=&#8221;padding_right:0;padding_left:0&#8243; xs_spacing=&#8221;padding_right:0;padding_left:0&#8243; background_position=&#8221;center center&#8221;][vc_column][tm_spacer size=&#8221;lg:70&#8243;][tm_image align=&#8221;center&#8221; image=&#8221;3067&#8243;][tm_spacer size=&#8221;lg:28&#8243;][vc_column_text css=&#8221;&#8221;] L&#8217;India fonde l&#8217;antico patrimonio con l&#8217;energia moderna. Dai maestosi forti e templi, alle melodie rilassanti e al tocco curativo dell&#8217;Ayurveda, \u00e8 una vibrante e indimenticabile sinfonia di panorami, suoni e sensazioni. [\/vc_column_text][tm_spacer size=&#8221;lg:40&#8243;][vc_separator style=&#8221;dashed&#8221;][tm_spacer size=&#8221;lg:40&#8243;][vc_column_text css=&#8221;&#8221;] L&#8217;India \u00e8 una terra di contrasti: antica ma moderna, caotica ma incantevole. La sua civilt\u00e0 dorata prospera nei grandiosi forti e templi, riecheggiati dalle melodie dei sitar e delle campane dei templi. Citt\u00e0 frenetiche si fondono con paesaggi sereni, mentre la commercializzazione coesiste con la creativit\u00e0. Dal mistico Himalaya ai vibranti deserti del Kutch, ogni viaggio svela ricche tradizioni, festival colorati, una cucina varia e una calda ospitalit\u00e0. I viaggiatori sono accolti da un Paese che assorbe le influenze ma rimane unico, offrendo esperienze indimenticabili attraverso l&#8217;arte, la musica, la spiritualit\u00e0 e i vivaci mercati. Che si tratti di esplorare palazzi storici o di abbandonarsi al tocco curativo dell&#8217;Ayurveda, l&#8217;India travolge i sensi e ispira l&#8217;anima. [\/vc_column_text][tm_spacer size=&#8221;lg:100&#8243;][\/vc_column][\/vc_row][vc_row full_width=&#8221;stretch_row&#8221; content_placement=&#8221;middle&#8221; lg_spacing=&#8221;padding_top:120;padding_bottom:50&#8243; background_image=&#8221;3876&#8243;][vc_column offset=&#8221;vc_col-lg-4&#8243;][tm_image image=&#8221;3067&#8243;][tm_spacer size=&#8221;lg:5&#8243;][vc_column_text css=&#8221;&#8221;] Luoghi imperdibilidi [\/vc_column_text][tm_spacer size=&#8221;lg:18&#8243;][vc_separator color=&#8221;turquoise&#8221; align=&#8221;align_left&#8221; el_width=&#8221;20&#8243; css=&#8221;&#8221;][tm_spacer size=&#8221;lg:30&#8243;][vc_column_text css=&#8221;&#8221;]L&#8217;India \u00e8 una terra di paesaggi diversi, ricca di storia e cultura vivace, che offre esperienze indimenticabili grazie al suo patrimonio, alla spiritualit\u00e0, alle tradizioni, all&#8217;energia moderna, alle citt\u00e0 vivaci e alle bellezze naturali mozzafiato.[\/vc_column_text][tm_spacer size=&#8221;lg:40&#8243;][\/vc_column][vc_column offset=&#8221;vc_col-lg-offset-1 vc_col-lg-7&#8243;][tm_slider_group content_shadow=&#8221;1&#8243; nav=&#8221;09&#8243; pagination=&#8221;10&#8243; gutter=&#8221;0&#8243; items_display=&#8221;xs:1;sm:2;md:2;lg:2&#8243; auto_play=&#8221;2000&#8243;][tm_box_icon image_size=&#8221;full&#8221; align=&#8221;center&#8221; heading=&#8221;Humayun Tomb&#8221; text=&#8221;La Tomba di Humayun, risalente al XVI secolo, \u00e8 la prima grande tomba-giardino del subcontinente indiano, un esempio eccezionale di edificio indo-persiano e un maestoso precursore del Taj Mahal.&#8221; text_width=&#8221;270px&#8221; image=&#8221;8934&#8243;][tm_box_icon image_size=&#8221;full&#8221; align=&#8221;center&#8221; heading=&#8221;India Gate&#8221; text=&#8221;L&#8217;India Gate si trova nel cuore della capitale indiana, Nuova Delhi, e simboleggia l&#8217;orgoglio e il sacrificio nazionale. L&#8217;Arco del Monumento ai Caduti, alto 42 metri, \u00e8 il solenne Arco di Trionfo di Delhi.&#8221; text_width=&#8221;270px&#8221; image=&#8221;8941&#8243;][tm_box_icon image_size=&#8221;full&#8221; align=&#8221;center&#8221; heading=&#8221;Jama Masjid&#8221; text=&#8221;La magnifica facciata della Jama Masjid, che domina la Vecchia Delhi, ricorda l&#8217;architettura Mughal. \u00c8 una delle moschee pi\u00f9 grandi dell&#8217;Asia, costruita in arenaria rossa e marmo da oltre 5000 artigiani.&#8221; text_width=&#8221;270px&#8221; image=&#8221;8948&#8243;][tm_box_icon image_size=&#8221;full&#8221; align=&#8221;center&#8221; heading=&#8221;Red Fort&#8221; text=&#8221;\u00c8 un patrimonio dell&#8217;umanit\u00e0 dell&#8217;UNESCO, costruito dall&#8217;imperatore Mughal, Shah Jahan, all&#8217;inizio del XVII secolo. A causa della sorprendente pietra arenaria rossa utilizzata per la sua costruzione, questo forte \u00e8 chiamato il Forte Rosso.&#8221; text_width=&#8221;270px&#8221; image=&#8221;8955&#8243;][tm_box_icon image_size=&#8221;full&#8221; align=&#8221;center&#8221; heading=&#8221;Agra Fort&#8221; text=&#8221;Una passeggiata in questo imponente complesso di forte, tra padiglioni reali e sale di udienza, ti aiuter\u00e0 a comprendere l&#8217;evoluzione dell&#8217;estetica e degli stili sotto le successive generazioni di Moghul.&#8221; text_width=&#8221;270px&#8221; image=&#8221;8962&#8243;][tm_box_icon image_size=&#8221;full&#8221; align=&#8221;center&#8221; heading=&#8221;Amber Fort&#8221; text=&#8221;Il Forte di Amber \u00e8 un patrimonio dell&#8217;umanit\u00e0 dell&#8217;UNESCO. Arroccato sulla cima di una collina, il Forte di Amber era la sede del potere della famiglia reale di Jaipur prima della costruzione del City Palace nel XVIII secolo.&#8221; text_width=&#8221;270px&#8221; image=&#8221;8969&#8243;][tm_box_icon image_size=&#8221;full&#8221; align=&#8221;center&#8221; heading=&#8221;City Palace&#8221; text=&#8221;Patrimonio dell&#8217;Umanit\u00e0 dell&#8217;UNESCO, costruito nel XVIII secolo, il City Palace \u00e8 un imponente complesso architettonico di squisiti palazzi, cortili, arte decorativa e portali intagliati a Jaipur.&#8221; text_width=&#8221;270px&#8221; image=&#8221;8976&#8243;][tm_box_icon image_size=&#8221;full&#8221; align=&#8221;center&#8221; heading=&#8221;Jantar Mantar&#8221; text=&#8221;Un sito Patrimonio dell&#8217;Umanit\u00e0 dell&#8217;UNESCO che ospita la meridiana in pietra pi\u00f9 grande del mondo a Jaipur. Il Jantar Mantar possiede quattordici dispositivi principali per la misurazione del tempo, la previsione delle eclissi e il rilevamento di stelle e pianeti.&#8221; text_width=&#8221;270px&#8221; image=&#8221;8983&#8243;][\/tm_slider_group][tm_spacer size=&#8221;lg:60&#8243;][\/vc_column][\/vc_row][vc_row lg_spacing=&#8221;padding_top:150&#8243;][vc_column][tm_image align=&#8221;center&#8221; image=&#8221;3067&#8243;][tm_spacer size=&#8221;lg:5&#8243;][vc_column_text css=&#8221;&#8221;] Consigli di viaggio [\/vc_column_text][tm_spacer size=&#8221;lg:18&#8243;][vc_separator color=&#8221;turquoise&#8221; el_width=&#8221;10&#8243; css=&#8221;&#8221;][tm_spacer size=&#8221;lg:90&#8243;][\/vc_column][\/vc_row][vc_row][vc_column width=&#8221;1\/12&#8243;][\/vc_column][vc_column width=&#8221;1\/4&#8243;][tm_spacer size=&#8221;lg:30&#8243;][vc_column_text css=&#8221;&#8221;] Documenti di viaggio [\/vc_column_text][tm_spacer size=&#8221;xs:40;sm:50;md:100;lg:150&#8243;][vc_column_text css=&#8221;&#8221;] Aeroporto e bagagli [\/vc_column_text][\/vc_column][vc_column width=&#8221;1\/3&#8243;][tm_image align=&#8221;center&#8221; image=&#8221;4524&#8243;][\/vc_column][vc_column width=&#8221;1\/4&#8243;][tm_spacer size=&#8221;lg:30&#8243;][vc_column_text css=&#8221;&#8221;] Clima e abbigliamento [\/vc_column_text][tm_spacer size=&#8221;xs:40;sm:50;md:100;lg:150&#8243;][vc_column_text css=&#8221;&#8221;] Come muoversi [\/vc_column_text][\/vc_column][vc_column width=&#8221;1\/12&#8243;][\/vc_column][\/vc_row][vc_row full_width=&#8221;stretch_row&#8221; lg_spacing=&#8221;padding_top:50;padding_bottom:50&#8243;][vc_column][tm_spacer size=&#8221;lg:40&#8243;][vc_btn title=&#8221;Scarica&#8221; color=&#8221;peacoc&#8221; align=&#8221;center&#8221; css=&#8221;&#8221; link=&#8221;url:https%3A%2F%2Fwww.sita.in%2FNewSita%2Fwp-content%2Fuploads%2F2025%2F08%2FTravel-Guidelines-for-India.pdf|target:_blank|&#8221;][\/vc_column][\/vc_row][vc_row full_width=&#8221;stretch_row_content&#8221; lg_spacing=&#8221;padding_top:150&#8243;][vc_column][tm_image align=&#8221;center&#8221; image=&#8221;3067&#8243;][tm_spacer size=&#8221;lg:5&#8243;][vc_column_text css=&#8221;&#8221;] Punti salienti della destinazione [\/vc_column_text][tm_spacer size=&#8221;lg:18&#8243;][vc_separator color=&#8221;turquoise&#8221; el_width=&#8221;10&#8243; css=&#8221;&#8221;][tm_spacer size=&#8221;lg:50&#8243;][\/vc_column][\/vc_row]<\/p>\n","protected":false},"author":1,"featured_media":0,"parent":0,"menu_order":0,"comment_status":"closed","ping_status":"closed","template":"","meta":{"footnotes":""},"class_list":["post-55737","page","type-page","status-publish","hentry","post-no-thumbnail"],"_links":{"self":[{"href":"https:\/\/www.sita.in\/it\/wp-json\/wp\/v2\/pages\/55737","targetHints":{"allow":["GET"]}}],"collection":[{"href":"https:\/\/www.sita.in\/it\/wp-json\/wp\/v2\/pages"}],"about":[{"href":"https:\/\/www.sita.in\/it\/wp-json\/wp\/v2\/types\/page"}],"author":[{"embeddable":true,"href":"https:\/\/www.sita.in\/it\/wp-json\/wp\/v2\/users\/1"}],"replies":[{"embeddable":true,"href":"https:\/\/www.sita.in\/it\/wp-json\/wp\/v2\/comments?post=55737"}],"version-history":[{"count":1,"href":"https:\/\/www.sita.in\/it\/wp-json\/wp\/v2\/pages\/55737\/revisions"}],"predecessor-version":[{"id":55745,"href":"https:\/\/www.sita.in\/it\/wp-json\/wp\/v2\/pages\/55737\/revisions\/55745"}],"wp:attachment":[{"href":"https:\/\/www.sita.in\/it\/wp-json\/wp\/v2\/media?parent=55737"}],"curies":[{"name":"wp","href":"https:\/\/api.w.org\/{rel}","templated":true}]}}