{"id":53214,"date":"2025-06-11T12:52:15","date_gmt":"2025-06-11T12:52:15","guid":{"rendered":"https:\/\/www.sita.in\/NewSita?page_id=53214"},"modified":"2025-12-01T13:24:44","modified_gmt":"2025-12-01T13:24:44","slug":"india","status":"publish","type":"page","link":"https:\/\/www.sita.in\/pt-pt\/india\/","title":{"rendered":"\u00cdndia"},"content":{"rendered":"<div class=\"wpb-content-wrapper\"><p>[vc_row full_width=&#8221;stretch_row&#8221; overlay_background=&#8221;custom&#8221; overlay_custom_background=&#8221;#031914&#8243; overlay_opacity=&#8221;35&#8243; lg_spacing=&#8221;padding_top:193;padding_bottom:209&#8243; background_image=&#8221;45777&#8243; background_position=&#8221;center center&#8221;][vc_column][vc_column_text css=&#8221;&#8221;]<\/p>\n<h1 class=\"page-head\">\u00cdndia<\/h1>\n<p>[\/vc_column_text][tm_spacer size=&#8221;lg:20&#8243;][vc_column_text css=&#8221;&#8221;]<\/p>\n<div class=\"page-subhead\">Descobre as diversas maravilhas da incr\u00edvel \u00cdndia<\/div>\n<p>[\/vc_column_text][\/vc_column][\/vc_row][vc_row full_width=&#8221;stretch_row&#8221; background_repeat=&#8221;repeat-y&#8221; overlay_background=&#8221;custom&#8221; overlay_custom_background=&#8221;#ffffff&#8221; overlay_opacity=&#8221;20&#8243; lg_spacing=&#8221;padding_top:80;padding_right:300;padding_bottom:80;padding_left:300&#8243; el_id=&#8221;sec\u00e7\u00e3o-sobre&#8221; background_image=&#8221;4570&#8243; md_spacing=&#8221;padding_right:0;padding_left:0&#8243; sm_spacing=&#8221;padding_right:0;padding_left:0&#8243; xs_spacing=&#8221;padding_right:0;padding_left:0&#8243; background_position=&#8221;center center&#8221;][vc_column][tm_spacer size=&#8221;lg:70&#8243;][tm_image align=&#8221;center&#8221; image=&#8221;3067&#8243;][tm_spacer size=&#8221;lg:28&#8243;][vc_column_text css=&#8221;&#8221;]<\/p>\n<h3 class=\"page-intro\">A \u00cdndia combina patrim\u00f3nio antigo com energia moderna. Desde fortalezas e templos majestosos a melodias suaves e ao toque curativo da Ayurveda, \u00e9 uma sinfonia vibrante e inesquec\u00edvel de paisagens, sons e sensa\u00e7\u00f5es. <\/h3>\n<p>[\/vc_column_text][tm_spacer size=&#8221;lg:40&#8243;][vc_separator style=&#8221;dashed&#8221;][tm_spacer size=&#8221;lg:40&#8243;][vc_column_text css=&#8221;&#8221;]<\/p>\n<p style=\"text-align: center;\">A \u00cdndia \u00e9 uma terra de contrastes &#8211; antiga e moderna, ca\u00f3tica e encantadora. A sua civiliza\u00e7\u00e3o dourada prospera em grandes fortalezas e templos, ecoados pelas melodias das c\u00edtaras e dos sinos dos templos. Cidades agitadas misturam-se com paisagens serenas, enquanto a comercializa\u00e7\u00e3o coexiste com a criatividade. Desde os m\u00edsticos Himalaias at\u00e9 aos vibrantes desertos de Kutch, cada viagem revela tradi\u00e7\u00f5es ricas, festivais coloridos, gastronomia diversificada e uma hospitalidade calorosa. Os viajantes s\u00e3o acolhidos por um pa\u00eds que absorve influ\u00eancias, mas que se mant\u00e9m \u00fanico, oferecendo experi\u00eancias inesquec\u00edveis atrav\u00e9s da sua arte, m\u00fasica, espiritualidade e mercados animados. Quer explores pal\u00e1cios hist\u00f3ricos ou te deixes levar pelo toque curativo da Ayurveda, a \u00cdndia enche os sentidos e inspira a alma.     <\/p>\n<p>[\/vc_column_text][tm_spacer size=&#8221;lg:100&#8243;][\/vc_column][\/vc_row][vc_row full_width=&#8221;stretch_row&#8221; content_placement=&#8221;middle&#8221; lg_spacing=&#8221;padding_top:120;padding_bottom:50&#8243; background_image=&#8221;3876&#8243;][vc_column offset=&#8221;vc_col-lg-4&#8243;][tm_image image=&#8221;3067&#8243;][tm_spacer size=&#8221;lg:5&#8243;][vc_column_text css=&#8221;&#8221;]<\/p>\n<h2 class=\"main-head\">Visita obrigat\u00f3ria<br \/><span class=\"highlight-head\">Locais<\/span><\/h2>\n<p>[\/vc_column_text][tm_spacer size=&#8221;lg:18&#8243;][vc_separator color=&#8221;turquoise&#8221; align=&#8221;align_left&#8221; el_width=&#8221;20&#8243; css=&#8221;&#8221;][tm_spacer size=&#8221;lg:30&#8243;][vc_column_text css=&#8221;&#8221;]A \u00cdndia \u00e9 uma terra de paisagens diversas, hist\u00f3ria rica e cultura vibrante, oferecendo experi\u00eancias inesquec\u00edveis atrav\u00e9s do seu patrim\u00f3nio, espiritualidade, tradi\u00e7\u00f5es, energia moderna, cidades movimentadas e uma beleza natural de cortar a respira\u00e7\u00e3o.[\/vc_column_text][tm_spacer size=&#8221;lg:40&#8243;][\/vc_column][vc_column offset=&#8221;vc_col-lg-offset-1 vc_col-lg-7&#8243;][tm_slider_group content_shadow=&#8221;1&#8243; nav=&#8221;09&#8243; pagination=&#8221;10&#8243; gutter=&#8221;0&#8243; items_display=&#8221;xs:1;sm:2;md:2;lg:2&#8243; auto_play=&#8221;2000&#8243;][tm_box_icon image_size=&#8221;full&#8221; align=&#8221;center&#8221; heading=&#8221;Humayun Tomb&#8221; text=&#8221;O t\u00famulo de Humayun, do s\u00e9culo XVI, \u00e9 o primeiro grande jardim-t\u00famulo do subcontinente indiano, um exemplo not\u00e1vel de constru\u00e7\u00e3o indo-persa e um majestoso precursor do Taj Mahal.&#8221; text_width=&#8221;270px&#8221; image=&#8221;8934&#8243;][tm_box_icon image_size=&#8221;full&#8221; align=&#8221;center&#8221; heading=&#8221;India Gate&#8221; text=&#8221;A Porta da \u00cdndia est\u00e1 situada no cora\u00e7\u00e3o da capital da \u00cdndia, Nova Deli, e simboliza o orgulho e o sacrif\u00edcio nacionais. O Arco do Memorial da Guerra, com 42 metros de altura, \u00e9 o solene Arco do Triunfo de Deli.&#8221; text_width=&#8221;270px&#8221; image=&#8221;8941&#8243;][tm_box_icon image_size=&#8221;full&#8221; align=&#8221;center&#8221; heading=&#8221;Jama Masjid&#8221; text=&#8221;Erguendo-se sobre a Velha Deli, a magn\u00edfica fachada da Jama Masjid \u00e9 uma recorda\u00e7\u00e3o da arquitetura Mughal. \u00c9 uma das maiores mesquitas da \u00c1sia, constru\u00edda em arenito vermelho e m\u00e1rmore por mais de 5000 artes\u00e3os.&#8221; text_width=&#8221;270px&#8221; image=&#8221;8948&#8243;][tm_box_icon image_size=&#8221;full&#8221; align=&#8221;center&#8221; heading=&#8221;Red Fort&#8221; text=&#8221;Patrim\u00f3nio Mundial da UNESCO, foi constru\u00eddo pelo imperador Mughal, Shah Jahan, no in\u00edcio do s\u00e9culo XVII. Devido ao impressionante arenito vermelho utilizado na sua constru\u00e7\u00e3o, este forte \u00e9 designado por Forte Vermelho.&#8221; text_width=&#8221;270px&#8221; image=&#8221;8955&#8243;][tm_box_icon image_size=&#8221;full&#8221; align=&#8221;center&#8221; heading=&#8221;Agra Fort&#8221; text=&#8221;Um passeio por este enorme complexo de fortes, entre pavilh\u00f5es reais e salas de audi\u00eancia, ajudar-te-\u00e1 a compreender a evolu\u00e7\u00e3o da est\u00e9tica e dos estilos sob as sucessivas gera\u00e7\u00f5es de Mughals.&#8221; text_width=&#8221;270px&#8221; image=&#8221;8962&#8243;][tm_box_icon image_size=&#8221;full&#8221; align=&#8221;center&#8221; heading=&#8221;Amber Fort&#8221; text=&#8221;O Forte Amber \u00e9 Patrim\u00f3nio Mundial da UNESCO. Empoleirado no topo de uma colina, o Forte Amber foi a sede do poder da fam\u00edlia real de Jaipur antes da constru\u00e7\u00e3o do Pal\u00e1cio da Cidade no s\u00e9culo XVIII.&#8221; text_width=&#8221;270px&#8221; image=&#8221;8969&#8243;][tm_box_icon image_size=&#8221;full&#8221; align=&#8221;center&#8221; heading=&#8221;City Palace&#8221; text=&#8221;O Pal\u00e1cio da Cidade, Patrim\u00f3nio Mundial da UNESCO, constru\u00eddo no s\u00e9culo XVIII, \u00e9 um complexo arquitet\u00f3nico impressionante de pal\u00e1cios requintados, p\u00e1tios, arte decorativa e portas esculpidas em Jaipur.&#8221; text_width=&#8221;270px&#8221; image=&#8221;8976&#8243;][tm_box_icon image_size=&#8221;full&#8221; align=&#8221;center&#8221; heading=&#8221;Jantar Mantar&#8221; text=&#8221;Patrim\u00f3nio Mundial da UNESCO com o maior rel\u00f3gio de sol em pedra do mundo, em Jaipur. O Jantar Mantar tem catorze dispositivos principais para medir o tempo, prever eclipses e seguir as estrelas e os planetas.&#8221; text_width=&#8221;270px&#8221; image=&#8221;8983&#8243;][\/tm_slider_group][tm_spacer size=&#8221;lg:60&#8243;][\/vc_column][\/vc_row][vc_row lg_spacing=&#8221;padding_top:150&#8243;][vc_column][tm_image align=&#8221;center&#8221; image=&#8221;3067&#8243;][tm_spacer size=&#8221;lg:5&#8243;][vc_column_text css=&#8221;&#8221;]<\/p>\n<h2 class=\"main-head2\"><span class=\"highlight-head\">Dicas<\/span> de viagem<\/h2>\n<p>[\/vc_column_text][tm_spacer size=&#8221;lg:18&#8243;][vc_separator color=&#8221;turquoise&#8221; el_width=&#8221;10&#8243; css=&#8221;&#8221;][tm_spacer size=&#8221;lg:90&#8243;][\/vc_column][\/vc_row][vc_row][vc_column width=&#8221;1\/12&#8243;][\/vc_column][vc_column width=&#8221;1\/4&#8243;][tm_spacer size=&#8221;lg:30&#8243;][vc_column_text css=&#8221;&#8221;]<\/p>\n<p style=\"text-align: center; border: 1px solid #ccc; padding: 10px;\"><i class=\"fal fa-passport\" style=\"font-size: 36px; color: #1ea5be; vertical-align: middle;\"><\/i> <strong style=\"padding-left: 5px;\">Documentos de viagem<\/strong><\/p>\n<p>[\/vc_column_text][tm_spacer size=&#8221;xs:40;sm:50;md:100;lg:150&#8243;][vc_column_text css=&#8221;&#8221;]<\/p>\n<p style=\"text-align: center; border: 1px solid #ccc; padding: 10px;\"><i class=\"fal fa-suitcase-rolling\" style=\"font-size: 36px; color: #1ea5be; vertical-align: middle;\"><\/i> <strong style=\"padding-left: 5px;\">Aeroporto e bagagem<\/strong><\/p>\n<p>[\/vc_column_text][\/vc_column][vc_column width=&#8221;1\/3&#8243;][tm_image align=&#8221;center&#8221; image=&#8221;4524&#8243;][\/vc_column][vc_column width=&#8221;1\/4&#8243;][tm_spacer size=&#8221;lg:30&#8243;][vc_column_text css=&#8221;&#8221;]<\/p>\n<p style=\"text-align: center; border: 1px solid #ccc; padding: 10px;\"><i class=\"fal fa-cloud-sun\" style=\"font-size: 36px; color: #1ea5be; vertical-align: middle;\"><\/i> <strong style=\"padding-left: 5px;\">Clima e vestu\u00e1rio<\/strong><\/p>\n<p>[\/vc_column_text][tm_spacer size=&#8221;xs:40;sm:50;md:100;lg:150&#8243;][vc_column_text css=&#8221;&#8221;]<\/p>\n<p style=\"text-align: center; border: 1px solid #ccc; padding: 10px;\"><i class=\"fal fa-circle-notch\" style=\"font-size: 36px; color: #1ea5be; vertical-align: middle;\"><\/i> <strong style=\"padding-left: 5px;\">Como te deslocas<\/strong><\/p>\n<p>[\/vc_column_text][\/vc_column][vc_column width=&#8221;1\/12&#8243;][\/vc_column][\/vc_row][vc_row full_width=&#8221;stretch_row&#8221; lg_spacing=&#8221;padding_top:50;padding_bottom:50&#8243;][vc_column][tm_spacer size=&#8221;lg:40&#8243;][vc_btn title=&#8221;Descarrega&#8221; color=&#8221;peacoc&#8221; align=&#8221;center&#8221; css=&#8221;&#8221; link=&#8221;url:https%3A%2F%2Fwww.sita.in%2FNewSita%2Fwp-content%2Fuploads%2F2025%2F08%2FTravel-Guidelines-for-India.pdf|target:_blank|&#8221;][\/vc_column][\/vc_row][vc_row full_width=&#8221;stretch_row_content&#8221; lg_spacing=&#8221;padding_top:150&#8243;][vc_column][tm_image align=&#8221;center&#8221; image=&#8221;3067&#8243;][tm_spacer size=&#8221;lg:5&#8243;][vc_column_text css=&#8221;&#8221;]<\/p>\n<h2 class=\"main-head2\"><span class=\"highlight-head\">Destaques<\/span> do destino<\/h2>\n<p>[\/vc_column_text][tm_spacer size=&#8221;lg:18&#8243;][vc_separator color=&#8221;turquoise&#8221; el_width=&#8221;10&#8243; css=&#8221;&#8221;][tm_spacer size=&#8221;lg:50&#8243;][\/vc_column][\/vc_row]<\/p>\n<\/div>","protected":false},"excerpt":{"rendered":"<p>[vc_row full_width=&#8221;stretch_row&#8221; overlay_background=&#8221;custom&#8221; overlay_custom_background=&#8221;#031914&#8243; overlay_opacity=&#8221;35&#8243; lg_spacing=&#8221;padding_top:193;padding_bottom:209&#8243; background_image=&#8221;45777&#8243; background_position=&#8221;center center&#8221;][vc_column][vc_column_text css=&#8221;&#8221;] \u00cdndia [\/vc_column_text][tm_spacer size=&#8221;lg:20&#8243;][vc_column_text css=&#8221;&#8221;] Descobre as diversas maravilhas da incr\u00edvel \u00cdndia [\/vc_column_text][\/vc_column][\/vc_row][vc_row full_width=&#8221;stretch_row&#8221; background_repeat=&#8221;repeat-y&#8221; overlay_background=&#8221;custom&#8221; overlay_custom_background=&#8221;#ffffff&#8221; overlay_opacity=&#8221;20&#8243; lg_spacing=&#8221;padding_top:80;padding_right:300;padding_bottom:80;padding_left:300&#8243; el_id=&#8221;sec\u00e7\u00e3o-sobre&#8221; background_image=&#8221;4570&#8243; md_spacing=&#8221;padding_right:0;padding_left:0&#8243; sm_spacing=&#8221;padding_right:0;padding_left:0&#8243; xs_spacing=&#8221;padding_right:0;padding_left:0&#8243; background_position=&#8221;center center&#8221;][vc_column][tm_spacer size=&#8221;lg:70&#8243;][tm_image align=&#8221;center&#8221; image=&#8221;3067&#8243;][tm_spacer size=&#8221;lg:28&#8243;][vc_column_text css=&#8221;&#8221;] A \u00cdndia combina patrim\u00f3nio antigo com energia moderna. Desde fortalezas e templos majestosos a melodias suaves e ao toque curativo da Ayurveda, \u00e9 uma sinfonia vibrante e inesquec\u00edvel de paisagens, sons e sensa\u00e7\u00f5es. [\/vc_column_text][tm_spacer size=&#8221;lg:40&#8243;][vc_separator style=&#8221;dashed&#8221;][tm_spacer size=&#8221;lg:40&#8243;][vc_column_text css=&#8221;&#8221;] A \u00cdndia \u00e9 uma terra de contrastes &#8211; antiga e moderna, ca\u00f3tica e encantadora. A sua civiliza\u00e7\u00e3o dourada prospera em grandes fortalezas e templos, ecoados pelas melodias das c\u00edtaras e dos sinos dos templos. Cidades agitadas misturam-se com paisagens serenas, enquanto a comercializa\u00e7\u00e3o coexiste com a criatividade. Desde os m\u00edsticos Himalaias at\u00e9 aos vibrantes desertos de Kutch, cada viagem revela tradi\u00e7\u00f5es ricas, festivais coloridos, gastronomia diversificada e uma hospitalidade calorosa. Os viajantes s\u00e3o acolhidos por um pa\u00eds que absorve influ\u00eancias, mas que se mant\u00e9m \u00fanico, oferecendo experi\u00eancias inesquec\u00edveis atrav\u00e9s da sua arte, m\u00fasica, espiritualidade e mercados animados. Quer explores pal\u00e1cios hist\u00f3ricos ou te deixes levar pelo toque curativo da Ayurveda, a \u00cdndia enche os sentidos e inspira a alma. [\/vc_column_text][tm_spacer size=&#8221;lg:100&#8243;][\/vc_column][\/vc_row][vc_row full_width=&#8221;stretch_row&#8221; content_placement=&#8221;middle&#8221; lg_spacing=&#8221;padding_top:120;padding_bottom:50&#8243; background_image=&#8221;3876&#8243;][vc_column offset=&#8221;vc_col-lg-4&#8243;][tm_image image=&#8221;3067&#8243;][tm_spacer size=&#8221;lg:5&#8243;][vc_column_text css=&#8221;&#8221;] Visita obrigat\u00f3riaLocais [\/vc_column_text][tm_spacer size=&#8221;lg:18&#8243;][vc_separator color=&#8221;turquoise&#8221; align=&#8221;align_left&#8221; el_width=&#8221;20&#8243; css=&#8221;&#8221;][tm_spacer size=&#8221;lg:30&#8243;][vc_column_text css=&#8221;&#8221;]A \u00cdndia \u00e9 uma terra de paisagens diversas, hist\u00f3ria rica e cultura vibrante, oferecendo experi\u00eancias inesquec\u00edveis atrav\u00e9s do seu patrim\u00f3nio, espiritualidade, tradi\u00e7\u00f5es, energia moderna, cidades movimentadas e uma beleza natural de cortar a respira\u00e7\u00e3o.[\/vc_column_text][tm_spacer size=&#8221;lg:40&#8243;][\/vc_column][vc_column offset=&#8221;vc_col-lg-offset-1 vc_col-lg-7&#8243;][tm_slider_group content_shadow=&#8221;1&#8243; nav=&#8221;09&#8243; pagination=&#8221;10&#8243; gutter=&#8221;0&#8243; items_display=&#8221;xs:1;sm:2;md:2;lg:2&#8243; auto_play=&#8221;2000&#8243;][tm_box_icon image_size=&#8221;full&#8221; align=&#8221;center&#8221; heading=&#8221;Humayun Tomb&#8221; text=&#8221;O t\u00famulo de Humayun, do s\u00e9culo XVI, \u00e9 o primeiro grande jardim-t\u00famulo do subcontinente indiano, um exemplo not\u00e1vel de constru\u00e7\u00e3o indo-persa e um majestoso precursor do Taj Mahal.&#8221; text_width=&#8221;270px&#8221; image=&#8221;8934&#8243;][tm_box_icon image_size=&#8221;full&#8221; align=&#8221;center&#8221; heading=&#8221;India Gate&#8221; text=&#8221;A Porta da \u00cdndia est\u00e1 situada no cora\u00e7\u00e3o da capital da \u00cdndia, Nova Deli, e simboliza o orgulho e o sacrif\u00edcio nacionais. O Arco do Memorial da Guerra, com 42 metros de altura, \u00e9 o solene Arco do Triunfo de Deli.&#8221; text_width=&#8221;270px&#8221; image=&#8221;8941&#8243;][tm_box_icon image_size=&#8221;full&#8221; align=&#8221;center&#8221; heading=&#8221;Jama Masjid&#8221; text=&#8221;Erguendo-se sobre a Velha Deli, a magn\u00edfica fachada da Jama Masjid \u00e9 uma recorda\u00e7\u00e3o da arquitetura Mughal. \u00c9 uma das maiores mesquitas da \u00c1sia, constru\u00edda em arenito vermelho e m\u00e1rmore por mais de 5000 artes\u00e3os.&#8221; text_width=&#8221;270px&#8221; image=&#8221;8948&#8243;][tm_box_icon image_size=&#8221;full&#8221; align=&#8221;center&#8221; heading=&#8221;Red Fort&#8221; text=&#8221;Patrim\u00f3nio Mundial da UNESCO, foi constru\u00eddo pelo imperador Mughal, Shah Jahan, no in\u00edcio do s\u00e9culo XVII. Devido ao impressionante arenito vermelho utilizado na sua constru\u00e7\u00e3o, este forte \u00e9 designado por Forte Vermelho.&#8221; text_width=&#8221;270px&#8221; image=&#8221;8955&#8243;][tm_box_icon image_size=&#8221;full&#8221; align=&#8221;center&#8221; heading=&#8221;Agra Fort&#8221; text=&#8221;Um passeio por este enorme complexo de fortes, entre pavilh\u00f5es reais e salas de audi\u00eancia, ajudar-te-\u00e1 a compreender a evolu\u00e7\u00e3o da est\u00e9tica e dos estilos sob as sucessivas gera\u00e7\u00f5es de Mughals.&#8221; text_width=&#8221;270px&#8221; image=&#8221;8962&#8243;][tm_box_icon image_size=&#8221;full&#8221; align=&#8221;center&#8221; heading=&#8221;Amber Fort&#8221; text=&#8221;O Forte Amber \u00e9 Patrim\u00f3nio Mundial da UNESCO. Empoleirado no topo de uma colina, o Forte Amber foi a sede do poder da fam\u00edlia real de Jaipur antes da constru\u00e7\u00e3o do Pal\u00e1cio da Cidade no s\u00e9culo XVIII.&#8221; text_width=&#8221;270px&#8221; image=&#8221;8969&#8243;][tm_box_icon image_size=&#8221;full&#8221; align=&#8221;center&#8221; heading=&#8221;City Palace&#8221; text=&#8221;O Pal\u00e1cio da Cidade, Patrim\u00f3nio Mundial da UNESCO, constru\u00eddo no s\u00e9culo XVIII, \u00e9 um complexo arquitet\u00f3nico impressionante de pal\u00e1cios requintados, p\u00e1tios, arte decorativa e portas esculpidas em Jaipur.&#8221; text_width=&#8221;270px&#8221; image=&#8221;8976&#8243;][tm_box_icon image_size=&#8221;full&#8221; align=&#8221;center&#8221; heading=&#8221;Jantar Mantar&#8221; text=&#8221;Patrim\u00f3nio Mundial da UNESCO com o maior rel\u00f3gio de sol em pedra do mundo, em Jaipur. O Jantar Mantar tem catorze dispositivos principais para medir o tempo, prever eclipses e seguir as estrelas e os planetas.&#8221; text_width=&#8221;270px&#8221; image=&#8221;8983&#8243;][\/tm_slider_group][tm_spacer size=&#8221;lg:60&#8243;][\/vc_column][\/vc_row][vc_row lg_spacing=&#8221;padding_top:150&#8243;][vc_column][tm_image align=&#8221;center&#8221; image=&#8221;3067&#8243;][tm_spacer size=&#8221;lg:5&#8243;][vc_column_text css=&#8221;&#8221;] Dicas de viagem [\/vc_column_text][tm_spacer size=&#8221;lg:18&#8243;][vc_separator color=&#8221;turquoise&#8221; el_width=&#8221;10&#8243; css=&#8221;&#8221;][tm_spacer size=&#8221;lg:90&#8243;][\/vc_column][\/vc_row][vc_row][vc_column width=&#8221;1\/12&#8243;][\/vc_column][vc_column width=&#8221;1\/4&#8243;][tm_spacer size=&#8221;lg:30&#8243;][vc_column_text css=&#8221;&#8221;] Documentos de viagem [\/vc_column_text][tm_spacer size=&#8221;xs:40;sm:50;md:100;lg:150&#8243;][vc_column_text css=&#8221;&#8221;] Aeroporto e bagagem [\/vc_column_text][\/vc_column][vc_column width=&#8221;1\/3&#8243;][tm_image align=&#8221;center&#8221; image=&#8221;4524&#8243;][\/vc_column][vc_column width=&#8221;1\/4&#8243;][tm_spacer size=&#8221;lg:30&#8243;][vc_column_text css=&#8221;&#8221;] Clima e vestu\u00e1rio [\/vc_column_text][tm_spacer size=&#8221;xs:40;sm:50;md:100;lg:150&#8243;][vc_column_text css=&#8221;&#8221;] Como te deslocas [\/vc_column_text][\/vc_column][vc_column width=&#8221;1\/12&#8243;][\/vc_column][\/vc_row][vc_row full_width=&#8221;stretch_row&#8221; lg_spacing=&#8221;padding_top:50;padding_bottom:50&#8243;][vc_column][tm_spacer size=&#8221;lg:40&#8243;][vc_btn title=&#8221;Descarrega&#8221; color=&#8221;peacoc&#8221; align=&#8221;center&#8221; css=&#8221;&#8221; link=&#8221;url:https%3A%2F%2Fwww.sita.in%2FNewSita%2Fwp-content%2Fuploads%2F2025%2F08%2FTravel-Guidelines-for-India.pdf|target:_blank|&#8221;][\/vc_column][\/vc_row][vc_row full_width=&#8221;stretch_row_content&#8221; lg_spacing=&#8221;padding_top:150&#8243;][vc_column][tm_image align=&#8221;center&#8221; image=&#8221;3067&#8243;][tm_spacer size=&#8221;lg:5&#8243;][vc_column_text css=&#8221;&#8221;] Destaques do destino [\/vc_column_text][tm_spacer size=&#8221;lg:18&#8243;][vc_separator color=&#8221;turquoise&#8221; el_width=&#8221;10&#8243; css=&#8221;&#8221;][tm_spacer size=&#8221;lg:50&#8243;][\/vc_column][\/vc_row]<\/p>\n","protected":false},"author":1,"featured_media":0,"parent":0,"menu_order":0,"comment_status":"closed","ping_status":"closed","template":"","meta":{"footnotes":""},"class_list":["post-53214","page","type-page","status-publish","hentry","post-no-thumbnail"],"_links":{"self":[{"href":"https:\/\/www.sita.in\/pt-pt\/wp-json\/wp\/v2\/pages\/53214","targetHints":{"allow":["GET"]}}],"collection":[{"href":"https:\/\/www.sita.in\/pt-pt\/wp-json\/wp\/v2\/pages"}],"about":[{"href":"https:\/\/www.sita.in\/pt-pt\/wp-json\/wp\/v2\/types\/page"}],"author":[{"embeddable":true,"href":"https:\/\/www.sita.in\/pt-pt\/wp-json\/wp\/v2\/users\/1"}],"replies":[{"embeddable":true,"href":"https:\/\/www.sita.in\/pt-pt\/wp-json\/wp\/v2\/comments?post=53214"}],"version-history":[{"count":32,"href":"https:\/\/www.sita.in\/pt-pt\/wp-json\/wp\/v2\/pages\/53214\/revisions"}],"predecessor-version":[{"id":55920,"href":"https:\/\/www.sita.in\/pt-pt\/wp-json\/wp\/v2\/pages\/53214\/revisions\/55920"}],"wp:attachment":[{"href":"https:\/\/www.sita.in\/pt-pt\/wp-json\/wp\/v2\/media?parent=53214"}],"curies":[{"name":"wp","href":"https:\/\/api.w.org\/{rel}","templated":true}]}}