{"id":53374,"date":"2025-06-16T07:25:31","date_gmt":"2025-06-16T07:25:31","guid":{"rendered":"https:\/\/www.sita.in\/NewSita?page_id=53374"},"modified":"2025-11-28T15:58:09","modified_gmt":"2025-11-28T15:58:09","slug":"politica-de-cookies","status":"publish","type":"page","link":"https:\/\/www.sita.in\/pt-pt\/politica-de-cookies\/","title":{"rendered":"Pol\u00edtica de cookies"},"content":{"rendered":"<div class=\"wpb-content-wrapper\"><p>[vc_row full_width=&#8221;stretch_row&#8221; overlay_background=&#8221;custom&#8221; overlay_custom_background=&#8221;#031914&#8243; overlay_opacity=&#8221;25&#8243; lg_spacing=&#8221;padding_top:193;padding_bottom:209&#8243; background_image=&#8221;4589&#8243; background_position=&#8221;center center&#8221;][vc_column][tm_heading tag=&#8221;h1&#8243; custom_google_font=&#8221;&#8221; align=&#8221;center&#8221; text_color=&#8221;custom&#8221; custom_text_color=&#8221;#ffffff&#8221; el_class=&#8221;page-title-shadow&#8221; text=&#8221;Pol\u00edtica de cookies&#8221; font_size=&#8221;lg:60&#8243; max_width=&#8221;893px&#8221;][\/vc_column][\/vc_row][vc_row lg_spacing=&#8221;padding_top:100;padding_bottom:80&#8243;][vc_column][vc_column_text css=&#8221;&#8221;]A Sita respeita a tua privacidade e est\u00e1 empenhada em salvaguardar a seguran\u00e7a dos teus dados pessoais. Respeitamos a tua necessidade de compreender como a informa\u00e7\u00e3o est\u00e1 a ser recolhida, utilizada, divulgada, transferida e armazenada. Assim, desenvolvemos a seguinte pol\u00edtica de Cookies para te familiarizar com as nossas pr\u00e1ticas. Aconselhamos-te a ler atentamente esta pol\u00edtica juntamente com o aviso de privacidade do nosso s\u00edtio Web.   <\/p>\n<h2>Objetivo<\/h2>\n<p>A Sita utiliza cookies e outras tecnologias para melhorar a tua experi\u00eancia quando utilizas o nosso website. Para esse efeito, desenvolvemos a pol\u00edtica de cookies abaixo para te familiarizar com as nossas pr\u00e1ticas. <\/p>\n<h2>\u00c2mbito de aplica\u00e7\u00e3o<\/h2>\n<p>Esta pol\u00edtica \u00e9 aplic\u00e1vel a todos os indiv\u00edduos que visitam o nosso s\u00edtio Web e a todas as informa\u00e7\u00f5es recolhidas atrav\u00e9s dos cookies.<\/p>\n<h2>O que \u00e9 uma bolacha?<\/h2>\n<p>Os cookies s\u00e3o uma carater\u00edstica do software do navegador da Web que permite aos servidores da Web armazenar temporariamente informa\u00e7\u00f5es no teu navegador. S\u00e3o geralmente utilizados para fazer funcionar os s\u00edtios Web, para acompanhar os seus movimentos no s\u00edtio Web, para recordar os seus dados de in\u00edcio de sess\u00e3o e para actividades semelhantes. Os cookies s\u00e3o enviados para o s\u00edtio Web de origem na visita subsequente ou para outro s\u00edtio Web que reconhe\u00e7a o cookie espec\u00edfico. A maioria dos navegadores da Web aceita automaticamente os cookies. Os cookies permitem que os s\u00edtios Web reconhe\u00e7am o dispositivo atrav\u00e9s do qual o s\u00edtio Web \u00e9 acedido. Os cookies podem ser utilizados para armazenar as tuas prefer\u00eancias e ac\u00e7\u00f5es passadas, que podem ser utilizadas para fornecer funcionalidades espec\u00edficas ou op\u00e7\u00f5es adequadas \u00e0s tuas prefer\u00eancias, melhorando assim a tua experi\u00eancia no s\u00edtio Web. Os cookies n\u00e3o podem aceder a qualquer outra informa\u00e7\u00e3o no teu computador. A maioria dos navegadores da Web aceita automaticamente os cookies. \u00c9 claro que, ao alterar as op\u00e7\u00f5es do teu browser ou ao utilizar determinados programas de software, podes controlar e eliminar como e se os cookies ser\u00e3o aceites pelo teu browser. Tamb\u00e9m podes editar as op\u00e7\u00f5es do teu browser para escolheres n\u00e3o receber cookies no futuro.<\/p>\n<h2>Tipos de cookies<\/h2>\n<p>Existem diferentes tipos de cookies, que podem ser distinguidos com base na sua origem, fun\u00e7\u00e3o e dura\u00e7\u00e3o. As carater\u00edsticas importantes dos cookies s\u00e3o as seguintes:<br \/>(a) Os cookies prim\u00e1rios s\u00e3o cookies armazenados pelo s\u00edtio Web que est\u00e1s a visitar, enquanto os cookies de terceiros s\u00e3o armazenados por um s\u00edtio Web que n\u00e3o o que est\u00e1s a visitar. Tem em aten\u00e7\u00e3o que n\u00e3o controlamos a recolha ou a utiliza\u00e7\u00e3o posterior dos teus dados por terceiros.  <br \/>(b) Os cookies necess\u00e1rios s\u00e3o necess\u00e1rios para permitir o funcionamento t\u00e9cnico de um s\u00edtio Web (por exemplo, permitem que te desloques num s\u00edtio Web e utilizes as suas funcionalidades).<br \/>(c) Os cookies de desempenho recolhem dados sobre o desempenho de um s\u00edtio Web, como o n\u00famero de visitantes, o tempo passado no s\u00edtio Web e as mensagens de erro.<br \/>(d) Os cookies de funcionalidade aumentam a facilidade de utiliza\u00e7\u00e3o de um s\u00edtio Web, recordando as tuas escolhas (por exemplo, l\u00edngua, regi\u00e3o, in\u00edcio de sess\u00e3o, etc.).<br \/>(e) Os cookies de segmenta\u00e7\u00e3o\/publicidade permitem que um s\u00edtio Web te envie publicidade personalizada.<br \/>(f) Os cookies de sess\u00e3o s\u00e3o cookies tempor\u00e1rios que s\u00e3o apagados quando fechas o teu browser, enquanto os cookies persistentes ou permanentes permanecem no teu dispositivo at\u00e9 que os apagues manualmente ou at\u00e9 que o teu browser os apague com base no per\u00edodo de dura\u00e7\u00e3o especificado no ficheiro de cookies persistentes.<\/p>\n<h2>Informa\u00e7\u00f5es recolhidas e a nossa finalidade para a utiliza\u00e7\u00e3o de cookies e outras tecnologias<\/h2>\n<p>Para nos ajudar a manter e melhorar o servi\u00e7o que lhe prestamos, o site da Sita, os servi\u00e7os online, as aplica\u00e7\u00f5es e os an\u00fancios podem utilizar &#8220;cookies&#8221; para recolher informa\u00e7\u00f5es relacionadas com a sua utiliza\u00e7\u00e3o do site. Os cookies tamb\u00e9m podem ser utilizados para efetuar transac\u00e7\u00f5es e a sua desativa\u00e7\u00e3o pode afetar a funcionalidade deste website. <\/p>\n<p>(a) A Sita e os seus parceiros podem utilizar cookies ou outras tecnologias para registar informa\u00e7\u00f5es an\u00f3nimas e n\u00e3o pessoais (n\u00e3o incluindo o seu nome, morada, endere\u00e7o de correio eletr\u00f3nico ou n\u00famero de telefone) sobre as suas visitas a este e a outros websites para medir a efic\u00e1cia da publicidade.<br \/>(b) Podemos tamb\u00e9m recolher informa\u00e7\u00f5es n\u00e3o pessoais sobre a tua visita ao nosso s\u00edtio Web, com base nas tuas actividades de navega\u00e7\u00e3o (fluxo de cliques). Estas informa\u00e7\u00f5es podem incluir, entre outras, as p\u00e1ginas navegadas e os produtos e servi\u00e7os visualizados ou reservados. Isto ajuda-nos a gerir e desenvolver melhor as nossas ofertas e a fornecer-te melhores produtos e servi\u00e7os adaptados aos teus interesses e necessidades individuais. Podemos utilizar estas informa\u00e7\u00f5es para medir os pontos de entrada e sa\u00edda dos visitantes do s\u00edtio Web e os respectivos n\u00fameros de visitantes das v\u00e1rias p\u00e1ginas e sec\u00e7\u00f5es do s\u00edtio Web e os detalhes das pesquisas efectuadas. Tamb\u00e9m podemos utilizar esta informa\u00e7\u00e3o para medir a utiliza\u00e7\u00e3o de banners publicit\u00e1rios, outros cliques a partir do s\u00edtio Web.    <br \/>(c) Como acontece com a maioria dos sites, recolhemos algumas informa\u00e7\u00f5es automaticamente e armazenamo-las em ficheiros de registo. Estas informa\u00e7\u00f5es incluem endere\u00e7os de Protocolo de Internet (IP), tipo e idioma do browser, Fornecedor de Servi\u00e7os de Internet (ISP), p\u00e1ginas de refer\u00eancia e de sa\u00edda, sistema operativo, carimbo de data\/hora e dados de clickstream. Utilizamos estas informa\u00e7\u00f5es para compreender e analisar tend\u00eancias, para administrar o site, para conhecer o comportamento dos utilizadores no site e para recolher informa\u00e7\u00f5es demogr\u00e1ficas sobre a nossa base de utilizadores como um todo. A Sita pode utilizar estas informa\u00e7\u00f5es nos nossos servi\u00e7os de marketing e publicidade.   <br \/>(d) Em algumas das nossas mensagens de correio eletr\u00f3nico, utilizamos um &#8220;URL de clique&#8221; ligado ao conte\u00fado do site da Sita. Quando os clientes clicam num destes URLs, passam por um servidor Web separado antes de chegarem \u00e0 p\u00e1gina de destino no nosso Web site. Rastreamos esses dados de cliques para nos ajudar a determinar o interesse em t\u00f3picos espec\u00edficos e medir a efic\u00e1cia das nossas comunica\u00e7\u00f5es com os clientes. Se preferires n\u00e3o ser rastreado desta forma, n\u00e3o deves clicar nas liga\u00e7\u00f5es de texto ou gr\u00e1ficas das mensagens de correio eletr\u00f3nico.   <br \/>(e) As etiquetas de pix\u00e9is permitem-nos enviar mensagens de correio eletr\u00f3nico num formato que os clientes possam ler e indicam-nos se o correio foi aberto. Podemos utilizar estas informa\u00e7\u00f5es para reduzir ou eliminar as mensagens enviadas aos clientes. <\/p>\n<h2>Ferramentas de an\u00e1lise<\/h2>\n<p>Utilizamos v\u00e1rias ferramentas de an\u00e1lise e tecnologias de terceiros, incluindo o Google Analytics, para recolher e analisar cookies. Temos uma rela\u00e7\u00e3o contratual com estas empresas de an\u00e1lise de terceiros, que recolhem estas informa\u00e7\u00f5es. Estas empresas podem combinar estas informa\u00e7\u00f5es com outras informa\u00e7\u00f5es que j\u00e1 tenham recolhido de forma independente noutros s\u00edtios Web. Muitas destas empresas recolhem e utilizam informa\u00e7\u00f5es ao abrigo das suas pr\u00f3prias pol\u00edticas de privacidade. Podes optar por n\u00e3o participar no Google Analytics visitando a liga\u00e7\u00e3o aqui.    <\/p>\n<h2>Controlar os cookies<\/h2>\n<p>A maioria dos navegadores de Internet est\u00e1 configurada para aceitar automaticamente os cookies. Dependendo do teu browser, podes configur\u00e1-lo para te avisar antes de aceitares os cookies, ou podes configur\u00e1-lo para os recusar. Se n\u00e3o quiseres receber cookies, a maioria dos browsers permite-te controlar os cookies atrav\u00e9s das suas prefer\u00eancias de configura\u00e7\u00e3o. Para obter instru\u00e7\u00f5es sobre como alterar as defini\u00e7\u00f5es do teu browser, seleciona o browser:<br \/>(a) Chrome<br \/>(b) Firefox<br \/>(c) Internet Explorer<br \/>(d) Opera<br \/>(e) Safari<br \/>Desativar os cookies pode afetar a tua experi\u00eancia no nosso website. Se utilizares diferentes dispositivos para acederes ao nosso s\u00edtio Web, ter\u00e1s de garantir que cada navegador de cada dispositivo est\u00e1 definido de acordo com a tua prefer\u00eancia de cookies.    <\/p>\n<h2>Altera\u00e7\u00f5es \u00e0 pol\u00edtica<\/h2>\n<p>Esta pol\u00edtica entra em vigor a partir de 25 de maio de 2018. Reservamo-nos o direito de atualizar ou alterar esta pol\u00edtica a qualquer momento, e fornecer-te-emos a pol\u00edtica actualizada quando fizermos quaisquer actualiza\u00e7\u00f5es substanciais, o mais cedo poss\u00edvel, atrav\u00e9s de correio eletr\u00f3nico ou fornecendo uma pol\u00edtica de altera\u00e7\u00e3o proeminente no s\u00edtio Web. Deves consultar a pol\u00edtica periodicamente. A tua utiliza\u00e7\u00e3o continuada do s\u00edtio Web depois de publicarmos quaisquer altera\u00e7\u00f5es \u00e0 pol\u00edtica nesta p\u00e1gina constituir\u00e1 o teu reconhecimento das altera\u00e7\u00f5es e o teu consentimento em cumprir e ficar vinculado \u00e0 pol\u00edtica alterada.   [\/vc_column_text][\/vc_column][\/vc_row]<\/p>\n<\/div>","protected":false},"excerpt":{"rendered":"<p>[vc_row full_width=&#8221;stretch_row&#8221; overlay_background=&#8221;custom&#8221; overlay_custom_background=&#8221;#031914&#8243; overlay_opacity=&#8221;25&#8243; lg_spacing=&#8221;padding_top:193;padding_bottom:209&#8243; background_image=&#8221;4589&#8243; background_position=&#8221;center center&#8221;][vc_column][tm_heading tag=&#8221;h1&#8243; custom_google_font=&#8221;&#8221; align=&#8221;center&#8221; text_color=&#8221;custom&#8221; custom_text_color=&#8221;#ffffff&#8221; el_class=&#8221;page-title-shadow&#8221; text=&#8221;Pol\u00edtica de cookies&#8221; font_size=&#8221;lg:60&#8243; max_width=&#8221;893px&#8221;][\/vc_column][\/vc_row][vc_row lg_spacing=&#8221;padding_top:100;padding_bottom:80&#8243;][vc_column][vc_column_text css=&#8221;&#8221;]A Sita respeita a tua privacidade e est\u00e1 empenhada em salvaguardar a seguran\u00e7a dos teus dados pessoais. Respeitamos a tua necessidade de compreender como a informa\u00e7\u00e3o est\u00e1 a ser recolhida, utilizada, divulgada, transferida e armazenada. Assim, desenvolvemos a seguinte pol\u00edtica de Cookies para te familiarizar com as nossas pr\u00e1ticas. Aconselhamos-te a ler atentamente esta pol\u00edtica juntamente com o aviso de privacidade do nosso s\u00edtio Web. Objetivo A Sita utiliza cookies e outras tecnologias para melhorar a tua experi\u00eancia quando utilizas o nosso website. Para esse efeito, desenvolvemos a pol\u00edtica de cookies abaixo para te familiarizar com as nossas pr\u00e1ticas. \u00c2mbito de aplica\u00e7\u00e3o Esta pol\u00edtica \u00e9 aplic\u00e1vel a todos os indiv\u00edduos que visitam o nosso s\u00edtio Web e a todas as informa\u00e7\u00f5es recolhidas atrav\u00e9s dos cookies. O que \u00e9 uma bolacha? Os cookies s\u00e3o uma carater\u00edstica do software do navegador da Web que permite aos servidores da Web armazenar temporariamente informa\u00e7\u00f5es no teu navegador. S\u00e3o geralmente utilizados para fazer funcionar os s\u00edtios Web, para acompanhar os seus movimentos no s\u00edtio Web, para recordar os seus dados de in\u00edcio de sess\u00e3o e para actividades semelhantes. Os cookies s\u00e3o enviados para o s\u00edtio Web de origem na visita subsequente ou para outro s\u00edtio Web que reconhe\u00e7a o cookie espec\u00edfico. A maioria dos navegadores da Web aceita automaticamente os cookies. Os cookies permitem que os s\u00edtios Web reconhe\u00e7am o dispositivo atrav\u00e9s do qual o s\u00edtio Web \u00e9 acedido. Os cookies podem ser utilizados para armazenar as tuas prefer\u00eancias e ac\u00e7\u00f5es passadas, que podem ser utilizadas para fornecer funcionalidades espec\u00edficas ou op\u00e7\u00f5es adequadas \u00e0s tuas prefer\u00eancias, melhorando assim a tua experi\u00eancia no s\u00edtio Web. Os cookies n\u00e3o podem aceder a qualquer outra informa\u00e7\u00e3o no teu computador. A maioria dos navegadores da Web aceita automaticamente os cookies. \u00c9 claro que, ao alterar as op\u00e7\u00f5es do teu browser ou ao utilizar determinados programas de software, podes controlar e eliminar como e se os cookies ser\u00e3o aceites pelo teu browser. Tamb\u00e9m podes editar as op\u00e7\u00f5es do teu browser para escolheres n\u00e3o receber cookies no futuro. Tipos de cookies Existem diferentes tipos de cookies, que podem ser distinguidos com base na sua origem, fun\u00e7\u00e3o e dura\u00e7\u00e3o. As carater\u00edsticas importantes dos cookies s\u00e3o as seguintes:(a) Os cookies prim\u00e1rios s\u00e3o cookies armazenados pelo s\u00edtio Web que est\u00e1s a visitar, enquanto os cookies de terceiros s\u00e3o armazenados por um s\u00edtio Web que n\u00e3o o que est\u00e1s a visitar. Tem em aten\u00e7\u00e3o que n\u00e3o controlamos a recolha ou a utiliza\u00e7\u00e3o posterior dos teus dados por terceiros. (b) Os cookies necess\u00e1rios s\u00e3o necess\u00e1rios para permitir o funcionamento t\u00e9cnico de um s\u00edtio Web (por exemplo, permitem que te desloques num s\u00edtio Web e utilizes as suas funcionalidades).(c) Os cookies de desempenho recolhem dados sobre o desempenho de um s\u00edtio Web, como o n\u00famero de visitantes, o tempo passado no s\u00edtio Web e as mensagens de erro.(d) Os cookies de funcionalidade aumentam a facilidade de utiliza\u00e7\u00e3o de um s\u00edtio Web, recordando as tuas escolhas (por exemplo, l\u00edngua, regi\u00e3o, in\u00edcio de sess\u00e3o, etc.).(e) Os cookies de segmenta\u00e7\u00e3o\/publicidade permitem que um s\u00edtio Web te envie publicidade personalizada.(f) Os cookies de sess\u00e3o s\u00e3o cookies tempor\u00e1rios que s\u00e3o apagados quando fechas o teu browser, enquanto os cookies persistentes ou permanentes permanecem no teu dispositivo at\u00e9 que os apagues manualmente ou at\u00e9 que o teu browser os apague com base no per\u00edodo de dura\u00e7\u00e3o especificado no ficheiro de cookies persistentes. Informa\u00e7\u00f5es recolhidas e a nossa finalidade para a utiliza\u00e7\u00e3o de cookies e outras tecnologias Para nos ajudar a manter e melhorar o servi\u00e7o que lhe prestamos, o site da Sita, os servi\u00e7os online, as aplica\u00e7\u00f5es e os an\u00fancios podem utilizar &#8220;cookies&#8221; para recolher informa\u00e7\u00f5es relacionadas com a sua utiliza\u00e7\u00e3o do site. Os cookies tamb\u00e9m podem ser utilizados para efetuar transac\u00e7\u00f5es e a sua desativa\u00e7\u00e3o pode afetar a funcionalidade deste website. (a) A Sita e os seus parceiros podem utilizar cookies ou outras tecnologias para registar informa\u00e7\u00f5es an\u00f3nimas e n\u00e3o pessoais (n\u00e3o incluindo o seu nome, morada, endere\u00e7o de correio eletr\u00f3nico ou n\u00famero de telefone) sobre as suas visitas a este e a outros websites para medir a efic\u00e1cia da publicidade.(b) Podemos tamb\u00e9m recolher informa\u00e7\u00f5es n\u00e3o pessoais sobre a tua visita ao nosso s\u00edtio Web, com base nas tuas actividades de navega\u00e7\u00e3o (fluxo de cliques). Estas informa\u00e7\u00f5es podem incluir, entre outras, as p\u00e1ginas navegadas e os produtos e servi\u00e7os visualizados ou reservados. Isto ajuda-nos a gerir e desenvolver melhor as nossas ofertas e a fornecer-te melhores produtos e servi\u00e7os adaptados aos teus interesses e necessidades individuais. Podemos utilizar estas informa\u00e7\u00f5es para medir os pontos de entrada e sa\u00edda dos visitantes do s\u00edtio Web e os respectivos n\u00fameros de visitantes das v\u00e1rias p\u00e1ginas e sec\u00e7\u00f5es do s\u00edtio Web e os detalhes das pesquisas efectuadas. Tamb\u00e9m podemos utilizar esta informa\u00e7\u00e3o para medir a utiliza\u00e7\u00e3o de banners publicit\u00e1rios, outros cliques a partir do s\u00edtio Web. (c) Como acontece com a maioria dos sites, recolhemos algumas informa\u00e7\u00f5es automaticamente e armazenamo-las em ficheiros de registo. Estas informa\u00e7\u00f5es incluem endere\u00e7os de Protocolo de Internet (IP), tipo e idioma do browser, Fornecedor de Servi\u00e7os de Internet (ISP), p\u00e1ginas de refer\u00eancia e de sa\u00edda, sistema operativo, carimbo de data\/hora e dados de clickstream. Utilizamos estas informa\u00e7\u00f5es para compreender e analisar tend\u00eancias, para administrar o site, para conhecer o comportamento dos utilizadores no site e para recolher informa\u00e7\u00f5es demogr\u00e1ficas sobre a nossa base de utilizadores como um todo. A Sita pode utilizar estas informa\u00e7\u00f5es nos nossos servi\u00e7os de marketing e publicidade. (d) Em algumas das nossas mensagens de correio eletr\u00f3nico, utilizamos um &#8220;URL de clique&#8221; ligado ao conte\u00fado do site da Sita. Quando os clientes clicam num destes URLs, passam por um servidor Web separado antes de chegarem \u00e0 p\u00e1gina de destino no nosso Web site. Rastreamos esses dados de cliques para nos ajudar a determinar o interesse em t\u00f3picos espec\u00edficos e medir a efic\u00e1cia das nossas comunica\u00e7\u00f5es com os clientes. Se preferires n\u00e3o ser rastreado desta forma, n\u00e3o [&hellip;]<\/p>\n","protected":false},"author":1,"featured_media":0,"parent":0,"menu_order":0,"comment_status":"closed","ping_status":"closed","template":"","meta":{"footnotes":""},"class_list":["post-53374","page","type-page","status-publish","hentry","post-no-thumbnail"],"_links":{"self":[{"href":"https:\/\/www.sita.in\/pt-pt\/wp-json\/wp\/v2\/pages\/53374","targetHints":{"allow":["GET"]}}],"collection":[{"href":"https:\/\/www.sita.in\/pt-pt\/wp-json\/wp\/v2\/pages"}],"about":[{"href":"https:\/\/www.sita.in\/pt-pt\/wp-json\/wp\/v2\/types\/page"}],"author":[{"embeddable":true,"href":"https:\/\/www.sita.in\/pt-pt\/wp-json\/wp\/v2\/users\/1"}],"replies":[{"embeddable":true,"href":"https:\/\/www.sita.in\/pt-pt\/wp-json\/wp\/v2\/comments?post=53374"}],"version-history":[{"count":10,"href":"https:\/\/www.sita.in\/pt-pt\/wp-json\/wp\/v2\/pages\/53374\/revisions"}],"predecessor-version":[{"id":55204,"href":"https:\/\/www.sita.in\/pt-pt\/wp-json\/wp\/v2\/pages\/53374\/revisions\/55204"}],"wp:attachment":[{"href":"https:\/\/www.sita.in\/pt-pt\/wp-json\/wp\/v2\/media?parent=53374"}],"curies":[{"name":"wp","href":"https:\/\/api.w.org\/{rel}","templated":true}]}}