{"id":53506,"date":"2025-06-19T10:46:23","date_gmt":"2025-06-19T10:46:23","guid":{"rendered":"https:\/\/www.sita.in\/NewSita?page_id=53506"},"modified":"2025-12-01T13:19:19","modified_gmt":"2025-12-01T13:19:19","slug":"sri-lanka","status":"publish","type":"page","link":"https:\/\/www.sita.in\/pt-pt\/sri-lanka\/","title":{"rendered":"Sri Lanka"},"content":{"rendered":"<div class=\"wpb-content-wrapper\"><p>[vc_row full_width=&#8221;stretch_row&#8221; overlay_background=&#8221;custom&#8221; overlay_custom_background=&#8221;#031914&#8243; overlay_opacity=&#8221;35&#8243; lg_spacing=&#8221;padding_top:193;padding_bottom:209&#8243; background_image=&#8221;4707&#8243; background_position=&#8221;center center&#8221;][vc_column][vc_column_text css=&#8221;&#8221;]<\/p>\n<h1 class=\"page-head\">Sri Lanka<\/h1>\n<p>[\/vc_column_text][tm_spacer size=&#8221;lg:20&#8243;][vc_column_text css=&#8221;&#8221;]<\/p>\n<div class=\"page-subhead\">Uma tape\u00e7aria de cores, especiarias e esp\u00edrito<\/div>\n<p>[\/vc_column_text][\/vc_column][\/vc_row][vc_row full_width=&#8221;stretch_row&#8221; background_repeat=&#8221;repeat-y&#8221; overlay_background=&#8221;custom&#8221; overlay_custom_background=&#8221;#ffffff&#8221; overlay_opacity=&#8221;20&#8243; lg_spacing=&#8221;padding_top:80;padding_right:300;padding_bottom:80;padding_left:300&#8243; el_id=&#8221;sec\u00e7\u00e3o-sobre&#8221; background_image=&#8221;4712&#8243; md_spacing=&#8221;padding_right:0;padding_left:0&#8243; sm_spacing=&#8221;padding_right:0;padding_left:0&#8243; xs_spacing=&#8221;padding_right:0;padding_left:0&#8243; background_position=&#8221;center center&#8221;][vc_column][tm_spacer size=&#8221;lg:70&#8243;][tm_image align=&#8221;center&#8221; image=&#8221;3067&#8243;][tm_spacer size=&#8221;lg:28&#8243;][vc_column_text css=&#8221;&#8221;]<\/p>\n<h3 class=\"page-intro\">O Sri Lanka \u00e9 uma ilha vibrante de costas douradas, maravilhas antigas e uma cultura rica &#8211; onde cada viagem \u00e9 uma hist\u00f3ria \u00e0 espera de ser revelada.<\/h3>\n<p>[\/vc_column_text][tm_spacer size=&#8221;lg:40&#8243;][vc_separator style=&#8221;dashed&#8221;][tm_spacer size=&#8221;lg:40&#8243;][vc_column_text css=&#8221;&#8221;]<\/p>\n<p style=\"text-align: center;\">O nome Sri Lanka significa &#8220;terra resplandecente&#8221; e a na\u00e7\u00e3o insular faz jus a esse ep\u00edteto. A capital, Colombo, \u00e9 uma cidade animada e serve de porto principal do Sri Lanka. \u00c9 uma mistura interessante entre o antigo e o novo, sendo simultaneamente um centro comercial e um reduto dos encantos do passado. Como uma joia pendurada no subcontinente indiano, este pa\u00eds brilhante tem muito mais do que o seu tamanho te faz crer, o suficiente para te fazer voltar a ele uma e outra vez. Areias de cortar a respira\u00e7\u00e3o, colinas verdejantes, vida selvagem abundante, cascatas poderosas, patrim\u00f3nio infind\u00e1vel e locais de peregrina\u00e7\u00e3o, n\u00e3o \u00e9 de admirar que Marco Polo tenha descrito o Sri Lanka como &#8220;a melhor ilha do mundo do seu tamanho&#8221;.    <\/p>\n<p>[\/vc_column_text][tm_spacer size=&#8221;lg:100&#8243;][\/vc_column][\/vc_row][vc_row full_width=&#8221;stretch_row&#8221; lg_spacing=&#8221;padding_top:120;padding_bottom:50&#8243; background_image=&#8221;3876&#8243;][vc_column offset=&#8221;vc_col-lg-4&#8243;][tm_spacer size=&#8221;lg:60&#8243;][tm_image image=&#8221;3067&#8243;][tm_spacer size=&#8221;lg:5&#8243;][vc_column_text css=&#8221;&#8221;]<\/p>\n<h2 class=\"main-head\">Visita obrigat\u00f3ria<br \/>\n<span class=\"highlight-head\">Locais<\/span><\/h2>\n<p>[\/vc_column_text][tm_spacer size=&#8221;lg:18&#8243;][vc_separator color=&#8221;turquoise&#8221; align=&#8221;align_left&#8221; el_width=&#8221;20&#8243; css=&#8221;&#8221;][tm_spacer size=&#8221;lg:30&#8243;][vc_column_text css=&#8221;&#8221;]Descobre os principais destinos do Sri Lanka &#8211; onde a hist\u00f3ria, a natureza e a cultura vibrante se juntam para experi\u00eancias inesquec\u00edveis.[\/vc_column_text][tm_spacer size=&#8221;lg:60&#8243;][\/vc_column][vc_column offset=&#8221;vc_col-lg-offset-1 vc_col-lg-7&#8243;][tm_slider_group content_shadow=&#8221;1&#8243; nav=&#8221;09&#8243; pagination=&#8221;10&#8243; gutter=&#8221;0&#8243; items_display=&#8221;xs:1;sm:2;md:2;lg:2&#8243; auto_play=&#8221;2000&#8243;][tm_box_icon image_size=&#8221;full&#8221; align=&#8221;center&#8221; heading=&#8221;Sigiriya Rock Fortress&#8221; text=&#8221;Antiga cidadela de pedra com frescos, jardins e vistas panor\u00e2micas da selva.&#8221; text_width=&#8221;270px&#8221; image=&#8221;4720&#8243;][tm_box_icon image_size=&#8221;full&#8221; align=&#8221;center&#8221; heading=&#8221;Dambulla Cave&#8221; text=&#8221;Mosteiro em gruta com est\u00e1tuas de Buda, pinturas e tranquilidade espiritual.&#8221; text_width=&#8221;270px&#8221; image=&#8221;4721&#8243;][tm_box_icon image_size=&#8221;full&#8221; align=&#8221;center&#8221; heading=&#8221;Yala National Park&#8221; text=&#8221;Parque de vida selvagem de topo com leopardos, elefantes e aves ex\u00f3ticas.&#8221; text_width=&#8221;270px&#8221; image=&#8221;4722&#8243;][\/tm_slider_group][tm_spacer size=&#8221;lg:60&#8243;][\/vc_column][\/vc_row][vc_row lg_spacing=&#8221;padding_top:150&#8243;][vc_column][tm_image align=&#8221;center&#8221; image=&#8221;3067&#8243;][tm_spacer size=&#8221;lg:5&#8243;][vc_column_text css=&#8221;&#8221;]<\/p>\n<h2 class=\"main-head2\"><span class=\"highlight-head\">Dicas<\/span> de viagem<\/h2>\n<p>[\/vc_column_text][tm_spacer size=&#8221;lg:18&#8243;][vc_separator color=&#8221;turquoise&#8221; el_width=&#8221;10&#8243; css=&#8221;&#8221;][tm_spacer size=&#8221;lg:90&#8243;][\/vc_column][\/vc_row][vc_row][vc_column width=&#8221;1\/12&#8243;][\/vc_column][vc_column width=&#8221;1\/4&#8243;][tm_spacer size=&#8221;lg:30&#8243;][tm_spacer size=&#8221;lg:30&#8243;][vc_column_text css=&#8221;&#8221;]<\/p>\n<p style=\"text-align: center; border: 1px solid #ccc; padding: 10px;\"><i class=\"fal fa-passport\" style=\"font-size: 36px; color: #1ea5be; vertical-align: middle;\"><\/i> <strong style=\"padding-left: 5px;\">Documentos de viagem<\/strong><\/p>\n<p>[\/vc_column_text][tm_spacer size=&#8221;xs:40;sm:50;md:100;lg:150&#8243;][vc_column_text css=&#8221;&#8221;]<\/p>\n<p style=\"text-align: center; border: 1px solid #ccc; padding: 10px;\"><i class=\"fal fa-suitcase-rolling\" style=\"font-size: 36px; color: #1ea5be; vertical-align: middle;\"><\/i> <strong style=\"padding-left: 5px;\">Aeroporto e bagagem<\/strong><\/p>\n<p>[\/vc_column_text][\/vc_column][vc_column width=&#8221;1\/3&#8243;][tm_image align=&#8221;center&#8221; image=&#8221;4715&#8243;][\/vc_column][vc_column width=&#8221;1\/4&#8243;][tm_spacer size=&#8221;lg:30&#8243;][tm_spacer size=&#8221;lg:30&#8243;][vc_column_text css=&#8221;&#8221;]<\/p>\n<p style=\"text-align: center; border: 1px solid #ccc; padding: 10px;\"><i class=\"fal fa-cloud-sun\" style=\"font-size: 36px; color: #1ea5be; vertical-align: middle;\"><\/i> <strong style=\"padding-left: 5px;\">Clima e vestu\u00e1rio<\/strong><\/p>\n<p>[\/vc_column_text][tm_spacer size=&#8221;xs:40;sm:50;md:100;lg:150&#8243;][vc_column_text css=&#8221;&#8221;]<\/p>\n<p style=\"text-align: center; border: 1px solid #ccc; padding: 10px;\"><i class=\"fal fa-circle-notch\" style=\"font-size: 36px; color: #1ea5be; vertical-align: middle;\"><\/i> <strong style=\"padding-left: 5px;\">Como te deslocas<\/strong><\/p>\n<p>[\/vc_column_text][\/vc_column][vc_column width=&#8221;1\/12&#8243;][\/vc_column][\/vc_row][vc_row full_width=&#8221;stretch_row&#8221; lg_spacing=&#8221;padding_top:50;padding_bottom:50&#8243;][vc_column][tm_spacer size=&#8221;lg:40&#8243;][vc_btn title=&#8221;Descarrega&#8221; color=&#8221;peacoc&#8221; align=&#8221;center&#8221; css=&#8221;&#8221; link=&#8221;url:https%3A%2F%2Fwww.sita.in%2FNewSita%2Fwp-content%2Fuploads%2F2025%2F08%2FTravel-Guidelines-for-Sri-Lanka.pdf|target:_blank|&#8221;][\/vc_column][\/vc_row][vc_row full_width=&#8221;stretch_row_content&#8221; lg_spacing=&#8221;padding_top:150&#8243;][vc_column][tm_image align=&#8221;center&#8221; image=&#8221;3067&#8243;][tm_spacer size=&#8221;lg:5&#8243;][vc_column_text css=&#8221;&#8221;]<\/p>\n<h2 class=\"main-head2\"><span class=\"highlight-head\">Destaques<\/span> do destino<\/h2>\n<p>[\/vc_column_text][tm_spacer size=&#8221;lg:18&#8243;][vc_separator color=&#8221;turquoise&#8221; el_width=&#8221;10&#8243; css=&#8221;&#8221;][tm_spacer size=&#8221;lg:50&#8243;][\/vc_column][\/vc_row]<\/p>\n<\/div>","protected":false},"excerpt":{"rendered":"<p>[vc_row full_width=&#8221;stretch_row&#8221; overlay_background=&#8221;custom&#8221; overlay_custom_background=&#8221;#031914&#8243; overlay_opacity=&#8221;35&#8243; lg_spacing=&#8221;padding_top:193;padding_bottom:209&#8243; background_image=&#8221;4707&#8243; background_position=&#8221;center center&#8221;][vc_column][vc_column_text css=&#8221;&#8221;] Sri Lanka [\/vc_column_text][tm_spacer size=&#8221;lg:20&#8243;][vc_column_text css=&#8221;&#8221;] Uma tape\u00e7aria de cores, especiarias e esp\u00edrito [\/vc_column_text][\/vc_column][\/vc_row][vc_row full_width=&#8221;stretch_row&#8221; background_repeat=&#8221;repeat-y&#8221; overlay_background=&#8221;custom&#8221; overlay_custom_background=&#8221;#ffffff&#8221; overlay_opacity=&#8221;20&#8243; lg_spacing=&#8221;padding_top:80;padding_right:300;padding_bottom:80;padding_left:300&#8243; el_id=&#8221;sec\u00e7\u00e3o-sobre&#8221; background_image=&#8221;4712&#8243; md_spacing=&#8221;padding_right:0;padding_left:0&#8243; sm_spacing=&#8221;padding_right:0;padding_left:0&#8243; xs_spacing=&#8221;padding_right:0;padding_left:0&#8243; background_position=&#8221;center center&#8221;][vc_column][tm_spacer size=&#8221;lg:70&#8243;][tm_image align=&#8221;center&#8221; image=&#8221;3067&#8243;][tm_spacer size=&#8221;lg:28&#8243;][vc_column_text css=&#8221;&#8221;] O Sri Lanka \u00e9 uma ilha vibrante de costas douradas, maravilhas antigas e uma cultura rica &#8211; onde cada viagem \u00e9 uma hist\u00f3ria \u00e0 espera de ser revelada. [\/vc_column_text][tm_spacer size=&#8221;lg:40&#8243;][vc_separator style=&#8221;dashed&#8221;][tm_spacer size=&#8221;lg:40&#8243;][vc_column_text css=&#8221;&#8221;] O nome Sri Lanka significa &#8220;terra resplandecente&#8221; e a na\u00e7\u00e3o insular faz jus a esse ep\u00edteto. A capital, Colombo, \u00e9 uma cidade animada e serve de porto principal do Sri Lanka. \u00c9 uma mistura interessante entre o antigo e o novo, sendo simultaneamente um centro comercial e um reduto dos encantos do passado. Como uma joia pendurada no subcontinente indiano, este pa\u00eds brilhante tem muito mais do que o seu tamanho te faz crer, o suficiente para te fazer voltar a ele uma e outra vez. Areias de cortar a respira\u00e7\u00e3o, colinas verdejantes, vida selvagem abundante, cascatas poderosas, patrim\u00f3nio infind\u00e1vel e locais de peregrina\u00e7\u00e3o, n\u00e3o \u00e9 de admirar que Marco Polo tenha descrito o Sri Lanka como &#8220;a melhor ilha do mundo do seu tamanho&#8221;. [\/vc_column_text][tm_spacer size=&#8221;lg:100&#8243;][\/vc_column][\/vc_row][vc_row full_width=&#8221;stretch_row&#8221; lg_spacing=&#8221;padding_top:120;padding_bottom:50&#8243; background_image=&#8221;3876&#8243;][vc_column offset=&#8221;vc_col-lg-4&#8243;][tm_spacer size=&#8221;lg:60&#8243;][tm_image image=&#8221;3067&#8243;][tm_spacer size=&#8221;lg:5&#8243;][vc_column_text css=&#8221;&#8221;] Visita obrigat\u00f3ria Locais [\/vc_column_text][tm_spacer size=&#8221;lg:18&#8243;][vc_separator color=&#8221;turquoise&#8221; align=&#8221;align_left&#8221; el_width=&#8221;20&#8243; css=&#8221;&#8221;][tm_spacer size=&#8221;lg:30&#8243;][vc_column_text css=&#8221;&#8221;]Descobre os principais destinos do Sri Lanka &#8211; onde a hist\u00f3ria, a natureza e a cultura vibrante se juntam para experi\u00eancias inesquec\u00edveis.[\/vc_column_text][tm_spacer size=&#8221;lg:60&#8243;][\/vc_column][vc_column offset=&#8221;vc_col-lg-offset-1 vc_col-lg-7&#8243;][tm_slider_group content_shadow=&#8221;1&#8243; nav=&#8221;09&#8243; pagination=&#8221;10&#8243; gutter=&#8221;0&#8243; items_display=&#8221;xs:1;sm:2;md:2;lg:2&#8243; auto_play=&#8221;2000&#8243;][tm_box_icon image_size=&#8221;full&#8221; align=&#8221;center&#8221; heading=&#8221;Sigiriya Rock Fortress&#8221; text=&#8221;Antiga cidadela de pedra com frescos, jardins e vistas panor\u00e2micas da selva.&#8221; text_width=&#8221;270px&#8221; image=&#8221;4720&#8243;][tm_box_icon image_size=&#8221;full&#8221; align=&#8221;center&#8221; heading=&#8221;Dambulla Cave&#8221; text=&#8221;Mosteiro em gruta com est\u00e1tuas de Buda, pinturas e tranquilidade espiritual.&#8221; text_width=&#8221;270px&#8221; image=&#8221;4721&#8243;][tm_box_icon image_size=&#8221;full&#8221; align=&#8221;center&#8221; heading=&#8221;Yala National Park&#8221; text=&#8221;Parque de vida selvagem de topo com leopardos, elefantes e aves ex\u00f3ticas.&#8221; text_width=&#8221;270px&#8221; image=&#8221;4722&#8243;][\/tm_slider_group][tm_spacer size=&#8221;lg:60&#8243;][\/vc_column][\/vc_row][vc_row lg_spacing=&#8221;padding_top:150&#8243;][vc_column][tm_image align=&#8221;center&#8221; image=&#8221;3067&#8243;][tm_spacer size=&#8221;lg:5&#8243;][vc_column_text css=&#8221;&#8221;] Dicas de viagem [\/vc_column_text][tm_spacer size=&#8221;lg:18&#8243;][vc_separator color=&#8221;turquoise&#8221; el_width=&#8221;10&#8243; css=&#8221;&#8221;][tm_spacer size=&#8221;lg:90&#8243;][\/vc_column][\/vc_row][vc_row][vc_column width=&#8221;1\/12&#8243;][\/vc_column][vc_column width=&#8221;1\/4&#8243;][tm_spacer size=&#8221;lg:30&#8243;][tm_spacer size=&#8221;lg:30&#8243;][vc_column_text css=&#8221;&#8221;] Documentos de viagem [\/vc_column_text][tm_spacer size=&#8221;xs:40;sm:50;md:100;lg:150&#8243;][vc_column_text css=&#8221;&#8221;] Aeroporto e bagagem [\/vc_column_text][\/vc_column][vc_column width=&#8221;1\/3&#8243;][tm_image align=&#8221;center&#8221; image=&#8221;4715&#8243;][\/vc_column][vc_column width=&#8221;1\/4&#8243;][tm_spacer size=&#8221;lg:30&#8243;][tm_spacer size=&#8221;lg:30&#8243;][vc_column_text css=&#8221;&#8221;] Clima e vestu\u00e1rio [\/vc_column_text][tm_spacer size=&#8221;xs:40;sm:50;md:100;lg:150&#8243;][vc_column_text css=&#8221;&#8221;] Como te deslocas [\/vc_column_text][\/vc_column][vc_column width=&#8221;1\/12&#8243;][\/vc_column][\/vc_row][vc_row full_width=&#8221;stretch_row&#8221; lg_spacing=&#8221;padding_top:50;padding_bottom:50&#8243;][vc_column][tm_spacer size=&#8221;lg:40&#8243;][vc_btn title=&#8221;Descarrega&#8221; color=&#8221;peacoc&#8221; align=&#8221;center&#8221; css=&#8221;&#8221; link=&#8221;url:https%3A%2F%2Fwww.sita.in%2FNewSita%2Fwp-content%2Fuploads%2F2025%2F08%2FTravel-Guidelines-for-Sri-Lanka.pdf|target:_blank|&#8221;][\/vc_column][\/vc_row][vc_row full_width=&#8221;stretch_row_content&#8221; lg_spacing=&#8221;padding_top:150&#8243;][vc_column][tm_image align=&#8221;center&#8221; image=&#8221;3067&#8243;][tm_spacer size=&#8221;lg:5&#8243;][vc_column_text css=&#8221;&#8221;] Destaques do destino [\/vc_column_text][tm_spacer size=&#8221;lg:18&#8243;][vc_separator color=&#8221;turquoise&#8221; el_width=&#8221;10&#8243; css=&#8221;&#8221;][tm_spacer size=&#8221;lg:50&#8243;][\/vc_column][\/vc_row]<\/p>\n","protected":false},"author":1,"featured_media":0,"parent":0,"menu_order":0,"comment_status":"closed","ping_status":"closed","template":"","meta":{"footnotes":""},"class_list":["post-53506","page","type-page","status-publish","hentry","post-no-thumbnail"],"_links":{"self":[{"href":"https:\/\/www.sita.in\/pt-pt\/wp-json\/wp\/v2\/pages\/53506","targetHints":{"allow":["GET"]}}],"collection":[{"href":"https:\/\/www.sita.in\/pt-pt\/wp-json\/wp\/v2\/pages"}],"about":[{"href":"https:\/\/www.sita.in\/pt-pt\/wp-json\/wp\/v2\/types\/page"}],"author":[{"embeddable":true,"href":"https:\/\/www.sita.in\/pt-pt\/wp-json\/wp\/v2\/users\/1"}],"replies":[{"embeddable":true,"href":"https:\/\/www.sita.in\/pt-pt\/wp-json\/wp\/v2\/comments?post=53506"}],"version-history":[{"count":8,"href":"https:\/\/www.sita.in\/pt-pt\/wp-json\/wp\/v2\/pages\/53506\/revisions"}],"predecessor-version":[{"id":55450,"href":"https:\/\/www.sita.in\/pt-pt\/wp-json\/wp\/v2\/pages\/53506\/revisions\/55450"}],"wp:attachment":[{"href":"https:\/\/www.sita.in\/pt-pt\/wp-json\/wp\/v2\/media?parent=53506"}],"curies":[{"name":"wp","href":"https:\/\/api.w.org\/{rel}","templated":true}]}}