{"id":53565,"date":"2025-07-30T08:20:56","date_gmt":"2025-07-30T08:20:56","guid":{"rendered":"https:\/\/www.sita.in\/NewSita?page_id=53565"},"modified":"2025-12-03T13:23:21","modified_gmt":"2025-12-03T13:23:21","slug":"momentos-perfeitos","status":"publish","type":"page","link":"https:\/\/www.sita.in\/pt-pt\/momentos-perfeitos\/","title":{"rendered":"Momentos perfeitos"},"content":{"rendered":"<div class=\"wpb-content-wrapper\"><p>[vc_row full_width=&#8221;stretch_row&#8221; overlay_background=&#8221;custom&#8221; overlay_opacity=&#8221;30&#8243; lg_spacing=&#8221;padding_top:193;padding_bottom:209&#8243; background_image=&#8221;4905&#8243; background_position=&#8221;center center&#8221;][vc_column][vc_column_text css=&#8221;&#8221;]<\/p>\n<h1 class=\"page-head\">Momentos perfeitos com a Sita<\/h1>\n<p>[\/vc_column_text][tm_spacer size=&#8221;lg:20&#8243;][vc_column_text css=&#8221;&#8221;]<\/p>\n<div class=\"page-subhead\">Criado s\u00f3 para ti<\/div>\n<p>[\/vc_column_text][\/vc_column][\/vc_row][vc_row full_width=&#8221;stretch_row&#8221; background_size=&#8221;auto&#8221; onepage_skin=&#8221;light&#8221; lg_spacing=&#8221;padding_top:140;padding_bottom:140&#8243; background_image=&#8221;3874&#8243; background_position=&#8221;center top&#8221;][vc_column][tm_image align=&#8221;center&#8221; image=&#8221;3067&#8243;][tm_spacer size=&#8221;lg:5&#8243;][vc_column_text css=&#8221;&#8221;]<\/p>\n<h2 class=\"main-head2\"><span class=\"highlight-head\">Viaja<\/span> sem problemas<\/h2>\n<p>[\/vc_column_text][tm_spacer size=&#8221;lg:50&#8243;][vc_separator color=&#8221;custom&#8221; accent_color=&#8221;rgba(79,50,48,0.1)&#8221;][tm_spacer size=&#8221;lg:50&#8243;][vc_column_text css=&#8221;&#8221;]<\/p>\n<p style=\"text-align: center;\">Navegar pelas vastas e diversas paisagens da \u00cdndia e dos seus vizinhos requer uma coordena\u00e7\u00e3o precisa e um profundo conhecimento local. Na Sita, as viagens sem problemas s\u00e3o a base do nosso servi\u00e7o. A nossa extensa infraestrutura regional e as nossas equipas terrestres experientes asseguram liga\u00e7\u00f5es suaves e fi\u00e1veis atrav\u00e9s de cidades movimentadas, locais hist\u00f3ricos remotos e rotas c\u00e9nicas.  <\/p>\n<p style=\"text-align: center;\">Desde transfers privados e voos dom\u00e9sticos a solu\u00e7\u00f5es de transporte personalizadas, todos os pormenores s\u00e3o geridos para um conforto, seguran\u00e7a e efici\u00eancia ideais. Orquestramos meticulosamente cada movimento, permitindo que os seus clientes explorem sem esfor\u00e7o desde marcos ic\u00f3nicos a j\u00f3ias escondidas &#8211; proporcionando a viagem perfeita que esperam e merecem. <\/p>\n<p>[\/vc_column_text][tm_spacer size=&#8221;lg:20&#8243;][\/vc_column][\/vc_row][vc_row full_width=&#8221;stretch_row&#8221; lg_spacing=&#8221;padding_top:120;padding_bottom:120&#8243; background_image=&#8221;921&#8243;][vc_column][tm_image align=&#8221;center&#8221; image=&#8221;3067&#8243;][tm_spacer size=&#8221;lg:5&#8243;][vc_column_text css=&#8221;&#8221;]<\/p>\n<h2 class=\"main-head2\">Viagens \u00e0 medida: Individuais, Grupos e Interesses Especiais<\/h2>\n<p>[\/vc_column_text][tm_spacer size=&#8221;lg:20&#8243;][vc_column_text css=&#8221;&#8221;]<\/p>\n<div class=\"sub-head2\">Planeamento sem falhas, experi\u00eancias aut\u00eanticas, mem\u00f3rias duradouras<\/div>\n<p>[\/vc_column_text][tm_spacer size=&#8221;lg:25&#8243;][vc_separator color=&#8221;custom&#8221; accent_color=&#8221;rgba(79,50,48,0.1)&#8221;][tm_spacer size=&#8221;lg:35&#8243;][vc_column_text css=&#8221;&#8221;]<\/p>\n<p style=\"text-align: center;\">Na Sita, entendemos que as viagens s\u00e3o mais gratificantes quando s\u00e3o criadas de acordo com as prefer\u00eancias individuais, partilhadas com grupos que pensam da mesma forma ou focadas em interesses especiais. As nossas excurs\u00f5es concebidas por especialistas &#8211; quer sejam para viajantes individuais, grupos ou paix\u00f5es de nicho &#8211; asseguram uma log\u00edstica perfeita, uma orienta\u00e7\u00e3o conhecedora e experi\u00eancias aut\u00eanticas. <\/p>\n<p>Com mais de 60 anos de experi\u00eancia comprovada, proporcionamos viagens privilegiadas que revelam o verdadeiro esp\u00edrito das pessoas e dos locais do subcontinente, indo para al\u00e9m das rotas t\u00edpicas. Faz uma parceria connosco para oferecer aos teus clientes experi\u00eancias de viagem inigual\u00e1veis e significativas, perfeitamente adaptadas \u00e0s suas necessidades.<\/p>\n<p>[\/vc_column_text][tm_spacer size=&#8221;lg:60&#8243;][vc_row_inner][vc_column_inner width=&#8221;1\/4&#8243;][tm_icon icon_type=&#8221;fontawesome5&#8243; icon_fontawesome5=&#8221;fal fa-clipboard-check&#8221; align=&#8221;center&#8221; style=&#8221;03&#8243; icon_color=&#8221;primary&#8221; font_size=&#8221;lg:40&#8243;][tm_spacer size=&#8221;lg:20&#8243;][vc_column_text css=&#8221;&#8221;]<\/p>\n<h4 style=\"text-align: center;\">Excurs\u00f5es fora do comum<\/h4>\n<p>[\/vc_column_text][tm_spacer size=&#8221;lg:20&#8243;][\/vc_column_inner][vc_column_inner width=&#8221;1\/4&#8243;][tm_icon icon_type=&#8221;fontawesome5&#8243; icon_fontawesome5=&#8221;fal fa-calendar-check&#8221; align=&#8221;center&#8221; style=&#8221;03&#8243; icon_color=&#8221;primary&#8221; font_size=&#8221;lg:40&#8243;][tm_spacer size=&#8221;lg:20&#8243;][vc_column_text css=&#8221;&#8221;]<\/p>\n<h4 style=\"text-align: center;\">Designers de viagens especializados<\/h4>\n<p>[\/vc_column_text][tm_spacer size=&#8221;lg:20&#8243;][\/vc_column_inner][vc_column_inner width=&#8221;1\/4&#8243;][tm_icon icon_type=&#8221;fontawesome5&#8243; icon_fontawesome5=&#8221;far fa-leaf&#8221; align=&#8221;center&#8221; style=&#8221;03&#8243; icon_color=&#8221;primary&#8221; font_size=&#8221;lg:40&#8243;][tm_spacer size=&#8221;lg:20&#8243;][vc_column_text css=&#8221;&#8221;]<\/p>\n<h4 style=\"text-align: center;\">Encontros sustent\u00e1veis<\/h4>\n<p>[\/vc_column_text][tm_spacer size=&#8221;lg:20&#8243;][\/vc_column_inner][vc_column_inner width=&#8221;1\/4&#8243;][tm_icon icon_type=&#8221;fontawesome5&#8243; icon_fontawesome5=&#8221;fal fa-hands&#8221; align=&#8221;center&#8221; style=&#8221;03&#8243; icon_color=&#8221;primary&#8221; font_size=&#8221;lg:40&#8243;][tm_spacer size=&#8221;lg:20&#8243;][vc_column_text css=&#8221;&#8221;]<\/p>\n<h4 style=\"text-align: center;\">Liberdade para explorar<\/h4>\n<p>[\/vc_column_text][tm_spacer size=&#8221;lg:20&#8243;][\/vc_column_inner][\/vc_row_inner][tm_spacer size=&#8221;lg:60&#8243;][\/vc_column][\/vc_row][vc_row full_width=&#8221;stretch_row_content&#8221; overlay_background=&#8221;custom&#8221; overlay_opacity=&#8221;10&#8243; lg_spacing=&#8221;padding_top:200;padding_bottom:200&#8243; background_image=&#8221;4934&#8243;][vc_column width=&#8221;1\/3&#8243; offset=&#8221;vc_col-lg-1&#8243;][\/vc_column][vc_column width=&#8221;1\/3&#8243; offset=&#8221;vc_col-lg-6&#8243;][vc_row_inner background_color=&#8221;custom&#8221; custom_background_color=&#8221;#FFFFFFCC&#8221;][vc_column_inner][vc_column_text css=&#8221;&#8221;]<\/p>\n<h2 class=\"main-head-white\">Partilha as tuas vis\u00f5es de viagem<\/h2>\n<p>[\/vc_column_text][tm_spacer size=&#8221;lg:5&#8243;][vc_column_text css=&#8221;&#8221;]<\/p>\n<p style=\"color: #fff;\">D\u00e1-lhes vida<\/p>\n<p>[\/vc_column_text][tm_spacer size=&#8221;lg:30&#8243;][vc_column_text css=&#8221;&#8221;]\t<a class=\"paoc-popup-click paoc-popup-cust-56152 paoc-popup-button paoc-popup-btn \" href=\"javascript:void(0);\">TAILOR ITINERARY WITH EASE<\/a>\r\n[\/vc_column_text][\/vc_column_inner][\/vc_row_inner][\/vc_column][vc_column width=&#8221;1\/3&#8243; offset=&#8221;vc_col-lg-5&#8243;][\/vc_column][\/vc_row]<\/p>\n<\/div>","protected":false},"excerpt":{"rendered":"<p>[vc_row full_width=&#8221;stretch_row&#8221; overlay_background=&#8221;custom&#8221; overlay_opacity=&#8221;30&#8243; lg_spacing=&#8221;padding_top:193;padding_bottom:209&#8243; background_image=&#8221;4905&#8243; background_position=&#8221;center center&#8221;][vc_column][vc_column_text css=&#8221;&#8221;] Momentos perfeitos com a Sita [\/vc_column_text][tm_spacer size=&#8221;lg:20&#8243;][vc_column_text css=&#8221;&#8221;] Criado s\u00f3 para ti [\/vc_column_text][\/vc_column][\/vc_row][vc_row full_width=&#8221;stretch_row&#8221; background_size=&#8221;auto&#8221; onepage_skin=&#8221;light&#8221; lg_spacing=&#8221;padding_top:140;padding_bottom:140&#8243; background_image=&#8221;3874&#8243; background_position=&#8221;center top&#8221;][vc_column][tm_image align=&#8221;center&#8221; image=&#8221;3067&#8243;][tm_spacer size=&#8221;lg:5&#8243;][vc_column_text css=&#8221;&#8221;] Viaja sem problemas [\/vc_column_text][tm_spacer size=&#8221;lg:50&#8243;][vc_separator color=&#8221;custom&#8221; accent_color=&#8221;rgba(79,50,48,0.1)&#8221;][tm_spacer size=&#8221;lg:50&#8243;][vc_column_text css=&#8221;&#8221;] Navegar pelas vastas e diversas paisagens da \u00cdndia e dos seus vizinhos requer uma coordena\u00e7\u00e3o precisa e um profundo conhecimento local. Na Sita, as viagens sem problemas s\u00e3o a base do nosso servi\u00e7o. A nossa extensa infraestrutura regional e as nossas equipas terrestres experientes asseguram liga\u00e7\u00f5es suaves e fi\u00e1veis atrav\u00e9s de cidades movimentadas, locais hist\u00f3ricos remotos e rotas c\u00e9nicas. Desde transfers privados e voos dom\u00e9sticos a solu\u00e7\u00f5es de transporte personalizadas, todos os pormenores s\u00e3o geridos para um conforto, seguran\u00e7a e efici\u00eancia ideais. Orquestramos meticulosamente cada movimento, permitindo que os seus clientes explorem sem esfor\u00e7o desde marcos ic\u00f3nicos a j\u00f3ias escondidas &#8211; proporcionando a viagem perfeita que esperam e merecem. [\/vc_column_text][tm_spacer size=&#8221;lg:20&#8243;][\/vc_column][\/vc_row][vc_row full_width=&#8221;stretch_row&#8221; lg_spacing=&#8221;padding_top:120;padding_bottom:120&#8243; background_image=&#8221;921&#8243;][vc_column][tm_image align=&#8221;center&#8221; image=&#8221;3067&#8243;][tm_spacer size=&#8221;lg:5&#8243;][vc_column_text css=&#8221;&#8221;] Viagens \u00e0 medida: Individuais, Grupos e Interesses Especiais [\/vc_column_text][tm_spacer size=&#8221;lg:20&#8243;][vc_column_text css=&#8221;&#8221;] Planeamento sem falhas, experi\u00eancias aut\u00eanticas, mem\u00f3rias duradouras [\/vc_column_text][tm_spacer size=&#8221;lg:25&#8243;][vc_separator color=&#8221;custom&#8221; accent_color=&#8221;rgba(79,50,48,0.1)&#8221;][tm_spacer size=&#8221;lg:35&#8243;][vc_column_text css=&#8221;&#8221;] Na Sita, entendemos que as viagens s\u00e3o mais gratificantes quando s\u00e3o criadas de acordo com as prefer\u00eancias individuais, partilhadas com grupos que pensam da mesma forma ou focadas em interesses especiais. As nossas excurs\u00f5es concebidas por especialistas &#8211; quer sejam para viajantes individuais, grupos ou paix\u00f5es de nicho &#8211; asseguram uma log\u00edstica perfeita, uma orienta\u00e7\u00e3o conhecedora e experi\u00eancias aut\u00eanticas. Com mais de 60 anos de experi\u00eancia comprovada, proporcionamos viagens privilegiadas que revelam o verdadeiro esp\u00edrito das pessoas e dos locais do subcontinente, indo para al\u00e9m das rotas t\u00edpicas. Faz uma parceria connosco para oferecer aos teus clientes experi\u00eancias de viagem inigual\u00e1veis e significativas, perfeitamente adaptadas \u00e0s suas necessidades. [\/vc_column_text][tm_spacer size=&#8221;lg:60&#8243;][vc_row_inner][vc_column_inner width=&#8221;1\/4&#8243;][tm_icon icon_type=&#8221;fontawesome5&#8243; icon_fontawesome5=&#8221;fal fa-clipboard-check&#8221; align=&#8221;center&#8221; style=&#8221;03&#8243; icon_color=&#8221;primary&#8221; font_size=&#8221;lg:40&#8243;][tm_spacer size=&#8221;lg:20&#8243;][vc_column_text css=&#8221;&#8221;] Excurs\u00f5es fora do comum [\/vc_column_text][tm_spacer size=&#8221;lg:20&#8243;][\/vc_column_inner][vc_column_inner width=&#8221;1\/4&#8243;][tm_icon icon_type=&#8221;fontawesome5&#8243; icon_fontawesome5=&#8221;fal fa-calendar-check&#8221; align=&#8221;center&#8221; style=&#8221;03&#8243; icon_color=&#8221;primary&#8221; font_size=&#8221;lg:40&#8243;][tm_spacer size=&#8221;lg:20&#8243;][vc_column_text css=&#8221;&#8221;] Designers de viagens especializados [\/vc_column_text][tm_spacer size=&#8221;lg:20&#8243;][\/vc_column_inner][vc_column_inner width=&#8221;1\/4&#8243;][tm_icon icon_type=&#8221;fontawesome5&#8243; icon_fontawesome5=&#8221;far fa-leaf&#8221; align=&#8221;center&#8221; style=&#8221;03&#8243; icon_color=&#8221;primary&#8221; font_size=&#8221;lg:40&#8243;][tm_spacer size=&#8221;lg:20&#8243;][vc_column_text css=&#8221;&#8221;] Encontros sustent\u00e1veis [\/vc_column_text][tm_spacer size=&#8221;lg:20&#8243;][\/vc_column_inner][vc_column_inner width=&#8221;1\/4&#8243;][tm_icon icon_type=&#8221;fontawesome5&#8243; icon_fontawesome5=&#8221;fal fa-hands&#8221; align=&#8221;center&#8221; style=&#8221;03&#8243; icon_color=&#8221;primary&#8221; font_size=&#8221;lg:40&#8243;][tm_spacer size=&#8221;lg:20&#8243;][vc_column_text css=&#8221;&#8221;] Liberdade para explorar [\/vc_column_text][tm_spacer size=&#8221;lg:20&#8243;][\/vc_column_inner][\/vc_row_inner][tm_spacer size=&#8221;lg:60&#8243;][\/vc_column][\/vc_row][vc_row full_width=&#8221;stretch_row_content&#8221; overlay_background=&#8221;custom&#8221; overlay_opacity=&#8221;10&#8243; lg_spacing=&#8221;padding_top:200;padding_bottom:200&#8243; background_image=&#8221;4934&#8243;][vc_column width=&#8221;1\/3&#8243; offset=&#8221;vc_col-lg-1&#8243;][\/vc_column][vc_column width=&#8221;1\/3&#8243; offset=&#8221;vc_col-lg-6&#8243;][vc_row_inner background_color=&#8221;custom&#8221; custom_background_color=&#8221;#FFFFFFCC&#8221;][vc_column_inner][vc_column_text css=&#8221;&#8221;] Partilha as tuas vis\u00f5es de viagem [\/vc_column_text][tm_spacer size=&#8221;lg:5&#8243;][vc_column_text css=&#8221;&#8221;] D\u00e1-lhes vida [\/vc_column_text][tm_spacer size=&#8221;lg:30&#8243;][vc_column_text css=&#8221;&#8221;][\/vc_column_text][\/vc_column_inner][\/vc_row_inner][\/vc_column][vc_column width=&#8221;1\/3&#8243; offset=&#8221;vc_col-lg-5&#8243;][\/vc_column][\/vc_row]<\/p>\n","protected":false},"author":1,"featured_media":0,"parent":0,"menu_order":0,"comment_status":"closed","ping_status":"closed","template":"","meta":{"footnotes":""},"class_list":["post-53565","page","type-page","status-publish","hentry","post-no-thumbnail"],"_links":{"self":[{"href":"https:\/\/www.sita.in\/pt-pt\/wp-json\/wp\/v2\/pages\/53565","targetHints":{"allow":["GET"]}}],"collection":[{"href":"https:\/\/www.sita.in\/pt-pt\/wp-json\/wp\/v2\/pages"}],"about":[{"href":"https:\/\/www.sita.in\/pt-pt\/wp-json\/wp\/v2\/types\/page"}],"author":[{"embeddable":true,"href":"https:\/\/www.sita.in\/pt-pt\/wp-json\/wp\/v2\/users\/1"}],"replies":[{"embeddable":true,"href":"https:\/\/www.sita.in\/pt-pt\/wp-json\/wp\/v2\/comments?post=53565"}],"version-history":[{"count":17,"href":"https:\/\/www.sita.in\/pt-pt\/wp-json\/wp\/v2\/pages\/53565\/revisions"}],"predecessor-version":[{"id":56292,"href":"https:\/\/www.sita.in\/pt-pt\/wp-json\/wp\/v2\/pages\/53565\/revisions\/56292"}],"wp:attachment":[{"href":"https:\/\/www.sita.in\/pt-pt\/wp-json\/wp\/v2\/media?parent=53565"}],"curies":[{"name":"wp","href":"https:\/\/api.w.org\/{rel}","templated":true}]}}