{"id":53574,"date":"2025-07-18T05:54:12","date_gmt":"2025-07-18T05:54:12","guid":{"rendered":"https:\/\/www.sita.in\/NewSita?page_id=53574"},"modified":"2025-12-01T13:19:37","modified_gmt":"2025-12-01T13:19:37","slug":"destinos","status":"publish","type":"page","link":"https:\/\/www.sita.in\/pt-pt\/destinos\/","title":{"rendered":"Destinos"},"content":{"rendered":"<div class=\"wpb-content-wrapper\"><p>[vc_row full_width=&#8221;stretch_row&#8221; overlay_background=&#8221;custom&#8221; overlay_opacity=&#8221;30&#8243; lg_spacing=&#8221;padding_top:193;padding_bottom:209&#8243; background_image=&#8221;47402&#8243; background_position=&#8221;center center&#8221;][vc_column][vc_column_text css=&#8221;&#8221;]<\/p>\n<h1 class=\"page-head\">Destinos<\/h1>\n<p>[\/vc_column_text][tm_spacer size=&#8221;lg:20&#8243;][vc_column_text css=&#8221;&#8221;]<\/p>\n<div class=\"page-subhead\">Descobre a magia do subcontinente indiano<\/div>\n<p>[\/vc_column_text][\/vc_column][\/vc_row][vc_row full_width=&#8221;stretch_row&#8221; height=&#8221;full&#8221; background_repeat=&#8221;repeat-y&#8221; overlay_background=&#8221;custom&#8221; overlay_custom_background=&#8221;#ffffff&#8221; overlay_opacity=&#8221;20&#8243; lg_spacing=&#8221;padding_top:80;padding_right:300;padding_bottom:80;padding_left:300&#8243; el_id=&#8221;sec\u00e7\u00e3o-sobre&#8221; background_image=&#8221;4859&#8243; md_spacing=&#8221;padding_right:0;padding_left:0&#8243; sm_spacing=&#8221;padding_right:0;padding_left:0&#8243; xs_spacing=&#8221;padding_right:0;padding_left:0&#8243; background_position=&#8221;center center&#8221;][vc_column][tm_spacer size=&#8221;lg:70&#8243;][vc_column_text css=&#8221;&#8221;]<\/p>\n<h3 class=\"page-intro\">O subcontinente indiano oferece um portef\u00f3lio de experi\u00eancias inigual\u00e1vel &#8211; onde convergem tradi\u00e7\u00f5es intemporais, paisagens dram\u00e1ticas e culturas vibrantes. Desde o patrim\u00f3nio e a espiritualidade \u00e0 aventura e ao bem-estar, esta regi\u00e3o apela a um vasto espetro de interesses dos viajantes. Um verdadeiro mosaico de contrastes, o Subcontinente permite-te conceber viagens profundamente enriquecedoras que n\u00e3o s\u00f3 cativam os teus clientes, como tamb\u00e9m refor\u00e7am as tuas ofertas de neg\u00f3cio.  <\/h3>\n<p>[\/vc_column_text][tm_spacer size=&#8221;lg:40&#8243;][vc_separator style=&#8221;dashed&#8221;][tm_spacer size=&#8221;lg:40&#8243;][vc_column_text css=&#8221;&#8221;]<\/p>\n<p style=\"text-align: center;\">Na \u00cdndia, Nepal, But\u00e3o e Sri Lanka, a Sita oferece um portf\u00f3lio diversificado de experi\u00eancias &#8211; desde as vibrantes cidades e rios espirituais da \u00cdndia at\u00e9 os ic\u00f4nicos Himalaias do Nepal, os serenos mosteiros do But\u00e3o e as costas imaculadas do Sri Lanka. Como o teu parceiro DMC de confian\u00e7a no Sul da \u00c1sia, concebemos programas aut\u00eanticos e imersivos adaptados \u00e0s necessidades dos teus clientes &#8211; entregues com a experi\u00eancia, fiabilidade e simpatia com que podes contar. <\/p>\n<p>[\/vc_column_text][tm_spacer size=&#8221;lg:100&#8243;][\/vc_column][\/vc_row][vc_row full_width=&#8221;stretch_row&#8221; height=&#8221;full&#8221; background_image=&#8221;4570&#8243; lg_spacing=&#8221;padding_top:130;padding_bottom:130&#8243; background_position=&#8221;center bottom&#8221;][vc_column layer_index=&#8221;2&#8243; offset=&#8221;vc_col-lg-6&#8243;][tm_image full_wide=&#8221;1&#8243; caption_color=&#8221;secondary&#8221; image=&#8221;45777&#8243; caption=&#8221;- Discover the Diverse Wonders of Incredible India -&#8220;][\/vc_column][vc_column layer_index=&#8221;1&#8243; offset=&#8221;vc_col-lg-6&#8243;][vc_row_inner custom_border_color=&#8221;#f2f2f2&#8243; border_style=&#8221;double&#8221; background_color=&#8221;custom&#8221; lg_spacing=&#8221;margin_top:40;margin_left:-160;border_top:10;border_right:10;border_bottom:10;border_left:10;padding_right:70;padding_left:203&#8243; custom_background_color=&#8221;#ffffff&#8221; md_spacing=&#8221;margin_right:0;margin_left:0;padding_right:30;padding_left:30&#8243;][vc_column_inner][tm_spacer size=&#8221;lg:55&#8243;][tm_image image=&#8221;3067&#8243;][tm_spacer size=&#8221;lg:5&#8243;][vc_column_text css=&#8221;&#8221;]<\/p>\n<h2 class=\"main-head\">\u00cdndia<\/h2>\n<p>[\/vc_column_text][tm_spacer size=&#8221;lg:30&#8243;][vc_column_text css=&#8221;&#8221;]A \u00cdndia \u00e9 um destino de diversidade inigual\u00e1vel &#8211; onde a heran\u00e7a antiga se encontra com a vibra\u00e7\u00e3o moderna. Desde fortalezas e templos sagrados listados pela UNESCO a aut\u00eanticas tradi\u00e7\u00f5es de bem-estar e experi\u00eancias culturais din\u00e2micas, a \u00cdndia oferece algo para cada segmento de viajante. Com a sua vasta gama de experi\u00eancias, este destino permite-te conceber itiner\u00e1rios que s\u00e3o memor\u00e1veis para os teus clientes e rent\u00e1veis para o teu neg\u00f3cio.[\/vc_column_text][tm_spacer size=&#8221;lg:30&#8243;][vc_btn title=&#8221;Explora a \u00cdndia&#8221; color=&#8221;info&#8221; css=&#8221;&#8221; link=&#8221;url:https%3A%2F%2Fwww.sita.in%2Fpt-pt%2Findia%2F|title:India|&#8221;][tm_spacer size=&#8221;lg:30&#8243;][\/vc_column_inner][\/vc_row_inner][\/vc_column][\/vc_row][vc_row full_width=&#8221;stretch_row&#8221; height=&#8221;full&#8221; background_image=&#8221;4869&#8243; lg_spacing=&#8221;padding_top:130;padding_bottom:130&#8243; background_position=&#8221;center bottom&#8221;][vc_column layer_index=&#8221;1&#8243; offset=&#8221;vc_col-lg-6&#8243;][vc_row_inner custom_border_color=&#8221;#f2f2f2&#8243; border_style=&#8221;double&#8221; background_color=&#8221;custom&#8221; lg_spacing=&#8221;margin_top:40;margin_right:-160;border_top:10;border_right:10;border_bottom:10;border_left:10;padding_right:203;padding_left:70&#8243; custom_background_color=&#8221;#ffffff&#8221; md_spacing=&#8221;margin_right:0;margin_left:0;padding_right:30;padding_left:30&#8243;][vc_column_inner][tm_spacer size=&#8221;lg:55&#8243;][tm_image image=&#8221;3067&#8243;][tm_spacer size=&#8221;lg:5&#8243;][vc_column_text css=&#8221;&#8221;]<\/p>\n<h2 class=\"main-head\">Nepal<\/h2>\n<p>[\/vc_column_text][tm_spacer size=&#8221;lg:30&#8243;][vc_column_text css=&#8221;&#8221;]O Nepal oferece uma poderosa mistura de aventura e cultura &#8211; tornando-o um destino ideal para diversos segmentos de viajantes. Desde os ic\u00f3nicos picos dos Himalaias e mosteiros sagrados at\u00e9 aos rios vibrantes, campos de arroz verdejantes e vida aut\u00eantica nas aldeias, o Nepal proporciona experi\u00eancias que apelam tanto aos que procuram aventura como aos entusiastas da cultura. Com a sua inigual\u00e1vel variedade paisag\u00edstica e profundas ra\u00edzes culturais, este destino \u00e9 uma adi\u00e7\u00e3o de elevado potencial ao teu portf\u00f3lio, prometendo viagens inesquec\u00edveis aos teus clientes.[\/vc_column_text][tm_spacer size=&#8221;lg:30&#8243;][vc_btn title=&#8221;Explora o Nepal&#8221; color=&#8221;info&#8221; css=&#8221;&#8221; link=&#8221;url:https%3A%2F%2Fwww.sita.in%2Fpt-pt%2Fnepal%2F|title:Nepal|&#8221;][tm_spacer size=&#8221;lg:30&#8243;][\/vc_column_inner][\/vc_row_inner][\/vc_column][vc_column layer_index=&#8221;2&#8243; offset=&#8221;vc_col-lg-6&#8243;][tm_image full_wide=&#8221;1&#8243; caption_color=&#8221;secondary&#8221; image=&#8221;4865&#8243; caption=&#8221;- Experience the Majesty and Serenity of Nepal -&#8220;][\/vc_column][\/vc_row][vc_row full_width=&#8221;stretch_row&#8221; height=&#8221;full&#8221; background_image=&#8221;4698&#8243; lg_spacing=&#8221;padding_top:130;padding_bottom:130&#8243; background_position=&#8221;center bottom&#8221;][vc_column layer_index=&#8221;2&#8243; offset=&#8221;vc_col-lg-6&#8243;][tm_image full_wide=&#8221;1&#8243; caption_color=&#8221;secondary&#8221; image=&#8221;4866&#8243; caption=&#8221;- Sacred Peaks, Serene Valleys, and Soulful Journeys -&#8220;][\/vc_column][vc_column layer_index=&#8221;1&#8243; offset=&#8221;vc_col-lg-6&#8243;][vc_row_inner custom_border_color=&#8221;#f2f2f2&#8243; border_style=&#8221;double&#8221; background_color=&#8221;custom&#8221; lg_spacing=&#8221;margin_top:40;margin_left:-160;border_top:10;border_right:10;border_bottom:10;border_left:10;padding_right:70;padding_left:203&#8243; custom_background_color=&#8221;#ffffff&#8221; md_spacing=&#8221;margin_right:0;margin_left:0;padding_right:30;padding_left:30&#8243;][vc_column_inner][tm_spacer size=&#8221;lg:55&#8243;][tm_image image=&#8221;3067&#8243;][tm_spacer size=&#8221;lg:5&#8243;][vc_column_text css=&#8221;&#8221;]<\/p>\n<h2 class=\"main-head\">But\u00e3o<\/h2>\n<p>[\/vc_column_text][tm_spacer size=&#8221;lg:30&#8243;][vc_column_text css=&#8221;&#8221;]O But\u00e3o destaca-se como um para\u00edso espiritual &#8211; lar de mosteiros sagrados, templos intemporais e paisagens florestais imaculadas. Reverenciado pela sua autenticidade e exclusividade, o pa\u00eds atrai fortemente os viajantes que procuram viagens conscientes e transformadoras. Como um destino de nicho de alto valor, o But\u00e3o acrescenta profundidade e prest\u00edgio ao teu portf\u00f3lio.[\/vc_column_text][tm_spacer size=&#8221;lg:30&#8243;][vc_btn title=&#8221;Explora o But\u00e3o&#8221; color=&#8221;info&#8221; css=&#8221;&#8221; link=&#8221;url:https%3A%2F%2Fwww.sita.in%2Fpt-pt%2Fbutao%2F|title:Bhutan|&#8221;][tm_spacer size=&#8221;lg:55&#8243;][\/vc_column_inner][\/vc_row_inner][\/vc_column][\/vc_row][vc_row full_width=&#8221;stretch_row&#8221; height=&#8221;full&#8221; background_image=&#8221;4870&#8243; lg_spacing=&#8221;padding_top:130;padding_bottom:130&#8243; background_position=&#8221;center bottom&#8221;][vc_column layer_index=&#8221;1&#8243; offset=&#8221;vc_col-lg-6&#8243;][vc_row_inner custom_border_color=&#8221;#f2f2f2&#8243; border_style=&#8221;double&#8221; background_color=&#8221;custom&#8221; lg_spacing=&#8221;margin_top:40;margin_right:-160;border_top:10;border_right:10;border_bottom:10;border_left:10;padding_right:203;padding_left:70&#8243; custom_background_color=&#8221;#ffffff&#8221; md_spacing=&#8221;margin_right:0;margin_left:0;padding_right:30;padding_left:30&#8243;][vc_column_inner][tm_spacer size=&#8221;lg:55&#8243;][tm_image image=&#8221;3067&#8243;][tm_spacer size=&#8221;lg:5&#8243;][vc_column_text css=&#8221;&#8221;]<\/p>\n<h2 class=\"main-head\">Sri Lanka<\/h2>\n<p>[\/vc_column_text][tm_spacer size=&#8221;lg:30&#8243;][vc_column_text css=&#8221;&#8221;]O Sri Lanka \u00e9 um destino insular compacto, mas diversificado, que oferece praias douradas, locais classificados como patrim\u00f3nio da UNESCO, reservas de vida selvagem e ricas tradi\u00e7\u00f5es culturais. As suas experi\u00eancias abrangentes apelam \u00e0s fam\u00edlias, aos casais em lua de mel, aos que procuram bem-estar e aos entusiastas da cultura, tornando-o uma adi\u00e7\u00e3o vers\u00e1til e de elevado potencial ao teu portf\u00f3lio.[\/vc_column_text][tm_spacer size=&#8221;lg:30&#8243;][vc_btn title=&#8221;Explora o Sri Lanka&#8221; color=&#8221;info&#8221; css=&#8221;&#8221; link=&#8221;url:https%3A%2F%2Fwww.sita.in%2Fpt-pt%2Fsri-lanka%2F|title:Sri%20Lanka|&#8221;][tm_spacer size=&#8221;lg:55&#8243;][\/vc_column_inner][\/vc_row_inner][\/vc_column][vc_column layer_index=&#8221;2&#8243; offset=&#8221;vc_col-lg-6&#8243;][tm_image full_wide=&#8221;1&#8243; caption_color=&#8221;secondary&#8221; image=&#8221;4867&#8243; caption=&#8221;- A Tapestry of Color, Spice, and Spirit -&#8220;][\/vc_column][\/vc_row]<\/p>\n<\/div>","protected":false},"excerpt":{"rendered":"<p>[vc_row full_width=&#8221;stretch_row&#8221; overlay_background=&#8221;custom&#8221; overlay_opacity=&#8221;30&#8243; lg_spacing=&#8221;padding_top:193;padding_bottom:209&#8243; background_image=&#8221;47402&#8243; background_position=&#8221;center center&#8221;][vc_column][vc_column_text css=&#8221;&#8221;] Destinos [\/vc_column_text][tm_spacer size=&#8221;lg:20&#8243;][vc_column_text css=&#8221;&#8221;] Descobre a magia do subcontinente indiano [\/vc_column_text][\/vc_column][\/vc_row][vc_row full_width=&#8221;stretch_row&#8221; height=&#8221;full&#8221; background_repeat=&#8221;repeat-y&#8221; overlay_background=&#8221;custom&#8221; overlay_custom_background=&#8221;#ffffff&#8221; overlay_opacity=&#8221;20&#8243; lg_spacing=&#8221;padding_top:80;padding_right:300;padding_bottom:80;padding_left:300&#8243; el_id=&#8221;sec\u00e7\u00e3o-sobre&#8221; background_image=&#8221;4859&#8243; md_spacing=&#8221;padding_right:0;padding_left:0&#8243; sm_spacing=&#8221;padding_right:0;padding_left:0&#8243; xs_spacing=&#8221;padding_right:0;padding_left:0&#8243; background_position=&#8221;center center&#8221;][vc_column][tm_spacer size=&#8221;lg:70&#8243;][vc_column_text css=&#8221;&#8221;] O subcontinente indiano oferece um portef\u00f3lio de experi\u00eancias inigual\u00e1vel &#8211; onde convergem tradi\u00e7\u00f5es intemporais, paisagens dram\u00e1ticas e culturas vibrantes. Desde o patrim\u00f3nio e a espiritualidade \u00e0 aventura e ao bem-estar, esta regi\u00e3o apela a um vasto espetro de interesses dos viajantes. Um verdadeiro mosaico de contrastes, o Subcontinente permite-te conceber viagens profundamente enriquecedoras que n\u00e3o s\u00f3 cativam os teus clientes, como tamb\u00e9m refor\u00e7am as tuas ofertas de neg\u00f3cio. [\/vc_column_text][tm_spacer size=&#8221;lg:40&#8243;][vc_separator style=&#8221;dashed&#8221;][tm_spacer size=&#8221;lg:40&#8243;][vc_column_text css=&#8221;&#8221;] Na \u00cdndia, Nepal, But\u00e3o e Sri Lanka, a Sita oferece um portf\u00f3lio diversificado de experi\u00eancias &#8211; desde as vibrantes cidades e rios espirituais da \u00cdndia at\u00e9 os ic\u00f4nicos Himalaias do Nepal, os serenos mosteiros do But\u00e3o e as costas imaculadas do Sri Lanka. Como o teu parceiro DMC de confian\u00e7a no Sul da \u00c1sia, concebemos programas aut\u00eanticos e imersivos adaptados \u00e0s necessidades dos teus clientes &#8211; entregues com a experi\u00eancia, fiabilidade e simpatia com que podes contar. [\/vc_column_text][tm_spacer size=&#8221;lg:100&#8243;][\/vc_column][\/vc_row][vc_row full_width=&#8221;stretch_row&#8221; height=&#8221;full&#8221; background_image=&#8221;4570&#8243; lg_spacing=&#8221;padding_top:130;padding_bottom:130&#8243; background_position=&#8221;center bottom&#8221;][vc_column layer_index=&#8221;2&#8243; offset=&#8221;vc_col-lg-6&#8243;][tm_image full_wide=&#8221;1&#8243; caption_color=&#8221;secondary&#8221; image=&#8221;45777&#8243; caption=&#8221;- Discover the Diverse Wonders of Incredible India -&#8220;][\/vc_column][vc_column layer_index=&#8221;1&#8243; offset=&#8221;vc_col-lg-6&#8243;][vc_row_inner custom_border_color=&#8221;#f2f2f2&#8243; border_style=&#8221;double&#8221; background_color=&#8221;custom&#8221; lg_spacing=&#8221;margin_top:40;margin_left:-160;border_top:10;border_right:10;border_bottom:10;border_left:10;padding_right:70;padding_left:203&#8243; custom_background_color=&#8221;#ffffff&#8221; md_spacing=&#8221;margin_right:0;margin_left:0;padding_right:30;padding_left:30&#8243;][vc_column_inner][tm_spacer size=&#8221;lg:55&#8243;][tm_image image=&#8221;3067&#8243;][tm_spacer size=&#8221;lg:5&#8243;][vc_column_text css=&#8221;&#8221;] \u00cdndia [\/vc_column_text][tm_spacer size=&#8221;lg:30&#8243;][vc_column_text css=&#8221;&#8221;]A \u00cdndia \u00e9 um destino de diversidade inigual\u00e1vel &#8211; onde a heran\u00e7a antiga se encontra com a vibra\u00e7\u00e3o moderna. Desde fortalezas e templos sagrados listados pela UNESCO a aut\u00eanticas tradi\u00e7\u00f5es de bem-estar e experi\u00eancias culturais din\u00e2micas, a \u00cdndia oferece algo para cada segmento de viajante. Com a sua vasta gama de experi\u00eancias, este destino permite-te conceber itiner\u00e1rios que s\u00e3o memor\u00e1veis para os teus clientes e rent\u00e1veis para o teu neg\u00f3cio.[\/vc_column_text][tm_spacer size=&#8221;lg:30&#8243;][vc_btn title=&#8221;Explora a \u00cdndia&#8221; color=&#8221;info&#8221; css=&#8221;&#8221; link=&#8221;url:https%3A%2F%2Fwww.sita.in%2Fpt-pt%2Findia%2F|title:India|&#8221;][tm_spacer size=&#8221;lg:30&#8243;][\/vc_column_inner][\/vc_row_inner][\/vc_column][\/vc_row][vc_row full_width=&#8221;stretch_row&#8221; height=&#8221;full&#8221; background_image=&#8221;4869&#8243; lg_spacing=&#8221;padding_top:130;padding_bottom:130&#8243; background_position=&#8221;center bottom&#8221;][vc_column layer_index=&#8221;1&#8243; offset=&#8221;vc_col-lg-6&#8243;][vc_row_inner custom_border_color=&#8221;#f2f2f2&#8243; border_style=&#8221;double&#8221; background_color=&#8221;custom&#8221; lg_spacing=&#8221;margin_top:40;margin_right:-160;border_top:10;border_right:10;border_bottom:10;border_left:10;padding_right:203;padding_left:70&#8243; custom_background_color=&#8221;#ffffff&#8221; md_spacing=&#8221;margin_right:0;margin_left:0;padding_right:30;padding_left:30&#8243;][vc_column_inner][tm_spacer size=&#8221;lg:55&#8243;][tm_image image=&#8221;3067&#8243;][tm_spacer size=&#8221;lg:5&#8243;][vc_column_text css=&#8221;&#8221;] Nepal [\/vc_column_text][tm_spacer size=&#8221;lg:30&#8243;][vc_column_text css=&#8221;&#8221;]O Nepal oferece uma poderosa mistura de aventura e cultura &#8211; tornando-o um destino ideal para diversos segmentos de viajantes. Desde os ic\u00f3nicos picos dos Himalaias e mosteiros sagrados at\u00e9 aos rios vibrantes, campos de arroz verdejantes e vida aut\u00eantica nas aldeias, o Nepal proporciona experi\u00eancias que apelam tanto aos que procuram aventura como aos entusiastas da cultura. Com a sua inigual\u00e1vel variedade paisag\u00edstica e profundas ra\u00edzes culturais, este destino \u00e9 uma adi\u00e7\u00e3o de elevado potencial ao teu portf\u00f3lio, prometendo viagens inesquec\u00edveis aos teus clientes.[\/vc_column_text][tm_spacer size=&#8221;lg:30&#8243;][vc_btn title=&#8221;Explora o Nepal&#8221; color=&#8221;info&#8221; css=&#8221;&#8221; link=&#8221;url:https%3A%2F%2Fwww.sita.in%2Fpt-pt%2Fnepal%2F|title:Nepal|&#8221;][tm_spacer size=&#8221;lg:30&#8243;][\/vc_column_inner][\/vc_row_inner][\/vc_column][vc_column layer_index=&#8221;2&#8243; offset=&#8221;vc_col-lg-6&#8243;][tm_image full_wide=&#8221;1&#8243; caption_color=&#8221;secondary&#8221; image=&#8221;4865&#8243; caption=&#8221;- Experience the Majesty and Serenity of Nepal -&#8220;][\/vc_column][\/vc_row][vc_row full_width=&#8221;stretch_row&#8221; height=&#8221;full&#8221; background_image=&#8221;4698&#8243; lg_spacing=&#8221;padding_top:130;padding_bottom:130&#8243; background_position=&#8221;center bottom&#8221;][vc_column layer_index=&#8221;2&#8243; offset=&#8221;vc_col-lg-6&#8243;][tm_image full_wide=&#8221;1&#8243; caption_color=&#8221;secondary&#8221; image=&#8221;4866&#8243; caption=&#8221;- Sacred Peaks, Serene Valleys, and Soulful Journeys -&#8220;][\/vc_column][vc_column layer_index=&#8221;1&#8243; offset=&#8221;vc_col-lg-6&#8243;][vc_row_inner custom_border_color=&#8221;#f2f2f2&#8243; border_style=&#8221;double&#8221; background_color=&#8221;custom&#8221; lg_spacing=&#8221;margin_top:40;margin_left:-160;border_top:10;border_right:10;border_bottom:10;border_left:10;padding_right:70;padding_left:203&#8243; custom_background_color=&#8221;#ffffff&#8221; md_spacing=&#8221;margin_right:0;margin_left:0;padding_right:30;padding_left:30&#8243;][vc_column_inner][tm_spacer size=&#8221;lg:55&#8243;][tm_image image=&#8221;3067&#8243;][tm_spacer size=&#8221;lg:5&#8243;][vc_column_text css=&#8221;&#8221;] But\u00e3o [\/vc_column_text][tm_spacer size=&#8221;lg:30&#8243;][vc_column_text css=&#8221;&#8221;]O But\u00e3o destaca-se como um para\u00edso espiritual &#8211; lar de mosteiros sagrados, templos intemporais e paisagens florestais imaculadas. Reverenciado pela sua autenticidade e exclusividade, o pa\u00eds atrai fortemente os viajantes que procuram viagens conscientes e transformadoras. Como um destino de nicho de alto valor, o But\u00e3o acrescenta profundidade e prest\u00edgio ao teu portf\u00f3lio.[\/vc_column_text][tm_spacer size=&#8221;lg:30&#8243;][vc_btn title=&#8221;Explora o But\u00e3o&#8221; color=&#8221;info&#8221; css=&#8221;&#8221; link=&#8221;url:https%3A%2F%2Fwww.sita.in%2Fpt-pt%2Fbutao%2F|title:Bhutan|&#8221;][tm_spacer size=&#8221;lg:55&#8243;][\/vc_column_inner][\/vc_row_inner][\/vc_column][\/vc_row][vc_row full_width=&#8221;stretch_row&#8221; height=&#8221;full&#8221; background_image=&#8221;4870&#8243; lg_spacing=&#8221;padding_top:130;padding_bottom:130&#8243; background_position=&#8221;center bottom&#8221;][vc_column layer_index=&#8221;1&#8243; offset=&#8221;vc_col-lg-6&#8243;][vc_row_inner custom_border_color=&#8221;#f2f2f2&#8243; border_style=&#8221;double&#8221; background_color=&#8221;custom&#8221; lg_spacing=&#8221;margin_top:40;margin_right:-160;border_top:10;border_right:10;border_bottom:10;border_left:10;padding_right:203;padding_left:70&#8243; custom_background_color=&#8221;#ffffff&#8221; md_spacing=&#8221;margin_right:0;margin_left:0;padding_right:30;padding_left:30&#8243;][vc_column_inner][tm_spacer size=&#8221;lg:55&#8243;][tm_image image=&#8221;3067&#8243;][tm_spacer size=&#8221;lg:5&#8243;][vc_column_text css=&#8221;&#8221;] Sri Lanka [\/vc_column_text][tm_spacer size=&#8221;lg:30&#8243;][vc_column_text css=&#8221;&#8221;]O Sri Lanka \u00e9 um destino insular compacto, mas diversificado, que oferece praias douradas, locais classificados como patrim\u00f3nio da UNESCO, reservas de vida selvagem e ricas tradi\u00e7\u00f5es culturais. As suas experi\u00eancias abrangentes apelam \u00e0s fam\u00edlias, aos casais em lua de mel, aos que procuram bem-estar e aos entusiastas da cultura, tornando-o uma adi\u00e7\u00e3o vers\u00e1til e de elevado potencial ao teu portf\u00f3lio.[\/vc_column_text][tm_spacer size=&#8221;lg:30&#8243;][vc_btn title=&#8221;Explora o Sri Lanka&#8221; color=&#8221;info&#8221; css=&#8221;&#8221; link=&#8221;url:https%3A%2F%2Fwww.sita.in%2Fpt-pt%2Fsri-lanka%2F|title:Sri%20Lanka|&#8221;][tm_spacer size=&#8221;lg:55&#8243;][\/vc_column_inner][\/vc_row_inner][\/vc_column][vc_column layer_index=&#8221;2&#8243; offset=&#8221;vc_col-lg-6&#8243;][tm_image full_wide=&#8221;1&#8243; caption_color=&#8221;secondary&#8221; image=&#8221;4867&#8243; caption=&#8221;- A Tapestry of Color, Spice, and Spirit -&#8220;][\/vc_column][\/vc_row]<\/p>\n","protected":false},"author":1,"featured_media":0,"parent":0,"menu_order":0,"comment_status":"closed","ping_status":"closed","template":"","meta":{"footnotes":""},"class_list":["post-53574","page","type-page","status-publish","hentry","post-no-thumbnail"],"_links":{"self":[{"href":"https:\/\/www.sita.in\/pt-pt\/wp-json\/wp\/v2\/pages\/53574","targetHints":{"allow":["GET"]}}],"collection":[{"href":"https:\/\/www.sita.in\/pt-pt\/wp-json\/wp\/v2\/pages"}],"about":[{"href":"https:\/\/www.sita.in\/pt-pt\/wp-json\/wp\/v2\/types\/page"}],"author":[{"embeddable":true,"href":"https:\/\/www.sita.in\/pt-pt\/wp-json\/wp\/v2\/users\/1"}],"replies":[{"embeddable":true,"href":"https:\/\/www.sita.in\/pt-pt\/wp-json\/wp\/v2\/comments?post=53574"}],"version-history":[{"count":11,"href":"https:\/\/www.sita.in\/pt-pt\/wp-json\/wp\/v2\/pages\/53574\/revisions"}],"predecessor-version":[{"id":55493,"href":"https:\/\/www.sita.in\/pt-pt\/wp-json\/wp\/v2\/pages\/53574\/revisions\/55493"}],"wp:attachment":[{"href":"https:\/\/www.sita.in\/pt-pt\/wp-json\/wp\/v2\/media?parent=53574"}],"curies":[{"name":"wp","href":"https:\/\/api.w.org\/{rel}","templated":true}]}}